{"id":5106,"date":"2024-03-07T00:15:43","date_gmt":"2024-03-07T03:15:43","guid":{"rendered":"https:\/\/escolares.agenciatabor.com.br\/?page_id=5106"},"modified":"2024-08-17T03:18:33","modified_gmt":"2024-08-17T06:18:33","slug":"associados","status":"publish","type":"page","link":"https:\/\/escolares.agenciatabor.com.br\/de\/mitarbeiter\/","title":{"rendered":"Mitarbeiter"},"content":{"rendered":"<div data-elementor-type=\"wp-page\" data-elementor-id=\"5106\" class=\"elementor elementor-5106\" data-elementor-post-type=\"page\">\n\t\t\t\t\t\t<section class=\"elementor-section elementor-top-section elementor-element elementor-element-20adde66 elementor-section-boxed elementor-section-height-default elementor-section-height-default\" data-id=\"20adde66\" data-element_type=\"section\" data-settings=\"{&quot;jet_parallax_layout_list&quot;:[],&quot;shape_divider_top&quot;:&quot;tilt&quot;}\">\n\t\t\t\t\t<div class=\"elementor-shape elementor-shape-top\" data-negative=\"false\">\n\t\t\t<svg xmlns=\"http:\/\/www.w3.org\/2000\/svg\" viewbox=\"0 0 1000 100\" preserveaspectratio=\"none\">\n\t<path class=\"elementor-shape-fill\" d=\"M0,6V0h1000v100L0,6z\"\/>\n<\/svg>\t\t<\/div>\n\t\t\t\t\t<div class=\"elementor-container elementor-column-gap-default\">\n\t\t\t\t\t<div class=\"elementor-column elementor-col-50 elementor-top-column elementor-element elementor-element-1942dba8\" data-id=\"1942dba8\" data-element_type=\"column\">\n\t\t\t<div class=\"elementor-widget-wrap elementor-element-populated\">\n\t\t\t\t\t\t<div class=\"elementor-element elementor-element-3394b6bd elementor-widget elementor-widget-pix-badge\" data-id=\"3394b6bd\" data-element_type=\"widget\" data-widget_type=\"pix-badge.default\">\n\t\t\t\t<div class=\"elementor-widget-container\">\n\t\t\t<span class=\"pix-badge-element h6 d-inline-block mr-1\"  ><span class=\"badge font-weight-bold secondary-font bg-yellow  pix-py-10 pix-px-15\" style=\" \"><span class=\"text-body-default\" style=\"\">Mitarbeiter<\/span><\/span><\/span>\t\t<\/div>\n\t\t\t\t<\/div>\n\t\t\t\t<div class=\"elementor-element elementor-element-5943c791 elementor-widget elementor-widget-pix-heading\" data-id=\"5943c791\" data-element_type=\"widget\" data-widget_type=\"pix-heading.default\">\n\t\t\t\t<div class=\"elementor-widget-container\">\n\t\t\t<div  class=\"pix-heading-el text-left\"><div><div class=\"slide-in-container2\"><h2 class=\"text-body-default font-weight-bold heading-text el-title_custom_color mb-12\" style=\"\" data-anim-type=\"\" data-anim-delay=\"\">Laienmitarbeiter der Kongregation<\/h2><\/div><\/div><\/div>\t\t<\/div>\n\t\t\t\t<\/div>\n\t\t\t\t<div class=\"elementor-element elementor-element-603e8003 elementor-widget elementor-widget-pix-text\" data-id=\"603e8003\" data-element_type=\"widget\" data-widget_type=\"pix-text.default\">\n\t\t\t\t<div class=\"elementor-widget-container\">\n\t\t\t<div class=\"pix-el-text w-100 text-left\" ><p class=\"text-20 resp-option text-dark-opacity-8 text-left\" >Assoziierte sind Laien, die sich f\u00fcr die Werte und das Charisma der Schulschwestern von Notre Dame einsetzen. Seit der Gr\u00fcndung der Kongregation hat Mutter Teresa de Jesus Gerhardinger die Unterst\u00fctzung von Menschen gesucht, die sich dem Wort Jesu verpflichtet f\u00fchlen.\n\n\nDie Assoziierten handeln auf freiwilliger Basis und \u00fcbernehmen positive Praktiken, die auf Einheit und Vielfalt basieren, sowie Investitionen in die Sorge f\u00fcr das Leben, f\u00fcr eine integrale \u00d6kologie. <\/p><\/div>\t\t<\/div>\n\t\t\t\t<\/div>\n\t\t\t\t<div class=\"elementor-element elementor-element-3194f9a elementor-widget elementor-widget-pix-accordion\" data-id=\"3194f9a\" data-element_type=\"widget\" data-widget_type=\"pix-accordion.default\">\n\t\t\t\t<div class=\"elementor-widget-container\">\n\t\t\t<div class=\"accordion w-100 accordion-card bg-white2 rounded-lg2\" id=\"accordion-8417357\"><div class=\"card\">\n               <div class=\"card-header pix-mb-10 shadow-sm rounded-lg bg-white\" id=\"headingpix-tab-3404839\" >\n                   <button class=\"btn btn-link text-left\" type=\"button\" data-toggle=\"collapse\" data-target=\"#collapsepix-tab-3404839\" aria-expanded=\"true\" aria-controls=\"collapsepix-tab-3404839\"><i class=\"pixicon-flag-7 text-primary text-20 pix-mr-10\" ><\/i> <span class=\"font-weight-bold text-primary\" >Wer kann Mitglied werden?<\/span><\/button>\n               <\/div>\n\n               <div id=\"collapsepix-tab-3404839\" class=\"collapse\" aria-labelledby=\"headingpix-tab-3404839\">\n                 <div class=\"card-body\">\n                     <p><span style=\"font-weight: 400;\">Christliche Frauen und M\u00e4nner, die berufen sind, die Werte des Evangeliums im Geiste und in der Vision der seligen Maria Teresa de Jesus Gerhardinger, der Gr\u00fcnderin der Schulschwestern von Notre Dame, in ihrer eigenen Berufung zu leben.<\/span><\/p><p><i><span style=\"font-weight: 400;\">Menschen, die:<\/span><\/i><\/p><ul><li><span style=\"font-weight: 400;\">\u00a0- sich vom Charisma und der Spiritualit\u00e4t der Schulschwestern von Notre Dame inspirieren lassen und daran interessiert sind, mehr \u00fcber die Identit\u00e4t der Schulschwestern von Notre Dame zu erfahren,<\/span><\/li><li><span style=\"font-weight: 400;\">- sich den Lebensstil zu eigen machen wollen <\/span><i><span style=\"font-weight: 400;\">Schalom<\/span><\/i><span style=\"font-weight: 400;\">,<\/span><\/li><li><span style=\"font-weight: 400;\">- den Wunsch haben, mit den Schulschwestern von Notre Dame \u00fcber Glauben, Dienst, Gebet, Schrift und geistliches Wachstum zu sprechen.<\/span><\/li><\/ul><p><span style=\"font-weight: 400;\">Motiviert durch das Charisma und die Spiritualit\u00e4t der Schulschwestern von Notre Dame, <\/span><span style=\"font-weight: 400;\">Mitgliedsorganisationen <\/span><span style=\"font-weight: 400;\">f\u00fchlen sich herausgefordert, an der Mission des Reiches Gottes mitzuarbeiten und ihre Gaben f\u00fcr die Umgestaltung der Welt einzusetzen.<\/span><\/p>\n                 <\/div>\n               <\/div>\n             <\/div><div class=\"card\">\n               <div class=\"card-header pix-mb-10 shadow-sm rounded-lg bg-white\" id=\"headingpix-tab-6682968\" >\n                   <button class=\"btn btn-link text-left\" type=\"button\" data-toggle=\"collapse\" data-target=\"#collapsepix-tab-6682968\" aria-expanded=\"true\" aria-controls=\"collapsepix-tab-6682968\"><i class=\"pixicon-flag-7 text-primary text-20 pix-mr-10\" ><\/i> <span class=\"font-weight-bold text-primary\" >Was bedeutet es, Mitglied zu sein?<\/span><\/button>\n               <\/div>\n\n               <div id=\"collapsepix-tab-6682968\" class=\"collapse\" aria-labelledby=\"headingpix-tab-6682968\">\n                 <div class=\"card-body\">\n                     <p><span style=\"font-weight: 400;\">Assoziierte treten in eine besondere Beziehung zu unserer Kongregation, die im Geist und in der Vision der seligen Maria Teresa de Jesus Gerhardinger verwurzelt ist.<\/span><\/p><p><span style=\"font-weight: 400;\">Gemeinsam werden sich Schwestern und Assoziierte bem\u00fchen, alle zur Einheit in Gott zu f\u00fchren, andere zu bef\u00e4higen, ihr volles Potenzial zu erreichen und unsere Welt zu ver\u00e4ndern. Die engagierte Beziehung zwischen der Assoziierten und der Provinz spiegelt Einheit und Vielfalt wider, um die Mission Christi im Geiste der seligen Maria Teresa von Jesus Gerhardinger zu f\u00f6rdern.<\/span><\/p>\n                 <\/div>\n               <\/div>\n             <\/div><div class=\"card\">\n               <div class=\"card-header pix-mb-10 shadow-sm rounded-lg bg-white\" id=\"headingpix-tab-6805133\" >\n                   <button class=\"btn btn-link text-left\" type=\"button\" data-toggle=\"collapse\" data-target=\"#collapsepix-tab-6805133\" aria-expanded=\"true\" aria-controls=\"collapsepix-tab-6805133\"><i class=\"pixicon-flag-7 text-primary text-20 pix-mr-10\" ><\/i> <span class=\"font-weight-bold text-primary\" >Was sind die Verpflichtungen der Mitglieder?<\/span><\/button>\n               <\/div>\n\n               <div id=\"collapsepix-tab-6805133\" class=\"collapse\" aria-labelledby=\"headingpix-tab-6805133\">\n                 <div class=\"card-body\">\n                     <p><span style=\"font-weight: 400;\">Die Mitglieder gehen eine \u00f6ffentliche Verpflichtung ein. Es liegt in ihrer Verantwortung, an den monatlichen Treffen und an der Entwicklung der von der Gruppe geplanten Aktionen als apostolische Aufgaben teilzunehmen, die im Dialog mit den Mitgliedern und ihrer Koordination \u00fcbernommen wurden und die mit der Spiritualit\u00e4t und dem Charisma der Schulschwestern von Notre Dame \u00fcbereinstimmen.<\/span><\/p><p><span style=\"font-weight: 400;\">Der Associate verspricht, das Charisma der IENS zu leben:<\/span><\/p><ul><li style=\"font-weight: 400;\" aria-level=\"1\"><span style=\"font-weight: 400;\">- die Vertiefung ihres Gebetslebens,<\/span><\/li><li style=\"font-weight: 400;\" aria-level=\"1\"><span style=\"font-weight: 400;\">- Teilnahme an geeigneten Aktivit\u00e4ten der Gemeinde,<\/span><\/li><li style=\"font-weight: 400;\" aria-level=\"1\"><span style=\"font-weight: 400;\">- sich bem\u00fchen, den Geist des Evangeliums zu leben und diesen Geist in den Dienst des Volkes Gottes zu stellen.<\/span><\/li><\/ul>\n                 <\/div>\n               <\/div>\n             <\/div><div class=\"card\">\n               <div class=\"card-header pix-mb-10 shadow-sm rounded-lg bg-white\" id=\"headingpix-tab-6943487\" >\n                   <button class=\"btn btn-link text-left\" type=\"button\" data-toggle=\"collapse\" data-target=\"#collapsepix-tab-6943487\" aria-expanded=\"true\" aria-controls=\"collapsepix-tab-6943487\"><i class=\"pixicon-flag-7 text-primary text-20 pix-mr-10\" ><\/i> <span class=\"font-weight-bold text-primary\" >Wie kann ich Mitglied werden?<\/span><\/button>\n               <\/div>\n\n               <div id=\"collapsepix-tab-6943487\" class=\"collapse\" aria-labelledby=\"headingpix-tab-6943487\">\n                 <div class=\"card-body\">\n                     <p><span style=\"font-weight: 400;\">Wenn Sie daran interessiert sind, Mitglied zu werden, k\u00f6nnen Sie damit beginnen, indem Sie einer Schwester oder einer Mitarbeiterin Ihr Interesse mitteilen oder indem Sie das folgende Formular ausf\u00fcllen\u00a0<\/span><b>das Formular<\/b><span style=\"font-weight: 400;\">Sie werden von der zust\u00e4ndigen Schwester kontaktiert. Diese Informationen werden nur verwendet, um Ihnen weitere Informationen zukommen zu lassen.<\/span><\/p><p><span style=\"font-weight: 400;\">Nach dem ersten Kontakt erhalten Sie eine R\u00fcckmeldung per Brief oder E-Mail. Darin enthalten sind die Namen derjenigen, die die Mitgliederversammlungen in Ihrem geografischen Gebiet\/Land koordinieren, sowie eine Erl\u00e4uterung des Anmelde- und Vorbereitungsprozesses.<\/span><\/p>\n                 <\/div>\n               <\/div>\n             <\/div><\/div>\t\t<\/div>\n\t\t\t\t<\/div>\n\t\t\t\t<div class=\"elementor-element elementor-element-e6ee0de elementor-widget elementor-widget-pix-text\" data-id=\"e6ee0de\" data-element_type=\"widget\" data-widget_type=\"pix-text.default\">\n\t\t\t\t<div class=\"elementor-widget-container\">\n\t\t\t<div class=\"pix-el-text w-100 text-left\" ><p class=\"text-20 resp-option text-dark-opacity-8 text-left\" ><b>Kontakte f\u00fcr Mitglieder in der Provinz<br><\/b><br>\nPuerto Rico - Schwester Bernardine Font\u00e1nez<br>\nPeru - Schwester Beyssa Rojas<br>\nParaguay - Schwester Leeta Hammack<br>\nArgentinien - Brasilien und Honduras - Schwester Veroni de Medeiros<\/p><\/div>\t\t<\/div>\n\t\t\t\t<\/div>\n\t\t\t\t\t<\/div>\n\t\t<\/div>\n\t\t\t\t<div class=\"elementor-column elementor-col-50 elementor-top-column elementor-element elementor-element-1cb51d5e\" data-id=\"1cb51d5e\" data-element_type=\"column\">\n\t\t\t<div class=\"elementor-widget-wrap elementor-element-populated\">\n\t\t\t\t\t\t<section class=\"elementor-section elementor-inner-section elementor-element elementor-element-37c9e5d3 elementor-section-boxed elementor-section-height-default elementor-section-height-default\" data-id=\"37c9e5d3\" data-element_type=\"section\" data-settings=\"{&quot;background_background&quot;:&quot;classic&quot;,&quot;jet_parallax_layout_list&quot;:[]}\">\n\t\t\t\t\t\t<div class=\"elementor-container elementor-column-gap-default\">\n\t\t\t\t\t<div class=\"elementor-column elementor-col-100 elementor-inner-column elementor-element elementor-element-12d8c901\" data-id=\"12d8c901\" data-element_type=\"column\" data-settings=\"{&quot;background_background&quot;:&quot;classic&quot;}\">\n\t\t\t<div class=\"elementor-widget-wrap elementor-element-populated\">\n\t\t\t\t\t\t<div class=\"elementor-element elementor-element-8e8544 elementor-widget elementor-widget-heading\" data-id=\"8e8544\" data-element_type=\"widget\" data-widget_type=\"heading.default\">\n\t\t\t\t<div class=\"elementor-widget-container\">\n\t\t\t<h2 class=\"elementor-heading-title elementor-size-default\">F\u00fcllen Sie das nachstehende Formular aus, um mehr \u00fcber unser Mitgliedschaftsprogramm zu erfahren.<\/h2>\t\t<\/div>\n\t\t\t\t<\/div>\n\t\t\t\t<div class=\"elementor-element elementor-element-501f2323 elementor-button-align-center elementor-widget elementor-widget-form\" data-id=\"501f2323\" data-element_type=\"widget\" data-settings=\"{&quot;step_next_label&quot;:&quot;Next&quot;,&quot;step_previous_label&quot;:&quot;Previous&quot;,&quot;button_width&quot;:&quot;100&quot;,&quot;step_type&quot;:&quot;number_text&quot;,&quot;step_icon_shape&quot;:&quot;circle&quot;}\" data-widget_type=\"form.default\">\n\t\t\t\t<div class=\"elementor-widget-container\">\n\t\t\t\t\t<form class=\"elementor-form\" method=\"post\" id=\"Leigosassociados\" name=\"Leigos Associados\" novalidate=\"\" action=\"\">\n\t\t\t<input type=\"hidden\" name=\"post_id\" value=\"5106\"\/>\n\t\t\t<input type=\"hidden\" name=\"form_id\" value=\"501f2323\"\/>\n\t\t\t<input type=\"hidden\" name=\"referer_title\" value=\"\" \/>\n\n\t\t\t\n\t\t\t<div class=\"elementor-form-fields-wrapper elementor-labels-\">\n\t\t\t\t\t\t\t\t<div class=\"elementor-field-type-text elementor-field-group elementor-column elementor-field-group-name elementor-col-100\">\n\t\t\t\t\t\t\t\t\t\t\t\t<label for=\"form-field-name\" class=\"elementor-field-label elementor-screen-only\">\n\t\t\t\t\t\t\t\tName\t\t\t\t\t\t\t<\/label>\n\t\t\t\t\t\t\t\t\t\t\t\t\t\t<input size=\"1\" type=\"text\" name=\"form_fields[name]\" id=\"form-field-name\" class=\"elementor-field elementor-size-sm  elementor-field-textual\" placeholder=\"Name\">\n\t\t\t\t\t\t\t\t\t\t\t<\/div>\n\t\t\t\t\t\t\t\t<div class=\"elementor-field-type-email elementor-field-group elementor-column elementor-field-group-field_5fc5e5f elementor-col-100 elementor-field-required\">\n\t\t\t\t\t\t\t\t\t\t\t\t<label for=\"form-field-field_5fc5e5f\" class=\"elementor-field-label elementor-screen-only\">\n\t\t\t\t\t\t\t\tE-Mail\t\t\t\t\t\t\t<\/label>\n\t\t\t\t\t\t\t\t\t\t\t\t\t\t<input size=\"1\" type=\"email\" name=\"form_fields[field_5fc5e5f]\" id=\"form-field-field_5fc5e5f\" class=\"elementor-field elementor-size-sm  elementor-field-textual\" placeholder=\"E-Mail\" required=\"required\" aria-required=\"true\">\n\t\t\t\t\t\t\t\t\t\t\t<\/div>\n\t\t\t\t\t\t\t\t<div class=\"elementor-field-type-text elementor-field-group elementor-column elementor-field-group-field_ed237a9 elementor-col-100 elementor-field-required\">\n\t\t\t\t\t\t\t\t\t\t\t\t<label for=\"form-field-field_ed237a9\" class=\"elementor-field-label elementor-screen-only\">\n\t\t\t\t\t\t\t\tEltern\t\t\t\t\t\t\t<\/label>\n\t\t\t\t\t\t\t\t\t\t\t\t\t\t<input size=\"1\" type=\"text\" name=\"form_fields[field_ed237a9]\" id=\"form-field-field_ed237a9\" class=\"elementor-field elementor-size-sm  elementor-field-textual\" placeholder=\"Eltern\" required=\"required\" aria-required=\"true\">\n\t\t\t\t\t\t\t\t\t\t\t<\/div>\n\t\t\t\t\t\t\t\t<div class=\"elementor-field-type-text elementor-field-group elementor-column elementor-field-group-field_126bd0b elementor-col-100 elementor-field-required\">\n\t\t\t\t\t\t\t\t\t\t\t\t<label for=\"form-field-field_126bd0b\" class=\"elementor-field-label elementor-screen-only\">\n\t\t\t\t\t\t\t\tTelefon mit Vorwahl:\t\t\t\t\t\t\t<\/label>\n\t\t\t\t\t\t\t\t\t\t\t\t\t\t<input size=\"1\" type=\"text\" name=\"form_fields[field_126bd0b]\" id=\"form-field-field_126bd0b\" class=\"elementor-field elementor-size-sm  elementor-field-textual\" placeholder=\"Telefon mit Vorwahl:\" required=\"required\" aria-required=\"true\">\n\t\t\t\t\t\t\t\t\t\t\t<\/div>\n\t\t\t\t\t\t\t\t<div class=\"elementor-field-type-textarea elementor-field-group elementor-column elementor-field-group-field_a993aa1 elementor-col-100\">\n\t\t\t\t\t\t\t\t\t\t\t\t<label for=\"form-field-field_a993aa1\" class=\"elementor-field-label elementor-screen-only\">\n\t\t\t\t\t\t\t\tWeitere Informationen:\t\t\t\t\t\t\t<\/label>\n\t\t\t\t\t\t<textarea class=\"elementor-field-textual elementor-field  elementor-size-sm\" name=\"form_fields[field_a993aa1]\" id=\"form-field-field_a993aa1\" rows=\"4\" placeholder=\"Weitere Informationen:\"><\/textarea>\t\t\t\t<\/div>\n\t\t\t\t\t\t\t\t<div class=\"elementor-field-group elementor-column elementor-field-type-submit elementor-col-100 e-form__buttons\">\n\t\t\t\t\t<button type=\"submit\" class=\"elementor-button elementor-size-sm\">\n\t\t\t\t\t\t<span >\n\t\t\t\t\t\t\t\t\t\t\t\t\t\t\t<span class=\"elementor-button-icon\">\n\t\t\t\t\t\t\t\t\t\t\t\t\t\t\t\t\t\t\t\t\t\t\t\t\t\t<\/span>\n\t\t\t\t\t\t\t\t\t\t\t\t\t\t\t\t\t\t\t\t\t\t<span class=\"elementor-button-text\">Ich m\u00f6chte ein neues Mitglied werden<\/span>\n\t\t\t\t\t\t\t\t\t\t\t\t\t<\/span>\n\t\t\t\t\t<\/button>\n\t\t\t\t<\/div>\n\t\t\t<\/div>\n\t\t<input type=\"hidden\" name=\"trp-form-language\" value=\"de\"\/><\/form>\n\t\t\t\t<\/div>\n\t\t\t\t<\/div>\n\t\t\t\t\t<\/div>\n\t\t<\/div>\n\t\t\t\t\t<\/div>\n\t\t<\/section>\n\t\t\t\t\t<\/div>\n\t\t<\/div>\n\t\t\t\t\t<\/div>\n\t\t<\/section>\n\t\t\t\t<\/div>","protected":false},"excerpt":{"rendered":"<p>Associados Leigos e Leigas Associados da Congrega\u00e7\u00e3o Os Associados s\u00e3o leigas e leigos comprometidos com os valores e carisma das Irm\u00e3s Escolares de Nossa Senhora. Desde a funda\u00e7\u00e3o da Congrega\u00e7\u00e3o, Madre Teresa de Jesus Gerhardinger buscou o apoio de pessoas&#8230;<\/p>","protected":false},"author":1,"featured_media":0,"parent":0,"menu_order":0,"comment_status":"closed","ping_status":"closed","template":"elementor_header_footer","meta":{"rank_math_lock_modified_date":false,"footnotes":""},"class_list":["post-5106","page","type-page","status-publish","hentry"],"_links":{"self":[{"href":"https:\/\/escolares.agenciatabor.com.br\/de\/wp-json\/wp\/v2\/pages\/5106"}],"collection":[{"href":"https:\/\/escolares.agenciatabor.com.br\/de\/wp-json\/wp\/v2\/pages"}],"about":[{"href":"https:\/\/escolares.agenciatabor.com.br\/de\/wp-json\/wp\/v2\/types\/page"}],"author":[{"embeddable":true,"href":"https:\/\/escolares.agenciatabor.com.br\/de\/wp-json\/wp\/v2\/users\/1"}],"replies":[{"embeddable":true,"href":"https:\/\/escolares.agenciatabor.com.br\/de\/wp-json\/wp\/v2\/comments?post=5106"}],"version-history":[{"count":56,"href":"https:\/\/escolares.agenciatabor.com.br\/de\/wp-json\/wp\/v2\/pages\/5106\/revisions"}],"predecessor-version":[{"id":9380,"href":"https:\/\/escolares.agenciatabor.com.br\/de\/wp-json\/wp\/v2\/pages\/5106\/revisions\/9380"}],"wp:attachment":[{"href":"https:\/\/escolares.agenciatabor.com.br\/de\/wp-json\/wp\/v2\/media?parent=5106"}],"curies":[{"name":"wp","href":"https:\/\/api.w.org\/{rel}","templated":true}]}}