{"id":5147,"date":"2024-03-07T00:51:42","date_gmt":"2024-03-07T03:51:42","guid":{"rendered":"https:\/\/escolares.agenciatabor.com.br\/?page_id=5147"},"modified":"2024-08-17T03:21:45","modified_gmt":"2024-08-17T06:21:45","slug":"missionarios","status":"publish","type":"page","link":"https:\/\/escolares.agenciatabor.com.br\/de\/missionare\/","title":{"rendered":"Missionare"},"content":{"rendered":"<div data-elementor-type=\"wp-page\" data-elementor-id=\"5147\" class=\"elementor elementor-5147\" data-elementor-post-type=\"page\">\n\t\t\t\t\t\t<section class=\"elementor-section elementor-top-section elementor-element elementor-element-38c87baa elementor-section-boxed elementor-section-height-default elementor-section-height-default\" data-id=\"38c87baa\" data-element_type=\"section\" data-settings=\"{&quot;jet_parallax_layout_list&quot;:[],&quot;shape_divider_top&quot;:&quot;tilt&quot;}\">\n\t\t\t\t\t\t\t<div class=\"elementor-background-overlay\"><\/div>\n\t\t\t\t\t\t<div class=\"elementor-shape elementor-shape-top\" data-negative=\"false\">\n\t\t\t<svg xmlns=\"http:\/\/www.w3.org\/2000\/svg\" viewbox=\"0 0 1000 100\" preserveaspectratio=\"none\">\n\t<path class=\"elementor-shape-fill\" d=\"M0,6V0h1000v100L0,6z\"\/>\n<\/svg>\t\t<\/div>\n\t\t\t\t\t<div class=\"elementor-container elementor-column-gap-default\">\n\t\t\t\t\t<div class=\"elementor-column elementor-col-50 elementor-top-column elementor-element elementor-element-1422ec17\" data-id=\"1422ec17\" data-element_type=\"column\">\n\t\t\t<div class=\"elementor-widget-wrap elementor-element-populated\">\n\t\t\t\t\t\t<div class=\"elementor-element elementor-element-2fa1bc20 elementor-widget elementor-widget-pix-badge\" data-id=\"2fa1bc20\" data-element_type=\"widget\" data-widget_type=\"pix-badge.default\">\n\t\t\t\t<div class=\"elementor-widget-container\">\n\t\t\t<span class=\"pix-badge-element h6 d-inline-block mr-1\"  ><span class=\"badge font-weight-bold secondary-font bg-yellow  pix-py-10 pix-px-15\" style=\" \"><span class=\"text-body-default\" style=\"\">Missionare<\/span><\/span><\/span>\t\t<\/div>\n\t\t\t\t<\/div>\n\t\t\t\t<div class=\"elementor-element elementor-element-75a87d85 elementor-widget elementor-widget-pix-heading\" data-id=\"75a87d85\" data-element_type=\"widget\" data-widget_type=\"pix-heading.default\">\n\t\t\t\t<div class=\"elementor-widget-container\">\n\t\t\t<div  class=\"pix-heading-el text-left\"><div><div class=\"slide-in-container2\"><h2 class=\"text-body-default font-weight-bold heading-text el-title_custom_color mb-12\" style=\"\" data-anim-type=\"\" data-anim-delay=\"\">Missionare von Maria Teresa von Jesus Gerhardinger<\/h2><\/div><\/div><\/div>\t\t<\/div>\n\t\t\t\t<\/div>\n\t\t\t\t<div class=\"elementor-element elementor-element-211c9236 elementor-widget elementor-widget-pix-text\" data-id=\"211c9236\" data-element_type=\"widget\" data-widget_type=\"pix-text.default\">\n\t\t\t\t<div class=\"elementor-widget-container\">\n\t\t\t<div class=\"pix-el-text w-100 text-left\" ><p class=\"text-20 resp-option text-dark-opacity-8 text-left\" >Die Missionarinnen von Maria Teresa von Jesus Gerhardinger sind Menschen, die vom Charisma und der Spiritualit\u00e4t der Kongregation der Schulschwestern von Notre Dame inspiriert sind. Die Missionarinnen wollen Zeichen der Offenheit und des H\u00f6rens auf Gottes Eingebungen in der Geschichte sein, sowie auf die Glaubens- und Lebensprinzipien von Maria Teresa von Jesus Gerhardinger und ihre transformative Praxis.\nSie sind Gruppen, die sich aus Familien, M\u00e4nnern, Frauen, Jugendlichen und Kindern zusammensetzen, die sich durch die Taufe berufen f\u00fchlen, die Liebe Gottes durch ihr eigenes Sein und durch den Dienst an anderen zu offenbaren, und die die Spiritualit\u00e4t unserer Gr\u00fcnderin Maria Teresa von Jesus Gerhardinger leben wollen, um gemeinsam eine Mission zu verwirklichen.\n<\/p><\/div>\t\t<\/div>\n\t\t\t\t<\/div>\n\t\t\t\t<div class=\"elementor-element elementor-element-eba4fd0 elementor-widget elementor-widget-pix-text\" data-id=\"eba4fd0\" data-element_type=\"widget\" data-widget_type=\"pix-text.default\">\n\t\t\t\t<div class=\"elementor-widget-container\">\n\t\t\t<div class=\"pix-el-text w-100 text-left\" ><p class=\"text-20 resp-option text-dark-opacity-8 text-left\" >Die Verbindung zwischen den Missionaren und der Kongregation besteht nur in der Provinz Lateinamerika und Karibik, insbesondere in Brasilien.  Familien nehmen mit ihren Kindern teil und machen dies auch zu einem Raum der Evangelisierung f\u00fcr verschiedene Altersgruppen. In der Mission leben sie das Charisma von Mutter Teresa und verbreiten ihren Glauben und ihr Verm\u00e4chtnis der Einheit und des Friedens.<\/p><\/div>\t\t<\/div>\n\t\t\t\t<\/div>\n\t\t\t\t<div class=\"elementor-element elementor-element-6ea05b9 elementor-widget elementor-widget-pix-text\" data-id=\"6ea05b9\" data-element_type=\"widget\" data-widget_type=\"pix-text.default\">\n\t\t\t\t<div class=\"elementor-widget-container\">\n\t\t\t<div class=\"pix-el-text w-100 text-left\" ><p class=\"text-20 resp-option text-dark-opacity-8 text-left\" >Die Missionarinnen von Mutter Teresa sind auch dazu aufgerufen, sich an der Berufungsf\u00f6rderung zu beteiligen. Eine f\u00fchrende Rolle, die das Denken und Handeln junger Menschen beeinflusst, die mehr \u00fcber das Leben und die Sendung Jesu Christi wissen wollen. Auf diese Weise wirken die Missionare als F\u00f6rderer der Evangelisierung und als Baumeister des Reiches Gottes.<\/p><\/div>\t\t<\/div>\n\t\t\t\t<\/div>\n\t\t\t\t<div class=\"elementor-element elementor-element-690302cd elementor-widget elementor-widget-pix-accordion\" data-id=\"690302cd\" data-element_type=\"widget\" data-widget_type=\"pix-accordion.default\">\n\t\t\t\t<div class=\"elementor-widget-container\">\n\t\t\t<div class=\"accordion w-100 accordion-card bg-white2 rounded-lg2\" id=\"accordion-1195937\"><div class=\"card\">\n               <div class=\"card-header pix-mb-10 shadow-sm rounded-lg bg-white\" id=\"headingpix-tab-7442323\" >\n                   <button class=\"btn btn-link text-left\" type=\"button\" data-toggle=\"collapse\" data-target=\"#collapsepix-tab-7442323\" aria-expanded=\"true\" aria-controls=\"collapsepix-tab-7442323\"><i class=\"pixicon-flag-7 text-primary text-20 pix-mr-10\" ><\/i> <span class=\"font-weight-bold text-primary\" >Was bedeutet es, ein Missionar zu sein?<\/span><\/button>\n               <\/div>\n\n               <div id=\"collapsepix-tab-7442323\" class=\"collapse\" aria-labelledby=\"headingpix-tab-7442323\">\n                 <div class=\"card-body\">\n                     <p><span style=\"font-weight: 400;\">Missionarin zu sein bedeutet, auf freiwilliger Basis an monatlichen oder j\u00e4hrlichen Treffen teilzunehmen und Themen \u00fcber das Leben und die Sendung von Maria Teresa von Jesus Gerhardinger zu studieren. Die Missionare werden von einer Kontaktschwester in der \u00f6rtlichen Gemeinde koordiniert, die Junior-Missionare erhalten eine altersgem\u00e4\u00dfe Anleitung. Sie werden in die Gemeinschaft der Kirche integriert und verpflichten sich auf den Auftrag und die gemeinsamen Werte der Kongregation.<\/span><\/p>\n                 <\/div>\n               <\/div>\n             <\/div><div class=\"card\">\n               <div class=\"card-header pix-mb-10 shadow-sm rounded-lg bg-white\" id=\"headingpix-tab-7840846\" >\n                   <button class=\"btn btn-link text-left\" type=\"button\" data-toggle=\"collapse\" data-target=\"#collapsepix-tab-7840846\" aria-expanded=\"true\" aria-controls=\"collapsepix-tab-7840846\"><i class=\"pixicon-flag-7 text-primary text-20 pix-mr-10\" ><\/i> <span class=\"font-weight-bold text-primary\" >Wie kann man beitreten?<\/span><\/button>\n               <\/div>\n\n               <div id=\"collapsepix-tab-7840846\" class=\"collapse\" aria-labelledby=\"headingpix-tab-7840846\">\n                 <div class=\"card-body\">\n                     <p><span style=\"font-weight: 400;\">Um Teil der Gruppe der Laienmissionare von Maria Teresa von Jesus Gerhardinger zu werden, ist es notwendig, dass die betreffende Person aktiv in ihrer Ortskirche mitarbeitet. Dies setzt voraus, dass sie g\u00fcnstige Bedingungen vorweisen und Verantwortung \u00fcbernehmen, die mit den Werten, Prinzipien, der Spiritualit\u00e4t und dem Verm\u00e4chtnis der Gr\u00fcnderin der Kongregation \u00fcbereinstimmen. Den Glauben im Licht der Taufe zu leben und diesen Glauben zu bezeugen, sind wesentliche Aspekte. Dar\u00fcber hinaus ist es wichtig, ein Gespr\u00e4ch mit der Kontaktschwester in Ihrem Ort zu beginnen, um die spezifischen Anforderungen zu verstehen und von ihr als Mitglied der Gruppe akzeptiert zu werden.<\/span><\/p>\n                 <\/div>\n               <\/div>\n             <\/div><\/div>\t\t<\/div>\n\t\t\t\t<\/div>\n\t\t\t\t<div class=\"elementor-element elementor-element-f95d6db elementor-widget elementor-widget-pix-text\" data-id=\"f95d6db\" data-element_type=\"widget\" data-widget_type=\"pix-text.default\">\n\t\t\t\t<div class=\"elementor-widget-container\">\n\t\t\t<div class=\"pix-el-text w-100 text-left\" ><p class=\"text-20 resp-option text-dark-opacity-8 text-left\" ><b>Kontakte f\u00fcr Missionare in der Provinz<br><\/b><br> Schwester Veroni de Medeiros<\/p><\/div>\t\t<\/div>\n\t\t\t\t<\/div>\n\t\t\t\t\t<\/div>\n\t\t<\/div>\n\t\t\t\t<div class=\"elementor-column elementor-col-50 elementor-top-column elementor-element elementor-element-2687635a\" data-id=\"2687635a\" data-element_type=\"column\">\n\t\t\t<div class=\"elementor-widget-wrap elementor-element-populated\">\n\t\t\t\t\t\t<section class=\"elementor-section elementor-inner-section elementor-element elementor-element-6a32c416 elementor-section-boxed elementor-section-height-default elementor-section-height-default\" data-id=\"6a32c416\" data-element_type=\"section\" data-settings=\"{&quot;background_background&quot;:&quot;classic&quot;,&quot;jet_parallax_layout_list&quot;:[]}\">\n\t\t\t\t\t\t<div class=\"elementor-container elementor-column-gap-default\">\n\t\t\t\t\t<div class=\"elementor-column elementor-col-100 elementor-inner-column elementor-element elementor-element-5944f592\" data-id=\"5944f592\" data-element_type=\"column\" data-settings=\"{&quot;background_background&quot;:&quot;classic&quot;}\">\n\t\t\t<div class=\"elementor-widget-wrap elementor-element-populated\">\n\t\t\t\t\t\t<div class=\"elementor-element elementor-element-4ac5865 elementor-widget elementor-widget-heading\" data-id=\"4ac5865\" data-element_type=\"widget\" data-widget_type=\"heading.default\">\n\t\t\t\t<div class=\"elementor-widget-container\">\n\t\t\t<h2 class=\"elementor-heading-title elementor-size-default\">F\u00fcllen Sie das folgende Formular aus, um mehr dar\u00fcber zu erfahren, wie Sie Missionar werden k\u00f6nnen<\/h2>\t\t<\/div>\n\t\t\t\t<\/div>\n\t\t\t\t<div class=\"elementor-element elementor-element-12a9d29c elementor-button-align-center elementor-widget elementor-widget-form\" data-id=\"12a9d29c\" data-element_type=\"widget\" data-settings=\"{&quot;step_next_label&quot;:&quot;Next&quot;,&quot;step_previous_label&quot;:&quot;Previous&quot;,&quot;button_width&quot;:&quot;100&quot;,&quot;step_type&quot;:&quot;number_text&quot;,&quot;step_icon_shape&quot;:&quot;circle&quot;}\" data-widget_type=\"form.default\">\n\t\t\t\t<div class=\"elementor-widget-container\">\n\t\t\t\t\t<form class=\"elementor-form\" method=\"post\" id=\"missionariosdemaria\" name=\"Misssionarios de Maria\" novalidate=\"\" action=\"\">\n\t\t\t<input type=\"hidden\" name=\"post_id\" value=\"5147\"\/>\n\t\t\t<input type=\"hidden\" name=\"form_id\" value=\"12a9d29c\"\/>\n\t\t\t<input type=\"hidden\" name=\"referer_title\" value=\"\" \/>\n\n\t\t\t\n\t\t\t<div class=\"elementor-form-fields-wrapper elementor-labels-\">\n\t\t\t\t\t\t\t\t<div class=\"elementor-field-type-text elementor-field-group elementor-column elementor-field-group-name elementor-col-100\">\n\t\t\t\t\t\t\t\t\t\t\t\t<label for=\"form-field-name\" class=\"elementor-field-label elementor-screen-only\">\n\t\t\t\t\t\t\t\tName\t\t\t\t\t\t\t<\/label>\n\t\t\t\t\t\t\t\t\t\t\t\t\t\t<input size=\"1\" type=\"text\" name=\"form_fields[name]\" id=\"form-field-name\" class=\"elementor-field elementor-size-sm  elementor-field-textual\" placeholder=\"Name\">\n\t\t\t\t\t\t\t\t\t\t\t<\/div>\n\t\t\t\t\t\t\t\t<div class=\"elementor-field-type-email elementor-field-group elementor-column elementor-field-group-field_5fc5e5f elementor-col-100 elementor-field-required\">\n\t\t\t\t\t\t\t\t\t\t\t\t<label for=\"form-field-field_5fc5e5f\" class=\"elementor-field-label elementor-screen-only\">\n\t\t\t\t\t\t\t\tE-Mail\t\t\t\t\t\t\t<\/label>\n\t\t\t\t\t\t\t\t\t\t\t\t\t\t<input size=\"1\" type=\"email\" name=\"form_fields[field_5fc5e5f]\" id=\"form-field-field_5fc5e5f\" class=\"elementor-field elementor-size-sm  elementor-field-textual\" placeholder=\"E-Mail\" required=\"required\" aria-required=\"true\">\n\t\t\t\t\t\t\t\t\t\t\t<\/div>\n\t\t\t\t\t\t\t\t<div class=\"elementor-field-type-text elementor-field-group elementor-column elementor-field-group-field_ed237a9 elementor-col-100 elementor-field-required\">\n\t\t\t\t\t\t\t\t\t\t\t\t<label for=\"form-field-field_ed237a9\" class=\"elementor-field-label elementor-screen-only\">\n\t\t\t\t\t\t\t\tEltern\t\t\t\t\t\t\t<\/label>\n\t\t\t\t\t\t\t\t\t\t\t\t\t\t<input size=\"1\" type=\"text\" name=\"form_fields[field_ed237a9]\" id=\"form-field-field_ed237a9\" class=\"elementor-field elementor-size-sm  elementor-field-textual\" placeholder=\"Eltern\" required=\"required\" aria-required=\"true\">\n\t\t\t\t\t\t\t\t\t\t\t<\/div>\n\t\t\t\t\t\t\t\t<div class=\"elementor-field-type-text elementor-field-group elementor-column elementor-field-group-field_126bd0b elementor-col-100 elementor-field-required\">\n\t\t\t\t\t\t\t\t\t\t\t\t<label for=\"form-field-field_126bd0b\" class=\"elementor-field-label elementor-screen-only\">\n\t\t\t\t\t\t\t\tTelefon mit Vorwahl:\t\t\t\t\t\t\t<\/label>\n\t\t\t\t\t\t\t\t\t\t\t\t\t\t<input size=\"1\" type=\"text\" name=\"form_fields[field_126bd0b]\" id=\"form-field-field_126bd0b\" class=\"elementor-field elementor-size-sm  elementor-field-textual\" placeholder=\"Telefon mit Vorwahl:\" required=\"required\" aria-required=\"true\">\n\t\t\t\t\t\t\t\t\t\t\t<\/div>\n\t\t\t\t\t\t\t\t<div class=\"elementor-field-type-textarea elementor-field-group elementor-column elementor-field-group-field_a993aa1 elementor-col-100\">\n\t\t\t\t\t\t\t\t\t\t\t\t<label for=\"form-field-field_a993aa1\" class=\"elementor-field-label elementor-screen-only\">\n\t\t\t\t\t\t\t\tWeitere Informationen:\t\t\t\t\t\t\t<\/label>\n\t\t\t\t\t\t<textarea class=\"elementor-field-textual elementor-field  elementor-size-sm\" name=\"form_fields[field_a993aa1]\" id=\"form-field-field_a993aa1\" rows=\"4\" placeholder=\"Weitere Informationen:\"><\/textarea>\t\t\t\t<\/div>\n\t\t\t\t\t\t\t\t<div class=\"elementor-field-group elementor-column elementor-field-type-submit elementor-col-100 e-form__buttons\">\n\t\t\t\t\t<button type=\"submit\" class=\"elementor-button elementor-size-sm\">\n\t\t\t\t\t\t<span >\n\t\t\t\t\t\t\t\t\t\t\t\t\t\t\t<span class=\"elementor-button-icon\">\n\t\t\t\t\t\t\t\t\t\t\t\t\t\t\t\t\t\t\t\t\t\t\t\t\t\t<\/span>\n\t\t\t\t\t\t\t\t\t\t\t\t\t\t\t\t\t\t\t\t\t\t<span class=\"elementor-button-text\">Ich m\u00f6chte Missionar werden<\/span>\n\t\t\t\t\t\t\t\t\t\t\t\t\t<\/span>\n\t\t\t\t\t<\/button>\n\t\t\t\t<\/div>\n\t\t\t<\/div>\n\t\t<input type=\"hidden\" name=\"trp-form-language\" value=\"de\"\/><\/form>\n\t\t\t\t<\/div>\n\t\t\t\t<\/div>\n\t\t\t\t\t<\/div>\n\t\t<\/div>\n\t\t\t\t\t<\/div>\n\t\t<\/section>\n\t\t\t\t\t<\/div>\n\t\t<\/div>\n\t\t\t\t\t<\/div>\n\t\t<\/section>\n\t\t\t\t<\/div>","protected":false},"excerpt":{"rendered":"<p>Mission\u00e1rios Mission\u00e1rios de Maria Teresa de Jesus Gerhardinger Os Mission\u00e1rios de Maria Teresa de Jesus Gerhardinger s\u00e3o pessoas inspiradas pelo carisma e espiritualidade da Congrega\u00e7\u00e3o das Irm\u00e3s Escolares de Nossa Senhora. Os Mission\u00e1rios procuram ser sinais de abertura e escuta&#8230;<\/p>","protected":false},"author":1,"featured_media":0,"parent":0,"menu_order":0,"comment_status":"closed","ping_status":"closed","template":"elementor_header_footer","meta":{"rank_math_lock_modified_date":false,"footnotes":""},"class_list":["post-5147","page","type-page","status-publish","hentry"],"_links":{"self":[{"href":"https:\/\/escolares.agenciatabor.com.br\/de\/wp-json\/wp\/v2\/pages\/5147"}],"collection":[{"href":"https:\/\/escolares.agenciatabor.com.br\/de\/wp-json\/wp\/v2\/pages"}],"about":[{"href":"https:\/\/escolares.agenciatabor.com.br\/de\/wp-json\/wp\/v2\/types\/page"}],"author":[{"embeddable":true,"href":"https:\/\/escolares.agenciatabor.com.br\/de\/wp-json\/wp\/v2\/users\/1"}],"replies":[{"embeddable":true,"href":"https:\/\/escolares.agenciatabor.com.br\/de\/wp-json\/wp\/v2\/comments?post=5147"}],"version-history":[{"count":49,"href":"https:\/\/escolares.agenciatabor.com.br\/de\/wp-json\/wp\/v2\/pages\/5147\/revisions"}],"predecessor-version":[{"id":9386,"href":"https:\/\/escolares.agenciatabor.com.br\/de\/wp-json\/wp\/v2\/pages\/5147\/revisions\/9386"}],"wp:attachment":[{"href":"https:\/\/escolares.agenciatabor.com.br\/de\/wp-json\/wp\/v2\/media?parent=5147"}],"curies":[{"name":"wp","href":"https:\/\/api.w.org\/{rel}","templated":true}]}}