{"id":6999,"date":"2024-04-14T01:27:49","date_gmt":"2024-04-14T04:27:49","guid":{"rendered":"https:\/\/escolares.agenciatabor.com.br\/?page_id=6999"},"modified":"2024-05-28T20:30:54","modified_gmt":"2024-05-28T23:30:54","slug":"rede-shalom","status":"publish","type":"page","link":"https:\/\/escolares.agenciatabor.com.br\/de\/shalom-netzwerk\/","title":{"rendered":"Shalom-Netzwerk"},"content":{"rendered":"<div data-elementor-type=\"wp-page\" data-elementor-id=\"6999\" class=\"elementor elementor-6999\" data-elementor-post-type=\"page\">\n\t\t\t\t\t\t<section class=\"elementor-section elementor-top-section elementor-element elementor-element-2f1dafbc elementor-section-boxed elementor-section-height-default elementor-section-height-default\" data-id=\"2f1dafbc\" data-element_type=\"section\" data-settings=\"{&quot;jet_parallax_layout_list&quot;:[],&quot;shape_divider_top&quot;:&quot;tilt&quot;}\">\n\t\t\t\t\t\t\t<div class=\"elementor-background-overlay\"><\/div>\n\t\t\t\t\t\t<div class=\"elementor-shape elementor-shape-top\" data-negative=\"false\">\n\t\t\t<svg xmlns=\"http:\/\/www.w3.org\/2000\/svg\" viewbox=\"0 0 1000 100\" preserveaspectratio=\"none\">\n\t<path class=\"elementor-shape-fill\" d=\"M0,6V0h1000v100L0,6z\"\/>\n<\/svg>\t\t<\/div>\n\t\t\t\t\t<div class=\"elementor-container elementor-column-gap-default\">\n\t\t\t\t\t<div class=\"elementor-column elementor-col-50 elementor-top-column elementor-element elementor-element-51aef564\" data-id=\"51aef564\" data-element_type=\"column\">\n\t\t\t<div class=\"elementor-widget-wrap elementor-element-populated\">\n\t\t\t\t\t\t<div class=\"elementor-element elementor-element-362b2e87 elementor-widget elementor-widget-pix-badge\" data-id=\"362b2e87\" data-element_type=\"widget\" data-widget_type=\"pix-badge.default\">\n\t\t\t\t<div class=\"elementor-widget-container\">\n\t\t\t<span class=\"pix-badge-element h6 d-inline-block mr-1\"  ><span class=\"badge font-weight-bold secondary-font bg-yellow  pix-py-10 pix-px-15\" style=\" \"><span class=\"text-body-default\" style=\"\">Shalom-Netzwerk<\/span><\/span><\/span>\t\t<\/div>\n\t\t\t\t<\/div>\n\t\t\t\t<div class=\"elementor-element elementor-element-29e93b21 elementor-widget elementor-widget-pix-heading\" data-id=\"29e93b21\" data-element_type=\"widget\" data-widget_type=\"pix-heading.default\">\n\t\t\t\t<div class=\"elementor-widget-container\">\n\t\t\t<div  class=\"pix-heading-el text-left\"><div><div class=\"slide-in-container2\"><h2 class=\"text-body-default font-weight-bold heading-text el-title_custom_color mb-12\" style=\"\" data-anim-type=\"\" data-anim-delay=\"\">Lernen Sie das Shalom-Netzwerk kennen: Gerechtigkeit, Frieden und Bewahrung der Sch\u00f6pfung<\/h2><\/div><\/div><\/div>\t\t<\/div>\n\t\t\t\t<\/div>\n\t\t\t\t<div class=\"elementor-element elementor-element-1e57a031 elementor-widget elementor-widget-pix-text\" data-id=\"1e57a031\" data-element_type=\"widget\" data-widget_type=\"pix-text.default\">\n\t\t\t\t<div class=\"elementor-widget-container\">\n\t\t\t<div class=\"pix-el-text w-100 text-left\" ><p class=\"text-20 resp-option text-dark-opacity-8 text-left\" >Das Shalom-Netzwerk ist eine weltweite Initiative der Schulschwestern von Notre Dame, die sich f\u00fcr Gerechtigkeit, Frieden und die Bewahrung der Sch\u00f6pfung auf der ganzen Welt einsetzt. Als konkreter Ausdruck des Auftrags der Schulschwestern von Notre Dame zeichnet sich das Netzwerk durch seinen integrierten Ansatz in den Bereichen Bildung, Spiritualit\u00e4t und soziales Engagement aus und setzt sich kontinuierlich f\u00fcr eine gerechtere und friedlichere Gesellschaft ein.\n<\/p><\/div>\t\t<\/div>\n\t\t\t\t<\/div>\n\t\t\t\t<div class=\"elementor-element elementor-element-b7667df elementor-widget elementor-widget-pix-heading\" data-id=\"b7667df\" data-element_type=\"widget\" data-widget_type=\"pix-heading.default\">\n\t\t\t\t<div class=\"elementor-widget-container\">\n\t\t\t<div  class=\"pix-heading-el text-left\"><div><div class=\"slide-in-container2\"><h2 class=\"text-body-default font-weight-bold heading-text el-title_custom_color mb-12\" style=\"\" data-anim-type=\"\" data-anim-delay=\"\">Geschichte des Shalom-Netzwerks<\/h2><\/div><\/div><\/div>\t\t<\/div>\n\t\t\t\t<\/div>\n\t\t\t\t<div class=\"elementor-element elementor-element-b16fc67 elementor-widget elementor-widget-pix-text\" data-id=\"b16fc67\" data-element_type=\"widget\" data-widget_type=\"pix-text.default\">\n\t\t\t\t<div class=\"elementor-widget-container\">\n\t\t\t<div class=\"pix-el-text w-100 text-left\" ><p class=\"text-20 resp-option text-dark-opacity-8 text-left\" >Das Shalom-Netzwerk basiert auf der \u00dcberzeugung, dass Bildung und bewusstes Handeln die Gesellschaft ver\u00e4ndern k\u00f6nnen. Es wurde als Reaktion auf den wachsenden Bedarf an sozialem und \u00f6kologischem Engagement an den Orten gegr\u00fcndet, an denen die Schulschwestern von Notre Dame t\u00e4tig sind. Seit seiner Gr\u00fcndung im Jahr 1995 ist das Netzwerk gewachsen und hat sich weltweit ausgedehnt, mit Vertretungen auf allen Kontinenten, und f\u00f6rdert die Solidarit\u00e4t und Zusammenarbeit zwischen verschiedenen Kulturen und Gemeinschaften.\n<\/p><\/div>\t\t<\/div>\n\t\t\t\t<\/div>\n\t\t\t\t<div class=\"elementor-element elementor-element-4249391 elementor-widget elementor-widget-pix-heading\" data-id=\"4249391\" data-element_type=\"widget\" data-widget_type=\"pix-heading.default\">\n\t\t\t\t<div class=\"elementor-widget-container\">\n\t\t\t<div  class=\"pix-heading-el text-left\"><div><div class=\"slide-in-container2\"><h2 class=\"text-body-default font-weight-bold heading-text el-title_custom_color mb-12\" style=\"\" data-anim-type=\"\" data-anim-delay=\"\">Shalom Netzwerk Differentiale<\/h2><\/div><\/div><\/div>\t\t<\/div>\n\t\t\t\t<\/div>\n\t\t\t\t<div class=\"elementor-element elementor-element-bf1f3d2 elementor-widget elementor-widget-pix-text\" data-id=\"bf1f3d2\" data-element_type=\"widget\" data-widget_type=\"pix-text.default\">\n\t\t\t\t<div class=\"elementor-widget-container\">\n\t\t\t<div class=\"pix-el-text w-100 text-left\" ><p class=\"text-20 resp-option text-dark-opacity-8 text-left\" >Was das Shalom-Netzwerk in der globalen NRO-Szene auszeichnet, ist seine F\u00e4higkeit, Fragen der sozialen Gerechtigkeit mit \u00f6kologischen und spirituellen Anliegen zu verbinden. Dar\u00fcber hinaus hat das Netzwerk einen beratenden Status bei den Vereinten Nationen, der es ihm erm\u00f6glicht, die Stimmen von Gemeinschaften, die weniger Geh\u00f6r finden, in internationale Foren einzubringen und so Einfluss auf Politik und Praxis in der ganzen Welt zu nehmen. Kontinuierliche Netzwerkarbeit und die F\u00f6rderung der Menschenrechtserziehung stehen im Mittelpunkt der Aktivit\u00e4ten des Netzwerks.\n<\/p><\/div>\t\t<\/div>\n\t\t\t\t<\/div>\n\t\t\t\t\t<\/div>\n\t\t<\/div>\n\t\t\t\t<div class=\"elementor-column elementor-col-50 elementor-top-column elementor-element elementor-element-3ff660c4\" data-id=\"3ff660c4\" data-element_type=\"column\">\n\t\t\t<div class=\"elementor-widget-wrap elementor-element-populated\">\n\t\t\t\t\t\t<div class=\"elementor-element elementor-element-cd2d860 elementor-widget elementor-widget-image\" data-id=\"cd2d860\" data-element_type=\"widget\" data-widget_type=\"image.default\">\n\t\t\t\t<div class=\"elementor-widget-container\">\n\t\t\t\t\t\t\t\t\t\t\t\t\t<img fetchpriority=\"high\" decoding=\"async\" width=\"640\" height=\"536\" src=\"https:\/\/escolares.agenciatabor.com.br\/wp-content\/uploads\/2024\/04\/logo_shalom_blue_transparent_900.png\" class=\"attachment-large size-large wp-image-7001\" alt=\"\" srcset=\"https:\/\/escolares.agenciatabor.com.br\/wp-content\/uploads\/2024\/04\/logo_shalom_blue_transparent_900.png 900w, https:\/\/escolares.agenciatabor.com.br\/wp-content\/uploads\/2024\/04\/logo_shalom_blue_transparent_900-300x251.png 300w, https:\/\/escolares.agenciatabor.com.br\/wp-content\/uploads\/2024\/04\/logo_shalom_blue_transparent_900-768x643.png 768w, https:\/\/escolares.agenciatabor.com.br\/wp-content\/uploads\/2024\/04\/logo_shalom_blue_transparent_900-14x12.png 14w\" sizes=\"(max-width: 640px) 100vw, 640px\" title=\"\">\t\t\t\t\t\t\t\t\t\t\t\t\t<\/div>\n\t\t\t\t<\/div>\n\t\t\t\t<div class=\"elementor-element elementor-element-7976688 elementor-widget elementor-widget-pix-heading\" data-id=\"7976688\" data-element_type=\"widget\" data-widget_type=\"pix-heading.default\">\n\t\t\t\t<div class=\"elementor-widget-container\">\n\t\t\t<div  class=\"pix-heading-el text-left\"><div><div class=\"slide-in-container2\"><h2 class=\"text-body-default font-weight-bold heading-text el-title_custom_color mb-12\" style=\"\" data-anim-type=\"\" data-anim-delay=\"\">Bedeutung und Leistung<\/h2><\/div><\/div><\/div>\t\t<\/div>\n\t\t\t\t<\/div>\n\t\t\t\t<div class=\"elementor-element elementor-element-69176f4 elementor-widget elementor-widget-pix-text\" data-id=\"69176f4\" data-element_type=\"widget\" data-widget_type=\"pix-text.default\">\n\t\t\t\t<div class=\"elementor-widget-container\">\n\t\t\t<div class=\"pix-el-text w-100 text-left\" ><p class=\"text-20 resp-option text-dark-opacity-8 text-left\" >Die Arbeit des Shalom-Netzwerks ist in einer Welt, in der Ungleichheiten und soziale Ungerechtigkeiten fortbestehen, von wesentlicher Bedeutung. Durch Initiativen wie die St\u00e4rkung der Menschenrechtserziehung, Kampagnen f\u00fcr den Erlass von Auslandsschulden und den Kampf gegen den Menschenhandel reagiert das Netzwerk nicht nur auf Notsituationen, sondern setzt sich auch f\u00fcr die Beseitigung der eigentlichen Ursachen von Unterdr\u00fcckung ein. <br><br>\n\nDurch die F\u00f6rderung einer Kultur des Friedens und der Vers\u00f6hnung zeigt das Shalom-Netzwerk, dass es m\u00f6glich ist, kulturelle und nationale Barrieren zu \u00fcberwinden, indem es die Menschen auf der Grundlage gemeinsamer Werte der Gerechtigkeit und Integrit\u00e4t vereint. Seine Mitglieder, zu denen sowohl die Schulschwestern von Notre Dame als auch Laienmitarbeiter geh\u00f6ren, sind lebendige Zeugen f\u00fcr die transformative Kraft der globalen Solidarit\u00e4t.\n<\/p><\/div>\t\t<\/div>\n\t\t\t\t<\/div>\n\t\t\t\t\t<\/div>\n\t\t<\/div>\n\t\t\t\t\t<\/div>\n\t\t<\/section>\n\t\t\t\t<section class=\"elementor-section elementor-top-section elementor-element elementor-element-1acba36b elementor-section-boxed elementor-section-height-default elementor-section-height-default\" data-id=\"1acba36b\" data-element_type=\"section\" data-settings=\"{&quot;jet_parallax_layout_list&quot;:[],&quot;shape_divider_bottom&quot;:&quot;triangle&quot;}\">\n\t\t\t\t\t<div class=\"elementor-shape elementor-shape-bottom\" data-negative=\"false\">\n\t\t\t<svg xmlns=\"http:\/\/www.w3.org\/2000\/svg\" viewbox=\"0 0 1000 100\" preserveaspectratio=\"none\">\n\t<path class=\"elementor-shape-fill\" d=\"M500,98.9L0,6.1V0h1000v6.1L500,98.9z\"\/>\n<\/svg>\t\t<\/div>\n\t\t\t\t\t<div class=\"elementor-container elementor-column-gap-default\">\n\t\t\t\t\t<div class=\"elementor-column elementor-col-100 elementor-top-column elementor-element elementor-element-7dbcd568\" data-id=\"7dbcd568\" data-element_type=\"column\">\n\t\t\t<div class=\"elementor-widget-wrap elementor-element-populated\">\n\t\t\t\t\t\t<div class=\"elementor-element elementor-element-65a30df elementor-absolute elementor-widget elementor-widget-image\" data-id=\"65a30df\" data-element_type=\"widget\" data-settings=\"{&quot;_position&quot;:&quot;absolute&quot;,&quot;motion_fx_motion_fx_mouse&quot;:&quot;yes&quot;,&quot;motion_fx_mouseTrack_effect&quot;:&quot;yes&quot;,&quot;motion_fx_mouseTrack_speed&quot;:{&quot;unit&quot;:&quot;px&quot;,&quot;size&quot;:1,&quot;sizes&quot;:[]}}\" data-widget_type=\"image.default\">\n\t\t\t\t<div class=\"elementor-widget-container\">\n\t\t\t\t\t\t\t\t\t\t\t\t\t<img decoding=\"async\" width=\"200\" height=\"155\" src=\"https:\/\/escolares.agenciatabor.com.br\/wp-content\/uploads\/2024\/03\/DEFR.png\" class=\"attachment-large size-large wp-image-4930\" alt=\"\" srcset=\"https:\/\/escolares.agenciatabor.com.br\/wp-content\/uploads\/2024\/03\/DEFR.png 200w, https:\/\/escolares.agenciatabor.com.br\/wp-content\/uploads\/2024\/03\/DEFR-15x12.png 15w\" sizes=\"(max-width: 200px) 100vw, 200px\" title=\"\">\t\t\t\t\t\t\t\t\t\t\t\t\t<\/div>\n\t\t\t\t<\/div>\n\t\t\t\t<div class=\"elementor-element elementor-element-2fd942b elementor-absolute elementor-widget elementor-widget-image\" data-id=\"2fd942b\" data-element_type=\"widget\" data-settings=\"{&quot;_position&quot;:&quot;absolute&quot;,&quot;motion_fx_motion_fx_mouse&quot;:&quot;yes&quot;,&quot;motion_fx_mouseTrack_effect&quot;:&quot;yes&quot;,&quot;motion_fx_mouseTrack_speed&quot;:{&quot;unit&quot;:&quot;px&quot;,&quot;size&quot;:1,&quot;sizes&quot;:[]}}\" data-widget_type=\"image.default\">\n\t\t\t\t<div class=\"elementor-widget-container\">\n\t\t\t\t\t\t\t\t\t\t\t\t\t<img decoding=\"async\" width=\"200\" height=\"155\" src=\"https:\/\/escolares.agenciatabor.com.br\/wp-content\/uploads\/2024\/03\/DEFR.png\" class=\"attachment-large size-large wp-image-4930\" alt=\"\" srcset=\"https:\/\/escolares.agenciatabor.com.br\/wp-content\/uploads\/2024\/03\/DEFR.png 200w, https:\/\/escolares.agenciatabor.com.br\/wp-content\/uploads\/2024\/03\/DEFR-15x12.png 15w\" sizes=\"(max-width: 200px) 100vw, 200px\" title=\"\">\t\t\t\t\t\t\t\t\t\t\t\t\t<\/div>\n\t\t\t\t<\/div>\n\t\t\t\t<div class=\"elementor-element elementor-element-6ae093c elementor-absolute elementor-widget elementor-widget-image\" data-id=\"6ae093c\" data-element_type=\"widget\" data-settings=\"{&quot;_position&quot;:&quot;absolute&quot;,&quot;motion_fx_motion_fx_mouse&quot;:&quot;yes&quot;,&quot;motion_fx_mouseTrack_effect&quot;:&quot;yes&quot;,&quot;motion_fx_mouseTrack_speed&quot;:{&quot;unit&quot;:&quot;px&quot;,&quot;size&quot;:1,&quot;sizes&quot;:[]}}\" data-widget_type=\"image.default\">\n\t\t\t\t<div class=\"elementor-widget-container\">\n\t\t\t\t\t\t\t\t\t\t\t\t\t<img decoding=\"async\" width=\"200\" height=\"155\" src=\"https:\/\/escolares.agenciatabor.com.br\/wp-content\/uploads\/2024\/03\/DEFR.png\" class=\"attachment-large size-large wp-image-4930\" alt=\"\" srcset=\"https:\/\/escolares.agenciatabor.com.br\/wp-content\/uploads\/2024\/03\/DEFR.png 200w, https:\/\/escolares.agenciatabor.com.br\/wp-content\/uploads\/2024\/03\/DEFR-15x12.png 15w\" sizes=\"(max-width: 200px) 100vw, 200px\" title=\"\">\t\t\t\t\t\t\t\t\t\t\t\t\t<\/div>\n\t\t\t\t<\/div>\n\t\t\t\t<div class=\"elementor-element elementor-element-8f78345 elementor-widget elementor-widget-pix-heading\" data-id=\"8f78345\" data-element_type=\"widget\" data-widget_type=\"pix-heading.default\">\n\t\t\t\t<div class=\"elementor-widget-container\">\n\t\t\t<div  class=\"pix-heading-el text-left\"><div><div class=\"slide-in-container2\"><h2 class=\"text-body-default font-weight-bold heading-text el-title_custom_color mb-12\" style=\"\" data-anim-type=\"\" data-anim-delay=\"\">Positionierung in der Welt von heute<\/h2><\/div><\/div><\/div>\t\t<\/div>\n\t\t\t\t<\/div>\n\t\t\t\t<div class=\"elementor-element elementor-element-5c6c0cab elementor-widget elementor-widget-pix-text\" data-id=\"5c6c0cab\" data-element_type=\"widget\" data-widget_type=\"pix-text.default\">\n\t\t\t\t<div class=\"elementor-widget-container\">\n\t\t\t<div class=\"pix-el-text w-100 text-left\" ><p class=\"text-20 resp-option text-dark-opacity-8 text-left\" >In der aktuellen Situation, in der globale Krisen und Umweltfragen die internationalen Debatten beherrschen, ist der Auftrag des Shalom-Netzwerks wichtiger denn je. Durch seine Zugeh\u00f6rigkeit zu den Vereinten Nationen und anderen internationalen Organisationen ist das Netzwerk in einer guten Position, um die Politik zu beeinflussen und einen sinnvollen Wandel zu f\u00f6rdern, der auf globaler Ebene Resonanz findet.<\/p><\/div>\t\t<\/div>\n\t\t\t\t<\/div>\n\t\t\t\t<div class=\"elementor-element elementor-element-542ab1e elementor-widget elementor-widget-pix-button\" data-id=\"542ab1e\" data-element_type=\"widget\" data-widget_type=\"pix-button.default\">\n\t\t\t\t<div class=\"elementor-widget-container\">\n\t\t\t<a href=\"https:\/\/drive.google.com\/file\/d\/1jyCsjW2TwnnUJ0yfNdqenlHdOCcFmWRD\/view?usp=drive_link\" class=\"btn m-0     btn-primary d-inline-block pix-hover-item       btn-md\" target=\"_blank\" rel=\"noopener\"><i class=\"font-weight-bold pixicon-bar-chart-2  pix-hover-left  mr-1\"><\/i> <span class=\"font-weight-bold\" >Laden Sie die Infografik herunter, die die Geschichte des Shalom-Netzwerks zusammenfasst.<\/span><\/a>\t\t<\/div>\n\t\t\t\t<\/div>\n\t\t\t\t<div class=\"elementor-element elementor-element-cb0d252 elementor-widget elementor-widget-pix-text\" data-id=\"cb0d252\" data-element_type=\"widget\" data-widget_type=\"pix-text.default\">\n\t\t\t\t<div class=\"elementor-widget-container\">\n\t\t\t<div class=\"pix-el-text w-100 text-left\" ><p class=\"text-20 resp-option text-dark-opacity-8 text-left font-weight-bold\" >M\u00f6chten Sie mehr \u00fcber die Leitlinien von Shalom erfahren?\n<\/p><\/div>\t\t<\/div>\n\t\t\t\t<\/div>\n\t\t\t\t<div class=\"elementor-element elementor-element-e42fd3c elementor-widget elementor-widget-pix-button\" data-id=\"e42fd3c\" data-element_type=\"widget\" data-widget_type=\"pix-button.default\">\n\t\t\t\t<div class=\"elementor-widget-container\">\n\t\t\t<a href=\"https:\/\/drive.google.com\/file\/d\/1k-StLByfX7rVKCUtbjzX7p0fpYMoj2Wa\/view?usp=drive_link\" class=\"btn m-0     text-primary btn-yellow d-inline-block pix-hover-item       btn-md\" target=\"_blank\" rel=\"noopener\"><i class=\"font-weight-bold pixicon-passport  pix-hover-left  mr-1\"><\/i> <span class=\"font-weight-bold\" >Laden Sie das vollst\u00e4ndige Dokument hier herunter.<\/span><\/a>\t\t<\/div>\n\t\t\t\t<\/div>\n\t\t\t\t\t<\/div>\n\t\t<\/div>\n\t\t\t\t\t<\/div>\n\t\t<\/section>\n\t\t\t\t<\/div>","protected":false},"excerpt":{"rendered":"<p>Rede Shalom Conhe\u00e7a a Rede Shalom: Justi\u00e7a, Paz e Integridade da Cria\u00e7\u00e3o A Rede Shalom \u00e9 uma iniciativa global das Irm\u00e3s Escolares de Nossa Senhora que promove Justi\u00e7a, Paz e Integridade da Cria\u00e7\u00e3o em todo o mundo. Como uma express\u00e3o&#8230;<\/p>","protected":false},"author":1,"featured_media":0,"parent":0,"menu_order":0,"comment_status":"closed","ping_status":"closed","template":"elementor_header_footer","meta":{"rank_math_lock_modified_date":false,"footnotes":""},"class_list":["post-6999","page","type-page","status-publish","hentry"],"_links":{"self":[{"href":"https:\/\/escolares.agenciatabor.com.br\/de\/wp-json\/wp\/v2\/pages\/6999"}],"collection":[{"href":"https:\/\/escolares.agenciatabor.com.br\/de\/wp-json\/wp\/v2\/pages"}],"about":[{"href":"https:\/\/escolares.agenciatabor.com.br\/de\/wp-json\/wp\/v2\/types\/page"}],"author":[{"embeddable":true,"href":"https:\/\/escolares.agenciatabor.com.br\/de\/wp-json\/wp\/v2\/users\/1"}],"replies":[{"embeddable":true,"href":"https:\/\/escolares.agenciatabor.com.br\/de\/wp-json\/wp\/v2\/comments?post=6999"}],"version-history":[{"count":28,"href":"https:\/\/escolares.agenciatabor.com.br\/de\/wp-json\/wp\/v2\/pages\/6999\/revisions"}],"predecessor-version":[{"id":8313,"href":"https:\/\/escolares.agenciatabor.com.br\/de\/wp-json\/wp\/v2\/pages\/6999\/revisions\/8313"}],"wp:attachment":[{"href":"https:\/\/escolares.agenciatabor.com.br\/de\/wp-json\/wp\/v2\/media?parent=6999"}],"curies":[{"name":"wp","href":"https:\/\/api.w.org\/{rel}","templated":true}]}}