{"id":7662,"date":"2024-04-14T22:15:41","date_gmt":"2024-04-15T01:15:41","guid":{"rendered":"https:\/\/escolares.agenciatabor.com.br\/?page_id=7662"},"modified":"2024-04-14T22:56:27","modified_gmt":"2024-04-15T01:56:27","slug":"oracao","status":"publish","type":"page","link":"https:\/\/escolares.agenciatabor.com.br\/de\/gebet\/","title":{"rendered":"Gebet"},"content":{"rendered":"<div data-elementor-type=\"wp-page\" data-elementor-id=\"7662\" class=\"elementor elementor-7662\" data-elementor-post-type=\"page\">\n\t\t\t\t\t\t<section class=\"elementor-section elementor-top-section elementor-element elementor-element-318a4a51 elementor-section-boxed elementor-section-height-default elementor-section-height-default\" data-id=\"318a4a51\" data-element_type=\"section\" data-settings=\"{&quot;jet_parallax_layout_list&quot;:[],&quot;shape_divider_top&quot;:&quot;tilt&quot;,&quot;background_background&quot;:&quot;classic&quot;}\">\n\t\t\t\t\t\t\t<div class=\"elementor-background-overlay\"><\/div>\n\t\t\t\t\t\t<div class=\"elementor-shape elementor-shape-top\" data-negative=\"false\">\n\t\t\t<svg xmlns=\"http:\/\/www.w3.org\/2000\/svg\" viewbox=\"0 0 1000 100\" preserveaspectratio=\"none\">\n\t<path class=\"elementor-shape-fill\" d=\"M0,6V0h1000v100L0,6z\"\/>\n<\/svg>\t\t<\/div>\n\t\t\t\t\t<div class=\"elementor-container elementor-column-gap-default\">\n\t\t\t\t\t<div class=\"elementor-column elementor-col-50 elementor-top-column elementor-element elementor-element-3a822344\" data-id=\"3a822344\" data-element_type=\"column\">\n\t\t\t<div class=\"elementor-widget-wrap elementor-element-populated\">\n\t\t\t\t\t\t<div class=\"elementor-element elementor-element-648f0857 elementor-widget elementor-widget-pix-badge\" data-id=\"648f0857\" data-element_type=\"widget\" data-widget_type=\"pix-badge.default\">\n\t\t\t\t<div class=\"elementor-widget-container\">\n\t\t\t<span class=\"pix-badge-element h6 d-inline-block mr-1\"  ><span class=\"badge font-weight-bold secondary-font bg-yellow  pix-py-10 pix-px-15\" style=\" \"><span class=\"text-body-default\" style=\"\">Pedido de Ora\u00e7\u00e3o<\/span><\/span><\/span>\t\t<\/div>\n\t\t\t\t<\/div>\n\t\t\t\t<div class=\"elementor-element elementor-element-ab1110b elementor-widget elementor-widget-pix-heading\" data-id=\"ab1110b\" data-element_type=\"widget\" data-widget_type=\"pix-heading.default\">\n\t\t\t\t<div class=\"elementor-widget-container\">\n\t\t\t<div  class=\"pix-heading-el text-left\"><div><div class=\"slide-in-container2\"><h2 class=\"text-body-default font-weight-bold heading-text el-title_custom_color mb-12\" style=\"\" data-anim-type=\"\" data-anim-delay=\"\">Partilhe seu <br>Pedido de Ora\u00e7\u00e3o<\/h2><\/div><\/div><\/div>\t\t<\/div>\n\t\t\t\t<\/div>\n\t\t\t\t<div class=\"elementor-element elementor-element-7a903f72 elementor-widget elementor-widget-pix-text\" data-id=\"7a903f72\" data-element_type=\"widget\" data-widget_type=\"pix-text.default\">\n\t\t\t\t<div class=\"elementor-widget-container\">\n\t\t\t<div class=\"pix-el-text w-100 text-left\" ><p class=\"resp-option text-left\"><p><span style=\"font-weight: 400;\">A vida nos apresenta desafios e momentos de necessidade onde a for\u00e7a da comunidade e a f\u00e9 compartilhada podem trazer conforto e esperan\u00e7a. Aqui, no cora\u00e7\u00e3o da nossa comunidade das Irm\u00e3s Escolares, valorizamos cada hist\u00f3ria e cada pedido com profundo respeito e amor fraternal.<\/span><\/p><p>\u00a0<\/p><p><span style=\"font-weight: 400;\">Se voc\u00ea est\u00e1 buscando apoio espiritual, um momento de paz, ou deseja depositar suas preocupa\u00e7\u00f5es em ora\u00e7\u00e3o, convidamos voc\u00ea a compartilhar suas inten\u00e7\u00f5es conosco. Nossas irm\u00e3s, dedicadas ao servi\u00e7o atrav\u00e9s da educa\u00e7\u00e3o e cuidado, est\u00e3o prontas para incluir suas preces nos seus momentos de reflex\u00e3o e comunh\u00e3o fraterna.<\/span><\/p><p>\u00a0<\/p><p><span style=\"font-weight: 400;\">Preencha o formul\u00e1rio abaixo com seus detalhes e pedido. Cada inten\u00e7\u00e3o ser\u00e1 recebida com carinho e levada em ora\u00e7\u00e3o perante a nossa comunidade.<\/span><\/p><p>\u00a0<\/p><p><strong>Juntos, em f\u00e9 e esperan\u00e7a, seguimos construindo um mundo de paz para todos.<\/strong><\/p><\/p><\/div>\t\t<\/div>\n\t\t\t\t<\/div>\n\t\t\t\t\t<\/div>\n\t\t<\/div>\n\t\t\t\t<div class=\"elementor-column elementor-col-50 elementor-top-column elementor-element elementor-element-71424990\" data-id=\"71424990\" data-element_type=\"column\">\n\t\t\t<div class=\"elementor-widget-wrap elementor-element-populated\">\n\t\t\t\t\t\t<section class=\"elementor-section elementor-inner-section elementor-element elementor-element-21791a0a elementor-section-boxed elementor-section-height-default elementor-section-height-default\" data-id=\"21791a0a\" data-element_type=\"section\" data-settings=\"{&quot;background_background&quot;:&quot;classic&quot;,&quot;jet_parallax_layout_list&quot;:[]}\">\n\t\t\t\t\t\t<div class=\"elementor-container elementor-column-gap-default\">\n\t\t\t\t\t<div class=\"elementor-column elementor-col-100 elementor-inner-column elementor-element elementor-element-6d6a9443\" data-id=\"6d6a9443\" data-element_type=\"column\" data-settings=\"{&quot;background_background&quot;:&quot;classic&quot;}\">\n\t\t\t<div class=\"elementor-widget-wrap elementor-element-populated\">\n\t\t\t\t\t\t<div class=\"elementor-element elementor-element-6c92b33e elementor-widget elementor-widget-heading\" data-id=\"6c92b33e\" data-element_type=\"widget\" data-widget_type=\"heading.default\">\n\t\t\t\t<div class=\"elementor-widget-container\">\n\t\t\t<h2 class=\"elementor-heading-title elementor-size-default\">Envie seu pedido de ora\u00e7\u00e3o<\/h2>\t\t<\/div>\n\t\t\t\t<\/div>\n\t\t\t\t<div class=\"elementor-element elementor-element-331bd18e elementor-button-align-center elementor-widget elementor-widget-form\" data-id=\"331bd18e\" data-element_type=\"widget\" data-settings=\"{&quot;step_next_label&quot;:&quot;Next&quot;,&quot;step_previous_label&quot;:&quot;Previous&quot;,&quot;button_width&quot;:&quot;100&quot;,&quot;step_type&quot;:&quot;number_text&quot;,&quot;step_icon_shape&quot;:&quot;circle&quot;}\" data-widget_type=\"form.default\">\n\t\t\t\t<div class=\"elementor-widget-container\">\n\t\t\t\t\t<form class=\"elementor-form\" method=\"post\" name=\"New Form\" action=\"\">\n\t\t\t<input type=\"hidden\" name=\"post_id\" value=\"7662\"\/>\n\t\t\t<input type=\"hidden\" name=\"form_id\" value=\"331bd18e\"\/>\n\t\t\t<input type=\"hidden\" name=\"referer_title\" value=\"\" \/>\n\n\t\t\t\n\t\t\t<div class=\"elementor-form-fields-wrapper elementor-labels-above\">\n\t\t\t\t\t\t\t\t<div class=\"elementor-field-type-text elementor-field-group elementor-column elementor-field-group-name elementor-col-100\">\n\t\t\t\t\t\t\t\t\t\t\t\t\t<input size=\"1\" type=\"text\" name=\"form_fields[name]\" id=\"form-field-name\" class=\"elementor-field elementor-size-sm  elementor-field-textual\" placeholder=\"Name\">\n\t\t\t\t\t\t\t\t\t\t\t<\/div>\n\t\t\t\t\t\t\t\t<div class=\"elementor-field-type-email elementor-field-group elementor-column elementor-field-group-field_5fc5e5f elementor-col-100 elementor-field-required\">\n\t\t\t\t\t\t\t\t\t\t\t\t\t<input size=\"1\" type=\"email\" name=\"form_fields[field_5fc5e5f]\" id=\"form-field-field_5fc5e5f\" class=\"elementor-field elementor-size-sm  elementor-field-textual\" placeholder=\"E-Mail\" required=\"required\" aria-required=\"true\">\n\t\t\t\t\t\t\t\t\t\t\t<\/div>\n\t\t\t\t\t\t\t\t<div class=\"elementor-field-type-text elementor-field-group elementor-column elementor-field-group-field_126bd0b elementor-col-100\">\n\t\t\t\t\t\t\t\t\t\t\t\t\t<input size=\"1\" type=\"text\" name=\"form_fields[field_126bd0b]\" id=\"form-field-field_126bd0b\" class=\"elementor-field elementor-size-sm  elementor-field-textual\" placeholder=\"Telefon mit Vorwahl:\">\n\t\t\t\t\t\t\t\t\t\t\t<\/div>\n\t\t\t\t\t\t\t\t<div class=\"elementor-field-type-checkbox elementor-field-group elementor-column elementor-field-group-field_9e69cf3 elementor-col-100\">\n\t\t\t\t\t\t\t\t\t\t\t\t<label for=\"form-field-field_9e69cf3\" class=\"elementor-field-label\">\n\t\t\t\t\t\t\t\tMotivo:\t\t\t\t\t\t\t<\/label>\n\t\t\t\t\t\t<div class=\"elementor-field-subgroup  elementor-subgroup-inline\"><span class=\"elementor-field-option\"><input type=\"checkbox\" value=\"Sa\u00fade\" id=\"form-field-field_9e69cf3-0\" name=\"form_fields[field_9e69cf3][]\"> <label for=\"form-field-field_9e69cf3-0\">Gesundheit<\/label><\/span><span class=\"elementor-field-option\"><input type=\"checkbox\" value=\"Trabalho\" id=\"form-field-field_9e69cf3-1\" name=\"form_fields[field_9e69cf3][]\"> <label for=\"form-field-field_9e69cf3-1\">Trabalho<\/label><\/span><span class=\"elementor-field-option\"><input type=\"checkbox\" value=\" Educa\u00e7\u00e3o\" id=\"form-field-field_9e69cf3-2\" name=\"form_fields[field_9e69cf3][]\"> <label for=\"form-field-field_9e69cf3-2\"> Bildung<\/label><\/span><span class=\"elementor-field-option\"><input type=\"checkbox\" value=\" Conforto\" id=\"form-field-field_9e69cf3-3\" name=\"form_fields[field_9e69cf3][]\"> <label for=\"form-field-field_9e69cf3-3\"> Conforto<\/label><\/span><span class=\"elementor-field-option\"><input type=\"checkbox\" value=\"Outros\" id=\"form-field-field_9e69cf3-4\" name=\"form_fields[field_9e69cf3][]\"> <label for=\"form-field-field_9e69cf3-4\">Outros<\/label><\/span><\/div>\t\t\t\t<\/div>\n\t\t\t\t\t\t\t\t<div class=\"elementor-field-type-textarea elementor-field-group elementor-column elementor-field-group-field_7eac1ad elementor-col-100\">\n\t\t\t\t\t<textarea class=\"elementor-field-textual elementor-field  elementor-size-sm\" name=\"form_fields[field_7eac1ad]\" id=\"form-field-field_7eac1ad\" rows=\"4\" placeholder=\"Descreva seu pedido de ora\u00e7\u00e3o aqui:\"><\/textarea>\t\t\t\t<\/div>\n\t\t\t\t\t\t\t\t<div class=\"elementor-field-group elementor-column elementor-field-type-submit elementor-col-100 e-form__buttons\">\n\t\t\t\t\t<button type=\"submit\" class=\"elementor-button elementor-size-sm\">\n\t\t\t\t\t\t<span >\n\t\t\t\t\t\t\t\t\t\t\t\t\t\t\t<span class=\"elementor-button-icon\">\n\t\t\t\t\t\t\t\t\t\t\t\t\t\t\t\t\t\t\t\t\t\t\t\t\t\t<\/span>\n\t\t\t\t\t\t\t\t\t\t\t\t\t\t\t\t\t\t\t\t\t\t<span class=\"elementor-button-text\">Enviar pedido<\/span>\n\t\t\t\t\t\t\t\t\t\t\t\t\t<\/span>\n\t\t\t\t\t<\/button>\n\t\t\t\t<\/div>\n\t\t\t<\/div>\n\t\t<input type=\"hidden\" name=\"trp-form-language\" value=\"de\"\/><\/form>\n\t\t\t\t<\/div>\n\t\t\t\t<\/div>\n\t\t\t\t\t<\/div>\n\t\t<\/div>\n\t\t\t\t\t<\/div>\n\t\t<\/section>\n\t\t\t\t\t<\/div>\n\t\t<\/div>\n\t\t\t\t\t<\/div>\n\t\t<\/section>\n\t\t\t\t<\/div>","protected":false},"excerpt":{"rendered":"<p>Gebetsanliegen Teilen Sie Ihr Gebetsanliegen Das Leben stellt uns vor Herausforderungen und Zeiten der Not, in denen die Kraft der Gemeinschaft und der gemeinsame Glaube Trost und Hoffnung bringen k\u00f6nnen. Hier, im Herzen der Gemeinschaft der Schulschwestern,...<\/p>","protected":false},"author":1,"featured_media":0,"parent":0,"menu_order":0,"comment_status":"closed","ping_status":"closed","template":"elementor_header_footer","meta":{"rank_math_lock_modified_date":false,"footnotes":""},"class_list":["post-7662","page","type-page","status-publish","hentry"],"_links":{"self":[{"href":"https:\/\/escolares.agenciatabor.com.br\/de\/wp-json\/wp\/v2\/pages\/7662"}],"collection":[{"href":"https:\/\/escolares.agenciatabor.com.br\/de\/wp-json\/wp\/v2\/pages"}],"about":[{"href":"https:\/\/escolares.agenciatabor.com.br\/de\/wp-json\/wp\/v2\/types\/page"}],"author":[{"embeddable":true,"href":"https:\/\/escolares.agenciatabor.com.br\/de\/wp-json\/wp\/v2\/users\/1"}],"replies":[{"embeddable":true,"href":"https:\/\/escolares.agenciatabor.com.br\/de\/wp-json\/wp\/v2\/comments?post=7662"}],"version-history":[{"count":4,"href":"https:\/\/escolares.agenciatabor.com.br\/de\/wp-json\/wp\/v2\/pages\/7662\/revisions"}],"predecessor-version":[{"id":7667,"href":"https:\/\/escolares.agenciatabor.com.br\/de\/wp-json\/wp\/v2\/pages\/7662\/revisions\/7667"}],"wp:attachment":[{"href":"https:\/\/escolares.agenciatabor.com.br\/de\/wp-json\/wp\/v2\/media?parent=7662"}],"curies":[{"name":"wp","href":"https:\/\/api.w.org\/{rel}","templated":true}]}}