{"id":7804,"date":"2024-04-28T19:30:38","date_gmt":"2024-04-28T22:30:38","guid":{"rendered":"https:\/\/escolares.agenciatabor.com.br\/?page_id=7804"},"modified":"2024-08-17T03:27:55","modified_gmt":"2024-08-17T06:27:55","slug":"esp_esc","status":"publish","type":"page","link":"https:\/\/escolares.agenciatabor.com.br\/de\/esp_esc\/","title":{"rendered":"esp_esc"},"content":{"rendered":"<div data-elementor-type=\"wp-page\" data-elementor-id=\"7804\" class=\"elementor elementor-7804\" data-elementor-post-type=\"page\">\n\t\t\t\t\t\t<section class=\"elementor-section elementor-top-section elementor-element elementor-element-46971f6f elementor-section-boxed elementor-section-height-default elementor-section-height-default\" data-id=\"46971f6f\" data-element_type=\"section\" data-settings=\"{&quot;background_background&quot;:&quot;classic&quot;,&quot;shape_divider_top&quot;:&quot;tilt&quot;,&quot;jet_parallax_layout_list&quot;:[]}\">\n\t\t\t\t\t<div class=\"elementor-shape elementor-shape-top\" data-negative=\"false\">\n\t\t\t<svg xmlns=\"http:\/\/www.w3.org\/2000\/svg\" viewbox=\"0 0 1000 100\" preserveaspectratio=\"none\">\n\t<path class=\"elementor-shape-fill\" d=\"M0,6V0h1000v100L0,6z\"\/>\n<\/svg>\t\t<\/div>\n\t\t\t\t\t<div class=\"elementor-container elementor-column-gap-default\">\n\t\t\t\t\t<div class=\"elementor-column elementor-col-100 elementor-top-column elementor-element elementor-element-55b90fe5\" data-id=\"55b90fe5\" data-element_type=\"column\">\n\t\t\t<div class=\"elementor-widget-wrap\">\n\t\t\t\t\t\t\t<\/div>\n\t\t<\/div>\n\t\t\t\t\t<\/div>\n\t\t<\/section>\n\t\t<div class=\"elementor-element elementor-element-ec0b29d e-flex e-con-boxed e-con e-parent\" data-id=\"ec0b29d\" data-element_type=\"container\" data-settings=\"{&quot;jet_parallax_layout_list&quot;:[]}\">\n\t\t\t\t\t<div class=\"e-con-inner\">\n\t\t<div class=\"elementor-element elementor-element-e66d10c e-con-full e-flex e-con e-child\" data-id=\"e66d10c\" data-element_type=\"container\" data-settings=\"{&quot;jet_parallax_layout_list&quot;:[]}\">\n\t\t\t\t<div class=\"elementor-element elementor-element-0135adf elementor-absolute elementor-widget__width-initial elementor-widget elementor-widget-image\" data-id=\"0135adf\" data-element_type=\"widget\" data-settings=\"{&quot;_position&quot;:&quot;absolute&quot;,&quot;motion_fx_motion_fx_mouse&quot;:&quot;yes&quot;,&quot;motion_fx_mouseTrack_effect&quot;:&quot;yes&quot;,&quot;motion_fx_mouseTrack_speed&quot;:{&quot;unit&quot;:&quot;px&quot;,&quot;size&quot;:1,&quot;sizes&quot;:[]}}\" data-widget_type=\"image.default\">\n\t\t\t\t<div class=\"elementor-widget-container\">\n\t\t\t\t\t\t\t\t\t\t\t\t\t<img decoding=\"async\" width=\"200\" height=\"155\" src=\"https:\/\/escolares.agenciatabor.com.br\/wp-content\/uploads\/2024\/03\/DEFR.png\" class=\"attachment-large size-large wp-image-4930\" alt=\"\" srcset=\"https:\/\/escolares.agenciatabor.com.br\/wp-content\/uploads\/2024\/03\/DEFR.png 200w, https:\/\/escolares.agenciatabor.com.br\/wp-content\/uploads\/2024\/03\/DEFR-15x12.png 15w\" sizes=\"(max-width: 200px) 100vw, 200px\" title=\"\">\t\t\t\t\t\t\t\t\t\t\t\t\t<\/div>\n\t\t\t\t<\/div>\n\t\t\t\t<div class=\"elementor-element elementor-element-b1864e7 elementor-absolute elementor-widget__width-initial elementor-widget elementor-widget-image\" data-id=\"b1864e7\" data-element_type=\"widget\" data-settings=\"{&quot;_position&quot;:&quot;absolute&quot;,&quot;motion_fx_motion_fx_mouse&quot;:&quot;yes&quot;,&quot;motion_fx_mouseTrack_effect&quot;:&quot;yes&quot;,&quot;motion_fx_mouseTrack_direction&quot;:&quot;negative&quot;,&quot;motion_fx_mouseTrack_speed&quot;:{&quot;unit&quot;:&quot;px&quot;,&quot;size&quot;:1,&quot;sizes&quot;:[]}}\" data-widget_type=\"image.default\">\n\t\t\t\t<div class=\"elementor-widget-container\">\n\t\t\t\t\t\t\t\t\t\t\t\t\t<img decoding=\"async\" width=\"200\" height=\"155\" src=\"https:\/\/escolares.agenciatabor.com.br\/wp-content\/uploads\/2024\/03\/DEFR.png\" class=\"attachment-large size-large wp-image-4930\" alt=\"\" srcset=\"https:\/\/escolares.agenciatabor.com.br\/wp-content\/uploads\/2024\/03\/DEFR.png 200w, https:\/\/escolares.agenciatabor.com.br\/wp-content\/uploads\/2024\/03\/DEFR-15x12.png 15w\" sizes=\"(max-width: 200px) 100vw, 200px\" title=\"\">\t\t\t\t\t\t\t\t\t\t\t\t\t<\/div>\n\t\t\t\t<\/div>\n\t\t\t\t<div class=\"elementor-element elementor-element-e47dca2 elementor-widget elementor-widget-global elementor-global-7791 elementor-widget-pix-badge\" data-id=\"e47dca2\" data-element_type=\"widget\" data-widget_type=\"pix-badge.default\">\n\t\t\t\t<div class=\"elementor-widget-container\">\n\t\t\t<span class=\"pix-badge-element h6 d-inline-block mr-1\"  ><span class=\"badge font-weight-bold secondary-font bg-yellow  pix-py-10 pix-px-15\" style=\" \"><span class=\"text-body-default\" style=\"\">Spiritualit\u00e4t<\/span><\/span><\/span>\t\t<\/div>\n\t\t\t\t<\/div>\n\t\t\t\t<div class=\"elementor-element elementor-element-75f9a6d elementor-widget elementor-widget-pix-heading\" data-id=\"75f9a6d\" data-element_type=\"widget\" data-widget_type=\"pix-heading.default\">\n\t\t\t\t<div class=\"elementor-widget-container\">\n\t\t\t<div  class=\"pix-heading-el text-left\"><div><div class=\"slide-in-container2\"><h2 class=\"text-body-default font-weight-bold heading-text el-title_custom_color mb-12\" style=\"\" data-anim-type=\"\" data-anim-delay=\"\"> Espiritualidade das Irm\u00e3s Escolares de Nossa Senhora<\/h2><\/div><\/div><\/div>\t\t<\/div>\n\t\t\t\t<\/div>\n\t\t\t\t<div class=\"elementor-element elementor-element-74225a5 elementor-widget elementor-widget-pix-text\" data-id=\"74225a5\" data-element_type=\"widget\" data-widget_type=\"pix-text.default\">\n\t\t\t\t<div class=\"elementor-widget-container\">\n\t\t\t<div class=\"pix-el-text w-100 text-center\" ><p class=\"resp-option text-center\"><p><span style=\"font-weight: 400;\"><b>A espiritualidade das IENS se fundamenta na eucaristia cujo sentido \u00e9 a unidade de todos com Deus e a unidade entre n\u00f3s que se expressa no amor gratuito, na simplicidade do seguimento radical de Jesus Cristo, tendo sempre presente as palvras de Maria, m\u00e3e de nossa congrega\u00e7\u00e3o: \u201cFazei o que Ele vos disser.\u201d <br \/><br \/><\/b>Hier finden Sie verschiedene Materialien zur Spiritualit\u00e4t der Schwestern, Schriften der Gr\u00fcnderin sowie Gebete, die allen Menschen helfen k\u00f6nnen, die sich diesem Charisma und dieser Mission anschlie\u00dfen m\u00f6chten. <\/span><\/p><p><span style=\"font-weight: 400;\">In diesem Bereich, der der Spiritualit\u00e4t gewidmet ist, bieten wir eine Vielzahl von Ressourcen an, die das Wesen und die Werte der Schwestern widerspiegeln. Hier finden Sie eine sorgf\u00e4ltige Auswahl an inspirierenden Schriften unserer Gr\u00fcnderin, die nicht nur den spirituellen Weg beleuchten, den sie gegangen ist, sondern auch als Leitfaden f\u00fcr all jene dienen, die einen \u00e4hnlichen Weg gehen m\u00f6chten.<\/span><\/p><p><span style=\"font-weight: 400;\">Dar\u00fcber hinaus haben wir eine Reihe sorgf\u00e4ltig ausgew\u00e4hlter Gebete zur Verf\u00fcgung gestellt, die das geistliche Leben von Einzelpersonen und Gemeinschaften unterst\u00fctzen und bereichern sollen. Diese Gebete richten sich vor allem an diejenigen, die sich tiefer mit dem Charisma und der Sendung, die uns als geistliche Familie verbinden, verbinden m\u00f6chten.<\/span><\/p><\/p><\/div>\t\t<\/div>\n\t\t\t\t<\/div>\n\t\t\t\t<\/div>\n\t\t<div class=\"elementor-element elementor-element-0604807 e-con-full e-flex e-con e-child\" data-id=\"0604807\" data-element_type=\"container\" data-settings=\"{&quot;jet_parallax_layout_list&quot;:[]}\">\n\t\t\t\t<div class=\"elementor-element elementor-element-63c9c08 elementor-grid-2 elementor-posts--thumbnail-none elementor-grid-tablet-2 elementor-grid-mobile-1 elementor-card-shadow-yes elementor-posts__hover-gradient elementor-widget elementor-widget-posts\" data-id=\"63c9c08\" data-element_type=\"widget\" data-settings=\"{&quot;cards_columns&quot;:&quot;2&quot;,&quot;cards_columns_tablet&quot;:&quot;2&quot;,&quot;cards_columns_mobile&quot;:&quot;1&quot;,&quot;cards_row_gap&quot;:{&quot;unit&quot;:&quot;px&quot;,&quot;size&quot;:35,&quot;sizes&quot;:[]},&quot;cards_row_gap_tablet&quot;:{&quot;unit&quot;:&quot;px&quot;,&quot;size&quot;:&quot;&quot;,&quot;sizes&quot;:[]},&quot;cards_row_gap_mobile&quot;:{&quot;unit&quot;:&quot;px&quot;,&quot;size&quot;:&quot;&quot;,&quot;sizes&quot;:[]}}\" data-widget_type=\"posts.cards\">\n\t\t\t\t<div class=\"elementor-widget-container\">\n\t\t\t\t\t<div class=\"elementor-posts-container elementor-posts elementor-posts--skin-cards elementor-grid\">\n\t\t\t\t<article class=\"elementor-post elementor-grid-item post-7845 espiritualidade type-espiritualidade status-publish format-standard hentry\">\n\t\t\t<div class=\"elementor-post__card\">\n\t\t\t\t<div class=\"elementor-post__text\">\n\t\t\t\t<h3 class=\"elementor-post__title\">\n\t\t\t<a href=\"https:\/\/escolares.agenciatabor.com.br\/de\/espiritualidade\/meditacao-e-consolo-para-os-anseios-do-coracao\/\" >\n\t\t\t\tMeditation und Trost f\u00fcr die Sehns\u00fcchte des Herzens\t\t\t<\/a>\n\t\t<\/h3>\n\t\t\n\t\t<a class=\"elementor-post__read-more\" href=\"https:\/\/escolares.agenciatabor.com.br\/de\/espiritualidade\/meditacao-e-consolo-para-os-anseios-do-coracao\/\" aria-label=\"Read more about Medita\u00e7\u00e3o e Consolo para os Anseios do Cora\u00e7\u00e3o\" tabindex=\"-1\" >\n\t\t\tMehr erfahren\"\t\t<\/a>\n\n\t\t\t\t<\/div>\n\t\t\t\t\t<\/div>\n\t\t<\/article>\n\t\t\t\t<article class=\"elementor-post elementor-grid-item post-7860 espiritualidade type-espiritualidade status-publish format-standard hentry\">\n\t\t\t<div class=\"elementor-post__card\">\n\t\t\t\t<div class=\"elementor-post__text\">\n\t\t\t\t<h3 class=\"elementor-post__title\">\n\t\t\t<a href=\"https:\/\/escolares.agenciatabor.com.br\/de\/espiritualidade\/novena-a-bem-aventurada-maria-teresa-de-jesus-gerhardinger\/\" >\n\t\t\t\tNovene zur seligen Maria Teresa von Jesus Gerhardinger\t\t\t<\/a>\n\t\t<\/h3>\n\t\t\n\t\t<a class=\"elementor-post__read-more\" href=\"https:\/\/escolares.agenciatabor.com.br\/de\/espiritualidade\/novena-a-bem-aventurada-maria-teresa-de-jesus-gerhardinger\/\" aria-label=\"Read more about Novena \u00e0 Bem-Aventurada Maria Teresa de Jesus Gerhardinger\" tabindex=\"-1\" >\n\t\t\tMehr erfahren\"\t\t<\/a>\n\n\t\t\t\t<\/div>\n\t\t\t\t\t<\/div>\n\t\t<\/article>\n\t\t\t\t<article class=\"elementor-post elementor-grid-item post-7758 espiritualidade type-espiritualidade status-publish format-standard has-post-thumbnail hentry\">\n\t\t\t<div class=\"elementor-post__card\">\n\t\t\t\t<div class=\"elementor-post__text\">\n\t\t\t\t<h3 class=\"elementor-post__title\">\n\t\t\t<a href=\"https:\/\/escolares.agenciatabor.com.br\/de\/espiritualidade\/elementor-7758\/\" >\n\t\t\t\tDie Geschichte von Schwester Antonina, die unter 108 polnischen M\u00e4rtyrern seliggesprochen wurde\t\t\t<\/a>\n\t\t<\/h3>\n\t\t\n\t\t<a class=\"elementor-post__read-more\" href=\"https:\/\/escolares.agenciatabor.com.br\/de\/espiritualidade\/elementor-7758\/\" aria-label=\"Read more about A hist\u00f3ria da Irm\u00e3 Antonina, beatificada entre os 108 poloneses m\u00e1rtires\" tabindex=\"-1\" >\n\t\t\tMehr erfahren\"\t\t<\/a>\n\n\t\t\t\t<\/div>\n\t\t\t\t\t<\/div>\n\t\t<\/article>\n\t\t\t\t<article class=\"elementor-post elementor-grid-item post-7869 espiritualidade type-espiritualidade status-publish format-standard hentry\">\n\t\t\t<div class=\"elementor-post__card\">\n\t\t\t\t<div class=\"elementor-post__text\">\n\t\t\t\t<h3 class=\"elementor-post__title\">\n\t\t\t<a href=\"https:\/\/escolares.agenciatabor.com.br\/de\/espiritualidade\/oracoes-de-madre-teresa\/\" >\n\t\t\t\tGebete von Mutter Teresa\t\t\t<\/a>\n\t\t<\/h3>\n\t\t\n\t\t<a class=\"elementor-post__read-more\" href=\"https:\/\/escolares.agenciatabor.com.br\/de\/espiritualidade\/oracoes-de-madre-teresa\/\" aria-label=\"Read more about Ora\u00e7\u00f5es de Madre Teresa\" tabindex=\"-1\" >\n\t\t\tMehr erfahren\"\t\t<\/a>\n\n\t\t\t\t<\/div>\n\t\t\t\t\t<\/div>\n\t\t<\/article>\n\t\t\t\t<article class=\"elementor-post elementor-grid-item post-8975 espiritualidade type-espiritualidade status-publish format-standard hentry\">\n\t\t\t<div class=\"elementor-post__card\">\n\t\t\t\t<div class=\"elementor-post__text\">\n\t\t\t\t<h3 class=\"elementor-post__title\">\n\t\t\t<a href=\"https:\/\/escolares.agenciatabor.com.br\/de\/espiritualidade\/novena-beata-maria-antonina-kratochwilnovena\/\" >\n\t\t\t\tNovena BEATA MAR\u00cdA ANTONINA KRATOCHWIL\t\t\t<\/a>\n\t\t<\/h3>\n\t\t\n\t\t<a class=\"elementor-post__read-more\" href=\"https:\/\/escolares.agenciatabor.com.br\/de\/espiritualidade\/novena-beata-maria-antonina-kratochwilnovena\/\" aria-label=\"Read more about Novena BEATA MAR\u00cdA ANTONINA KRATOCHWIL\" tabindex=\"-1\" >\n\t\t\tMehr erfahren\"\t\t<\/a>\n\n\t\t\t\t<\/div>\n\t\t\t\t\t<\/div>\n\t\t<\/article>\n\t\t\t\t<article class=\"elementor-post elementor-grid-item post-7854 espiritualidade type-espiritualidade status-publish format-standard hentry\">\n\t\t\t<div class=\"elementor-post__card\">\n\t\t\t\t<div class=\"elementor-post__text\">\n\t\t\t\t<h3 class=\"elementor-post__title\">\n\t\t\t<a href=\"https:\/\/escolares.agenciatabor.com.br\/de\/espiritualidade\/confiar-e-arriscar-palavras-para-cada-dia-maria-teresa-de-jesus-gerhardinger\/\" >\n\t\t\t\tVertrauen und Risiko - Worte f\u00fcr jeden Tag - Maria Teresa de Jesus Gerhardinger\t\t\t<\/a>\n\t\t<\/h3>\n\t\t\n\t\t<a class=\"elementor-post__read-more\" href=\"https:\/\/escolares.agenciatabor.com.br\/de\/espiritualidade\/confiar-e-arriscar-palavras-para-cada-dia-maria-teresa-de-jesus-gerhardinger\/\" aria-label=\"Read more about Confiar e Arriscar &#8211; Palavras para Cada Dia &#8211; Maria Teresa de Jesus Gerhardinger\" tabindex=\"-1\" >\n\t\t\tMehr erfahren\"\t\t<\/a>\n\n\t\t\t\t<\/div>\n\t\t\t\t\t<\/div>\n\t\t<\/article>\n\t\t\t\t<article class=\"elementor-post elementor-grid-item post-7710 espiritualidade type-espiritualidade status-publish format-standard has-post-thumbnail hentry\">\n\t\t\t<div class=\"elementor-post__card\">\n\t\t\t\t<div class=\"elementor-post__text\">\n\t\t\t\t<h3 class=\"elementor-post__title\">\n\t\t\t<a href=\"https:\/\/escolares.agenciatabor.com.br\/de\/espiritualidade\/cartas-de-madre-teresa\/\" >\n\t\t\t\tBriefe von Mutter Teresa\t\t\t<\/a>\n\t\t<\/h3>\n\t\t\n\t\t<a class=\"elementor-post__read-more\" href=\"https:\/\/escolares.agenciatabor.com.br\/de\/espiritualidade\/cartas-de-madre-teresa\/\" aria-label=\"Read more about Cartas de Madre Teresa\" tabindex=\"-1\" >\n\t\t\tMehr erfahren\"\t\t<\/a>\n\n\t\t\t\t<\/div>\n\t\t\t\t\t<\/div>\n\t\t<\/article>\n\t\t\t\t<\/div>\n\t\t\n\t\t\t\t<\/div>\n\t\t\t\t<\/div>\n\t\t\t\t<\/div>\n\t\t\t\t\t<\/div>\n\t\t\t\t<\/div>\n\t\t\t\t<\/div>","protected":false},"excerpt":{"rendered":"<p>Espiritualidade Espiritualidade das Irm\u00e3s Escolares de Nossa Senhora A espiritualidade das IENS se fundamenta na eucaristia cujo sentido \u00e9 a unidade de todos com Deus e a unidade entre n\u00f3s que se expressa no amor gratuito, na simplicidade do seguimento<\/p>","protected":false},"author":1,"featured_media":0,"parent":0,"menu_order":0,"comment_status":"closed","ping_status":"closed","template":"elementor_header_footer","meta":{"rank_math_lock_modified_date":false,"footnotes":""},"class_list":["post-7804","page","type-page","status-publish","hentry"],"_links":{"self":[{"href":"https:\/\/escolares.agenciatabor.com.br\/de\/wp-json\/wp\/v2\/pages\/7804"}],"collection":[{"href":"https:\/\/escolares.agenciatabor.com.br\/de\/wp-json\/wp\/v2\/pages"}],"about":[{"href":"https:\/\/escolares.agenciatabor.com.br\/de\/wp-json\/wp\/v2\/types\/page"}],"author":[{"embeddable":true,"href":"https:\/\/escolares.agenciatabor.com.br\/de\/wp-json\/wp\/v2\/users\/1"}],"replies":[{"embeddable":true,"href":"https:\/\/escolares.agenciatabor.com.br\/de\/wp-json\/wp\/v2\/comments?post=7804"}],"version-history":[{"count":61,"href":"https:\/\/escolares.agenciatabor.com.br\/de\/wp-json\/wp\/v2\/pages\/7804\/revisions"}],"predecessor-version":[{"id":9395,"href":"https:\/\/escolares.agenciatabor.com.br\/de\/wp-json\/wp\/v2\/pages\/7804\/revisions\/9395"}],"wp:attachment":[{"href":"https:\/\/escolares.agenciatabor.com.br\/de\/wp-json\/wp\/v2\/media?parent=7804"}],"curies":[{"name":"wp","href":"https:\/\/api.w.org\/{rel}","templated":true}]}}