{"id":7980,"date":"2024-04-28T22:27:32","date_gmt":"2024-04-29T01:27:32","guid":{"rendered":"https:\/\/escolares.agenciatabor.com.br\/?page_id=7980"},"modified":"2024-04-29T02:08:44","modified_gmt":"2024-04-29T05:08:44","slug":"galeria","status":"publish","type":"page","link":"https:\/\/escolares.agenciatabor.com.br\/de\/galerie\/","title":{"rendered":"Galerie"},"content":{"rendered":"<div data-elementor-type=\"wp-page\" data-elementor-id=\"7980\" class=\"elementor elementor-7980\" data-elementor-post-type=\"page\">\n\t\t\t\t<div class=\"elementor-element elementor-element-853c992 e-flex e-con-boxed e-con e-parent\" data-id=\"853c992\" data-element_type=\"container\" data-settings=\"{&quot;jet_parallax_layout_list&quot;:[]}\">\n\t\t\t\t\t<div class=\"e-con-inner\">\n\t\t\t\t<div class=\"elementor-element elementor-element-aa73145 elementor-widget elementor-widget-pix-text\" data-id=\"aa73145\" data-element_type=\"widget\" data-widget_type=\"pix-text.default\">\n\t\t\t\t<div class=\"elementor-widget-container\">\n\t\t\t<div class=\"pix-el-text w-100 text-center\" ><p class=\"resp-option text-center\"><p>Diese Seite ist ein Ort, an dem wir den reichen Erfahrungsschatz und die Sch\u00f6nheit der Orte, die wir besuchen, mit anderen teilen. Ohne Worte f\u00e4ngt jedes Foto einen einzigartigen Moment ein und bietet einen Einblick in die verschiedenen Realit\u00e4ten und Weltanschauungen, die uns bei unserer Mission leiten. Hier finden Sie Aufzeichnungen der Orte, die wir besucht haben, und der Gemeinschaften, mit denen wir zu tun hatten, die jeweils eine Geschichte von Glauben, Hoffnung und Liebe erz\u00e4hlen.<\/p><p>Unsere Galerie ist eine Einladung, die Welt mit unseren Augen zu sehen und die Vielfalt und Sch\u00f6nheit unserer Arbeit zu feiern. Dieser Raum wird von den Schwestern unserer Provinz gemeinsam genutzt und spiegelt die Breite und Tiefe unserer Pr\u00e4senz wider. Wir w\u00fcnschen unseren Besuchern, dass diese Aufzeichnungen Inspiration und Verbindung mit den Schulschwestern von Notre Dame bieten m\u00f6gen.<\/p><\/p><\/div>\t\t<\/div>\n\t\t\t\t<\/div>\n\t\t\t\t<div class=\"elementor-element elementor-element-b9da960 elementor-widget elementor-widget-gallery\" data-id=\"b9da960\" data-element_type=\"widget\" data-settings=\"{&quot;gallery_layout&quot;:&quot;masonry&quot;,&quot;lazyload&quot;:&quot;yes&quot;,&quot;columns&quot;:4,&quot;columns_tablet&quot;:2,&quot;columns_mobile&quot;:1,&quot;gap&quot;:{&quot;unit&quot;:&quot;px&quot;,&quot;size&quot;:10,&quot;sizes&quot;:[]},&quot;gap_tablet&quot;:{&quot;unit&quot;:&quot;px&quot;,&quot;size&quot;:10,&quot;sizes&quot;:[]},&quot;gap_mobile&quot;:{&quot;unit&quot;:&quot;px&quot;,&quot;size&quot;:10,&quot;sizes&quot;:[]},&quot;link_to&quot;:&quot;file&quot;,&quot;overlay_background&quot;:&quot;yes&quot;,&quot;content_hover_animation&quot;:&quot;fade-in&quot;}\" data-widget_type=\"gallery.default\">\n\t\t\t\t<div class=\"elementor-widget-container\">\n\t\t\t\t\t<div class=\"elementor-gallery__container\">\n\t\t\t\t\t\t\t<a class=\"e-gallery-item elementor-gallery-item elementor-animated-content\" href=\"https:\/\/escolares.agenciatabor.com.br\/wp-content\/uploads\/2024\/04\/2c39cb33-c655-4edf-b856-37aebfd0fc0c.jpg\" data-elementor-open-lightbox=\"yes\" data-elementor-lightbox-slideshow=\"b9da960\" data-elementor-lightbox-title=\"2c39cb33-c655-4edf-b856-37aebfd0fc0c\" data-e-action-hash=\"#elementor-action%3Aaction%3Dlightbox%26settings%3DeyJpZCI6Nzk4MywidXJsIjoiaHR0cHM6XC9cL2VzY29sYXJlcy5hZ2VuY2lhdGFib3IuY29tLmJyXC93cC1jb250ZW50XC91cGxvYWRzXC8yMDI0XC8wNFwvMmMzOWNiMzMtYzY1NS00ZWRmLWI4NTYtMzdhZWJmZDBmYzBjLmpwZyIsInNsaWRlc2hvdyI6ImI5ZGE5NjAifQ%3D%3D\">\n\t\t\t\t\t<div class=\"e-gallery-image elementor-gallery-item__image\" data-thumbnail=\"https:\/\/escolares.agenciatabor.com.br\/wp-content\/uploads\/2024\/04\/2c39cb33-c655-4edf-b856-37aebfd0fc0c-169x300.jpg\" data-width=\"169\" data-height=\"300\" aria-label=\"\" role=\"img\" ><\/div>\n\t\t\t\t\t\t\t\t\t\t\t<div class=\"elementor-gallery-item__overlay\"><\/div>\n\t\t\t\t\t\t\t\t\t\t\t\t\t\t<\/a>\n\t\t\t\t\t\t\t<a class=\"e-gallery-item elementor-gallery-item elementor-animated-content\" href=\"https:\/\/escolares.agenciatabor.com.br\/wp-content\/uploads\/2024\/04\/4a032299-43ab-4211-b57b-51e45d83821a.jpg\" data-elementor-open-lightbox=\"yes\" data-elementor-lightbox-slideshow=\"b9da960\" data-elementor-lightbox-title=\"4a032299-43ab-4211-b57b-51e45d83821a\" data-e-action-hash=\"#elementor-action%3Aaction%3Dlightbox%26settings%3DeyJpZCI6Nzk4NCwidXJsIjoiaHR0cHM6XC9cL2VzY29sYXJlcy5hZ2VuY2lhdGFib3IuY29tLmJyXC93cC1jb250ZW50XC91cGxvYWRzXC8yMDI0XC8wNFwvNGEwMzIyOTktNDNhYi00MjExLWI1N2ItNTFlNDVkODM4MjFhLmpwZyIsInNsaWRlc2hvdyI6ImI5ZGE5NjAifQ%3D%3D\">\n\t\t\t\t\t<div class=\"e-gallery-image elementor-gallery-item__image\" data-thumbnail=\"https:\/\/escolares.agenciatabor.com.br\/wp-content\/uploads\/2024\/04\/4a032299-43ab-4211-b57b-51e45d83821a-240x300.jpg\" data-width=\"240\" data-height=\"300\" aria-label=\"\" role=\"img\" ><\/div>\n\t\t\t\t\t\t\t\t\t\t\t<div class=\"elementor-gallery-item__overlay\"><\/div>\n\t\t\t\t\t\t\t\t\t\t\t\t\t\t<\/a>\n\t\t\t\t\t\t\t<a class=\"e-gallery-item elementor-gallery-item elementor-animated-content\" href=\"https:\/\/escolares.agenciatabor.com.br\/wp-content\/uploads\/2024\/04\/4eff2d1c-087c-405e-9bd7-77b71b706eb3.jpg\" data-elementor-open-lightbox=\"yes\" data-elementor-lightbox-slideshow=\"b9da960\" data-elementor-lightbox-title=\"4eff2d1c-087c-405e-9bd7-77b71b706eb3\" data-e-action-hash=\"#elementor-action%3Aaction%3Dlightbox%26settings%3DeyJpZCI6Nzk4NSwidXJsIjoiaHR0cHM6XC9cL2VzY29sYXJlcy5hZ2VuY2lhdGFib3IuY29tLmJyXC93cC1jb250ZW50XC91cGxvYWRzXC8yMDI0XC8wNFwvNGVmZjJkMWMtMDg3Yy00MDVlLTliZDctNzdiNzFiNzA2ZWIzLmpwZyIsInNsaWRlc2hvdyI6ImI5ZGE5NjAifQ%3D%3D\">\n\t\t\t\t\t<div class=\"e-gallery-image elementor-gallery-item__image\" data-thumbnail=\"https:\/\/escolares.agenciatabor.com.br\/wp-content\/uploads\/2024\/04\/4eff2d1c-087c-405e-9bd7-77b71b706eb3-300x225.jpg\" data-width=\"300\" data-height=\"225\" aria-label=\"\" role=\"img\" ><\/div>\n\t\t\t\t\t\t\t\t\t\t\t<div class=\"elementor-gallery-item__overlay\"><\/div>\n\t\t\t\t\t\t\t\t\t\t\t\t\t\t<\/a>\n\t\t\t\t\t\t\t<a class=\"e-gallery-item elementor-gallery-item elementor-animated-content\" href=\"https:\/\/escolares.agenciatabor.com.br\/wp-content\/uploads\/2024\/04\/6c02d120-34c7-47c9-bcf3-becacc76fe5a.jpg\" data-elementor-open-lightbox=\"yes\" data-elementor-lightbox-slideshow=\"b9da960\" data-elementor-lightbox-title=\"6c02d120-34c7-47c9-bcf3-becacc76fe5a\" data-e-action-hash=\"#elementor-action%3Aaction%3Dlightbox%26settings%3DeyJpZCI6Nzk4NiwidXJsIjoiaHR0cHM6XC9cL2VzY29sYXJlcy5hZ2VuY2lhdGFib3IuY29tLmJyXC93cC1jb250ZW50XC91cGxvYWRzXC8yMDI0XC8wNFwvNmMwMmQxMjAtMzRjNy00N2M5LWJjZjMtYmVjYWNjNzZmZTVhLmpwZyIsInNsaWRlc2hvdyI6ImI5ZGE5NjAifQ%3D%3D\">\n\t\t\t\t\t<div class=\"e-gallery-image elementor-gallery-item__image\" data-thumbnail=\"https:\/\/escolares.agenciatabor.com.br\/wp-content\/uploads\/2024\/04\/6c02d120-34c7-47c9-bcf3-becacc76fe5a-225x300.jpg\" data-width=\"225\" data-height=\"300\" aria-label=\"\" role=\"img\" ><\/div>\n\t\t\t\t\t\t\t\t\t\t\t<div class=\"elementor-gallery-item__overlay\"><\/div>\n\t\t\t\t\t\t\t\t\t\t\t\t\t\t<\/a>\n\t\t\t\t\t\t\t<a class=\"e-gallery-item elementor-gallery-item elementor-animated-content\" href=\"https:\/\/escolares.agenciatabor.com.br\/wp-content\/uploads\/2024\/04\/8b0c548a-c628-40d7-a893-5f4f7953ed03.jpg\" data-elementor-open-lightbox=\"yes\" data-elementor-lightbox-slideshow=\"b9da960\" data-elementor-lightbox-title=\"8b0c548a-c628-40d7-a893-5f4f7953ed03\" data-e-action-hash=\"#elementor-action%3Aaction%3Dlightbox%26settings%3DeyJpZCI6Nzk4NywidXJsIjoiaHR0cHM6XC9cL2VzY29sYXJlcy5hZ2VuY2lhdGFib3IuY29tLmJyXC93cC1jb250ZW50XC91cGxvYWRzXC8yMDI0XC8wNFwvOGIwYzU0OGEtYzYyOC00MGQ3LWE4OTMtNWY0Zjc5NTNlZDAzLmpwZyIsInNsaWRlc2hvdyI6ImI5ZGE5NjAifQ%3D%3D\">\n\t\t\t\t\t<div class=\"e-gallery-image elementor-gallery-item__image\" data-thumbnail=\"https:\/\/escolares.agenciatabor.com.br\/wp-content\/uploads\/2024\/04\/8b0c548a-c628-40d7-a893-5f4f7953ed03-169x300.jpg\" data-width=\"169\" data-height=\"300\" aria-label=\"\" role=\"img\" ><\/div>\n\t\t\t\t\t\t\t\t\t\t\t<div class=\"elementor-gallery-item__overlay\"><\/div>\n\t\t\t\t\t\t\t\t\t\t\t\t\t\t<\/a>\n\t\t\t\t\t\t\t<a class=\"e-gallery-item elementor-gallery-item elementor-animated-content\" href=\"https:\/\/escolares.agenciatabor.com.br\/wp-content\/uploads\/2024\/04\/8d13e911-45b9-4edc-b39f-2eaf79d942f0.jpg\" data-elementor-open-lightbox=\"yes\" data-elementor-lightbox-slideshow=\"b9da960\" data-elementor-lightbox-title=\"8d13e911-45b9-4edc-b39f-2eaf79d942f0\" data-e-action-hash=\"#elementor-action%3Aaction%3Dlightbox%26settings%3DeyJpZCI6Nzk4OCwidXJsIjoiaHR0cHM6XC9cL2VzY29sYXJlcy5hZ2VuY2lhdGFib3IuY29tLmJyXC93cC1jb250ZW50XC91cGxvYWRzXC8yMDI0XC8wNFwvOGQxM2U5MTEtNDViOS00ZWRjLWIzOWYtMmVhZjc5ZDk0MmYwLmpwZyIsInNsaWRlc2hvdyI6ImI5ZGE5NjAifQ%3D%3D\">\n\t\t\t\t\t<div class=\"e-gallery-image elementor-gallery-item__image\" data-thumbnail=\"https:\/\/escolares.agenciatabor.com.br\/wp-content\/uploads\/2024\/04\/8d13e911-45b9-4edc-b39f-2eaf79d942f0-225x300.jpg\" data-width=\"225\" data-height=\"300\" aria-label=\"\" role=\"img\" ><\/div>\n\t\t\t\t\t\t\t\t\t\t\t<div class=\"elementor-gallery-item__overlay\"><\/div>\n\t\t\t\t\t\t\t\t\t\t\t\t\t\t<\/a>\n\t\t\t\t\t\t\t<a class=\"e-gallery-item elementor-gallery-item elementor-animated-content\" href=\"https:\/\/escolares.agenciatabor.com.br\/wp-content\/uploads\/2024\/04\/19eca536-464f-4a3d-85d5-17c54527f040.jpg\" data-elementor-open-lightbox=\"yes\" data-elementor-lightbox-slideshow=\"b9da960\" data-elementor-lightbox-title=\"19eca536-464f-4a3d-85d5-17c54527f040\" data-e-action-hash=\"#elementor-action%3Aaction%3Dlightbox%26settings%3DeyJpZCI6Nzk4OSwidXJsIjoiaHR0cHM6XC9cL2VzY29sYXJlcy5hZ2VuY2lhdGFib3IuY29tLmJyXC93cC1jb250ZW50XC91cGxvYWRzXC8yMDI0XC8wNFwvMTllY2E1MzYtNDY0Zi00YTNkLTg1ZDUtMTdjNTQ1MjdmMDQwLmpwZyIsInNsaWRlc2hvdyI6ImI5ZGE5NjAifQ%3D%3D\">\n\t\t\t\t\t<div class=\"e-gallery-image elementor-gallery-item__image\" data-thumbnail=\"https:\/\/escolares.agenciatabor.com.br\/wp-content\/uploads\/2024\/04\/19eca536-464f-4a3d-85d5-17c54527f040-225x300.jpg\" data-width=\"225\" data-height=\"300\" aria-label=\"\" role=\"img\" ><\/div>\n\t\t\t\t\t\t\t\t\t\t\t<div class=\"elementor-gallery-item__overlay\"><\/div>\n\t\t\t\t\t\t\t\t\t\t\t\t\t\t<\/a>\n\t\t\t\t\t\t\t<a class=\"e-gallery-item elementor-gallery-item elementor-animated-content\" href=\"https:\/\/escolares.agenciatabor.com.br\/wp-content\/uploads\/2024\/04\/60debcf2-3dd1-4daa-82c1-e47eb7299c47.jpg\" data-elementor-open-lightbox=\"yes\" data-elementor-lightbox-slideshow=\"b9da960\" data-elementor-lightbox-title=\"60debcf2-3dd1-4daa-82c1-e47eb7299c47\" data-e-action-hash=\"#elementor-action%3Aaction%3Dlightbox%26settings%3DeyJpZCI6Nzk5MCwidXJsIjoiaHR0cHM6XC9cL2VzY29sYXJlcy5hZ2VuY2lhdGFib3IuY29tLmJyXC93cC1jb250ZW50XC91cGxvYWRzXC8yMDI0XC8wNFwvNjBkZWJjZjItM2RkMS00ZGFhLTgyYzEtZTQ3ZWI3Mjk5YzQ3LmpwZyIsInNsaWRlc2hvdyI6ImI5ZGE5NjAifQ%3D%3D\">\n\t\t\t\t\t<div class=\"e-gallery-image elementor-gallery-item__image\" data-thumbnail=\"https:\/\/escolares.agenciatabor.com.br\/wp-content\/uploads\/2024\/04\/60debcf2-3dd1-4daa-82c1-e47eb7299c47-237x300.jpg\" data-width=\"237\" data-height=\"300\" aria-label=\"\" role=\"img\" ><\/div>\n\t\t\t\t\t\t\t\t\t\t\t<div class=\"elementor-gallery-item__overlay\"><\/div>\n\t\t\t\t\t\t\t\t\t\t\t\t\t\t<\/a>\n\t\t\t\t\t\t\t<a class=\"e-gallery-item elementor-gallery-item elementor-animated-content\" href=\"https:\/\/escolares.agenciatabor.com.br\/wp-content\/uploads\/2024\/04\/cea9204e-d0d3-4a46-b154-8080b17130c4.jpg\" data-elementor-open-lightbox=\"yes\" data-elementor-lightbox-slideshow=\"b9da960\" data-elementor-lightbox-title=\"cea9204e-d0d3-4a46-b154-8080b17130c4\" data-e-action-hash=\"#elementor-action%3Aaction%3Dlightbox%26settings%3DeyJpZCI6Nzk5MSwidXJsIjoiaHR0cHM6XC9cL2VzY29sYXJlcy5hZ2VuY2lhdGFib3IuY29tLmJyXC93cC1jb250ZW50XC91cGxvYWRzXC8yMDI0XC8wNFwvY2VhOTIwNGUtZDBkMy00YTQ2LWIxNTQtODA4MGIxNzEzMGM0LmpwZyIsInNsaWRlc2hvdyI6ImI5ZGE5NjAifQ%3D%3D\">\n\t\t\t\t\t<div class=\"e-gallery-image elementor-gallery-item__image\" data-thumbnail=\"https:\/\/escolares.agenciatabor.com.br\/wp-content\/uploads\/2024\/04\/cea9204e-d0d3-4a46-b154-8080b17130c4-225x300.jpg\" data-width=\"225\" data-height=\"300\" aria-label=\"\" role=\"img\" ><\/div>\n\t\t\t\t\t\t\t\t\t\t\t<div class=\"elementor-gallery-item__overlay\"><\/div>\n\t\t\t\t\t\t\t\t\t\t\t\t\t\t<\/a>\n\t\t\t\t\t\t\t<a class=\"e-gallery-item elementor-gallery-item elementor-animated-content\" href=\"https:\/\/escolares.agenciatabor.com.br\/wp-content\/uploads\/2024\/04\/d0c16f9b-e2ba-44aa-b476-b345aad090c4.jpg\" data-elementor-open-lightbox=\"yes\" data-elementor-lightbox-slideshow=\"b9da960\" data-elementor-lightbox-title=\"d0c16f9b-e2ba-44aa-b476-b345aad090c4\" data-e-action-hash=\"#elementor-action%3Aaction%3Dlightbox%26settings%3DeyJpZCI6Nzk5MiwidXJsIjoiaHR0cHM6XC9cL2VzY29sYXJlcy5hZ2VuY2lhdGFib3IuY29tLmJyXC93cC1jb250ZW50XC91cGxvYWRzXC8yMDI0XC8wNFwvZDBjMTZmOWItZTJiYS00NGFhLWI0NzYtYjM0NWFhZDA5MGM0LmpwZyIsInNsaWRlc2hvdyI6ImI5ZGE5NjAifQ%3D%3D\">\n\t\t\t\t\t<div class=\"e-gallery-image elementor-gallery-item__image\" data-thumbnail=\"https:\/\/escolares.agenciatabor.com.br\/wp-content\/uploads\/2024\/04\/d0c16f9b-e2ba-44aa-b476-b345aad090c4-225x300.jpg\" data-width=\"225\" data-height=\"300\" aria-label=\"\" role=\"img\" ><\/div>\n\t\t\t\t\t\t\t\t\t\t\t<div class=\"elementor-gallery-item__overlay\"><\/div>\n\t\t\t\t\t\t\t\t\t\t\t\t\t\t<\/a>\n\t\t\t\t\t\t\t<a class=\"e-gallery-item elementor-gallery-item elementor-animated-content\" href=\"https:\/\/escolares.agenciatabor.com.br\/wp-content\/uploads\/2024\/04\/d16e0ac7-1945-4c2c-aa35-c7e6755166a1.jpg\" data-elementor-open-lightbox=\"yes\" data-elementor-lightbox-slideshow=\"b9da960\" data-elementor-lightbox-title=\"d16e0ac7-1945-4c2c-aa35-c7e6755166a1\" data-e-action-hash=\"#elementor-action%3Aaction%3Dlightbox%26settings%3DeyJpZCI6Nzk5MywidXJsIjoiaHR0cHM6XC9cL2VzY29sYXJlcy5hZ2VuY2lhdGFib3IuY29tLmJyXC93cC1jb250ZW50XC91cGxvYWRzXC8yMDI0XC8wNFwvZDE2ZTBhYzctMTk0NS00YzJjLWFhMzUtYzdlNjc1NTE2NmExLmpwZyIsInNsaWRlc2hvdyI6ImI5ZGE5NjAifQ%3D%3D\">\n\t\t\t\t\t<div class=\"e-gallery-image elementor-gallery-item__image\" data-thumbnail=\"https:\/\/escolares.agenciatabor.com.br\/wp-content\/uploads\/2024\/04\/d16e0ac7-1945-4c2c-aa35-c7e6755166a1-300x257.jpg\" data-width=\"300\" data-height=\"257\" aria-label=\"\" role=\"img\" ><\/div>\n\t\t\t\t\t\t\t\t\t\t\t<div class=\"elementor-gallery-item__overlay\"><\/div>\n\t\t\t\t\t\t\t\t\t\t\t\t\t\t<\/a>\n\t\t\t\t\t\t\t<a class=\"e-gallery-item elementor-gallery-item elementor-animated-content\" href=\"https:\/\/escolares.agenciatabor.com.br\/wp-content\/uploads\/2024\/04\/e356c676-260e-4937-abb8-f92cbdbc487f.jpg\" data-elementor-open-lightbox=\"yes\" data-elementor-lightbox-slideshow=\"b9da960\" data-elementor-lightbox-title=\"e356c676-260e-4937-abb8-f92cbdbc487f\" data-e-action-hash=\"#elementor-action%3Aaction%3Dlightbox%26settings%3DeyJpZCI6Nzk5NCwidXJsIjoiaHR0cHM6XC9cL2VzY29sYXJlcy5hZ2VuY2lhdGFib3IuY29tLmJyXC93cC1jb250ZW50XC91cGxvYWRzXC8yMDI0XC8wNFwvZTM1NmM2NzYtMjYwZS00OTM3LWFiYjgtZjkyY2JkYmM0ODdmLmpwZyIsInNsaWRlc2hvdyI6ImI5ZGE5NjAifQ%3D%3D\">\n\t\t\t\t\t<div class=\"e-gallery-image elementor-gallery-item__image\" data-thumbnail=\"https:\/\/escolares.agenciatabor.com.br\/wp-content\/uploads\/2024\/04\/e356c676-260e-4937-abb8-f92cbdbc487f-225x300.jpg\" data-width=\"225\" data-height=\"300\" aria-label=\"\" role=\"img\" ><\/div>\n\t\t\t\t\t\t\t\t\t\t\t<div class=\"elementor-gallery-item__overlay\"><\/div>\n\t\t\t\t\t\t\t\t\t\t\t\t\t\t<\/a>\n\t\t\t\t\t\t\t<a class=\"e-gallery-item elementor-gallery-item elementor-animated-content\" href=\"https:\/\/escolares.agenciatabor.com.br\/wp-content\/uploads\/2024\/04\/e854ac9d-b337-48c6-b974-37c7c72ad5a5.jpg\" data-elementor-open-lightbox=\"yes\" data-elementor-lightbox-slideshow=\"b9da960\" data-elementor-lightbox-title=\"e854ac9d-b337-48c6-b974-37c7c72ad5a5\" data-e-action-hash=\"#elementor-action%3Aaction%3Dlightbox%26settings%3DeyJpZCI6Nzk5NSwidXJsIjoiaHR0cHM6XC9cL2VzY29sYXJlcy5hZ2VuY2lhdGFib3IuY29tLmJyXC93cC1jb250ZW50XC91cGxvYWRzXC8yMDI0XC8wNFwvZTg1NGFjOWQtYjMzNy00OGM2LWI5NzQtMzdjN2M3MmFkNWE1LmpwZyIsInNsaWRlc2hvdyI6ImI5ZGE5NjAifQ%3D%3D\">\n\t\t\t\t\t<div class=\"e-gallery-image elementor-gallery-item__image\" data-thumbnail=\"https:\/\/escolares.agenciatabor.com.br\/wp-content\/uploads\/2024\/04\/e854ac9d-b337-48c6-b974-37c7c72ad5a5-225x300.jpg\" data-width=\"225\" data-height=\"300\" aria-label=\"\" role=\"img\" ><\/div>\n\t\t\t\t\t\t\t\t\t\t\t<div class=\"elementor-gallery-item__overlay\"><\/div>\n\t\t\t\t\t\t\t\t\t\t\t\t\t\t<\/a>\n\t\t\t\t\t\t\t<a class=\"e-gallery-item elementor-gallery-item elementor-animated-content\" href=\"https:\/\/escolares.agenciatabor.com.br\/wp-content\/uploads\/2024\/04\/IMG_6044.jpg\" data-elementor-open-lightbox=\"yes\" data-elementor-lightbox-slideshow=\"b9da960\" data-elementor-lightbox-title=\"IMG_6044\" data-e-action-hash=\"#elementor-action%3Aaction%3Dlightbox%26settings%3DeyJpZCI6Nzk5NiwidXJsIjoiaHR0cHM6XC9cL2VzY29sYXJlcy5hZ2VuY2lhdGFib3IuY29tLmJyXC93cC1jb250ZW50XC91cGxvYWRzXC8yMDI0XC8wNFwvSU1HXzYwNDQuanBnIiwic2xpZGVzaG93IjoiYjlkYTk2MCJ9\">\n\t\t\t\t\t<div class=\"e-gallery-image elementor-gallery-item__image\" data-thumbnail=\"https:\/\/escolares.agenciatabor.com.br\/wp-content\/uploads\/2024\/04\/IMG_6044-225x300.jpg\" data-width=\"225\" data-height=\"300\" aria-label=\"\" role=\"img\" ><\/div>\n\t\t\t\t\t\t\t\t\t\t\t<div class=\"elementor-gallery-item__overlay\"><\/div>\n\t\t\t\t\t\t\t\t\t\t\t\t\t\t<\/a>\n\t\t\t\t\t<\/div>\n\t\t\t<\/div>\n\t\t\t\t<\/div>\n\t\t\t\t\t<\/div>\n\t\t\t\t<\/div>\n\t\t\t\t<\/div>","protected":false},"excerpt":{"rendered":"<p>Esta p\u00e1gina \u00e9 um espa\u00e7o dedicado a compartilhar a rica tape\u00e7aria de experi\u00eancias e a beleza dos locais por onde passamos. Sem a necessidade de palavras, cada foto captura um momento \u00fanico, oferecendo uma janela para as diversas realidades e&#8230;<\/p>","protected":false},"author":1,"featured_media":0,"parent":0,"menu_order":0,"comment_status":"closed","ping_status":"closed","template":"","meta":{"rank_math_lock_modified_date":false,"footnotes":""},"class_list":["post-7980","page","type-page","status-publish","hentry"],"_links":{"self":[{"href":"https:\/\/escolares.agenciatabor.com.br\/de\/wp-json\/wp\/v2\/pages\/7980"}],"collection":[{"href":"https:\/\/escolares.agenciatabor.com.br\/de\/wp-json\/wp\/v2\/pages"}],"about":[{"href":"https:\/\/escolares.agenciatabor.com.br\/de\/wp-json\/wp\/v2\/types\/page"}],"author":[{"embeddable":true,"href":"https:\/\/escolares.agenciatabor.com.br\/de\/wp-json\/wp\/v2\/users\/1"}],"replies":[{"embeddable":true,"href":"https:\/\/escolares.agenciatabor.com.br\/de\/wp-json\/wp\/v2\/comments?post=7980"}],"version-history":[{"count":10,"href":"https:\/\/escolares.agenciatabor.com.br\/de\/wp-json\/wp\/v2\/pages\/7980\/revisions"}],"predecessor-version":[{"id":8227,"href":"https:\/\/escolares.agenciatabor.com.br\/de\/wp-json\/wp\/v2\/pages\/7980\/revisions\/8227"}],"wp:attachment":[{"href":"https:\/\/escolares.agenciatabor.com.br\/de\/wp-json\/wp\/v2\/media?parent=7980"}],"curies":[{"name":"wp","href":"https:\/\/api.w.org\/{rel}","templated":true}]}}