{"id":3809,"date":"2021-04-04T22:13:11","date_gmt":"2021-04-04T22:13:11","guid":{"rendered":"https:\/\/essentials.pixfort.com\/company-elementor\/?page_id=3809"},"modified":"2024-04-29T01:57:59","modified_gmt":"2024-04-29T04:57:59","slug":"blog","status":"publish","type":"page","link":"https:\/\/escolares.agenciatabor.com.br\/en\/blog\/","title":{"rendered":"Blog"},"content":{"rendered":"<div data-elementor-type=\"wp-page\" data-elementor-id=\"3809\" class=\"elementor elementor-3809\" data-elementor-post-type=\"page\">\n\t\t\t\t\t\t<section class=\"elementor-section elementor-top-section elementor-element elementor-element-3774414e elementor-section-boxed elementor-section-height-default elementor-section-height-default\" data-id=\"3774414e\" data-element_type=\"section\" data-settings=\"{&quot;background_background&quot;:&quot;classic&quot;,&quot;shape_divider_top&quot;:&quot;tilt&quot;,&quot;jet_parallax_layout_list&quot;:[]}\">\n\t\t\t\t\t<div class=\"elementor-shape elementor-shape-top\" data-negative=\"false\">\n\t\t\t<svg xmlns=\"http:\/\/www.w3.org\/2000\/svg\" viewbox=\"0 0 1000 100\" preserveaspectratio=\"none\">\n\t<path class=\"elementor-shape-fill\" d=\"M0,6V0h1000v100L0,6z\"\/>\n<\/svg>\t\t<\/div>\n\t\t\t\t\t<div class=\"elementor-container elementor-column-gap-default\">\n\t\t\t\t\t<div class=\"elementor-column elementor-col-100 elementor-top-column elementor-element elementor-element-6384e471\" data-id=\"6384e471\" data-element_type=\"column\">\n\t\t\t<div class=\"elementor-widget-wrap\">\n\t\t\t\t\t\t\t<\/div>\n\t\t<\/div>\n\t\t\t\t\t<\/div>\n\t\t<\/section>\n\t\t<div class=\"elementor-element elementor-element-63627bd e-flex e-con-boxed e-con e-parent\" data-id=\"63627bd\" data-element_type=\"container\" data-settings=\"{&quot;jet_parallax_layout_list&quot;:[]}\">\n\t\t\t\t\t<div class=\"e-con-inner\">\n\t\t\t\t<div class=\"elementor-element elementor-element-e31a2d1 elementor-widget elementor-widget-pix-blog\" data-id=\"e31a2d1\" data-element_type=\"widget\" data-widget_type=\"pix-blog.default\">\n\t\t\t\t<div class=\"elementor-widget-container\">\n\t\t\t<div class=\"row\"><div class=\"col-xs-12 col-md-4 pix-mb-40\"><div class=\"pix-content-box pix-post-meta-element pix-post-meta-basic fly-sm2 d-flex align-content-between flex-wrap align-self-stretch rounded-10 shadow-sm overflow-hidden w-100  shadow-hover-sm2 shadow-sm2 bg-white  post-8009 post type-post status-publish format-standard has-post-thumbnail hentry category-blog\"  >\n\t\t\t\t<div class=\"d-flex align-items-start w-100\">\n\t\t\t\t\t<div class=\"w-100\"><div class=\"d-block\"><a href=\"https:\/\/escolares.agenciatabor.com.br\/en\/call-and-acts-25th-general-chapter\/\"><div class=\"overflow-hidden position-relative d-block pix-fit-cover\" style=\"height:200px;width:100%;\"><img loading=\"lazy\" decoding=\"async\" width=\"622\" height=\"400\" src=\"https:\/\/escolares.agenciatabor.com.br\/wp-content\/uploads\/2024\/04\/Captura-de-tela-2024-04-28-231106-622x400.png\" class=\"img-fluid  card-img-top pix-fit-cover2\" alt=\"Call and Acts of the 25th General Chapter.\" style=\"height:200px;width:100%;object-fit: cover;\" title=\"\"><\/div><\/a><\/div><div class=\"d-block pix-p-20 position-relative\">\n\t\t\t\t\t\t\t<span class=\"pix-post-meta-categories d-inline-block text-sm pb-1 mb-1\"><a href=\"https:\/\/escolares.agenciatabor.com.br\/en\/category\/blog\/\" target=\"_self\"><span class=\"pix-badge-element custom d-inline-block mr-1\"  ><span class=\"badge font-weight-bold bg-primary-light\" style=\"font-size:12px; padding:5px 10px;line-height:12px;margin-right:3px;\"><span class=\"text-primary\" style=\"\">Blog<\/span><\/span><\/span><\/a><\/span>\n\t\t\t\t\t\t\t<a class=\"text-heading-default\" href=\"https:\/\/escolares.agenciatabor.com.br\/en\/call-and-acts-25th-general-chapter\/\"><h5 class=\"card-title mb-2 secondary-font font-weight-bold\">Call and Acts of the 25th General Chapter.<\/h5><\/a><a class=\"pix-post-meta-date text-sm mb-0 d-inline-block text-body-default svg-body-default\" href=\"https:\/\/escolares.agenciatabor.com.br\/en\/call-and-acts-25th-general-chapter\/\"><span class=\"pr-1\">\n\t\t\t\t\t\t\t\t<svg xmlns=\"http:\/\/www.w3.org\/2000\/svg\" width=\"18\" height=\"18\" viewbox=\"0 0 18 18\">\n  <path d=\"M9,0 C13.95,0 18,4.05 18,9 C18,13.95 13.95,18 9,18 C4.05,18 0,13.95 0,9 C0,4.05 4.05,0 9,0 Z M9,16.2 C12.96,16.2 16.2,12.96 16.2,9 C16.2,5.04 12.96,1.8 9,1.8 C5.04,1.8 1.8,5.04 1.8,9 C1.8,12.96 5.04,16.2 9,16.2 Z M12.6,9.4 C13.26,9.4 13.8,9.64 13.8,10.3 C13.8,10.96 13.26,11.2 12.6,11.2 L7.8,11.2 L7.8,5.8 C7.8,5.14 8.04,4.6 8.7,4.6 C9.36,4.6 9.6,5.14 9.6,5.8 L9.6,9.4 L12.6,9.4 Z\"\/>\n<\/svg>\n\n\t\t\t\t\t\t\t\t<\/span><span class=\"text-body-default\">April 28, 2024<\/span><\/a><\/div>\n\t\t\t\t\t<\/div>\n\t\t\t\t<\/div><div class=\"card-footer2 bg-gray-1 text-right d-flex align-items-center align-items-end2 w-100 pix-p-20\" style=\"line-height:0;\">\n\t\t\t\t\t\t\t\t\t<div class=\"flex-fill2 pix-post-meta-author text-left pr-1\">\n\t\t\t\t\t\t\t\t\t\t<span class=\"text-sm pr-2\" data-toggle=\"tooltip\" data-placement=\"right\" title=\"By DiegoBarcelos\">\n\t\t\t\t\t\t\t\t\t\t\t<span class=\"pr-1\">\n\t\t\t\t\t\t\t\t\t\t\t<img decoding=\"async\" alt=\"\" src=\"https:\/\/escolares.agenciatabor.com.br\/wp-content\/litespeed\/avatar\/934d6acc298f0ad802b3089e33859449.jpg?ver=1775031583\" srcset=\"https:\/\/escolares.agenciatabor.com.br\/wp-content\/litespeed\/avatar\/bf1049785ccd7bfc36336f24538f0f5a.jpg?ver=1775031583 2x\" class=\"avatar avatar-24 photo pix_blog_sm_avatar\" height=\"24\" width=\"24\" title=\"\">\n\t\t\t\t\t\t\t\t\t\t\t<\/span>\n\t\t\t\t\t\t\t\t\t\t<\/span>\n\t\t\t\t\t\t\t\t\t<\/div><div class=\"pix-post-meta-comments flex-fill2 text-left pr-1\"><a href=\"https:\/\/escolares.agenciatabor.com.br\/en\/call-and-acts-25th-general-chapter\/#respond\" class=\"text-xs pr-2 text-body-default svg-body-default\">\n\t\t\t\t\t\t\t\t\t\t\t\t<span class=\"pr-1\">\n\t\t\t\t\t\t\t\t\t\t\t\t<svg xmlns=\"http:\/\/www.w3.org\/2000\/svg\" width=\"18\" height=\"16\" viewbox=\"0 0 18 16\">\n  <path fill=\"#BBB\" d=\"M6.1875,16 L6.1875,12.5044405 C2.784375,12.5044405 0,9.69094139 0,6.25222025 C0,2.81349911 2.784375,0 6.1875,0 L11.8125,0 C15.215625,0 18,2.81349911 18,6.25222025 C18,9.69094139 15.215625,12.5044405 11.8125,12.5044405 L10.321875,12.5044405 L6.1875,16 Z M6.35294118,1.6 C3.73235294,1.6 1.58823529,3.76 1.58823529,6.4 C1.58823529,9.04 3.73235294,11.2 6.35294118,11.2 L7.41176471,11.2 L7.41176471,13.2533333 L9.87352941,11.2 L11.6470588,11.2 C14.2676471,11.2 16.4117647,9.04 16.4117647,6.4 C16.4117647,3.76 14.2676471,1.6 11.6470588,1.6 L6.35294118,1.6 Z\"\/>\n<\/svg>\n\n\t\t\t\t\t\t\t\t\t\t\t\t<\/span>\n\t\t\t\t\t\t\t\t\t\t\t\t<span class=\"align-middle font-weight-bold\">0<\/span>\n\t\t\t\t\t\t\t\t\t\t\t<\/a>\n\t\t\t\t\t\t\t\t\t\t<\/div><a href=\"#\" class=\"d-inline-block position-relative text-xs align-items-center pixfort-likes\" id=\"pixfort-likes-8009\" title=\"Like this\"><span class=\"pixfort-likes-small d-flex align-items-center justify-content-center text-right text-xs text-body-default svg-body-default\"><span class=\"pixfort-likes-icon d-inline-block pix-pr-5\"><svg height=\"16\" viewbox=\"0 0 18 16\" width=\"18\" xmlns=\"http:\/\/www.w3.org\/2000\/svg\"><path d=\"m.22464899 6.06896552c1.01092043 3.75172414 5.64430577 7.53103448 8.42433697 9.79310348.11232449.0827586.22464899.137931.3650546.137931.14040562 0 .25273011-.0551724.3650546-.137931 4.85803434-4 7.60998444-7.17241383 8.39625584-9.73793107.0561623-.19310345.1123245-.4137931.1684868-.63448276v-.08275862c.0280811-.22068965.0561622-.44137931.0561622-.63448276v-.0275862-.02758621c0-2.59310345-2.1341654-4.68965517-4.773791-4.68965517-1.6848673 0-3.28549137.85517241-4.21216844 2.12413793-.95475819-1.29655173-2.55538221-2.15172414-4.24024961-2.15172414-2.58346334 0-4.66146646 1.95862069-4.77379095 4.49655172v.08275862.05517242.05517241c0 .46896552.08424337.96551724.22464899 1.37931035zm1.35035101-1.21735262v-.02580645c.05294118-1.83225806 1.56176471-3.27741935 3.44117647-3.27741935 1.50882353 0 2.93823529.9032258 3.44117647 2.16774193.05294118.20645162.21176471.36129032.42352941.41290323.26470589.0516129.50294118-.10322581.58235294-.33548387.50294118-1.29032258 1.98529411-2.24516129 3.49411761-2.24516129 1.9058824 0 3.4411765 1.49677419 3.4411765 3.35483871v.0516129c0 .15483871-.0264706.30967742-.0529412.46451613v.0516129c-.0264706.15483871-.0794117.33548387-.1058823.49032258-.6617647 2.09032258-3.0970588 4.90322578-7.25294119 8.33548388-2.54117647-2.0645161-6.43235295-5.31612904-7.25294118-8.38709678-.10588235-.33548387-.15882353-.67096774-.15882353-1.00645161 0 0 0-.02580646 0-.05161291z\" fill=\"#bbb\"\/><\/svg><\/span><span class=\"pixfort-likes-count align-middle font-weight-bold\" data-count=\"1\">-<\/span><\/span><\/a>\n\t\t\t\t\t\t\t\t\t<div class=\"flex-fill text-right\">\n\t\t\t\t\t\t\t\t\t\t<a href=\"https:\/\/escolares.agenciatabor.com.br\/en\/call-and-acts-25th-general-chapter\/\" class=\"btn btn-sm p-0 btn-link text-body-default svg-body-default font-weight-bold pix-hover-item\">\n\t\t\t\t\t\t\t\t\t\t\t<span class=\"d-flex align-items-center\">\n\t\t\t\t\t\t\t\t\t\t\t\t<span class=\"align-bottom\">Read more<\/span>\n\t\t\t\t\t\t\t\t\t\t\t\t<span class=\"ml-1 align-middle pix-hover-right\">\n\t\t\t\t\t\t\t\t\t\t\t\t<svg xmlns=\"http:\/\/www.w3.org\/2000\/svg\" width=\"7\" height=\"10\" viewbox=\"0 0 7 10\">\n  <path fill=\"#BBB\" d=\"M68.3106291,12.8618871 C67.9333333,12.5314286 67.9333333,11.9061264 68.2,11.6671862 L72.2666667,8.08308325 L68.2,4.49898033 C67.9333333,4.26004014 67.9333333,3.65650705 68.2,3.31516392 C68.9772958,2.63247765 69.4666667,3.23601073 69.7333333,3.47495093 L75,8.08308325 L69.7333333,12.6912156 C69.6,12.7936185 68.9772958,13.2141148 68.3106291,12.8618871 Z\" transform=\"translate(-68 -3)\"\/>\n<\/svg>\n\n\t\t\t\t\t\t\t\t\t\t\t\t<\/span>\n\t\t\t\t\t\t\t\t\t\t\t<\/span>\n\t\t\t\t\t\t\t\t\t\t<\/a>\n\t\t\t\t\t\t\t\t\t<\/div>\n\t\t\t\t\t\t\t\t<\/div><\/div><\/div><div class=\"col-xs-12 col-md-4 pix-mb-40\"><div class=\"pix-content-box pix-post-meta-element pix-post-meta-basic fly-sm2 d-flex align-content-between flex-wrap align-self-stretch rounded-10 shadow-sm overflow-hidden w-100  shadow-hover-sm2 shadow-sm2 bg-white  post-9065 post type-post status-publish format-standard has-post-thumbnail hentry category-blog\"  >\n\t\t\t\t<div class=\"d-flex align-items-start w-100\">\n\t\t\t\t\t<div class=\"w-100\"><div class=\"d-block\"><a href=\"https:\/\/escolares.agenciatabor.com.br\/en\/trazendo-inspiracao-e-inovacao-conversa-com-a-irma-terezinha-buss\/\"><div class=\"overflow-hidden position-relative d-block pix-fit-cover\" style=\"height:200px;width:100%;\"><img loading=\"lazy\" decoding=\"async\" width=\"451\" height=\"253\" src=\"https:\/\/escolares.agenciatabor.com.br\/wp-content\/uploads\/2024\/06\/Captura-de-tela-2024-06-30-114507.png\" class=\"img-fluid  card-img-top pix-fit-cover2\" alt=\"Trazendo Inspira\u00e7\u00e3o e Inova\u00e7\u00e3o: Conversa com a Irm\u00e3 Terezinha Buss\" style=\"height:200px;width:100%;object-fit: cover;\" srcset=\"https:\/\/escolares.agenciatabor.com.br\/wp-content\/uploads\/2024\/06\/Captura-de-tela-2024-06-30-114507.png 451w, https:\/\/escolares.agenciatabor.com.br\/wp-content\/uploads\/2024\/06\/Captura-de-tela-2024-06-30-114507-300x168.png 300w, https:\/\/escolares.agenciatabor.com.br\/wp-content\/uploads\/2024\/06\/Captura-de-tela-2024-06-30-114507-18x10.png 18w\" sizes=\"(max-width: 451px) 100vw, 451px\" title=\"\"><\/div><\/a><\/div><div class=\"d-block pix-p-20 position-relative\">\n\t\t\t\t\t\t\t<span class=\"pix-post-meta-categories d-inline-block text-sm pb-1 mb-1\"><a href=\"https:\/\/escolares.agenciatabor.com.br\/en\/category\/blog\/\" target=\"_self\"><span class=\"pix-badge-element custom d-inline-block mr-1\"  ><span class=\"badge font-weight-bold bg-primary-light\" style=\"font-size:12px; padding:5px 10px;line-height:12px;margin-right:3px;\"><span class=\"text-primary\" style=\"\">Blog<\/span><\/span><\/span><\/a><\/span>\n\t\t\t\t\t\t\t<a class=\"text-heading-default\" href=\"https:\/\/escolares.agenciatabor.com.br\/en\/trazendo-inspiracao-e-inovacao-conversa-com-a-irma-terezinha-buss\/\"><h5 class=\"card-title mb-2 secondary-font font-weight-bold translation-block\"><span class=\"slide-in-container animated\"><span class=\"pix-sliding-item secondary-font text-heading-default\">Trazendo <\/span><\/span> <span class=\"slide-in-container animated\"><span class=\"pix-sliding-item secondary-font text-heading-default\">Inspira\u00e7\u00e3o <\/span><\/span> <span class=\"slide-in-container animated\"><span class=\"pix-sliding-item secondary-font text-heading-default\">e <\/span><\/span> <span class=\"slide-in-container animated\"><span class=\"pix-sliding-item secondary-font text-heading-default\">Inova\u00e7\u00e3o: <\/span><\/span> <span class=\"slide-in-container animated\"><span class=\"pix-sliding-item secondary-font text-heading-default\">Conversa <\/span><\/span> <span class=\"slide-in-container animated\"><span class=\"pix-sliding-item secondary-font text-heading-default\">com <\/span><\/span> <span class=\"slide-in-container animated\"><span class=\"pix-sliding-item secondary-font text-heading-default\">a <\/span><\/span> <span class=\"slide-in-container animated\"><span class=\"pix-sliding-item secondary-font text-heading-default\">Irm\u00e3 <\/span><\/span> <span class=\"slide-in-container animated\"><span class=\"pix-sliding-item secondary-font text-heading-default\">Terezinha <\/span><\/span> <span class=\"slide-in-container animated\"><span class=\"pix-sliding-item secondary-font text-heading-default\">Buss <\/span><\/span><\/h5><\/a><a class=\"pix-post-meta-date text-sm mb-0 d-inline-block text-body-default svg-body-default\" href=\"https:\/\/escolares.agenciatabor.com.br\/en\/trazendo-inspiracao-e-inovacao-conversa-com-a-irma-terezinha-buss\/\"><span class=\"pr-1\">\n\t\t\t\t\t\t\t\t<svg xmlns=\"http:\/\/www.w3.org\/2000\/svg\" width=\"18\" height=\"18\" viewbox=\"0 0 18 18\">\n  <path d=\"M9,0 C13.95,0 18,4.05 18,9 C18,13.95 13.95,18 9,18 C4.05,18 0,13.95 0,9 C0,4.05 4.05,0 9,0 Z M9,16.2 C12.96,16.2 16.2,12.96 16.2,9 C16.2,5.04 12.96,1.8 9,1.8 C5.04,1.8 1.8,5.04 1.8,9 C1.8,12.96 5.04,16.2 9,16.2 Z M12.6,9.4 C13.26,9.4 13.8,9.64 13.8,10.3 C13.8,10.96 13.26,11.2 12.6,11.2 L7.8,11.2 L7.8,5.8 C7.8,5.14 8.04,4.6 8.7,4.6 C9.36,4.6 9.6,5.14 9.6,5.8 L9.6,9.4 L12.6,9.4 Z\"\/>\n<\/svg>\n\n\t\t\t\t\t\t\t\t<\/span><span class=\"text-body-default\">30 de June de 2024<\/span><\/a><\/div>\n\t\t\t\t\t<\/div>\n\t\t\t\t<\/div><div class=\"card-footer2 bg-gray-1 text-right d-flex align-items-center align-items-end2 w-100 pix-p-20\" style=\"line-height:0;\">\n\t\t\t\t\t\t\t\t\t<div class=\"flex-fill2 pix-post-meta-author text-left pr-1\">\n\t\t\t\t\t\t\t\t\t\t<span class=\"text-sm pr-2\" data-toggle=\"tooltip\" data-placement=\"right\" title=\"By DiegoBarcelos\">\n\t\t\t\t\t\t\t\t\t\t\t<span class=\"pr-1\">\n\t\t\t\t\t\t\t\t\t\t\t<img decoding=\"async\" alt=\"\" src=\"https:\/\/escolares.agenciatabor.com.br\/wp-content\/litespeed\/avatar\/934d6acc298f0ad802b3089e33859449.jpg?ver=1775031583\" srcset=\"https:\/\/escolares.agenciatabor.com.br\/wp-content\/litespeed\/avatar\/bf1049785ccd7bfc36336f24538f0f5a.jpg?ver=1775031583 2x\" class=\"avatar avatar-24 photo pix_blog_sm_avatar\" height=\"24\" width=\"24\" title=\"\">\n\t\t\t\t\t\t\t\t\t\t\t<\/span>\n\t\t\t\t\t\t\t\t\t\t<\/span>\n\t\t\t\t\t\t\t\t\t<\/div><div class=\"pix-post-meta-comments flex-fill2 text-left pr-1\"><a href=\"https:\/\/escolares.agenciatabor.com.br\/en\/trazendo-inspiracao-e-inovacao-conversa-com-a-irma-terezinha-buss\/#respond\" class=\"text-xs pr-2 text-body-default svg-body-default\">\n\t\t\t\t\t\t\t\t\t\t\t\t<span class=\"pr-1\">\n\t\t\t\t\t\t\t\t\t\t\t\t<svg xmlns=\"http:\/\/www.w3.org\/2000\/svg\" width=\"18\" height=\"16\" viewbox=\"0 0 18 16\">\n  <path fill=\"#BBB\" d=\"M6.1875,16 L6.1875,12.5044405 C2.784375,12.5044405 0,9.69094139 0,6.25222025 C0,2.81349911 2.784375,0 6.1875,0 L11.8125,0 C15.215625,0 18,2.81349911 18,6.25222025 C18,9.69094139 15.215625,12.5044405 11.8125,12.5044405 L10.321875,12.5044405 L6.1875,16 Z M6.35294118,1.6 C3.73235294,1.6 1.58823529,3.76 1.58823529,6.4 C1.58823529,9.04 3.73235294,11.2 6.35294118,11.2 L7.41176471,11.2 L7.41176471,13.2533333 L9.87352941,11.2 L11.6470588,11.2 C14.2676471,11.2 16.4117647,9.04 16.4117647,6.4 C16.4117647,3.76 14.2676471,1.6 11.6470588,1.6 L6.35294118,1.6 Z\"\/>\n<\/svg>\n\n\t\t\t\t\t\t\t\t\t\t\t\t<\/span>\n\t\t\t\t\t\t\t\t\t\t\t\t<span class=\"align-middle font-weight-bold\">0<\/span>\n\t\t\t\t\t\t\t\t\t\t\t<\/a>\n\t\t\t\t\t\t\t\t\t\t<\/div><a href=\"#\" class=\"d-inline-block position-relative text-xs align-items-center pixfort-likes\" id=\"pixfort-likes-9065\" title=\"Like this\"><span class=\"pixfort-likes-small d-flex align-items-center justify-content-center text-right text-xs text-body-default svg-body-default\"><span class=\"pixfort-likes-icon d-inline-block pix-pr-5\"><svg height=\"16\" viewbox=\"0 0 18 16\" width=\"18\" xmlns=\"http:\/\/www.w3.org\/2000\/svg\"><path d=\"m.22464899 6.06896552c1.01092043 3.75172414 5.64430577 7.53103448 8.42433697 9.79310348.11232449.0827586.22464899.137931.3650546.137931.14040562 0 .25273011-.0551724.3650546-.137931 4.85803434-4 7.60998444-7.17241383 8.39625584-9.73793107.0561623-.19310345.1123245-.4137931.1684868-.63448276v-.08275862c.0280811-.22068965.0561622-.44137931.0561622-.63448276v-.0275862-.02758621c0-2.59310345-2.1341654-4.68965517-4.773791-4.68965517-1.6848673 0-3.28549137.85517241-4.21216844 2.12413793-.95475819-1.29655173-2.55538221-2.15172414-4.24024961-2.15172414-2.58346334 0-4.66146646 1.95862069-4.77379095 4.49655172v.08275862.05517242.05517241c0 .46896552.08424337.96551724.22464899 1.37931035zm1.35035101-1.21735262v-.02580645c.05294118-1.83225806 1.56176471-3.27741935 3.44117647-3.27741935 1.50882353 0 2.93823529.9032258 3.44117647 2.16774193.05294118.20645162.21176471.36129032.42352941.41290323.26470589.0516129.50294118-.10322581.58235294-.33548387.50294118-1.29032258 1.98529411-2.24516129 3.49411761-2.24516129 1.9058824 0 3.4411765 1.49677419 3.4411765 3.35483871v.0516129c0 .15483871-.0264706.30967742-.0529412.46451613v.0516129c-.0264706.15483871-.0794117.33548387-.1058823.49032258-.6617647 2.09032258-3.0970588 4.90322578-7.25294119 8.33548388-2.54117647-2.0645161-6.43235295-5.31612904-7.25294118-8.38709678-.10588235-.33548387-.15882353-.67096774-.15882353-1.00645161 0 0 0-.02580646 0-.05161291z\" fill=\"#bbb\"\/><\/svg><\/span><span class=\"pixfort-likes-count align-middle font-weight-bold\" data-count=\"0\">-<\/span><\/span><\/a>\n\t\t\t\t\t\t\t\t\t<div class=\"flex-fill text-right\">\n\t\t\t\t\t\t\t\t\t\t<a href=\"https:\/\/escolares.agenciatabor.com.br\/en\/trazendo-inspiracao-e-inovacao-conversa-com-a-irma-terezinha-buss\/\" class=\"btn btn-sm p-0 btn-link text-body-default svg-body-default font-weight-bold pix-hover-item\">\n\t\t\t\t\t\t\t\t\t\t\t<span class=\"d-flex align-items-center\">\n\t\t\t\t\t\t\t\t\t\t\t\t<span class=\"align-bottom\">Read more<\/span>\n\t\t\t\t\t\t\t\t\t\t\t\t<span class=\"ml-1 align-middle pix-hover-right\">\n\t\t\t\t\t\t\t\t\t\t\t\t<svg xmlns=\"http:\/\/www.w3.org\/2000\/svg\" width=\"7\" height=\"10\" viewbox=\"0 0 7 10\">\n  <path fill=\"#BBB\" d=\"M68.3106291,12.8618871 C67.9333333,12.5314286 67.9333333,11.9061264 68.2,11.6671862 L72.2666667,8.08308325 L68.2,4.49898033 C67.9333333,4.26004014 67.9333333,3.65650705 68.2,3.31516392 C68.9772958,2.63247765 69.4666667,3.23601073 69.7333333,3.47495093 L75,8.08308325 L69.7333333,12.6912156 C69.6,12.7936185 68.9772958,13.2141148 68.3106291,12.8618871 Z\" transform=\"translate(-68 -3)\"\/>\n<\/svg>\n\n\t\t\t\t\t\t\t\t\t\t\t\t<\/span>\n\t\t\t\t\t\t\t\t\t\t\t<\/span>\n\t\t\t\t\t\t\t\t\t\t<\/a>\n\t\t\t\t\t\t\t\t\t<\/div>\n\t\t\t\t\t\t\t\t<\/div><\/div><\/div><\/div>\n\t\t<\/div>\n\t\t\t\t<\/div>\n\t\t\t\t\t<\/div>\n\t\t\t\t<\/div>\n\t\t\t\t<\/div>","protected":false},"excerpt":{"rendered":"<p>Blog Chamado e Atos 25\u00ba Cap\u00edtulo Geral. 28 de abril de 2024 0 &#8211; Read more<\/p>","protected":false},"author":1,"featured_media":0,"parent":0,"menu_order":13,"comment_status":"closed","ping_status":"closed","template":"elementor_header_footer","meta":{"rank_math_lock_modified_date":false,"footnotes":""},"class_list":["post-3809","page","type-page","status-publish","hentry"],"_links":{"self":[{"href":"https:\/\/escolares.agenciatabor.com.br\/en\/wp-json\/wp\/v2\/pages\/3809"}],"collection":[{"href":"https:\/\/escolares.agenciatabor.com.br\/en\/wp-json\/wp\/v2\/pages"}],"about":[{"href":"https:\/\/escolares.agenciatabor.com.br\/en\/wp-json\/wp\/v2\/types\/page"}],"author":[{"embeddable":true,"href":"https:\/\/escolares.agenciatabor.com.br\/en\/wp-json\/wp\/v2\/users\/1"}],"replies":[{"embeddable":true,"href":"https:\/\/escolares.agenciatabor.com.br\/en\/wp-json\/wp\/v2\/comments?post=3809"}],"version-history":[{"count":13,"href":"https:\/\/escolares.agenciatabor.com.br\/en\/wp-json\/wp\/v2\/pages\/3809\/revisions"}],"predecessor-version":[{"id":8202,"href":"https:\/\/escolares.agenciatabor.com.br\/en\/wp-json\/wp\/v2\/pages\/3809\/revisions\/8202"}],"wp:attachment":[{"href":"https:\/\/escolares.agenciatabor.com.br\/en\/wp-json\/wp\/v2\/media?parent=3809"}],"curies":[{"name":"wp","href":"https:\/\/api.w.org\/{rel}","templated":true}]}}