{"id":5106,"date":"2024-03-07T00:15:43","date_gmt":"2024-03-07T03:15:43","guid":{"rendered":"https:\/\/escolares.agenciatabor.com.br\/?page_id=5106"},"modified":"2024-08-17T03:18:33","modified_gmt":"2024-08-17T06:18:33","slug":"associados","status":"publish","type":"page","link":"https:\/\/escolares.agenciatabor.com.br\/en\/associates\/","title":{"rendered":"Associates"},"content":{"rendered":"<div data-elementor-type=\"wp-page\" data-elementor-id=\"5106\" class=\"elementor elementor-5106\" data-elementor-post-type=\"page\">\n\t\t\t\t\t\t<section class=\"elementor-section elementor-top-section elementor-element elementor-element-20adde66 elementor-section-boxed elementor-section-height-default elementor-section-height-default\" data-id=\"20adde66\" data-element_type=\"section\" data-settings=\"{&quot;jet_parallax_layout_list&quot;:[],&quot;shape_divider_top&quot;:&quot;tilt&quot;}\">\n\t\t\t\t\t<div class=\"elementor-shape elementor-shape-top\" data-negative=\"false\">\n\t\t\t<svg xmlns=\"http:\/\/www.w3.org\/2000\/svg\" viewbox=\"0 0 1000 100\" preserveaspectratio=\"none\">\n\t<path class=\"elementor-shape-fill\" d=\"M0,6V0h1000v100L0,6z\"\/>\n<\/svg>\t\t<\/div>\n\t\t\t\t\t<div class=\"elementor-container elementor-column-gap-default\">\n\t\t\t\t\t<div class=\"elementor-column elementor-col-50 elementor-top-column elementor-element elementor-element-1942dba8\" data-id=\"1942dba8\" data-element_type=\"column\">\n\t\t\t<div class=\"elementor-widget-wrap elementor-element-populated\">\n\t\t\t\t\t\t<div class=\"elementor-element elementor-element-3394b6bd elementor-widget elementor-widget-pix-badge\" data-id=\"3394b6bd\" data-element_type=\"widget\" data-widget_type=\"pix-badge.default\">\n\t\t\t\t<div class=\"elementor-widget-container\">\n\t\t\t<span class=\"pix-badge-element h6 d-inline-block mr-1\"  ><span class=\"badge font-weight-bold secondary-font bg-yellow  pix-py-10 pix-px-15\" style=\" \"><span class=\"text-body-default\" style=\"\">Associates<\/span><\/span><\/span>\t\t<\/div>\n\t\t\t\t<\/div>\n\t\t\t\t<div class=\"elementor-element elementor-element-5943c791 elementor-widget elementor-widget-pix-heading\" data-id=\"5943c791\" data-element_type=\"widget\" data-widget_type=\"pix-heading.default\">\n\t\t\t\t<div class=\"elementor-widget-container\">\n\t\t\t<div  class=\"pix-heading-el text-left\"><div><div class=\"slide-in-container2\"><h2 class=\"text-body-default font-weight-bold heading-text el-title_custom_color mb-12\" style=\"\" data-anim-type=\"\" data-anim-delay=\"\">Lay Associates of the Congregation<\/h2><\/div><\/div><\/div>\t\t<\/div>\n\t\t\t\t<\/div>\n\t\t\t\t<div class=\"elementor-element elementor-element-603e8003 elementor-widget elementor-widget-pix-text\" data-id=\"603e8003\" data-element_type=\"widget\" data-widget_type=\"pix-text.default\">\n\t\t\t\t<div class=\"elementor-widget-container\">\n\t\t\t<div class=\"pix-el-text w-100 text-left\" ><p class=\"text-20 resp-option text-dark-opacity-8 text-left\" >Associates are lay people committed to the values and charism of the School Sisters of Notre Dame. Since the foundation of the Congregation, Mother Teresa de Jesus Gerhardinger has sought the support of people committed to the Word of Jesus.\n\n\nThe Associates act on a voluntary basis, taking on positive practices based on unity and diversity, as well as investing in caring for life, for an integral ecology. <\/p><\/div>\t\t<\/div>\n\t\t\t\t<\/div>\n\t\t\t\t<div class=\"elementor-element elementor-element-3194f9a elementor-widget elementor-widget-pix-accordion\" data-id=\"3194f9a\" data-element_type=\"widget\" data-widget_type=\"pix-accordion.default\">\n\t\t\t\t<div class=\"elementor-widget-container\">\n\t\t\t<div class=\"accordion w-100 accordion-card bg-white2 rounded-lg2\" id=\"accordion-7917432\"><div class=\"card\">\n               <div class=\"card-header pix-mb-10 shadow-sm rounded-lg bg-white\" id=\"headingpix-tab-597022\" >\n                   <button class=\"btn btn-link text-left\" type=\"button\" data-toggle=\"collapse\" data-target=\"#collapsepix-tab-597022\" aria-expanded=\"true\" aria-controls=\"collapsepix-tab-597022\"><i class=\"pixicon-flag-7 text-primary text-20 pix-mr-10\" ><\/i> <span class=\"font-weight-bold text-primary\" >Who can be a member?<\/span><\/button>\n               <\/div>\n\n               <div id=\"collapsepix-tab-597022\" class=\"collapse\" aria-labelledby=\"headingpix-tab-597022\">\n                 <div class=\"card-body\">\n                     <p><span style=\"font-weight: 400;\">Christian women and men, called to live the values of the Gospel in the spirit and vision of Blessed Maria Teresa de Jesus Gerhardinger, foundress of the School Sisters of Notre Dame, within their own vocation.<\/span><\/p><p><i><span style=\"font-weight: 400;\">People who:<\/span><\/i><\/p><ul><li><span style=\"font-weight: 400;\">\u00a0- are inspired by the charism and spirituality of the School Sisters of Notre Dame and are interested in learning more about the identity of the School Sisters of Notre Dame,<\/span><\/li><li><span style=\"font-weight: 400;\">- want to embrace the lifestyle <\/span><i><span style=\"font-weight: 400;\">Shalom<\/span><\/i><span style=\"font-weight: 400;\">,<\/span><\/li><li><span style=\"font-weight: 400;\">- have the desire to share with the School Sisters of Notre Dame about faith, service, prayer, scripture and spiritual growth.<\/span><\/li><\/ul><p><span style=\"font-weight: 400;\">Motivated by the charism and spirituality of the School Sisters of Notre Dame, <\/span><span style=\"font-weight: 400;\">Associate Members <\/span><span style=\"font-weight: 400;\">feel challenged to collaborate in the mission of the Kingdom of God, sharing their gifts in the transformation of the world.<\/span><\/p>\n                 <\/div>\n               <\/div>\n             <\/div><div class=\"card\">\n               <div class=\"card-header pix-mb-10 shadow-sm rounded-lg bg-white\" id=\"headingpix-tab-8465525\" >\n                   <button class=\"btn btn-link text-left\" type=\"button\" data-toggle=\"collapse\" data-target=\"#collapsepix-tab-8465525\" aria-expanded=\"true\" aria-controls=\"collapsepix-tab-8465525\"><i class=\"pixicon-flag-7 text-primary text-20 pix-mr-10\" ><\/i> <span class=\"font-weight-bold text-primary\" >What does it mean to be a member?<\/span><\/button>\n               <\/div>\n\n               <div id=\"collapsepix-tab-8465525\" class=\"collapse\" aria-labelledby=\"headingpix-tab-8465525\">\n                 <div class=\"card-body\">\n                     <p><span style=\"font-weight: 400;\">Associates enter into a special relationship with our congregation, rooted in the spirit and vision of Blessed Maria Teresa de Jesus Gerhardinger.<\/span><\/p><p><span style=\"font-weight: 400;\">Together, sisters and associates will strive to bring everyone to unity in God, to empower others to reach their full potential and to be transformed and transform our world. The committed relationship between the associate and the Province reflects unity and diversity to promote Christ's mission in the spirit of Blessed Maria Teresa of Jesus Gerhardinger.<\/span><\/p>\n                 <\/div>\n               <\/div>\n             <\/div><div class=\"card\">\n               <div class=\"card-header pix-mb-10 shadow-sm rounded-lg bg-white\" id=\"headingpix-tab-5924888\" >\n                   <button class=\"btn btn-link text-left\" type=\"button\" data-toggle=\"collapse\" data-target=\"#collapsepix-tab-5924888\" aria-expanded=\"true\" aria-controls=\"collapsepix-tab-5924888\"><i class=\"pixicon-flag-7 text-primary text-20 pix-mr-10\" ><\/i> <span class=\"font-weight-bold text-primary\" >What are the Members' commitments?<\/span><\/button>\n               <\/div>\n\n               <div id=\"collapsepix-tab-5924888\" class=\"collapse\" aria-labelledby=\"headingpix-tab-5924888\">\n                 <div class=\"card-body\">\n                     <p><span style=\"font-weight: 400;\">Members make a public commitment. It is their responsibility to participate in the monthly meetings and in the development of the actions planned by the group, as apostolic tasks that have been assumed in dialogue with the members and their coordination and that are in line with the spirituality and charism of the School Sisters of Notre Dame.<\/span><\/p><p><span style=\"font-weight: 400;\">The associate promises to live the charism of the IENS through:<\/span><\/p><ul><li style=\"font-weight: 400;\" aria-level=\"1\"><span style=\"font-weight: 400;\">- deepening their prayer life,<\/span><\/li><li style=\"font-weight: 400;\" aria-level=\"1\"><span style=\"font-weight: 400;\">- participating in appropriate congregational activities,<\/span><\/li><li style=\"font-weight: 400;\" aria-level=\"1\"><span style=\"font-weight: 400;\">- striving to live the spirit of the Gospel and extending that spirit to the service of God's people.<\/span><\/li><\/ul>\n                 <\/div>\n               <\/div>\n             <\/div><div class=\"card\">\n               <div class=\"card-header pix-mb-10 shadow-sm rounded-lg bg-white\" id=\"headingpix-tab-7080018\" >\n                   <button class=\"btn btn-link text-left\" type=\"button\" data-toggle=\"collapse\" data-target=\"#collapsepix-tab-7080018\" aria-expanded=\"true\" aria-controls=\"collapsepix-tab-7080018\"><i class=\"pixicon-flag-7 text-primary text-20 pix-mr-10\" ><\/i> <span class=\"font-weight-bold text-primary\" >How can I become a member?<\/span><\/button>\n               <\/div>\n\n               <div id=\"collapsepix-tab-7080018\" class=\"collapse\" aria-labelledby=\"headingpix-tab-7080018\">\n                 <div class=\"card-body\">\n                     <p><span style=\"font-weight: 400;\">If you are interested in becoming an Associate, you can start by communicating your interest to a sister or an Associate, or by filling out the following form\u00a0<\/span><b>the form<\/b><span style=\"font-weight: 400;\">You will be contacted by the sister in charge. This information will only be used for the purpose of contacting you with further information.<\/span><\/p><p><span style=\"font-weight: 400;\">After initial contact, you will receive feedback by letter or e-mail. This will include the names of those coordinating the membership meetings in your geographical area\/country and an explanation of the registration and preparation process.<\/span><\/p>\n                 <\/div>\n               <\/div>\n             <\/div><\/div>\t\t<\/div>\n\t\t\t\t<\/div>\n\t\t\t\t<div class=\"elementor-element elementor-element-e6ee0de elementor-widget elementor-widget-pix-text\" data-id=\"e6ee0de\" data-element_type=\"widget\" data-widget_type=\"pix-text.default\">\n\t\t\t\t<div class=\"elementor-widget-container\">\n\t\t\t<div class=\"pix-el-text w-100 text-left\" ><p class=\"text-20 resp-option text-dark-opacity-8 text-left\" ><b>Contacts for Members in the Province<br><\/b><br>\nPuerto Rico - Sr. Bernardine Font\u00e1nez<br>\nPeru - Sr. Beyssa Rojas<br>\nParaguay - Sr. Leeta Hammack<br>\nArgentina - Brazil and Honduras - Sr. Veroni de Medeiros<\/p><\/div>\t\t<\/div>\n\t\t\t\t<\/div>\n\t\t\t\t\t<\/div>\n\t\t<\/div>\n\t\t\t\t<div class=\"elementor-column elementor-col-50 elementor-top-column elementor-element elementor-element-1cb51d5e\" data-id=\"1cb51d5e\" data-element_type=\"column\">\n\t\t\t<div class=\"elementor-widget-wrap elementor-element-populated\">\n\t\t\t\t\t\t<section class=\"elementor-section elementor-inner-section elementor-element elementor-element-37c9e5d3 elementor-section-boxed elementor-section-height-default elementor-section-height-default\" data-id=\"37c9e5d3\" data-element_type=\"section\" data-settings=\"{&quot;background_background&quot;:&quot;classic&quot;,&quot;jet_parallax_layout_list&quot;:[]}\">\n\t\t\t\t\t\t<div class=\"elementor-container elementor-column-gap-default\">\n\t\t\t\t\t<div class=\"elementor-column elementor-col-100 elementor-inner-column elementor-element elementor-element-12d8c901\" data-id=\"12d8c901\" data-element_type=\"column\" data-settings=\"{&quot;background_background&quot;:&quot;classic&quot;}\">\n\t\t\t<div class=\"elementor-widget-wrap elementor-element-populated\">\n\t\t\t\t\t\t<div class=\"elementor-element elementor-element-8e8544 elementor-widget elementor-widget-heading\" data-id=\"8e8544\" data-element_type=\"widget\" data-widget_type=\"heading.default\">\n\t\t\t\t<div class=\"elementor-widget-container\">\n\t\t\t<h2 class=\"elementor-heading-title elementor-size-default\">Fill in the form below to find out more about our Associates program.<\/h2>\t\t<\/div>\n\t\t\t\t<\/div>\n\t\t\t\t<div class=\"elementor-element elementor-element-501f2323 elementor-button-align-center elementor-widget elementor-widget-form\" data-id=\"501f2323\" data-element_type=\"widget\" data-settings=\"{&quot;step_next_label&quot;:&quot;Next&quot;,&quot;step_previous_label&quot;:&quot;Previous&quot;,&quot;button_width&quot;:&quot;100&quot;,&quot;step_type&quot;:&quot;number_text&quot;,&quot;step_icon_shape&quot;:&quot;circle&quot;}\" data-widget_type=\"form.default\">\n\t\t\t\t<div class=\"elementor-widget-container\">\n\t\t\t\t\t<form class=\"elementor-form\" method=\"post\" id=\"Leigosassociados\" name=\"Leigos Associados\" novalidate=\"\" action=\"\">\n\t\t\t<input type=\"hidden\" name=\"post_id\" value=\"5106\"\/>\n\t\t\t<input type=\"hidden\" name=\"form_id\" value=\"501f2323\"\/>\n\t\t\t<input type=\"hidden\" name=\"referer_title\" value=\"\" \/>\n\n\t\t\t\n\t\t\t<div class=\"elementor-form-fields-wrapper elementor-labels-\">\n\t\t\t\t\t\t\t\t<div class=\"elementor-field-type-text elementor-field-group elementor-column elementor-field-group-name elementor-col-100\">\n\t\t\t\t\t\t\t\t\t\t\t\t<label for=\"form-field-name\" class=\"elementor-field-label elementor-screen-only\">\n\t\t\t\t\t\t\t\tName\t\t\t\t\t\t\t<\/label>\n\t\t\t\t\t\t\t\t\t\t\t\t\t\t<input size=\"1\" type=\"text\" name=\"form_fields[name]\" id=\"form-field-name\" class=\"elementor-field elementor-size-sm  elementor-field-textual\" placeholder=\"Name\">\n\t\t\t\t\t\t\t\t\t\t\t<\/div>\n\t\t\t\t\t\t\t\t<div class=\"elementor-field-type-email elementor-field-group elementor-column elementor-field-group-field_5fc5e5f elementor-col-100 elementor-field-required\">\n\t\t\t\t\t\t\t\t\t\t\t\t<label for=\"form-field-field_5fc5e5f\" class=\"elementor-field-label elementor-screen-only\">\n\t\t\t\t\t\t\t\tEmail\t\t\t\t\t\t\t<\/label>\n\t\t\t\t\t\t\t\t\t\t\t\t\t\t<input size=\"1\" type=\"email\" name=\"form_fields[field_5fc5e5f]\" id=\"form-field-field_5fc5e5f\" class=\"elementor-field elementor-size-sm  elementor-field-textual\" placeholder=\"Email\" required=\"required\" aria-required=\"true\">\n\t\t\t\t\t\t\t\t\t\t\t<\/div>\n\t\t\t\t\t\t\t\t<div class=\"elementor-field-type-text elementor-field-group elementor-column elementor-field-group-field_ed237a9 elementor-col-100 elementor-field-required\">\n\t\t\t\t\t\t\t\t\t\t\t\t<label for=\"form-field-field_ed237a9\" class=\"elementor-field-label elementor-screen-only\">\n\t\t\t\t\t\t\t\tParents\t\t\t\t\t\t\t<\/label>\n\t\t\t\t\t\t\t\t\t\t\t\t\t\t<input size=\"1\" type=\"text\" name=\"form_fields[field_ed237a9]\" id=\"form-field-field_ed237a9\" class=\"elementor-field elementor-size-sm  elementor-field-textual\" placeholder=\"Parents\" required=\"required\" aria-required=\"true\">\n\t\t\t\t\t\t\t\t\t\t\t<\/div>\n\t\t\t\t\t\t\t\t<div class=\"elementor-field-type-text elementor-field-group elementor-column elementor-field-group-field_126bd0b elementor-col-100 elementor-field-required\">\n\t\t\t\t\t\t\t\t\t\t\t\t<label for=\"form-field-field_126bd0b\" class=\"elementor-field-label elementor-screen-only\">\n\t\t\t\t\t\t\t\tTelephone with area code:\t\t\t\t\t\t\t<\/label>\n\t\t\t\t\t\t\t\t\t\t\t\t\t\t<input size=\"1\" type=\"text\" name=\"form_fields[field_126bd0b]\" id=\"form-field-field_126bd0b\" class=\"elementor-field elementor-size-sm  elementor-field-textual\" placeholder=\"Telephone with area code:\" required=\"required\" aria-required=\"true\">\n\t\t\t\t\t\t\t\t\t\t\t<\/div>\n\t\t\t\t\t\t\t\t<div class=\"elementor-field-type-textarea elementor-field-group elementor-column elementor-field-group-field_a993aa1 elementor-col-100\">\n\t\t\t\t\t\t\t\t\t\t\t\t<label for=\"form-field-field_a993aa1\" class=\"elementor-field-label elementor-screen-only\">\n\t\t\t\t\t\t\t\tOther information:\t\t\t\t\t\t\t<\/label>\n\t\t\t\t\t\t<textarea class=\"elementor-field-textual elementor-field  elementor-size-sm\" name=\"form_fields[field_a993aa1]\" id=\"form-field-field_a993aa1\" rows=\"4\" placeholder=\"Other information:\"><\/textarea>\t\t\t\t<\/div>\n\t\t\t\t\t\t\t\t<div class=\"elementor-field-group elementor-column elementor-field-type-submit elementor-col-100 e-form__buttons\">\n\t\t\t\t\t<button type=\"submit\" class=\"elementor-button elementor-size-sm\">\n\t\t\t\t\t\t<span >\n\t\t\t\t\t\t\t\t\t\t\t\t\t\t\t<span class=\"elementor-button-icon\">\n\t\t\t\t\t\t\t\t\t\t\t\t\t\t\t\t\t\t\t\t\t\t\t\t\t\t<\/span>\n\t\t\t\t\t\t\t\t\t\t\t\t\t\t\t\t\t\t\t\t\t\t<span class=\"elementor-button-text\">I want to be a new member<\/span>\n\t\t\t\t\t\t\t\t\t\t\t\t\t<\/span>\n\t\t\t\t\t<\/button>\n\t\t\t\t<\/div>\n\t\t\t<\/div>\n\t\t<input type=\"hidden\" name=\"trp-form-language\" value=\"en\"\/><\/form>\n\t\t\t\t<\/div>\n\t\t\t\t<\/div>\n\t\t\t\t\t<\/div>\n\t\t<\/div>\n\t\t\t\t\t<\/div>\n\t\t<\/section>\n\t\t\t\t\t<\/div>\n\t\t<\/div>\n\t\t\t\t\t<\/div>\n\t\t<\/section>\n\t\t\t\t<\/div>","protected":false},"excerpt":{"rendered":"<p>Associados Leigos e Leigas Associados da Congrega\u00e7\u00e3o Os Associados s\u00e3o leigas e leigos comprometidos com os valores e carisma das Irm\u00e3s Escolares de Nossa Senhora. Desde a funda\u00e7\u00e3o da Congrega\u00e7\u00e3o, Madre Teresa de Jesus Gerhardinger buscou o apoio de pessoas&#8230;<\/p>","protected":false},"author":1,"featured_media":0,"parent":0,"menu_order":0,"comment_status":"closed","ping_status":"closed","template":"elementor_header_footer","meta":{"rank_math_lock_modified_date":false,"footnotes":""},"class_list":["post-5106","page","type-page","status-publish","hentry"],"_links":{"self":[{"href":"https:\/\/escolares.agenciatabor.com.br\/en\/wp-json\/wp\/v2\/pages\/5106"}],"collection":[{"href":"https:\/\/escolares.agenciatabor.com.br\/en\/wp-json\/wp\/v2\/pages"}],"about":[{"href":"https:\/\/escolares.agenciatabor.com.br\/en\/wp-json\/wp\/v2\/types\/page"}],"author":[{"embeddable":true,"href":"https:\/\/escolares.agenciatabor.com.br\/en\/wp-json\/wp\/v2\/users\/1"}],"replies":[{"embeddable":true,"href":"https:\/\/escolares.agenciatabor.com.br\/en\/wp-json\/wp\/v2\/comments?post=5106"}],"version-history":[{"count":56,"href":"https:\/\/escolares.agenciatabor.com.br\/en\/wp-json\/wp\/v2\/pages\/5106\/revisions"}],"predecessor-version":[{"id":9380,"href":"https:\/\/escolares.agenciatabor.com.br\/en\/wp-json\/wp\/v2\/pages\/5106\/revisions\/9380"}],"wp:attachment":[{"href":"https:\/\/escolares.agenciatabor.com.br\/en\/wp-json\/wp\/v2\/media?parent=5106"}],"curies":[{"name":"wp","href":"https:\/\/api.w.org\/{rel}","templated":true}]}}