{"id":5147,"date":"2024-03-07T00:51:42","date_gmt":"2024-03-07T03:51:42","guid":{"rendered":"https:\/\/escolares.agenciatabor.com.br\/?page_id=5147"},"modified":"2024-08-17T03:21:45","modified_gmt":"2024-08-17T06:21:45","slug":"missionarios","status":"publish","type":"page","link":"https:\/\/escolares.agenciatabor.com.br\/en\/missionaries\/","title":{"rendered":"Missionaries"},"content":{"rendered":"<div data-elementor-type=\"wp-page\" data-elementor-id=\"5147\" class=\"elementor elementor-5147\" data-elementor-post-type=\"page\">\n\t\t\t\t\t\t<section class=\"elementor-section elementor-top-section elementor-element elementor-element-38c87baa elementor-section-boxed elementor-section-height-default elementor-section-height-default\" data-id=\"38c87baa\" data-element_type=\"section\" data-settings=\"{&quot;jet_parallax_layout_list&quot;:[],&quot;shape_divider_top&quot;:&quot;tilt&quot;}\">\n\t\t\t\t\t\t\t<div class=\"elementor-background-overlay\"><\/div>\n\t\t\t\t\t\t<div class=\"elementor-shape elementor-shape-top\" data-negative=\"false\">\n\t\t\t<svg xmlns=\"http:\/\/www.w3.org\/2000\/svg\" viewbox=\"0 0 1000 100\" preserveaspectratio=\"none\">\n\t<path class=\"elementor-shape-fill\" d=\"M0,6V0h1000v100L0,6z\"\/>\n<\/svg>\t\t<\/div>\n\t\t\t\t\t<div class=\"elementor-container elementor-column-gap-default\">\n\t\t\t\t\t<div class=\"elementor-column elementor-col-50 elementor-top-column elementor-element elementor-element-1422ec17\" data-id=\"1422ec17\" data-element_type=\"column\">\n\t\t\t<div class=\"elementor-widget-wrap elementor-element-populated\">\n\t\t\t\t\t\t<div class=\"elementor-element elementor-element-2fa1bc20 elementor-widget elementor-widget-pix-badge\" data-id=\"2fa1bc20\" data-element_type=\"widget\" data-widget_type=\"pix-badge.default\">\n\t\t\t\t<div class=\"elementor-widget-container\">\n\t\t\t<span class=\"pix-badge-element h6 d-inline-block mr-1\"  ><span class=\"badge font-weight-bold secondary-font bg-yellow  pix-py-10 pix-px-15\" style=\" \"><span class=\"text-body-default\" style=\"\">Missionaries<\/span><\/span><\/span>\t\t<\/div>\n\t\t\t\t<\/div>\n\t\t\t\t<div class=\"elementor-element elementor-element-75a87d85 elementor-widget elementor-widget-pix-heading\" data-id=\"75a87d85\" data-element_type=\"widget\" data-widget_type=\"pix-heading.default\">\n\t\t\t\t<div class=\"elementor-widget-container\">\n\t\t\t<div  class=\"pix-heading-el text-left\"><div><div class=\"slide-in-container2\"><h2 class=\"text-body-default font-weight-bold heading-text el-title_custom_color mb-12\" style=\"\" data-anim-type=\"\" data-anim-delay=\"\">Missionaries of Maria Teresa of Jesus Gerhardinger<\/h2><\/div><\/div><\/div>\t\t<\/div>\n\t\t\t\t<\/div>\n\t\t\t\t<div class=\"elementor-element elementor-element-211c9236 elementor-widget elementor-widget-pix-text\" data-id=\"211c9236\" data-element_type=\"widget\" data-widget_type=\"pix-text.default\">\n\t\t\t\t<div class=\"elementor-widget-container\">\n\t\t\t<div class=\"pix-el-text w-100 text-left\" ><p class=\"text-20 resp-option text-dark-opacity-8 text-left\" >The Missionaries of Maria Teresa of Jesus Gerhardinger are people inspired by the charism and spirituality of the Congregation of the School Sisters of Notre Dame. The Missionaries seek to be signs of openness and listening to God's promptings in history, as well as to the principles of faith and life of Maria Teresa of Jesus Gerhardinger and her transformative practice.\nThey are groups made up of families, men, women, young people and children who feel called by baptism to reveal God's love through their own being and through service to others, and who want to live the spirituality of our foundress Maria Teresa de Jesus Gerhardinger, in order to achieve a mission together.\n<\/p><\/div>\t\t<\/div>\n\t\t\t\t<\/div>\n\t\t\t\t<div class=\"elementor-element elementor-element-eba4fd0 elementor-widget elementor-widget-pix-text\" data-id=\"eba4fd0\" data-element_type=\"widget\" data-widget_type=\"pix-text.default\">\n\t\t\t\t<div class=\"elementor-widget-container\">\n\t\t\t<div class=\"pix-el-text w-100 text-left\" ><p class=\"text-20 resp-option text-dark-opacity-8 text-left\" >The bond between the missionaries and the congregation exists only in the Latin America and Caribbean province, especially Brazil.  Families participate with their children, making this also an evangelizing space for different ages. In the mission, they live Mother Teresa's charism, spreading her faith and her legacy of unity and peace.<\/p><\/div>\t\t<\/div>\n\t\t\t\t<\/div>\n\t\t\t\t<div class=\"elementor-element elementor-element-6ea05b9 elementor-widget elementor-widget-pix-text\" data-id=\"6ea05b9\" data-element_type=\"widget\" data-widget_type=\"pix-text.default\">\n\t\t\t\t<div class=\"elementor-widget-container\">\n\t\t\t<div class=\"pix-el-text w-100 text-left\" ><p class=\"text-20 resp-option text-dark-opacity-8 text-left\" >The Missionaries of Mother Teresa are also called to take part in vocation promotion. A leading role that influences the thinking and actions of young people who want to know more about the life and mission of Jesus Christ. In this way, the missionaries act as promoters of evangelization and as builders of the Kingdom of God.<\/p><\/div>\t\t<\/div>\n\t\t\t\t<\/div>\n\t\t\t\t<div class=\"elementor-element elementor-element-690302cd elementor-widget elementor-widget-pix-accordion\" data-id=\"690302cd\" data-element_type=\"widget\" data-widget_type=\"pix-accordion.default\">\n\t\t\t\t<div class=\"elementor-widget-container\">\n\t\t\t<div class=\"accordion w-100 accordion-card bg-white2 rounded-lg2\" id=\"accordion-2095248\"><div class=\"card\">\n               <div class=\"card-header pix-mb-10 shadow-sm rounded-lg bg-white\" id=\"headingpix-tab-1540542\" >\n                   <button class=\"btn btn-link text-left\" type=\"button\" data-toggle=\"collapse\" data-target=\"#collapsepix-tab-1540542\" aria-expanded=\"true\" aria-controls=\"collapsepix-tab-1540542\"><i class=\"pixicon-flag-7 text-primary text-20 pix-mr-10\" ><\/i> <span class=\"font-weight-bold text-primary\" >What does it mean to be a missionary?<\/span><\/button>\n               <\/div>\n\n               <div id=\"collapsepix-tab-1540542\" class=\"collapse\" aria-labelledby=\"headingpix-tab-1540542\">\n                 <div class=\"card-body\">\n                     <p><span style=\"font-weight: 400;\">Being a Missionary means participating on a voluntary basis in monthly or annual meetings, studying topics about the life and mission of Maria Teresa of Jesus Gerhardinger. The Missionaries are coordinated by a contact sister in the local community, while the Junior Missionaries receive guidance appropriate to their age. They are integrated into the communion of the church, committing themselves to the mission and shared values of the Congregation.<\/span><\/p>\n                 <\/div>\n               <\/div>\n             <\/div><div class=\"card\">\n               <div class=\"card-header pix-mb-10 shadow-sm rounded-lg bg-white\" id=\"headingpix-tab-9433496\" >\n                   <button class=\"btn btn-link text-left\" type=\"button\" data-toggle=\"collapse\" data-target=\"#collapsepix-tab-9433496\" aria-expanded=\"true\" aria-controls=\"collapsepix-tab-9433496\"><i class=\"pixicon-flag-7 text-primary text-20 pix-mr-10\" ><\/i> <span class=\"font-weight-bold text-primary\" >How to join?<\/span><\/button>\n               <\/div>\n\n               <div id=\"collapsepix-tab-9433496\" class=\"collapse\" aria-labelledby=\"headingpix-tab-9433496\">\n                 <div class=\"card-body\">\n                     <p><span style=\"font-weight: 400;\">To become part of the group of Lay Missionaries of Maria Teresa of Jesus Gerhardinger, it is necessary for the person concerned to participate actively in their local church. This implies demonstrating favorable conditions and assuming responsibilities consistent with the values, principles, spirituality and legacy left by the foundress of the Congregation. Living the faith in the light of baptism and bearing witness to that faith are essential aspects. In addition, it is important to start a conversation with the contact sister in your locality in order to understand the specific requirements and to be accepted by her as a member of the group.<\/span><\/p>\n                 <\/div>\n               <\/div>\n             <\/div><\/div>\t\t<\/div>\n\t\t\t\t<\/div>\n\t\t\t\t<div class=\"elementor-element elementor-element-f95d6db elementor-widget elementor-widget-pix-text\" data-id=\"f95d6db\" data-element_type=\"widget\" data-widget_type=\"pix-text.default\">\n\t\t\t\t<div class=\"elementor-widget-container\">\n\t\t\t<div class=\"pix-el-text w-100 text-left\" ><p class=\"text-20 resp-option text-dark-opacity-8 text-left\" ><b>Contacts for Missionaries in the Province<br><\/b><br> Sr. Veroni de Medeiros<\/p><\/div>\t\t<\/div>\n\t\t\t\t<\/div>\n\t\t\t\t\t<\/div>\n\t\t<\/div>\n\t\t\t\t<div class=\"elementor-column elementor-col-50 elementor-top-column elementor-element elementor-element-2687635a\" data-id=\"2687635a\" data-element_type=\"column\">\n\t\t\t<div class=\"elementor-widget-wrap elementor-element-populated\">\n\t\t\t\t\t\t<section class=\"elementor-section elementor-inner-section elementor-element elementor-element-6a32c416 elementor-section-boxed elementor-section-height-default elementor-section-height-default\" data-id=\"6a32c416\" data-element_type=\"section\" data-settings=\"{&quot;background_background&quot;:&quot;classic&quot;,&quot;jet_parallax_layout_list&quot;:[]}\">\n\t\t\t\t\t\t<div class=\"elementor-container elementor-column-gap-default\">\n\t\t\t\t\t<div class=\"elementor-column elementor-col-100 elementor-inner-column elementor-element elementor-element-5944f592\" data-id=\"5944f592\" data-element_type=\"column\" data-settings=\"{&quot;background_background&quot;:&quot;classic&quot;}\">\n\t\t\t<div class=\"elementor-widget-wrap elementor-element-populated\">\n\t\t\t\t\t\t<div class=\"elementor-element elementor-element-4ac5865 elementor-widget elementor-widget-heading\" data-id=\"4ac5865\" data-element_type=\"widget\" data-widget_type=\"heading.default\">\n\t\t\t\t<div class=\"elementor-widget-container\">\n\t\t\t<h2 class=\"elementor-heading-title elementor-size-default\">Fill in the form below to find out more about being a missionary<\/h2>\t\t<\/div>\n\t\t\t\t<\/div>\n\t\t\t\t<div class=\"elementor-element elementor-element-12a9d29c elementor-button-align-center elementor-widget elementor-widget-form\" data-id=\"12a9d29c\" data-element_type=\"widget\" data-settings=\"{&quot;step_next_label&quot;:&quot;Next&quot;,&quot;step_previous_label&quot;:&quot;Previous&quot;,&quot;button_width&quot;:&quot;100&quot;,&quot;step_type&quot;:&quot;number_text&quot;,&quot;step_icon_shape&quot;:&quot;circle&quot;}\" data-widget_type=\"form.default\">\n\t\t\t\t<div class=\"elementor-widget-container\">\n\t\t\t\t\t<form class=\"elementor-form\" method=\"post\" id=\"missionariosdemaria\" name=\"Misssionarios de Maria\" novalidate=\"\" action=\"\">\n\t\t\t<input type=\"hidden\" name=\"post_id\" value=\"5147\"\/>\n\t\t\t<input type=\"hidden\" name=\"form_id\" value=\"12a9d29c\"\/>\n\t\t\t<input type=\"hidden\" name=\"referer_title\" value=\"\" \/>\n\n\t\t\t\n\t\t\t<div class=\"elementor-form-fields-wrapper elementor-labels-\">\n\t\t\t\t\t\t\t\t<div class=\"elementor-field-type-text elementor-field-group elementor-column elementor-field-group-name elementor-col-100\">\n\t\t\t\t\t\t\t\t\t\t\t\t<label for=\"form-field-name\" class=\"elementor-field-label elementor-screen-only\">\n\t\t\t\t\t\t\t\tName\t\t\t\t\t\t\t<\/label>\n\t\t\t\t\t\t\t\t\t\t\t\t\t\t<input size=\"1\" type=\"text\" name=\"form_fields[name]\" id=\"form-field-name\" class=\"elementor-field elementor-size-sm  elementor-field-textual\" placeholder=\"Name\">\n\t\t\t\t\t\t\t\t\t\t\t<\/div>\n\t\t\t\t\t\t\t\t<div class=\"elementor-field-type-email elementor-field-group elementor-column elementor-field-group-field_5fc5e5f elementor-col-100 elementor-field-required\">\n\t\t\t\t\t\t\t\t\t\t\t\t<label for=\"form-field-field_5fc5e5f\" class=\"elementor-field-label elementor-screen-only\">\n\t\t\t\t\t\t\t\tEmail\t\t\t\t\t\t\t<\/label>\n\t\t\t\t\t\t\t\t\t\t\t\t\t\t<input size=\"1\" type=\"email\" name=\"form_fields[field_5fc5e5f]\" id=\"form-field-field_5fc5e5f\" class=\"elementor-field elementor-size-sm  elementor-field-textual\" placeholder=\"Email\" required=\"required\" aria-required=\"true\">\n\t\t\t\t\t\t\t\t\t\t\t<\/div>\n\t\t\t\t\t\t\t\t<div class=\"elementor-field-type-text elementor-field-group elementor-column elementor-field-group-field_ed237a9 elementor-col-100 elementor-field-required\">\n\t\t\t\t\t\t\t\t\t\t\t\t<label for=\"form-field-field_ed237a9\" class=\"elementor-field-label elementor-screen-only\">\n\t\t\t\t\t\t\t\tParents\t\t\t\t\t\t\t<\/label>\n\t\t\t\t\t\t\t\t\t\t\t\t\t\t<input size=\"1\" type=\"text\" name=\"form_fields[field_ed237a9]\" id=\"form-field-field_ed237a9\" class=\"elementor-field elementor-size-sm  elementor-field-textual\" placeholder=\"Parents\" required=\"required\" aria-required=\"true\">\n\t\t\t\t\t\t\t\t\t\t\t<\/div>\n\t\t\t\t\t\t\t\t<div class=\"elementor-field-type-text elementor-field-group elementor-column elementor-field-group-field_126bd0b elementor-col-100 elementor-field-required\">\n\t\t\t\t\t\t\t\t\t\t\t\t<label for=\"form-field-field_126bd0b\" class=\"elementor-field-label elementor-screen-only\">\n\t\t\t\t\t\t\t\tTelephone with area code:\t\t\t\t\t\t\t<\/label>\n\t\t\t\t\t\t\t\t\t\t\t\t\t\t<input size=\"1\" type=\"text\" name=\"form_fields[field_126bd0b]\" id=\"form-field-field_126bd0b\" class=\"elementor-field elementor-size-sm  elementor-field-textual\" placeholder=\"Telephone with area code:\" required=\"required\" aria-required=\"true\">\n\t\t\t\t\t\t\t\t\t\t\t<\/div>\n\t\t\t\t\t\t\t\t<div class=\"elementor-field-type-textarea elementor-field-group elementor-column elementor-field-group-field_a993aa1 elementor-col-100\">\n\t\t\t\t\t\t\t\t\t\t\t\t<label for=\"form-field-field_a993aa1\" class=\"elementor-field-label elementor-screen-only\">\n\t\t\t\t\t\t\t\tOther information:\t\t\t\t\t\t\t<\/label>\n\t\t\t\t\t\t<textarea class=\"elementor-field-textual elementor-field  elementor-size-sm\" name=\"form_fields[field_a993aa1]\" id=\"form-field-field_a993aa1\" rows=\"4\" placeholder=\"Other information:\"><\/textarea>\t\t\t\t<\/div>\n\t\t\t\t\t\t\t\t<div class=\"elementor-field-group elementor-column elementor-field-type-submit elementor-col-100 e-form__buttons\">\n\t\t\t\t\t<button type=\"submit\" class=\"elementor-button elementor-size-sm\">\n\t\t\t\t\t\t<span >\n\t\t\t\t\t\t\t\t\t\t\t\t\t\t\t<span class=\"elementor-button-icon\">\n\t\t\t\t\t\t\t\t\t\t\t\t\t\t\t\t\t\t\t\t\t\t\t\t\t\t<\/span>\n\t\t\t\t\t\t\t\t\t\t\t\t\t\t\t\t\t\t\t\t\t\t<span class=\"elementor-button-text\">I want to be a missionary<\/span>\n\t\t\t\t\t\t\t\t\t\t\t\t\t<\/span>\n\t\t\t\t\t<\/button>\n\t\t\t\t<\/div>\n\t\t\t<\/div>\n\t\t<input type=\"hidden\" name=\"trp-form-language\" value=\"en\"\/><\/form>\n\t\t\t\t<\/div>\n\t\t\t\t<\/div>\n\t\t\t\t\t<\/div>\n\t\t<\/div>\n\t\t\t\t\t<\/div>\n\t\t<\/section>\n\t\t\t\t\t<\/div>\n\t\t<\/div>\n\t\t\t\t\t<\/div>\n\t\t<\/section>\n\t\t\t\t<\/div>","protected":false},"excerpt":{"rendered":"<p>Mission\u00e1rios Mission\u00e1rios de Maria Teresa de Jesus Gerhardinger Os Mission\u00e1rios de Maria Teresa de Jesus Gerhardinger s\u00e3o pessoas inspiradas pelo carisma e espiritualidade da Congrega\u00e7\u00e3o das Irm\u00e3s Escolares de Nossa Senhora. Os Mission\u00e1rios procuram ser sinais de abertura e escuta&#8230;<\/p>","protected":false},"author":1,"featured_media":0,"parent":0,"menu_order":0,"comment_status":"closed","ping_status":"closed","template":"elementor_header_footer","meta":{"rank_math_lock_modified_date":false,"footnotes":""},"class_list":["post-5147","page","type-page","status-publish","hentry"],"_links":{"self":[{"href":"https:\/\/escolares.agenciatabor.com.br\/en\/wp-json\/wp\/v2\/pages\/5147"}],"collection":[{"href":"https:\/\/escolares.agenciatabor.com.br\/en\/wp-json\/wp\/v2\/pages"}],"about":[{"href":"https:\/\/escolares.agenciatabor.com.br\/en\/wp-json\/wp\/v2\/types\/page"}],"author":[{"embeddable":true,"href":"https:\/\/escolares.agenciatabor.com.br\/en\/wp-json\/wp\/v2\/users\/1"}],"replies":[{"embeddable":true,"href":"https:\/\/escolares.agenciatabor.com.br\/en\/wp-json\/wp\/v2\/comments?post=5147"}],"version-history":[{"count":49,"href":"https:\/\/escolares.agenciatabor.com.br\/en\/wp-json\/wp\/v2\/pages\/5147\/revisions"}],"predecessor-version":[{"id":9386,"href":"https:\/\/escolares.agenciatabor.com.br\/en\/wp-json\/wp\/v2\/pages\/5147\/revisions\/9386"}],"wp:attachment":[{"href":"https:\/\/escolares.agenciatabor.com.br\/en\/wp-json\/wp\/v2\/media?parent=5147"}],"curies":[{"name":"wp","href":"https:\/\/api.w.org\/{rel}","templated":true}]}}