{"id":6763,"date":"2024-04-13T18:25:51","date_gmt":"2024-04-13T21:25:51","guid":{"rendered":"https:\/\/escolares.agenciatabor.com.br\/?page_id=6763"},"modified":"2024-05-28T19:31:33","modified_gmt":"2024-05-28T22:31:33","slug":"projetos-sociais","status":"publish","type":"page","link":"https:\/\/escolares.agenciatabor.com.br\/en\/social-projects\/","title":{"rendered":"Social Projects"},"content":{"rendered":"<div data-elementor-type=\"wp-page\" data-elementor-id=\"6763\" class=\"elementor elementor-6763\" data-elementor-post-type=\"page\">\n\t\t\t\t\t\t<section class=\"elementor-section elementor-top-section elementor-element elementor-element-421d254d elementor-section-boxed elementor-section-height-default elementor-section-height-default\" data-id=\"421d254d\" data-element_type=\"section\" data-settings=\"{&quot;jet_parallax_layout_list&quot;:[],&quot;shape_divider_top&quot;:&quot;tilt&quot;}\">\n\t\t\t\t\t\t\t<div class=\"elementor-background-overlay\"><\/div>\n\t\t\t\t\t\t<div class=\"elementor-shape elementor-shape-top\" data-negative=\"false\">\n\t\t\t<svg xmlns=\"http:\/\/www.w3.org\/2000\/svg\" viewbox=\"0 0 1000 100\" preserveaspectratio=\"none\">\n\t<path class=\"elementor-shape-fill\" d=\"M0,6V0h1000v100L0,6z\"\/>\n<\/svg>\t\t<\/div>\n\t\t\t\t\t<div class=\"elementor-container elementor-column-gap-default\">\n\t\t\t\t\t<div class=\"elementor-column elementor-col-100 elementor-top-column elementor-element elementor-element-47b2abc5\" data-id=\"47b2abc5\" data-element_type=\"column\">\n\t\t\t<div class=\"elementor-widget-wrap elementor-element-populated\">\n\t\t\t\t\t\t<div class=\"elementor-element elementor-element-3519a3fd elementor-widget elementor-widget-pix-badge\" data-id=\"3519a3fd\" data-element_type=\"widget\" data-widget_type=\"pix-badge.default\">\n\t\t\t\t<div class=\"elementor-widget-container\">\n\t\t\t<span class=\"pix-badge-element h6 d-inline-block mr-1\"  ><span class=\"badge font-weight-bold secondary-font bg-yellow  pix-py-10 pix-px-15\" style=\" \"><span class=\"text-body-default\" style=\"\">Social Projects<\/span><\/span><\/span>\t\t<\/div>\n\t\t\t\t<\/div>\n\t\t\t\t<div class=\"elementor-element elementor-element-305ad575 elementor-widget elementor-widget-pix-heading\" data-id=\"305ad575\" data-element_type=\"widget\" data-widget_type=\"pix-heading.default\">\n\t\t\t\t<div class=\"elementor-widget-container\">\n\t\t\t<div  class=\"pix-heading-el text-left\"><div><div class=\"slide-in-container2\"><h2 class=\"text-body-default font-weight-bold heading-text el-title_custom_color mb-12\" style=\"\" data-anim-type=\"\" data-anim-delay=\"\">Inclusion and Social Transformation: Meet the Innovative Projects of the Congregation of School Sisters<\/h2><\/div><\/div><\/div>\t\t<\/div>\n\t\t\t\t<\/div>\n\t\t\t\t<div class=\"elementor-element elementor-element-ba05712 elementor-widget elementor-widget-pix-text\" data-id=\"ba05712\" data-element_type=\"widget\" data-widget_type=\"pix-text.default\">\n\t\t\t\t<div class=\"elementor-widget-container\">\n\t\t\t<div class=\"pix-el-text w-100 text-left\" ><p class=\"resp-option text-left\"><p><span style=\"font-weight: 400;\">At the Congregation of the School Sisters, we believe in the power of education and inclusion to transform lives. Based on the teachings of Mother Teresa, our foundress, we promote social projects that generate autonomy and development for communities and individuals in vulnerable situations.<\/span><\/p><\/p><\/div>\t\t<\/div>\n\t\t\t\t<\/div>\n\t\t\t\t<div class=\"elementor-element elementor-element-d0a062e elementor-widget-divider--view-line elementor-widget elementor-widget-divider\" data-id=\"d0a062e\" data-element_type=\"widget\" data-widget_type=\"divider.default\">\n\t\t\t\t<div class=\"elementor-widget-container\">\n\t\t\t\t\t<div class=\"elementor-divider\">\n\t\t\t<span class=\"elementor-divider-separator\">\n\t\t\t\t\t\t<\/span>\n\t\t<\/div>\n\t\t\t\t<\/div>\n\t\t\t\t<\/div>\n\t\t\t\t<div class=\"elementor-element elementor-element-88685c7 elementor-widget elementor-widget-pix-heading\" data-id=\"88685c7\" data-element_type=\"widget\" data-widget_type=\"pix-heading.default\">\n\t\t\t\t<div class=\"elementor-widget-container\">\n\t\t\t<div  class=\"pix-heading-el text-left\"><div><div class=\"slide-in-container2\"><h2 class=\"text-body-default font-weight-bold heading-text el-title_custom_color mb-12\" style=\"\" data-anim-type=\"\" data-anim-delay=\"\">Rumo Norte Project: Navigating towards professional inclusion<\/h2><\/div><\/div><\/div>\t\t<\/div>\n\t\t\t\t<\/div>\n\t\t\t\t<div class=\"elementor-element elementor-element-94b9b32 elementor-widget elementor-widget-pix-heading\" data-id=\"94b9b32\" data-element_type=\"widget\" data-widget_type=\"pix-heading.default\">\n\t\t\t\t<div class=\"elementor-widget-container\">\n\t\t\t<div  class=\"pix-heading-el text-left\"><div><div class=\"slide-in-container2\"><h2 class=\"text-body-default heading-text el-title_custom_color mb-12\" style=\"\" data-anim-type=\"\" data-anim-delay=\"\">Disabled People's Project<\/h2><\/div><\/div><\/div>\t\t<\/div>\n\t\t\t\t<\/div>\n\t\t\t\t<div class=\"elementor-element elementor-element-562e86b elementor-widget elementor-widget-pix-text\" data-id=\"562e86b\" data-element_type=\"widget\" data-widget_type=\"pix-text.default\">\n\t\t\t\t<div class=\"elementor-widget-container\">\n\t\t\t<div class=\"pix-el-text w-100 text-left\" ><p class=\"resp-option text-left\"><p><span style=\"font-weight: 400;\">A pioneer since 2002, the Rumo Norte Project is a milestone in the professional qualification of people with disabilities. It offers free workshops for professional qualification and inclusion, as well as psychological care and social support for people with disabilities through their peers, promoting a unique space for learning and empathy.<\/span><\/p><p>\u00a0<\/p><p><span style=\"font-weight: 400;\"><strong>Location:<\/strong> Porto Alegre's historic center, accessible to the entire Metropolitan Region.<\/span><\/p><p><span style=\"font-weight: 400;\"><strong>Services<\/strong> Psychological and social assistance and professional training workshops.<\/span><\/p><p><span style=\"font-weight: 400;\"><strong>Qualified staff:<\/strong> Specialized professionals, many of whom are also people with disabilities.<\/span><\/p><\/p><\/div>\t\t<\/div>\n\t\t\t\t<\/div>\n\t\t\t\t<div class=\"elementor-element elementor-element-803d16c elementor-absolute elementor-widget elementor-widget-image\" data-id=\"803d16c\" data-element_type=\"widget\" data-settings=\"{&quot;_position&quot;:&quot;absolute&quot;,&quot;motion_fx_motion_fx_mouse&quot;:&quot;yes&quot;,&quot;motion_fx_mouseTrack_effect&quot;:&quot;yes&quot;,&quot;motion_fx_mouseTrack_speed&quot;:{&quot;unit&quot;:&quot;px&quot;,&quot;size&quot;:1,&quot;sizes&quot;:[]}}\" data-widget_type=\"image.default\">\n\t\t\t\t<div class=\"elementor-widget-container\">\n\t\t\t\t\t\t\t\t\t\t\t\t\t<img decoding=\"async\" width=\"200\" height=\"155\" src=\"https:\/\/escolares.agenciatabor.com.br\/wp-content\/uploads\/2024\/03\/DEFR.png\" class=\"attachment-large size-large wp-image-4930\" alt=\"\" srcset=\"https:\/\/escolares.agenciatabor.com.br\/wp-content\/uploads\/2024\/03\/DEFR.png 200w, https:\/\/escolares.agenciatabor.com.br\/wp-content\/uploads\/2024\/03\/DEFR-15x12.png 15w\" sizes=\"(max-width: 200px) 100vw, 200px\" title=\"\">\t\t\t\t\t\t\t\t\t\t\t\t\t<\/div>\n\t\t\t\t<\/div>\n\t\t\t\t<div class=\"elementor-element elementor-element-f5b9ac0 elementor-absolute elementor-widget elementor-widget-image\" data-id=\"f5b9ac0\" data-element_type=\"widget\" data-settings=\"{&quot;_position&quot;:&quot;absolute&quot;,&quot;motion_fx_motion_fx_mouse&quot;:&quot;yes&quot;,&quot;motion_fx_mouseTrack_effect&quot;:&quot;yes&quot;,&quot;motion_fx_mouseTrack_direction&quot;:&quot;negative&quot;,&quot;motion_fx_mouseTrack_speed&quot;:{&quot;unit&quot;:&quot;px&quot;,&quot;size&quot;:1,&quot;sizes&quot;:[]}}\" data-widget_type=\"image.default\">\n\t\t\t\t<div class=\"elementor-widget-container\">\n\t\t\t\t\t\t\t\t\t\t\t\t\t<img decoding=\"async\" width=\"200\" height=\"155\" src=\"https:\/\/escolares.agenciatabor.com.br\/wp-content\/uploads\/2024\/03\/DEFR.png\" class=\"attachment-large size-large wp-image-4930\" alt=\"\" srcset=\"https:\/\/escolares.agenciatabor.com.br\/wp-content\/uploads\/2024\/03\/DEFR.png 200w, https:\/\/escolares.agenciatabor.com.br\/wp-content\/uploads\/2024\/03\/DEFR-15x12.png 15w\" sizes=\"(max-width: 200px) 100vw, 200px\" title=\"\">\t\t\t\t\t\t\t\t\t\t\t\t\t<\/div>\n\t\t\t\t<\/div>\n\t\t\t\t<div class=\"elementor-element elementor-element-e8cff84 elementor-absolute elementor-widget elementor-widget-image\" data-id=\"e8cff84\" data-element_type=\"widget\" data-settings=\"{&quot;_position&quot;:&quot;absolute&quot;,&quot;motion_fx_motion_fx_mouse&quot;:&quot;yes&quot;,&quot;motion_fx_mouseTrack_effect&quot;:&quot;yes&quot;,&quot;motion_fx_mouseTrack_direction&quot;:&quot;negative&quot;,&quot;motion_fx_mouseTrack_speed&quot;:{&quot;unit&quot;:&quot;px&quot;,&quot;size&quot;:1,&quot;sizes&quot;:[]}}\" data-widget_type=\"image.default\">\n\t\t\t\t<div class=\"elementor-widget-container\">\n\t\t\t\t\t\t\t\t\t\t\t\t\t<img decoding=\"async\" width=\"200\" height=\"155\" src=\"https:\/\/escolares.agenciatabor.com.br\/wp-content\/uploads\/2024\/03\/DEFR.png\" class=\"attachment-large size-large wp-image-4930\" alt=\"\" srcset=\"https:\/\/escolares.agenciatabor.com.br\/wp-content\/uploads\/2024\/03\/DEFR.png 200w, https:\/\/escolares.agenciatabor.com.br\/wp-content\/uploads\/2024\/03\/DEFR-15x12.png 15w\" sizes=\"(max-width: 200px) 100vw, 200px\" title=\"\">\t\t\t\t\t\t\t\t\t\t\t\t\t<\/div>\n\t\t\t\t<\/div>\n\t\t\t\t<div class=\"elementor-element elementor-element-b669215 elementor-absolute elementor-widget elementor-widget-image\" data-id=\"b669215\" data-element_type=\"widget\" data-settings=\"{&quot;_position&quot;:&quot;absolute&quot;,&quot;motion_fx_motion_fx_mouse&quot;:&quot;yes&quot;,&quot;motion_fx_mouseTrack_effect&quot;:&quot;yes&quot;,&quot;motion_fx_mouseTrack_speed&quot;:{&quot;unit&quot;:&quot;px&quot;,&quot;size&quot;:1,&quot;sizes&quot;:[]}}\" data-widget_type=\"image.default\">\n\t\t\t\t<div class=\"elementor-widget-container\">\n\t\t\t\t\t\t\t\t\t\t\t\t\t<img decoding=\"async\" width=\"200\" height=\"155\" src=\"https:\/\/escolares.agenciatabor.com.br\/wp-content\/uploads\/2024\/03\/DEFR.png\" class=\"attachment-large size-large wp-image-4930\" alt=\"\" srcset=\"https:\/\/escolares.agenciatabor.com.br\/wp-content\/uploads\/2024\/03\/DEFR.png 200w, https:\/\/escolares.agenciatabor.com.br\/wp-content\/uploads\/2024\/03\/DEFR-15x12.png 15w\" sizes=\"(max-width: 200px) 100vw, 200px\" title=\"\">\t\t\t\t\t\t\t\t\t\t\t\t\t<\/div>\n\t\t\t\t<\/div>\n\t\t\t\t<div class=\"elementor-element elementor-element-91fe280 elementor-widget elementor-widget-pix-accordion\" data-id=\"91fe280\" data-element_type=\"widget\" data-widget_type=\"pix-accordion.default\">\n\t\t\t\t<div class=\"elementor-widget-container\">\n\t\t\t<div class=\"accordion w-100 accordion-card bg-white2 rounded-lg2\" id=\"accordion-8761000\"><div class=\"card\">\n               <div class=\"card-header pix-mb-10 shadow-sm rounded-lg bg-white\" id=\"headingpix-tab-7997789\" >\n                   <button class=\"btn btn-link text-left\" type=\"button\" data-toggle=\"collapse\" data-target=\"#collapsepix-tab-7997789\" aria-expanded=\"true\" aria-controls=\"collapsepix-tab-7997789\"><i class=\"pixicon-flag-7 text-primary text-20 pix-mr-10\" ><\/i> <span class=\"font-weight-bold text-primary\" >How can I contribute to the Rumo Norte Project?<\/span><\/button>\n               <\/div>\n\n               <div id=\"collapsepix-tab-7997789\" class=\"collapse\" aria-labelledby=\"headingpix-tab-7997789\">\n                 <div class=\"card-body\">\n                     <ul><li style=\"font-weight: 400;\" aria-level=\"1\"><span style=\"font-weight: 400;\">Corporate partnerships, mentoring and technical support are incredible ways to contribute.<\/span><\/li><\/ul>\n                 <\/div>\n               <\/div>\n             <\/div><div class=\"card\">\n               <div class=\"card-header pix-mb-10 shadow-sm rounded-lg bg-white\" id=\"headingpix-tab-6846561\" >\n                   <button class=\"btn btn-link text-left\" type=\"button\" data-toggle=\"collapse\" data-target=\"#collapsepix-tab-6846561\" aria-expanded=\"true\" aria-controls=\"collapsepix-tab-6846561\"><i class=\"pixicon-flag-7 text-primary text-20 pix-mr-10\" ><\/i> <span class=\"font-weight-bold text-primary\" >What is the impact of my support?<\/span><\/button>\n               <\/div>\n\n               <div id=\"collapsepix-tab-6846561\" class=\"collapse\" aria-labelledby=\"headingpix-tab-6846561\">\n                 <div class=\"card-body\">\n                     <p><span style=\"font-weight: 400;\">Every contribution helps someone take a step towards independence and empowerment.<\/span><\/p>\n                 <\/div>\n               <\/div>\n             <\/div><\/div>\t\t<\/div>\n\t\t\t\t<\/div>\n\t\t\t\t<div class=\"elementor-element elementor-element-7f16ea5 elementor-widget elementor-widget-pix-text\" data-id=\"7f16ea5\" data-element_type=\"widget\" data-widget_type=\"pix-text.default\">\n\t\t\t\t<div class=\"elementor-widget-container\">\n\t\t\t<div class=\"pix-el-text w-100 text-left\" ><p class=\"resp-option text-left\"><p><strong>Connect with us!<\/strong><\/p><p><span style=\"font-weight: 400;\">We want you to be part of our mission.\u00a0<\/span><\/p><p><span style=\"font-weight: 400;\">Join us in building a more inclusive and empowered society, where every person has the opportunity to shine. <\/span><\/p><\/p><\/div>\t\t<\/div>\n\t\t\t\t<\/div>\n\t\t\t\t<div class=\"elementor-element elementor-element-a1e95ed elementor-widget elementor-widget-pix-button\" data-id=\"a1e95ed\" data-element_type=\"widget\" data-widget_type=\"pix-button.default\">\n\t\t\t\t<div class=\"elementor-widget-container\">\n\t\t\t<a href=\"https:\/\/docs.google.com\/document\/d\/1Mn7nH_6SVAPh0X5f7_9TW4pTRfgg560nc6ouI5vIAzU\/edit\" class=\"btn m-0     shadow-sm btn-primary d-block w-100       animate-in btn-md\" data-anim-type=\"fade-in-Img\" data-anim-delay=\"0\" target=\"_blank\" rel=\"noopener\"><span class=\"font-weight-bold\" >I want to support<\/span><\/a>\t\t<\/div>\n\t\t\t\t<\/div>\n\t\t\t\t<div class=\"elementor-element elementor-element-525822b elementor-widget elementor-widget-pix-text\" data-id=\"525822b\" data-element_type=\"widget\" data-widget_type=\"pix-text.default\">\n\t\t\t\t<div class=\"elementor-widget-container\">\n\t\t\t<div class=\"pix-el-text w-100 text-left\" ><p class=\"resp-option text-left\"><p><span style=\"font-weight: 400;\">To find out more, please contact Liziane, the project coordinator, on the phone: <strong>(51) 3225 9129.<\/strong><\/span><\/p><\/p><\/div>\t\t<\/div>\n\t\t\t\t<\/div>\n\t\t\t\t<div class=\"elementor-element elementor-element-693564b elementor-widget-divider--view-line elementor-widget elementor-widget-divider\" data-id=\"693564b\" data-element_type=\"widget\" data-widget_type=\"divider.default\">\n\t\t\t\t<div class=\"elementor-widget-container\">\n\t\t\t\t\t<div class=\"elementor-divider\">\n\t\t\t<span class=\"elementor-divider-separator\">\n\t\t\t\t\t\t<\/span>\n\t\t<\/div>\n\t\t\t\t<\/div>\n\t\t\t\t<\/div>\n\t\t\t\t<div class=\"elementor-element elementor-element-a0c2cb6 elementor-widget elementor-widget-pix-heading\" data-id=\"a0c2cb6\" data-element_type=\"widget\" data-widget_type=\"pix-heading.default\">\n\t\t\t\t<div class=\"elementor-widget-container\">\n\t\t\t<div  class=\"pix-heading-el text-left\"><div><div class=\"slide-in-container2\"><h2 class=\"text-body-default font-weight-bold heading-text el-title_custom_color mb-12\" style=\"\" data-anim-type=\"\" data-anim-delay=\"\">Mother Teresa of Jesus Sociocultural Association<\/h2><\/div><\/div><\/div>\t\t<\/div>\n\t\t\t\t<\/div>\n\t\t\t\t<div class=\"elementor-element elementor-element-3c58945 elementor-widget elementor-widget-pix-text\" data-id=\"3c58945\" data-element_type=\"widget\" data-widget_type=\"pix-text.default\">\n\t\t\t\t<div class=\"elementor-widget-container\">\n\t\t\t<div class=\"pix-el-text w-100 text-left\" ><p class=\"resp-option text-left\"><p><span style=\"font-weight: 400;\">In the midst of the bustling metropolis of S\u00e3o Paulo, the Madre Teresa de Jesus Sociocultural Association stands as a beacon of hope. Since 2003, our association has been a sanctuary of learning and growth for the underprivileged community of the Jardim Elisa Maria neighborhood, especially through two projects:<\/span><\/p><ul><li style=\"font-weight: 400;\" aria-level=\"1\"><b>Center for Children and Adolescents (CCA):<\/b><span style=\"font-weight: 400;\"><span style=\"font-weight: 400;\"> A vibrant initiative where young people aged 6 to 15 discover their potential in a welcoming and educational space. With more than 180 active children and many more waiting for an opportunity, this project is a spark that ignites bright futures.<\/span><\/span><p>\u00a0<\/p><\/li><li style=\"font-weight: 400;\" aria-level=\"1\"><b>Youth and Adult Literacy Movement (MOVA):<\/b> We unlocked the world of letters for 60 students, divided into three classes, giving them the tools to write their own successful paths.<\/li><\/ul><\/p><\/div>\t\t<\/div>\n\t\t\t\t<\/div>\n\t\t\t\t<div class=\"elementor-element elementor-element-2604967 elementor-widget elementor-widget-pix-accordion\" data-id=\"2604967\" data-element_type=\"widget\" data-widget_type=\"pix-accordion.default\">\n\t\t\t\t<div class=\"elementor-widget-container\">\n\t\t\t<div class=\"accordion w-100 accordion-card bg-white2 rounded-lg2\" id=\"accordion-5821113\"><div class=\"card\">\n               <div class=\"card-header pix-mb-10 shadow-sm rounded-lg bg-white\" id=\"headingpix-tab-9250676\" >\n                   <button class=\"btn btn-link text-left\" type=\"button\" data-toggle=\"collapse\" data-target=\"#collapsepix-tab-9250676\" aria-expanded=\"true\" aria-controls=\"collapsepix-tab-9250676\"><i class=\"pixicon-flag-7 text-primary text-20 pix-mr-10\" ><\/i> <span class=\"font-weight-bold text-primary\" >How can I get involved with the Association?<\/span><\/button>\n               <\/div>\n\n               <div id=\"collapsepix-tab-9250676\" class=\"collapse\" aria-labelledby=\"headingpix-tab-9250676\">\n                 <div class=\"card-body\">\n                     <ul><li style=\"font-weight: 400;\" aria-level=\"1\"><span style=\"font-weight: 400;\">Donations, volunteering or simply spreading the word, every gesture helps to shape a better future.<\/span><\/li><\/ul>\n                 <\/div>\n               <\/div>\n             <\/div><div class=\"card\">\n               <div class=\"card-header pix-mb-10 shadow-sm rounded-lg bg-white\" id=\"headingpix-tab-7688613\" >\n                   <button class=\"btn btn-link text-left\" type=\"button\" data-toggle=\"collapse\" data-target=\"#collapsepix-tab-7688613\" aria-expanded=\"true\" aria-controls=\"collapsepix-tab-7688613\"><i class=\"pixicon-flag-7 text-primary text-20 pix-mr-10\" ><\/i> <span class=\"font-weight-bold text-primary\" >Can I donate materials or time instead of money?<\/span><\/button>\n               <\/div>\n\n               <div id=\"collapsepix-tab-7688613\" class=\"collapse\" aria-labelledby=\"headingpix-tab-7688613\">\n                 <div class=\"card-body\">\n                     <ul><li><span style=\"font-weight: 400;\">Absolutely! Books, art materials and your time are just as valuable as financial contributions.<\/span><\/li><\/ul>\n                 <\/div>\n               <\/div>\n             <\/div><\/div>\t\t<\/div>\n\t\t\t\t<\/div>\n\t\t\t\t<div class=\"elementor-element elementor-element-08457be elementor-widget elementor-widget-pix-button\" data-id=\"08457be\" data-element_type=\"widget\" data-widget_type=\"pix-button.default\">\n\t\t\t\t<div class=\"elementor-widget-container\">\n\t\t\t<a href=\"https:\/\/docs.google.com\/document\/d\/1Mn7nH_6SVAPh0X5f7_9TW4pTRfgg560nc6ouI5vIAzU\/edit\" class=\"btn m-0     shadow-sm btn-primary d-block w-100       animate-in btn-normal\" data-anim-type=\"fade-in-Img\" data-anim-delay=\"0\" target=\"_blank\" rel=\"noopener\"><span class=\"font-weight-bold\" >I want to support<\/span><\/a>\t\t<\/div>\n\t\t\t\t<\/div>\n\t\t\t\t<div class=\"elementor-element elementor-element-70bed3a elementor-widget elementor-widget-pix-text\" data-id=\"70bed3a\" data-element_type=\"widget\" data-widget_type=\"pix-text.default\">\n\t\t\t\t<div class=\"elementor-widget-container\">\n\t\t\t<div class=\"pix-el-text w-100 text-left\" ><p class=\"resp-option text-left\"><p><span style=\"font-weight: 400;\">To find out more, contact Sister Let\u00edcia by phone:<strong> (11) 96734 1338.<\/strong><\/span><\/p><\/p><\/div>\t\t<\/div>\n\t\t\t\t<\/div>\n\t\t\t\t\t<\/div>\n\t\t<\/div>\n\t\t\t\t\t<\/div>\n\t\t<\/section>\n\t\t\t\t<\/div>","protected":false},"excerpt":{"rendered":"<p>Projetos Sociais Inclus\u00e3o e Transforma\u00e7\u00e3o Social: Conhe\u00e7a os Projetos Inovadores da Congrega\u00e7\u00e3o das Irm\u00e3s Escolares Na Congrega\u00e7\u00e3o das Irm\u00e3s Escolares, acreditamos no poder da educa\u00e7\u00e3o e inclus\u00e3o para transformar vidas. Com base nos ensinamentos de Madre Teresa, nossa fundadora, impulsionamos&#8230;<\/p>","protected":false},"author":1,"featured_media":0,"parent":0,"menu_order":0,"comment_status":"closed","ping_status":"closed","template":"elementor_header_footer","meta":{"rank_math_lock_modified_date":false,"footnotes":""},"class_list":["post-6763","page","type-page","status-publish","hentry"],"_links":{"self":[{"href":"https:\/\/escolares.agenciatabor.com.br\/en\/wp-json\/wp\/v2\/pages\/6763"}],"collection":[{"href":"https:\/\/escolares.agenciatabor.com.br\/en\/wp-json\/wp\/v2\/pages"}],"about":[{"href":"https:\/\/escolares.agenciatabor.com.br\/en\/wp-json\/wp\/v2\/types\/page"}],"author":[{"embeddable":true,"href":"https:\/\/escolares.agenciatabor.com.br\/en\/wp-json\/wp\/v2\/users\/1"}],"replies":[{"embeddable":true,"href":"https:\/\/escolares.agenciatabor.com.br\/en\/wp-json\/wp\/v2\/comments?post=6763"}],"version-history":[{"count":43,"href":"https:\/\/escolares.agenciatabor.com.br\/en\/wp-json\/wp\/v2\/pages\/6763\/revisions"}],"predecessor-version":[{"id":8285,"href":"https:\/\/escolares.agenciatabor.com.br\/en\/wp-json\/wp\/v2\/pages\/6763\/revisions\/8285"}],"wp:attachment":[{"href":"https:\/\/escolares.agenciatabor.com.br\/en\/wp-json\/wp\/v2\/media?parent=6763"}],"curies":[{"name":"wp","href":"https:\/\/api.w.org\/{rel}","templated":true}]}}