{"id":6999,"date":"2024-04-14T01:27:49","date_gmt":"2024-04-14T04:27:49","guid":{"rendered":"https:\/\/escolares.agenciatabor.com.br\/?page_id=6999"},"modified":"2024-05-28T20:30:54","modified_gmt":"2024-05-28T23:30:54","slug":"rede-shalom","status":"publish","type":"page","link":"https:\/\/escolares.agenciatabor.com.br\/en\/shalom-network\/","title":{"rendered":"Shalom Network"},"content":{"rendered":"<div data-elementor-type=\"wp-page\" data-elementor-id=\"6999\" class=\"elementor elementor-6999\" data-elementor-post-type=\"page\">\n\t\t\t\t\t\t<section class=\"elementor-section elementor-top-section elementor-element elementor-element-2f1dafbc elementor-section-boxed elementor-section-height-default elementor-section-height-default\" data-id=\"2f1dafbc\" data-element_type=\"section\" data-settings=\"{&quot;jet_parallax_layout_list&quot;:[],&quot;shape_divider_top&quot;:&quot;tilt&quot;}\">\n\t\t\t\t\t\t\t<div class=\"elementor-background-overlay\"><\/div>\n\t\t\t\t\t\t<div class=\"elementor-shape elementor-shape-top\" data-negative=\"false\">\n\t\t\t<svg xmlns=\"http:\/\/www.w3.org\/2000\/svg\" viewbox=\"0 0 1000 100\" preserveaspectratio=\"none\">\n\t<path class=\"elementor-shape-fill\" d=\"M0,6V0h1000v100L0,6z\"\/>\n<\/svg>\t\t<\/div>\n\t\t\t\t\t<div class=\"elementor-container elementor-column-gap-default\">\n\t\t\t\t\t<div class=\"elementor-column elementor-col-50 elementor-top-column elementor-element elementor-element-51aef564\" data-id=\"51aef564\" data-element_type=\"column\">\n\t\t\t<div class=\"elementor-widget-wrap elementor-element-populated\">\n\t\t\t\t\t\t<div class=\"elementor-element elementor-element-362b2e87 elementor-widget elementor-widget-pix-badge\" data-id=\"362b2e87\" data-element_type=\"widget\" data-widget_type=\"pix-badge.default\">\n\t\t\t\t<div class=\"elementor-widget-container\">\n\t\t\t<span class=\"pix-badge-element h6 d-inline-block mr-1\"  ><span class=\"badge font-weight-bold secondary-font bg-yellow  pix-py-10 pix-px-15\" style=\" \"><span class=\"text-body-default\" style=\"\">Shalom Network<\/span><\/span><\/span>\t\t<\/div>\n\t\t\t\t<\/div>\n\t\t\t\t<div class=\"elementor-element elementor-element-29e93b21 elementor-widget elementor-widget-pix-heading\" data-id=\"29e93b21\" data-element_type=\"widget\" data-widget_type=\"pix-heading.default\">\n\t\t\t\t<div class=\"elementor-widget-container\">\n\t\t\t<div  class=\"pix-heading-el text-left\"><div><div class=\"slide-in-container2\"><h2 class=\"text-body-default font-weight-bold heading-text el-title_custom_color mb-12\" style=\"\" data-anim-type=\"\" data-anim-delay=\"\">Get to know the Shalom Network: Justice, Peace and the Integrity of Creation<\/h2><\/div><\/div><\/div>\t\t<\/div>\n\t\t\t\t<\/div>\n\t\t\t\t<div class=\"elementor-element elementor-element-1e57a031 elementor-widget elementor-widget-pix-text\" data-id=\"1e57a031\" data-element_type=\"widget\" data-widget_type=\"pix-text.default\">\n\t\t\t\t<div class=\"elementor-widget-container\">\n\t\t\t<div class=\"pix-el-text w-100 text-left\" ><p class=\"text-20 resp-option text-dark-opacity-8 text-left\" >The Shalom Network is a global initiative of the School Sisters of Notre Dame that promotes Justice, Peace and the Integrity of Creation throughout the world. As a tangible expression of the mission of the School Sisters of Notre Dame, the Network stands out for its integrated approach to education, spirituality and social advocacy, continuously working for the establishment of a more just and peaceful society.\n<\/p><\/div>\t\t<\/div>\n\t\t\t\t<\/div>\n\t\t\t\t<div class=\"elementor-element elementor-element-b7667df elementor-widget elementor-widget-pix-heading\" data-id=\"b7667df\" data-element_type=\"widget\" data-widget_type=\"pix-heading.default\">\n\t\t\t\t<div class=\"elementor-widget-container\">\n\t\t\t<div  class=\"pix-heading-el text-left\"><div><div class=\"slide-in-container2\"><h2 class=\"text-body-default font-weight-bold heading-text el-title_custom_color mb-12\" style=\"\" data-anim-type=\"\" data-anim-delay=\"\">History of the Shalom Network<\/h2><\/div><\/div><\/div>\t\t<\/div>\n\t\t\t\t<\/div>\n\t\t\t\t<div class=\"elementor-element elementor-element-b16fc67 elementor-widget elementor-widget-pix-text\" data-id=\"b16fc67\" data-element_type=\"widget\" data-widget_type=\"pix-text.default\">\n\t\t\t\t<div class=\"elementor-widget-container\">\n\t\t\t<div class=\"pix-el-text w-100 text-left\" ><p class=\"text-20 resp-option text-dark-opacity-8 text-left\" >Founded on the belief that education and conscious action can transform societies, the Shalom Network was established as a response to the growing need for social and ecological intervention in the places where the School Sisters of Notre Dame operate. Since its conception in 1995, the Network has grown and expanded globally, with representations on every continent, fostering solidarity and collaboration between diverse cultures and communities.\n<\/p><\/div>\t\t<\/div>\n\t\t\t\t<\/div>\n\t\t\t\t<div class=\"elementor-element elementor-element-4249391 elementor-widget elementor-widget-pix-heading\" data-id=\"4249391\" data-element_type=\"widget\" data-widget_type=\"pix-heading.default\">\n\t\t\t\t<div class=\"elementor-widget-container\">\n\t\t\t<div  class=\"pix-heading-el text-left\"><div><div class=\"slide-in-container2\"><h2 class=\"text-body-default font-weight-bold heading-text el-title_custom_color mb-12\" style=\"\" data-anim-type=\"\" data-anim-delay=\"\">Shalom Network's differentials<\/h2><\/div><\/div><\/div>\t\t<\/div>\n\t\t\t\t<\/div>\n\t\t\t\t<div class=\"elementor-element elementor-element-bf1f3d2 elementor-widget elementor-widget-pix-text\" data-id=\"bf1f3d2\" data-element_type=\"widget\" data-widget_type=\"pix-text.default\">\n\t\t\t\t<div class=\"elementor-widget-container\">\n\t\t\t<div class=\"pix-el-text w-100 text-left\" ><p class=\"text-20 resp-option text-dark-opacity-8 text-left\" >What makes the Shalom Network stand out on the global NGO scene is its ability to integrate social justice issues with environmental and spiritual concerns. In addition, the Network has consultative status at the United Nations, allowing it to bring the voices of less heard communities to international forums, influencing policies and practices around the world. Ongoing networking and the promotion of human rights education are at the heart of its actions.\n<\/p><\/div>\t\t<\/div>\n\t\t\t\t<\/div>\n\t\t\t\t\t<\/div>\n\t\t<\/div>\n\t\t\t\t<div class=\"elementor-column elementor-col-50 elementor-top-column elementor-element elementor-element-3ff660c4\" data-id=\"3ff660c4\" data-element_type=\"column\">\n\t\t\t<div class=\"elementor-widget-wrap elementor-element-populated\">\n\t\t\t\t\t\t<div class=\"elementor-element elementor-element-cd2d860 elementor-widget elementor-widget-image\" data-id=\"cd2d860\" data-element_type=\"widget\" data-widget_type=\"image.default\">\n\t\t\t\t<div class=\"elementor-widget-container\">\n\t\t\t\t\t\t\t\t\t\t\t\t\t<img fetchpriority=\"high\" decoding=\"async\" width=\"640\" height=\"536\" src=\"https:\/\/escolares.agenciatabor.com.br\/wp-content\/uploads\/2024\/04\/logo_shalom_blue_transparent_900.png\" class=\"attachment-large size-large wp-image-7001\" alt=\"\" srcset=\"https:\/\/escolares.agenciatabor.com.br\/wp-content\/uploads\/2024\/04\/logo_shalom_blue_transparent_900.png 900w, https:\/\/escolares.agenciatabor.com.br\/wp-content\/uploads\/2024\/04\/logo_shalom_blue_transparent_900-300x251.png 300w, https:\/\/escolares.agenciatabor.com.br\/wp-content\/uploads\/2024\/04\/logo_shalom_blue_transparent_900-768x643.png 768w, https:\/\/escolares.agenciatabor.com.br\/wp-content\/uploads\/2024\/04\/logo_shalom_blue_transparent_900-14x12.png 14w\" sizes=\"(max-width: 640px) 100vw, 640px\" title=\"\">\t\t\t\t\t\t\t\t\t\t\t\t\t<\/div>\n\t\t\t\t<\/div>\n\t\t\t\t<div class=\"elementor-element elementor-element-7976688 elementor-widget elementor-widget-pix-heading\" data-id=\"7976688\" data-element_type=\"widget\" data-widget_type=\"pix-heading.default\">\n\t\t\t\t<div class=\"elementor-widget-container\">\n\t\t\t<div  class=\"pix-heading-el text-left\"><div><div class=\"slide-in-container2\"><h2 class=\"text-body-default font-weight-bold heading-text el-title_custom_color mb-12\" style=\"\" data-anim-type=\"\" data-anim-delay=\"\">Importance and Performance<\/h2><\/div><\/div><\/div>\t\t<\/div>\n\t\t\t\t<\/div>\n\t\t\t\t<div class=\"elementor-element elementor-element-69176f4 elementor-widget elementor-widget-pix-text\" data-id=\"69176f4\" data-element_type=\"widget\" data-widget_type=\"pix-text.default\">\n\t\t\t\t<div class=\"elementor-widget-container\">\n\t\t\t<div class=\"pix-el-text w-100 text-left\" ><p class=\"text-20 resp-option text-dark-opacity-8 text-left\" >The work of the Shalom Network is essential in a world where inequalities and social injustices persist. Through initiatives such as strengthening human rights education, campaigning for the cancellation of foreign debt and the fight against human trafficking, the Network not only responds to emergencies, but also works to eradicate the root causes of oppression. <br><br>\n\nBy promoting a culture of peace and reconciliation, the Shalom Network shows that it is possible to overcome cultural and national barriers by uniting people around common values of justice and integrity. Its members, which include both the School Sisters of Notre Dame and lay collaborators, are living witnesses to the transformative power of global solidarity.\n<\/p><\/div>\t\t<\/div>\n\t\t\t\t<\/div>\n\t\t\t\t\t<\/div>\n\t\t<\/div>\n\t\t\t\t\t<\/div>\n\t\t<\/section>\n\t\t\t\t<section class=\"elementor-section elementor-top-section elementor-element elementor-element-1acba36b elementor-section-boxed elementor-section-height-default elementor-section-height-default\" data-id=\"1acba36b\" data-element_type=\"section\" data-settings=\"{&quot;jet_parallax_layout_list&quot;:[],&quot;shape_divider_bottom&quot;:&quot;triangle&quot;}\">\n\t\t\t\t\t<div class=\"elementor-shape elementor-shape-bottom\" data-negative=\"false\">\n\t\t\t<svg xmlns=\"http:\/\/www.w3.org\/2000\/svg\" viewbox=\"0 0 1000 100\" preserveaspectratio=\"none\">\n\t<path class=\"elementor-shape-fill\" d=\"M500,98.9L0,6.1V0h1000v6.1L500,98.9z\"\/>\n<\/svg>\t\t<\/div>\n\t\t\t\t\t<div class=\"elementor-container elementor-column-gap-default\">\n\t\t\t\t\t<div class=\"elementor-column elementor-col-100 elementor-top-column elementor-element elementor-element-7dbcd568\" data-id=\"7dbcd568\" data-element_type=\"column\">\n\t\t\t<div class=\"elementor-widget-wrap elementor-element-populated\">\n\t\t\t\t\t\t<div class=\"elementor-element elementor-element-65a30df elementor-absolute elementor-widget elementor-widget-image\" data-id=\"65a30df\" data-element_type=\"widget\" data-settings=\"{&quot;_position&quot;:&quot;absolute&quot;,&quot;motion_fx_motion_fx_mouse&quot;:&quot;yes&quot;,&quot;motion_fx_mouseTrack_effect&quot;:&quot;yes&quot;,&quot;motion_fx_mouseTrack_speed&quot;:{&quot;unit&quot;:&quot;px&quot;,&quot;size&quot;:1,&quot;sizes&quot;:[]}}\" data-widget_type=\"image.default\">\n\t\t\t\t<div class=\"elementor-widget-container\">\n\t\t\t\t\t\t\t\t\t\t\t\t\t<img decoding=\"async\" width=\"200\" height=\"155\" src=\"https:\/\/escolares.agenciatabor.com.br\/wp-content\/uploads\/2024\/03\/DEFR.png\" class=\"attachment-large size-large wp-image-4930\" alt=\"\" srcset=\"https:\/\/escolares.agenciatabor.com.br\/wp-content\/uploads\/2024\/03\/DEFR.png 200w, https:\/\/escolares.agenciatabor.com.br\/wp-content\/uploads\/2024\/03\/DEFR-15x12.png 15w\" sizes=\"(max-width: 200px) 100vw, 200px\" title=\"\">\t\t\t\t\t\t\t\t\t\t\t\t\t<\/div>\n\t\t\t\t<\/div>\n\t\t\t\t<div class=\"elementor-element elementor-element-2fd942b elementor-absolute elementor-widget elementor-widget-image\" data-id=\"2fd942b\" data-element_type=\"widget\" data-settings=\"{&quot;_position&quot;:&quot;absolute&quot;,&quot;motion_fx_motion_fx_mouse&quot;:&quot;yes&quot;,&quot;motion_fx_mouseTrack_effect&quot;:&quot;yes&quot;,&quot;motion_fx_mouseTrack_speed&quot;:{&quot;unit&quot;:&quot;px&quot;,&quot;size&quot;:1,&quot;sizes&quot;:[]}}\" data-widget_type=\"image.default\">\n\t\t\t\t<div class=\"elementor-widget-container\">\n\t\t\t\t\t\t\t\t\t\t\t\t\t<img decoding=\"async\" width=\"200\" height=\"155\" src=\"https:\/\/escolares.agenciatabor.com.br\/wp-content\/uploads\/2024\/03\/DEFR.png\" class=\"attachment-large size-large wp-image-4930\" alt=\"\" srcset=\"https:\/\/escolares.agenciatabor.com.br\/wp-content\/uploads\/2024\/03\/DEFR.png 200w, https:\/\/escolares.agenciatabor.com.br\/wp-content\/uploads\/2024\/03\/DEFR-15x12.png 15w\" sizes=\"(max-width: 200px) 100vw, 200px\" title=\"\">\t\t\t\t\t\t\t\t\t\t\t\t\t<\/div>\n\t\t\t\t<\/div>\n\t\t\t\t<div class=\"elementor-element elementor-element-6ae093c elementor-absolute elementor-widget elementor-widget-image\" data-id=\"6ae093c\" data-element_type=\"widget\" data-settings=\"{&quot;_position&quot;:&quot;absolute&quot;,&quot;motion_fx_motion_fx_mouse&quot;:&quot;yes&quot;,&quot;motion_fx_mouseTrack_effect&quot;:&quot;yes&quot;,&quot;motion_fx_mouseTrack_speed&quot;:{&quot;unit&quot;:&quot;px&quot;,&quot;size&quot;:1,&quot;sizes&quot;:[]}}\" data-widget_type=\"image.default\">\n\t\t\t\t<div class=\"elementor-widget-container\">\n\t\t\t\t\t\t\t\t\t\t\t\t\t<img decoding=\"async\" width=\"200\" height=\"155\" src=\"https:\/\/escolares.agenciatabor.com.br\/wp-content\/uploads\/2024\/03\/DEFR.png\" class=\"attachment-large size-large wp-image-4930\" alt=\"\" srcset=\"https:\/\/escolares.agenciatabor.com.br\/wp-content\/uploads\/2024\/03\/DEFR.png 200w, https:\/\/escolares.agenciatabor.com.br\/wp-content\/uploads\/2024\/03\/DEFR-15x12.png 15w\" sizes=\"(max-width: 200px) 100vw, 200px\" title=\"\">\t\t\t\t\t\t\t\t\t\t\t\t\t<\/div>\n\t\t\t\t<\/div>\n\t\t\t\t<div class=\"elementor-element elementor-element-8f78345 elementor-widget elementor-widget-pix-heading\" data-id=\"8f78345\" data-element_type=\"widget\" data-widget_type=\"pix-heading.default\">\n\t\t\t\t<div class=\"elementor-widget-container\">\n\t\t\t<div  class=\"pix-heading-el text-left\"><div><div class=\"slide-in-container2\"><h2 class=\"text-body-default font-weight-bold heading-text el-title_custom_color mb-12\" style=\"\" data-anim-type=\"\" data-anim-delay=\"\">Positioning in today's world<\/h2><\/div><\/div><\/div>\t\t<\/div>\n\t\t\t\t<\/div>\n\t\t\t\t<div class=\"elementor-element elementor-element-5c6c0cab elementor-widget elementor-widget-pix-text\" data-id=\"5c6c0cab\" data-element_type=\"widget\" data-widget_type=\"pix-text.default\">\n\t\t\t\t<div class=\"elementor-widget-container\">\n\t\t\t<div class=\"pix-el-text w-100 text-left\" ><p class=\"text-20 resp-option text-dark-opacity-8 text-left\" >In the current context, where global crises and environmental issues dominate international debates, the mission of the Shalom Network is more relevant than ever. Through its affiliation with the UN and other international organizations, the Network is well placed to influence policy and promote meaningful change that resonates globally.<\/p><\/div>\t\t<\/div>\n\t\t\t\t<\/div>\n\t\t\t\t<div class=\"elementor-element elementor-element-542ab1e elementor-widget elementor-widget-pix-button\" data-id=\"542ab1e\" data-element_type=\"widget\" data-widget_type=\"pix-button.default\">\n\t\t\t\t<div class=\"elementor-widget-container\">\n\t\t\t<a href=\"https:\/\/drive.google.com\/file\/d\/1jyCsjW2TwnnUJ0yfNdqenlHdOCcFmWRD\/view?usp=drive_link\" class=\"btn m-0     btn-primary d-inline-block pix-hover-item       btn-md\" target=\"_blank\" rel=\"noopener\"><i class=\"font-weight-bold pixicon-bar-chart-2  pix-hover-left  mr-1\"><\/i> <span class=\"font-weight-bold\" >Download the infographic summarizing the history of the Shalom Network.<\/span><\/a>\t\t<\/div>\n\t\t\t\t<\/div>\n\t\t\t\t<div class=\"elementor-element elementor-element-cb0d252 elementor-widget elementor-widget-pix-text\" data-id=\"cb0d252\" data-element_type=\"widget\" data-widget_type=\"pix-text.default\">\n\t\t\t\t<div class=\"elementor-widget-container\">\n\t\t\t<div class=\"pix-el-text w-100 text-left\" ><p class=\"text-20 resp-option text-dark-opacity-8 text-left font-weight-bold\" >Want to know more about Shalom's guidelines?\n<\/p><\/div>\t\t<\/div>\n\t\t\t\t<\/div>\n\t\t\t\t<div class=\"elementor-element elementor-element-e42fd3c elementor-widget elementor-widget-pix-button\" data-id=\"e42fd3c\" data-element_type=\"widget\" data-widget_type=\"pix-button.default\">\n\t\t\t\t<div class=\"elementor-widget-container\">\n\t\t\t<a href=\"https:\/\/drive.google.com\/file\/d\/1k-StLByfX7rVKCUtbjzX7p0fpYMoj2Wa\/view?usp=drive_link\" class=\"btn m-0     text-primary btn-yellow d-inline-block pix-hover-item       btn-md\" target=\"_blank\" rel=\"noopener\"><i class=\"font-weight-bold pixicon-passport  pix-hover-left  mr-1\"><\/i> <span class=\"font-weight-bold\" >Download the full document here.<\/span><\/a>\t\t<\/div>\n\t\t\t\t<\/div>\n\t\t\t\t\t<\/div>\n\t\t<\/div>\n\t\t\t\t\t<\/div>\n\t\t<\/section>\n\t\t\t\t<\/div>","protected":false},"excerpt":{"rendered":"<p>Rede Shalom Conhe\u00e7a a Rede Shalom: Justi\u00e7a, Paz e Integridade da Cria\u00e7\u00e3o A Rede Shalom \u00e9 uma iniciativa global das Irm\u00e3s Escolares de Nossa Senhora que promove Justi\u00e7a, Paz e Integridade da Cria\u00e7\u00e3o em todo o mundo. Como uma express\u00e3o&#8230;<\/p>","protected":false},"author":1,"featured_media":0,"parent":0,"menu_order":0,"comment_status":"closed","ping_status":"closed","template":"elementor_header_footer","meta":{"rank_math_lock_modified_date":false,"footnotes":""},"class_list":["post-6999","page","type-page","status-publish","hentry"],"_links":{"self":[{"href":"https:\/\/escolares.agenciatabor.com.br\/en\/wp-json\/wp\/v2\/pages\/6999"}],"collection":[{"href":"https:\/\/escolares.agenciatabor.com.br\/en\/wp-json\/wp\/v2\/pages"}],"about":[{"href":"https:\/\/escolares.agenciatabor.com.br\/en\/wp-json\/wp\/v2\/types\/page"}],"author":[{"embeddable":true,"href":"https:\/\/escolares.agenciatabor.com.br\/en\/wp-json\/wp\/v2\/users\/1"}],"replies":[{"embeddable":true,"href":"https:\/\/escolares.agenciatabor.com.br\/en\/wp-json\/wp\/v2\/comments?post=6999"}],"version-history":[{"count":28,"href":"https:\/\/escolares.agenciatabor.com.br\/en\/wp-json\/wp\/v2\/pages\/6999\/revisions"}],"predecessor-version":[{"id":8313,"href":"https:\/\/escolares.agenciatabor.com.br\/en\/wp-json\/wp\/v2\/pages\/6999\/revisions\/8313"}],"wp:attachment":[{"href":"https:\/\/escolares.agenciatabor.com.br\/en\/wp-json\/wp\/v2\/media?parent=6999"}],"curies":[{"name":"wp","href":"https:\/\/api.w.org\/{rel}","templated":true}]}}