{"id":7603,"date":"2024-04-14T17:50:12","date_gmt":"2024-04-14T20:50:12","guid":{"rendered":"https:\/\/escolares.agenciatabor.com.br\/?page_id=7603"},"modified":"2024-05-28T21:14:38","modified_gmt":"2024-05-29T00:14:38","slug":"centro-de-espiritualidade-carolina-del-rio","status":"publish","type":"page","link":"https:\/\/escolares.agenciatabor.com.br\/en\/carolina-del-rio-spirituality-center\/","title":{"rendered":"Carolina del R\u00edo Spirituality Center"},"content":{"rendered":"<div data-elementor-type=\"wp-page\" data-elementor-id=\"7603\" class=\"elementor elementor-7603\" data-elementor-post-type=\"page\">\n\t\t\t\t\t\t<section class=\"elementor-section elementor-top-section elementor-element elementor-element-2a0cfad3 elementor-section-boxed elementor-section-height-default elementor-section-height-default\" data-id=\"2a0cfad3\" data-element_type=\"section\" data-settings=\"{&quot;background_background&quot;:&quot;classic&quot;,&quot;shape_divider_top&quot;:&quot;tilt&quot;,&quot;jet_parallax_layout_list&quot;:[]}\">\n\t\t\t\t\t<div class=\"elementor-shape elementor-shape-top\" data-negative=\"false\">\n\t\t\t<svg xmlns=\"http:\/\/www.w3.org\/2000\/svg\" viewbox=\"0 0 1000 100\" preserveaspectratio=\"none\">\n\t<path class=\"elementor-shape-fill\" d=\"M0,6V0h1000v100L0,6z\"\/>\n<\/svg>\t\t<\/div>\n\t\t\t\t\t<div class=\"elementor-container elementor-column-gap-default\">\n\t\t\t\t\t<div class=\"elementor-column elementor-col-100 elementor-top-column elementor-element elementor-element-bb7c2f0\" data-id=\"bb7c2f0\" data-element_type=\"column\">\n\t\t\t<div class=\"elementor-widget-wrap elementor-element-populated\">\n\t\t\t\t\t\t<div class=\"elementor-element elementor-element-752a7384 elementor-widget-divider--view-line elementor-widget elementor-widget-divider\" data-id=\"752a7384\" data-element_type=\"widget\" data-widget_type=\"divider.default\">\n\t\t\t\t<div class=\"elementor-widget-container\">\n\t\t\t\t\t<div class=\"elementor-divider\">\n\t\t\t<span class=\"elementor-divider-separator\">\n\t\t\t\t\t\t<\/span>\n\t\t<\/div>\n\t\t\t\t<\/div>\n\t\t\t\t<\/div>\n\t\t\t\t\t<\/div>\n\t\t<\/div>\n\t\t\t\t\t<\/div>\n\t\t<\/section>\n\t\t\t\t<section class=\"elementor-section elementor-top-section elementor-element elementor-element-1d859324 elementor-section-boxed elementor-section-height-default elementor-section-height-default\" data-id=\"1d859324\" data-element_type=\"section\" data-settings=\"{&quot;background_background&quot;:&quot;classic&quot;,&quot;shape_divider_top&quot;:&quot;triangle-asymmetrical&quot;,&quot;shape_divider_bottom&quot;:&quot;triangle-asymmetrical&quot;,&quot;jet_parallax_layout_list&quot;:[]}\">\n\t\t\t\t\t<div class=\"elementor-shape elementor-shape-top\" data-negative=\"false\">\n\t\t\t<svg xmlns=\"http:\/\/www.w3.org\/2000\/svg\" viewbox=\"0 0 1000 100\" preserveaspectratio=\"none\">\n\t<path class=\"elementor-shape-fill\" d=\"M738,99l262-93V0H0v5.6L738,99z\"\/>\n<\/svg>\t\t<\/div>\n\t\t\t\t<div class=\"elementor-shape elementor-shape-bottom\" data-negative=\"false\">\n\t\t\t<svg xmlns=\"http:\/\/www.w3.org\/2000\/svg\" viewbox=\"0 0 1000 100\" preserveaspectratio=\"none\">\n\t<path class=\"elementor-shape-fill\" d=\"M738,99l262-93V0H0v5.6L738,99z\"\/>\n<\/svg>\t\t<\/div>\n\t\t\t\t\t<div class=\"elementor-container elementor-column-gap-default\">\n\t\t\t\t\t<div class=\"elementor-column elementor-col-50 elementor-top-column elementor-element elementor-element-30ac184a\" data-id=\"30ac184a\" data-element_type=\"column\">\n\t\t\t<div class=\"elementor-widget-wrap elementor-element-populated\">\n\t\t\t\t\t\t<div class=\"elementor-element elementor-element-1b2462e9 elementor-invisible elementor-widget elementor-widget-pix-badge\" data-id=\"1b2462e9\" data-element_type=\"widget\" data-widget_type=\"pix-badge.default\">\n\t\t\t\t<div class=\"elementor-widget-container\">\n\t\t\t<span class=\"pix-badge-element h6 d-inline-block mr-1 animate-in\" data-anim-type=\"fade-in-up\" data-anim-delay=\"300\"><span class=\"badge font-weight-bold bg-yellow  pix-py-10 pix-px-15\" style=\" \"><span class=\"text-body-default\" style=\"\">Retreat House <\/span><\/span><\/span>\t\t<\/div>\n\t\t\t\t<\/div>\n\t\t\t\t<div class=\"elementor-element elementor-element-1719a43f elementor-invisible elementor-widget elementor-widget-pix-heading\" data-id=\"1719a43f\" data-element_type=\"widget\" data-widget_type=\"pix-heading.default\">\n\t\t\t\t<div class=\"elementor-widget-container\">\n\t\t\t<div  class=\"pix-heading-el text-left\"><div><div class=\"slide-in-container2\"><h3 class=\"text-primary animate-in heading-text el-title_custom_color mb-12\" style=\"\" data-anim-type=\"fade-in-up\" data-anim-delay=\"200\">Carolina del R\u00edo Spirituality Center in San Javier, Argentina<\/h3><\/div><\/div><\/div>\t\t<\/div>\n\t\t\t\t<\/div>\n\t\t\t\t<div class=\"elementor-element elementor-element-7f48fc93 elementor-invisible elementor-widget elementor-widget-pix-text\" data-id=\"7f48fc93\" data-element_type=\"widget\" data-widget_type=\"pix-text.default\">\n\t\t\t\t<div class=\"elementor-widget-container\">\n\t\t\t<div class=\"pix-el-text w-100 text-left\" ><p class=\"resp-option text-left\"><div class=\"animate-in d-inline-block\" data-anim-delay=\"600\" data-anim-type=\"fade-in-up\"><p><span style=\"font-weight: 400;\">Located in a beautiful setting in Colonia Francesa, just 5 km south of San Javier, Santa Fe, Argentina, and close to the coast of the San Javier River, the Carolina del R\u00edo Spirituality Center offers a perfect refuge for those seeking a space dedicated to reflection and spiritual encounter. Run by the Hermanas de las Escuelas de Nuestra Se\u00f1ora, this center is an invitation to introspection and spiritual growth.<\/span><\/p><\/div><\/p><\/div>\t\t<\/div>\n\t\t\t\t<\/div>\n\t\t\t\t<div class=\"elementor-element elementor-element-1e0c952c elementor-invisible elementor-widget elementor-widget-pix-heading\" data-id=\"1e0c952c\" data-element_type=\"widget\" data-widget_type=\"pix-heading.default\">\n\t\t\t\t<div class=\"elementor-widget-container\">\n\t\t\t<div  class=\"pix-heading-el text-left\"><div><div class=\"slide-in-container2\"><h3 class=\"text-primary font-weight-bold animate-in heading-text el-title_custom_color mb-12\" style=\"\" data-anim-type=\"fade-in-up\" data-anim-delay=\"200\">Comfortable and welcoming facilities<\/h3><\/div><\/div><\/div>\t\t<\/div>\n\t\t\t\t<\/div>\n\t\t\t\t<div class=\"elementor-element elementor-element-2dde86b7 elementor-invisible elementor-widget elementor-widget-pix-text\" data-id=\"2dde86b7\" data-element_type=\"widget\" data-widget_type=\"pix-text.default\">\n\t\t\t\t<div class=\"elementor-widget-container\">\n\t\t\t<div class=\"pix-el-text w-100 text-left\" ><p class=\"resp-option text-left\"><div class=\"animate-in d-inline-block\" data-anim-delay=\"600\" data-anim-type=\"fade-in-up\"><p><span style=\"font-weight: 400;\">The Center has a main building equipped with all the necessary amenities for a comfortable and productive stay. We have a large hall for meetings and activities, a full kitchen, modern bathrooms and two bedrooms with private bathrooms. The extensive park surrounding the building is perfect for outdoor activities, games, sports and camping, providing an ideal environment for both silence and socializing.<\/span><\/p><\/div><\/p><\/div>\t\t<\/div>\n\t\t\t\t<\/div>\n\t\t\t\t<div class=\"elementor-element elementor-element-28337e76 elementor-invisible elementor-widget elementor-widget-pix-heading\" data-id=\"28337e76\" data-element_type=\"widget\" data-widget_type=\"pix-heading.default\">\n\t\t\t\t<div class=\"elementor-widget-container\">\n\t\t\t<div  class=\"pix-heading-el text-left\"><div><div class=\"slide-in-container2\"><h3 class=\"text-primary font-weight-bold animate-in heading-text el-title_custom_color mb-12\" style=\"\" data-anim-type=\"fade-in-up\" data-anim-delay=\"200\">A Place for Various Spiritual Activities<\/h3><\/div><\/div><\/div>\t\t<\/div>\n\t\t\t\t<\/div>\n\t\t\t\t<div class=\"elementor-element elementor-element-4d83818a elementor-invisible elementor-widget elementor-widget-pix-text\" data-id=\"4d83818a\" data-element_type=\"widget\" data-widget_type=\"pix-text.default\">\n\t\t\t\t<div class=\"elementor-widget-container\">\n\t\t\t<div class=\"pix-el-text w-100 text-left\" ><p class=\"resp-option text-left\"><div class=\"animate-in d-inline-block\" data-anim-delay=\"600\" data-anim-type=\"fade-in-up\"><p><span style=\"font-weight: 400;\">We are dedicated to offering a variety of activities including spirituality days, reflection meetings, spiritual retreats and camps. These activities are ideal for school groups and parishes wishing to explore their faith and strengthen their communities in a peaceful and inspiring environment.<\/span><\/p><\/div><\/p><\/div>\t\t<\/div>\n\t\t\t\t<\/div>\n\t\t\t\t<div class=\"elementor-element elementor-element-bf29f6f elementor-invisible elementor-widget elementor-widget-pix-heading\" data-id=\"bf29f6f\" data-element_type=\"widget\" data-widget_type=\"pix-heading.default\">\n\t\t\t\t<div class=\"elementor-widget-container\">\n\t\t\t<div  class=\"pix-heading-el text-left\"><div><div class=\"slide-in-container2\"><h3 class=\"text-primary font-weight-bold animate-in heading-text el-title_custom_color mb-12\" style=\"\" data-anim-type=\"fade-in-up\" data-anim-delay=\"200\">Connecting with Nature and Spirituality<\/h3><\/div><\/div><\/div>\t\t<\/div>\n\t\t\t\t<\/div>\n\t\t\t\t<div class=\"elementor-element elementor-element-2ba58c70 elementor-invisible elementor-widget elementor-widget-pix-text\" data-id=\"2ba58c70\" data-element_type=\"widget\" data-widget_type=\"pix-text.default\">\n\t\t\t\t<div class=\"elementor-widget-container\">\n\t\t\t<div class=\"pix-el-text w-100 text-left\" ><p class=\"resp-option text-left\"><div class=\"animate-in d-inline-block\" data-anim-delay=\"600\" data-anim-type=\"fade-in-up\"><p><span style=\"font-weight: 400;\">The proximity of the San Javier River not only enriches the natural beauty of the site, but also provides an atmosphere of peace and tranquillity, essential for meditation and spiritual reconnection. The setting is perfectly complemented by the vast park, where nature presents itself as an open invitation to reflection and introspection.<\/span><\/p><\/div><\/p><\/div>\t\t<\/div>\n\t\t\t\t<\/div>\n\t\t\t\t<div class=\"elementor-element elementor-element-b1edd75 elementor-invisible elementor-widget elementor-widget-pix-heading\" data-id=\"b1edd75\" data-element_type=\"widget\" data-widget_type=\"pix-heading.default\">\n\t\t\t\t<div class=\"elementor-widget-container\">\n\t\t\t<div  class=\"pix-heading-el text-left\"><div><div class=\"slide-in-container2\"><h3 class=\"text-primary font-weight-bold animate-in heading-text el-title_custom_color mb-12\" style=\"\" data-anim-type=\"fade-in-up\" data-anim-delay=\"200\">Contact and Information<\/h3><\/div><\/div><\/div>\t\t<\/div>\n\t\t\t\t<\/div>\n\t\t\t\t<div class=\"elementor-element elementor-element-e0d8c1b elementor-invisible elementor-widget elementor-widget-pix-text\" data-id=\"e0d8c1b\" data-element_type=\"widget\" data-widget_type=\"pix-text.default\">\n\t\t\t\t<div class=\"elementor-widget-container\">\n\t\t\t<div class=\"pix-el-text w-100 text-left\" ><p class=\"resp-option text-left\"><div class=\"animate-in d-inline-block\" data-anim-delay=\"600\" data-anim-type=\"fade-in-up\"><p><span style=\"font-weight: 400;\">For more information on how to organize your spiritual event or to find out more about our services, please contact Hermana Susana on +54 3405 688285.<\/span><\/p><\/div><\/p><\/div>\t\t<\/div>\n\t\t\t\t<\/div>\n\t\t\t\t<div class=\"elementor-element elementor-element-62abca6 elementor-invisible elementor-widget elementor-widget-pix-text\" data-id=\"62abca6\" data-element_type=\"widget\" data-widget_type=\"pix-text.default\">\n\t\t\t\t<div class=\"elementor-widget-container\">\n\t\t\t<div class=\"pix-el-text w-100 text-left\" ><p class=\"resp-option text-left\"><div class=\"animate-in d-inline-block\" data-anim-delay=\"600\" data-anim-type=\"fade-in-up\"><p><span style=\"font-weight: 400;\">At the Carolina del R\u00edo Spirituality Center, every visit is an opportunity to deepen your spirituality and renew your spirit. We invite you to visit us and discover a path of peace, reflection and communion in one of the most beautiful settings in Argentina.<\/span><\/p><\/div><\/p><\/div>\t\t<\/div>\n\t\t\t\t<\/div>\n\t\t\t\t<div class=\"elementor-element elementor-element-1146c136 elementor-absolute elementor-widget__width-initial elementor-widget elementor-widget-image\" data-id=\"1146c136\" data-element_type=\"widget\" data-settings=\"{&quot;_position&quot;:&quot;absolute&quot;,&quot;motion_fx_motion_fx_mouse&quot;:&quot;yes&quot;,&quot;motion_fx_mouseTrack_effect&quot;:&quot;yes&quot;,&quot;motion_fx_mouseTrack_direction&quot;:&quot;negative&quot;,&quot;motion_fx_mouseTrack_speed&quot;:{&quot;unit&quot;:&quot;px&quot;,&quot;size&quot;:1,&quot;sizes&quot;:[]}}\" data-widget_type=\"image.default\">\n\t\t\t\t<div class=\"elementor-widget-container\">\n\t\t\t\t\t\t\t\t\t\t\t\t\t<img decoding=\"async\" width=\"200\" height=\"155\" src=\"https:\/\/escolares.agenciatabor.com.br\/wp-content\/uploads\/2024\/03\/DEFR.png\" class=\"attachment-large size-large wp-image-4930\" alt=\"\" srcset=\"https:\/\/escolares.agenciatabor.com.br\/wp-content\/uploads\/2024\/03\/DEFR.png 200w, https:\/\/escolares.agenciatabor.com.br\/wp-content\/uploads\/2024\/03\/DEFR-15x12.png 15w\" sizes=\"(max-width: 200px) 100vw, 200px\" title=\"\">\t\t\t\t\t\t\t\t\t\t\t\t\t<\/div>\n\t\t\t\t<\/div>\n\t\t\t\t<div class=\"elementor-element elementor-element-25f017d7 elementor-absolute elementor-widget elementor-widget-image\" data-id=\"25f017d7\" data-element_type=\"widget\" data-settings=\"{&quot;_position&quot;:&quot;absolute&quot;,&quot;motion_fx_motion_fx_mouse&quot;:&quot;yes&quot;,&quot;motion_fx_mouseTrack_effect&quot;:&quot;yes&quot;,&quot;motion_fx_mouseTrack_speed&quot;:{&quot;unit&quot;:&quot;px&quot;,&quot;size&quot;:1,&quot;sizes&quot;:[]}}\" data-widget_type=\"image.default\">\n\t\t\t\t<div class=\"elementor-widget-container\">\n\t\t\t\t\t\t\t\t\t\t\t\t\t<img decoding=\"async\" width=\"200\" height=\"155\" src=\"https:\/\/escolares.agenciatabor.com.br\/wp-content\/uploads\/2024\/03\/DEFR.png\" class=\"attachment-large size-large wp-image-4930\" alt=\"\" srcset=\"https:\/\/escolares.agenciatabor.com.br\/wp-content\/uploads\/2024\/03\/DEFR.png 200w, https:\/\/escolares.agenciatabor.com.br\/wp-content\/uploads\/2024\/03\/DEFR-15x12.png 15w\" sizes=\"(max-width: 200px) 100vw, 200px\" title=\"\">\t\t\t\t\t\t\t\t\t\t\t\t\t<\/div>\n\t\t\t\t<\/div>\n\t\t\t\t\t<\/div>\n\t\t<\/div>\n\t\t\t\t<div class=\"elementor-column elementor-col-50 elementor-top-column elementor-element elementor-element-4b902806\" data-id=\"4b902806\" data-element_type=\"column\">\n\t\t\t<div class=\"elementor-widget-wrap elementor-element-populated\">\n\t\t\t\t\t\t<div class=\"elementor-element elementor-element-10388387 elementor-widget elementor-widget-ucaddon_uc_tiles_columns_image\" data-id=\"10388387\" data-element_type=\"widget\" data-widget_type=\"ucaddon_uc_tiles_columns_image.default\">\n\t\t\t\t<div class=\"elementor-widget-container\">\n\t\t\t<!-- start Masonry Gallery -->\n\t\t<link id='unitegallery-css' href='https:\/\/escolares.agenciatabor.com.br\/wp-content\/plugins\/unlimited-elements-for-elementor-premium\/assets_libraries\/unitegallery\/css\/unite-gallery.css' type='text\/css' rel='stylesheet' >\n\t\t<link id='uc_ac_assets_file_uc_columns_unite_gallery_css_37416-css' href='https:\/\/escolares.agenciatabor.com.br\/wp-content\/uploads\/ac_assets\/uc_tiles_columns_image\/uc-columns-unite-gallery.css' type='text\/css' rel='stylesheet' >\n\n\t\t\t<style type=\"text\/css\">\/* widget: Masonry Gallery *\/\n\n\n#wrapperuc_uc_tiles_columns_image_elementor_10388387\n{\n  min-height:1px;\n}\n\n<\/style>\n\n\t\t\t<div id=\"wrapperuc_uc_tiles_columns_image_elementor_10388387\">\n<div id=\"uc_uc_tiles_columns_image_elementor_10388387\" style=\"display:none;\" class=\"uc-items-wrapper\" data-custom-sethtml=\"true\" >\n\n\n<img decoding=\"async\" alt=\"Spiritual center\" src=\"https:\/\/escolares.agenciatabor.com.br\/wp-content\/uploads\/2024\/04\/Centro-espir-768x363.jpg\" data-image=\"https:\/\/escolares.agenciatabor.com.br\/wp-content\/uploads\/2024\/04\/Centro-espir-1024x484.jpg\" data-title=\"Centro espir\" title=\"\">\n\n<img decoding=\"async\" alt=\"Spiritual center\" src=\"https:\/\/escolares.agenciatabor.com.br\/wp-content\/uploads\/2024\/04\/Centro-espiritual-768x528.jpg\" data-image=\"https:\/\/escolares.agenciatabor.com.br\/wp-content\/uploads\/2024\/04\/Centro-espiritual-1024x704.jpg\" data-title=\"Centro espiritual\" title=\"\">\n\n<img decoding=\"async\" alt=\"Spiritual center\" src=\"https:\/\/escolares.agenciatabor.com.br\/wp-content\/uploads\/2024\/04\/Centro-espiritualid-768x576.jpg\" data-image=\"https:\/\/escolares.agenciatabor.com.br\/wp-content\/uploads\/2024\/04\/Centro-espiritualid-1024x768.jpg\" data-title=\"Centro espiritualid\" title=\"\">\n\n<img decoding=\"async\" alt=\"Spirituality center\" src=\"https:\/\/escolares.agenciatabor.com.br\/wp-content\/uploads\/2024\/04\/Centro-espiritualidad-768x432.jpg\" data-image=\"https:\/\/escolares.agenciatabor.com.br\/wp-content\/uploads\/2024\/04\/Centro-espiritualidad-1024x576.jpg\" data-title=\"Centro espiritualidad\" title=\"\">\n\n<img decoding=\"async\" alt=\"Spirt Center\" src=\"https:\/\/escolares.agenciatabor.com.br\/wp-content\/uploads\/2024\/04\/Centro-espirt-768x578.jpg\" data-image=\"https:\/\/escolares.agenciatabor.com.br\/wp-content\/uploads\/2024\/04\/Centro-espirt-1024x770.jpg\" data-title=\"Centro espirt\" title=\"\">\n\n<img decoding=\"async\" alt=\"PHOTO CENTRO ESPIRIT SAN JAVIER\" src=\"https:\/\/escolares.agenciatabor.com.br\/wp-content\/uploads\/2024\/04\/FOTO-CENTRO-ESPIRIT-SAN-JAVIER-768x576.jpg\" data-image=\"https:\/\/escolares.agenciatabor.com.br\/wp-content\/uploads\/2024\/04\/FOTO-CENTRO-ESPIRIT-SAN-JAVIER-1024x768.jpg\" data-title=\"FOTO CENTRO ESPIRIT SAN JAVIER\" title=\"\">\n\n<img decoding=\"async\" alt=\"Carolina del R\u00edo Spirituality Center4\" src=\"https:\/\/escolares.agenciatabor.com.br\/wp-content\/uploads\/2024\/04\/Centro-de-Espiritualidade-Carolina-del-Rio4.png\" data-image=\"https:\/\/escolares.agenciatabor.com.br\/wp-content\/uploads\/2024\/04\/Centro-de-Espiritualidade-Carolina-del-Rio4.png\" data-title=\"Centro de Espiritualidade Carolina del R\u00edo4\" title=\"\">\n\n<img decoding=\"async\" alt=\"Carolina del R\u00edo Spirituality Center3\" src=\"https:\/\/escolares.agenciatabor.com.br\/wp-content\/uploads\/2024\/04\/Centro-de-Espiritualidade-Carolina-del-Rio3-768x576.jpg\" data-image=\"https:\/\/escolares.agenciatabor.com.br\/wp-content\/uploads\/2024\/04\/Centro-de-Espiritualidade-Carolina-del-Rio3-1024x768.jpg\" data-title=\"Centro de Espiritualidade Carolina del R\u00edo3\" title=\"\">\n\n<img decoding=\"async\" alt=\"Rios3\" src=\"https:\/\/escolares.agenciatabor.com.br\/wp-content\/uploads\/2024\/04\/Rios3-768x576.jpg\" data-image=\"https:\/\/escolares.agenciatabor.com.br\/wp-content\/uploads\/2024\/04\/Rios3-1024x768.jpg\" data-title=\"Rios3\" title=\"\">\n\n<img decoding=\"async\" alt=\"Rios1\" src=\"https:\/\/escolares.agenciatabor.com.br\/wp-content\/uploads\/2024\/04\/Rios1-768x576.jpg\" data-image=\"https:\/\/escolares.agenciatabor.com.br\/wp-content\/uploads\/2024\/04\/Rios1-1024x768.jpg\" data-title=\"Rios1\" title=\"\">\n\n  \n<\/div>\n<\/div>\n\t\t\t<!-- end Masonry Gallery -->\t\t<\/div>\n\t\t\t\t<\/div>\n\t\t\t\t\t<\/div>\n\t\t<\/div>\n\t\t\t\t\t<\/div>\n\t\t<\/section>\n\t\t\t\t<\/div>","protected":false},"excerpt":{"rendered":"<p>Casa de Retiros Centro de Espiritualidade Carolina del R\u00edo em San Javier, Argentina Localizado em um belo cen\u00e1rio na Col\u00f4nia Francesa, a apenas 5 km ao sul de San Javier, Santa Fe, Argentina, e pr\u00f3ximo \u00e0 costa do rio San&#8230;<\/p>","protected":false},"author":1,"featured_media":0,"parent":0,"menu_order":0,"comment_status":"closed","ping_status":"closed","template":"elementor_header_footer","meta":{"rank_math_lock_modified_date":false,"footnotes":""},"class_list":["post-7603","page","type-page","status-publish","hentry"],"_links":{"self":[{"href":"https:\/\/escolares.agenciatabor.com.br\/en\/wp-json\/wp\/v2\/pages\/7603"}],"collection":[{"href":"https:\/\/escolares.agenciatabor.com.br\/en\/wp-json\/wp\/v2\/pages"}],"about":[{"href":"https:\/\/escolares.agenciatabor.com.br\/en\/wp-json\/wp\/v2\/types\/page"}],"author":[{"embeddable":true,"href":"https:\/\/escolares.agenciatabor.com.br\/en\/wp-json\/wp\/v2\/users\/1"}],"replies":[{"embeddable":true,"href":"https:\/\/escolares.agenciatabor.com.br\/en\/wp-json\/wp\/v2\/comments?post=7603"}],"version-history":[{"count":25,"href":"https:\/\/escolares.agenciatabor.com.br\/en\/wp-json\/wp\/v2\/pages\/7603\/revisions"}],"predecessor-version":[{"id":8326,"href":"https:\/\/escolares.agenciatabor.com.br\/en\/wp-json\/wp\/v2\/pages\/7603\/revisions\/8326"}],"wp:attachment":[{"href":"https:\/\/escolares.agenciatabor.com.br\/en\/wp-json\/wp\/v2\/media?parent=7603"}],"curies":[{"name":"wp","href":"https:\/\/api.w.org\/{rel}","templated":true}]}}