{"id":7634,"date":"2024-04-14T18:24:04","date_gmt":"2024-04-14T21:24:04","guid":{"rendered":"https:\/\/escolares.agenciatabor.com.br\/?page_id=7634"},"modified":"2024-04-29T02:04:11","modified_gmt":"2024-04-29T05:04:11","slug":"casa-de-retiros-notre-dame-em-el-progreso","status":"publish","type":"page","link":"https:\/\/escolares.agenciatabor.com.br\/en\/notre-dame-retreat-house-in-el-progreso\/","title":{"rendered":"Notre Dame Retreat House in El Progreso"},"content":{"rendered":"<div data-elementor-type=\"wp-page\" data-elementor-id=\"7634\" class=\"elementor elementor-7634\" data-elementor-post-type=\"page\">\n\t\t\t\t\t\t<section class=\"elementor-section elementor-top-section elementor-element elementor-element-4db60df9 elementor-section-boxed elementor-section-height-default elementor-section-height-default\" data-id=\"4db60df9\" data-element_type=\"section\" data-settings=\"{&quot;background_background&quot;:&quot;classic&quot;,&quot;shape_divider_top&quot;:&quot;tilt&quot;,&quot;jet_parallax_layout_list&quot;:[]}\">\n\t\t\t\t\t<div class=\"elementor-shape elementor-shape-top\" data-negative=\"false\">\n\t\t\t<svg xmlns=\"http:\/\/www.w3.org\/2000\/svg\" viewbox=\"0 0 1000 100\" preserveaspectratio=\"none\">\n\t<path class=\"elementor-shape-fill\" d=\"M0,6V0h1000v100L0,6z\"\/>\n<\/svg>\t\t<\/div>\n\t\t\t\t\t<div class=\"elementor-container elementor-column-gap-default\">\n\t\t\t\t\t<div class=\"elementor-column elementor-col-100 elementor-top-column elementor-element elementor-element-36376148\" data-id=\"36376148\" data-element_type=\"column\">\n\t\t\t<div class=\"elementor-widget-wrap elementor-element-populated\">\n\t\t\t\t\t\t<div class=\"elementor-element elementor-element-7fb094a8 elementor-widget-divider--view-line elementor-widget elementor-widget-divider\" data-id=\"7fb094a8\" data-element_type=\"widget\" data-widget_type=\"divider.default\">\n\t\t\t\t<div class=\"elementor-widget-container\">\n\t\t\t\t\t<div class=\"elementor-divider\">\n\t\t\t<span class=\"elementor-divider-separator\">\n\t\t\t\t\t\t<\/span>\n\t\t<\/div>\n\t\t\t\t<\/div>\n\t\t\t\t<\/div>\n\t\t\t\t\t<\/div>\n\t\t<\/div>\n\t\t\t\t\t<\/div>\n\t\t<\/section>\n\t\t\t\t<section class=\"elementor-section elementor-top-section elementor-element elementor-element-486f30f9 elementor-section-boxed elementor-section-height-default elementor-section-height-default\" data-id=\"486f30f9\" data-element_type=\"section\" data-settings=\"{&quot;background_background&quot;:&quot;classic&quot;,&quot;shape_divider_top&quot;:&quot;triangle-asymmetrical&quot;,&quot;shape_divider_bottom&quot;:&quot;triangle-asymmetrical&quot;,&quot;jet_parallax_layout_list&quot;:[]}\">\n\t\t\t\t\t<div class=\"elementor-shape elementor-shape-top\" data-negative=\"false\">\n\t\t\t<svg xmlns=\"http:\/\/www.w3.org\/2000\/svg\" viewbox=\"0 0 1000 100\" preserveaspectratio=\"none\">\n\t<path class=\"elementor-shape-fill\" d=\"M738,99l262-93V0H0v5.6L738,99z\"\/>\n<\/svg>\t\t<\/div>\n\t\t\t\t<div class=\"elementor-shape elementor-shape-bottom\" data-negative=\"false\">\n\t\t\t<svg xmlns=\"http:\/\/www.w3.org\/2000\/svg\" viewbox=\"0 0 1000 100\" preserveaspectratio=\"none\">\n\t<path class=\"elementor-shape-fill\" d=\"M738,99l262-93V0H0v5.6L738,99z\"\/>\n<\/svg>\t\t<\/div>\n\t\t\t\t\t<div class=\"elementor-container elementor-column-gap-default\">\n\t\t\t\t\t<div class=\"elementor-column elementor-col-50 elementor-top-column elementor-element elementor-element-20f18778\" data-id=\"20f18778\" data-element_type=\"column\">\n\t\t\t<div class=\"elementor-widget-wrap elementor-element-populated\">\n\t\t\t\t\t\t<div class=\"elementor-element elementor-element-4a5f0fc elementor-invisible elementor-widget elementor-widget-pix-badge\" data-id=\"4a5f0fc\" data-element_type=\"widget\" data-widget_type=\"pix-badge.default\">\n\t\t\t\t<div class=\"elementor-widget-container\">\n\t\t\t<span class=\"pix-badge-element h6 d-inline-block mr-1 animate-in\" data-anim-type=\"fade-in-up\" data-anim-delay=\"300\"><span class=\"badge font-weight-bold bg-yellow  pix-py-10 pix-px-15\" style=\" \"><span class=\"text-body-default\" style=\"\">Retreat House <\/span><\/span><\/span>\t\t<\/div>\n\t\t\t\t<\/div>\n\t\t\t\t<div class=\"elementor-element elementor-element-3b49881f elementor-invisible elementor-widget elementor-widget-pix-heading\" data-id=\"3b49881f\" data-element_type=\"widget\" data-widget_type=\"pix-heading.default\">\n\t\t\t\t<div class=\"elementor-widget-container\">\n\t\t\t<div  class=\"pix-heading-el text-left\"><div><div class=\"slide-in-container2\"><h3 class=\"text-primary animate-in heading-text el-title_custom_color mb-12\" style=\"\" data-anim-type=\"fade-in-up\" data-anim-delay=\"200\">Notre Dame Retreat House in El Progreso, Yoro, Honduras<\/h3><\/div><\/div><\/div>\t\t<\/div>\n\t\t\t\t<\/div>\n\t\t\t\t<div class=\"elementor-element elementor-element-56d3e4a0 elementor-invisible elementor-widget elementor-widget-pix-text\" data-id=\"56d3e4a0\" data-element_type=\"widget\" data-widget_type=\"pix-text.default\">\n\t\t\t\t<div class=\"elementor-widget-container\">\n\t\t\t<div class=\"pix-el-text w-100 text-left\" ><p class=\"resp-option text-left\"><div class=\"animate-in d-inline-block\" data-anim-delay=\"600\" data-anim-type=\"fade-in-up\"><p><span style=\"font-weight: 400;\">Located in the heart of Honduras, Notre Dame Retreat House stands out as a sanctuary of peace and human development, specializing in the formation of young people, children, women and community leaders. Inspired by the charism of the School Sisters of Notre Dame, our mission is to cultivate a more just and humane world through profound educational and spiritual practices.<\/span><\/p><\/div><\/p><\/div>\t\t<\/div>\n\t\t\t\t<\/div>\n\t\t\t\t<div class=\"elementor-element elementor-element-2bedab23 elementor-invisible elementor-widget elementor-widget-pix-heading\" data-id=\"2bedab23\" data-element_type=\"widget\" data-widget_type=\"pix-heading.default\">\n\t\t\t\t<div class=\"elementor-widget-container\">\n\t\t\t<div  class=\"pix-heading-el text-left\"><div><div class=\"slide-in-container2\"><h3 class=\"text-primary font-weight-bold animate-in heading-text el-title_custom_color mb-12\" style=\"\" data-anim-type=\"fade-in-up\" data-anim-delay=\"200\">Space for Reflection and Growth<\/h3><\/div><\/div><\/div>\t\t<\/div>\n\t\t\t\t<\/div>\n\t\t\t\t<div class=\"elementor-element elementor-element-1a646370 elementor-invisible elementor-widget elementor-widget-pix-text\" data-id=\"1a646370\" data-element_type=\"widget\" data-widget_type=\"pix-text.default\">\n\t\t\t\t<div class=\"elementor-widget-container\">\n\t\t\t<div class=\"pix-el-text w-100 text-left\" ><p class=\"resp-option text-left\"><div class=\"animate-in d-inline-block\" data-anim-delay=\"600\" data-anim-type=\"fade-in-up\"><p><span style=\"font-weight: 400;\">Notre Dame Retreat House is a refuge for those who seek not only silence and prayer, but also a place for deep reflection. Our services are carefully designed to support personal and community growth.<\/span><\/p><\/div><\/p><\/div>\t\t<\/div>\n\t\t\t\t<\/div>\n\t\t\t\t<div class=\"elementor-element elementor-element-4f390617 elementor-invisible elementor-widget elementor-widget-pix-heading\" data-id=\"4f390617\" data-element_type=\"widget\" data-widget_type=\"pix-heading.default\">\n\t\t\t\t<div class=\"elementor-widget-container\">\n\t\t\t<div  class=\"pix-heading-el text-left\"><div><div class=\"slide-in-container2\"><h3 class=\"text-primary font-weight-bold animate-in heading-text el-title_custom_color mb-12\" style=\"\" data-anim-type=\"fade-in-up\" data-anim-delay=\"200\">Our Mission<\/h3><\/div><\/div><\/div>\t\t<\/div>\n\t\t\t\t<\/div>\n\t\t\t\t<div class=\"elementor-element elementor-element-7c520e4a elementor-invisible elementor-widget elementor-widget-pix-text\" data-id=\"7c520e4a\" data-element_type=\"widget\" data-widget_type=\"pix-text.default\">\n\t\t\t\t<div class=\"elementor-widget-container\">\n\t\t\t<div class=\"pix-el-text w-100 text-left\" ><p class=\"resp-option text-left\"><div class=\"animate-in d-inline-block\" data-anim-delay=\"600\" data-anim-type=\"fade-in-up\"><p><span style=\"font-weight: 400;\">Our aim is to be a catalyst in the formation of transformative leaders, supporting the integral development of individuals in schools, colleges, parishes and women's networks. Here, each retreat is an opportunity for participants to reconnect with their spiritual roots and strengthen their capacities for leadership and service to the community.<\/span><\/p><\/div><\/p><\/div>\t\t<\/div>\n\t\t\t\t<\/div>\n\t\t\t\t<div class=\"elementor-element elementor-element-15388f20 elementor-invisible elementor-widget elementor-widget-pix-heading\" data-id=\"15388f20\" data-element_type=\"widget\" data-widget_type=\"pix-heading.default\">\n\t\t\t\t<div class=\"elementor-widget-container\">\n\t\t\t<div  class=\"pix-heading-el text-left\"><div><div class=\"slide-in-container2\"><h3 class=\"text-primary font-weight-bold animate-in heading-text el-title_custom_color mb-12\" style=\"\" data-anim-type=\"fade-in-up\" data-anim-delay=\"200\">Connectivity and Location<\/h3><\/div><\/div><\/div>\t\t<\/div>\n\t\t\t\t<\/div>\n\t\t\t\t<div class=\"elementor-element elementor-element-38b52d59 elementor-invisible elementor-widget elementor-widget-pix-text\" data-id=\"38b52d59\" data-element_type=\"widget\" data-widget_type=\"pix-text.default\">\n\t\t\t\t<div class=\"elementor-widget-container\">\n\t\t\t<div class=\"pix-el-text w-100 text-left\" ><p class=\"resp-option text-left\"><div class=\"animate-in d-inline-block\" data-anim-delay=\"600\" data-anim-type=\"fade-in-up\"><p><span style=\"font-weight: 400;\">Ideally situated in El Progreso, Yoro, our house is easily accessible for visitors from all over Central America. For further information or to book your retreat, please contact<\/span><b> Sister Rosa Maria<\/b><span style=\"font-weight: 400;\"> on the phone: <\/span><b>(504) 2647-2252<\/b><span style=\"font-weight: 400;\">.<\/span><\/p><p><span style=\"font-weight: 400;\"><br \/><\/span><span style=\"font-weight: 400;\">The Notre Dame Retreat House is a center of spiritual activity and community formation.\u00a0<\/span><\/p><p><span style=\"font-weight: 400;\">If you are looking for a place to meditate, relax or delve deeper into your spiritual journey, Notre Dame Retreat House is the ideal place. We guarantee that your experience here will be rejuvenating and transformative.<br \/><br \/><\/span><\/p><p><strong>Come to Notre Dame Retreat House and discover how tranquillity and spiritual development can harmonize to create a more hopeful and loving future.<\/strong><\/p><\/div><\/p><\/div>\t\t<\/div>\n\t\t\t\t<\/div>\n\t\t\t\t<div class=\"elementor-element elementor-element-547e2598 elementor-absolute elementor-widget__width-initial elementor-widget elementor-widget-image\" data-id=\"547e2598\" data-element_type=\"widget\" data-settings=\"{&quot;_position&quot;:&quot;absolute&quot;,&quot;motion_fx_motion_fx_mouse&quot;:&quot;yes&quot;,&quot;motion_fx_mouseTrack_effect&quot;:&quot;yes&quot;,&quot;motion_fx_mouseTrack_direction&quot;:&quot;negative&quot;,&quot;motion_fx_mouseTrack_speed&quot;:{&quot;unit&quot;:&quot;px&quot;,&quot;size&quot;:1,&quot;sizes&quot;:[]}}\" data-widget_type=\"image.default\">\n\t\t\t\t<div class=\"elementor-widget-container\">\n\t\t\t\t\t\t\t\t\t\t\t\t\t<img decoding=\"async\" width=\"200\" height=\"155\" src=\"https:\/\/escolares.agenciatabor.com.br\/wp-content\/uploads\/2024\/03\/DEFR.png\" class=\"attachment-large size-large wp-image-4930\" alt=\"\" srcset=\"https:\/\/escolares.agenciatabor.com.br\/wp-content\/uploads\/2024\/03\/DEFR.png 200w, https:\/\/escolares.agenciatabor.com.br\/wp-content\/uploads\/2024\/03\/DEFR-15x12.png 15w\" sizes=\"(max-width: 200px) 100vw, 200px\" title=\"\">\t\t\t\t\t\t\t\t\t\t\t\t\t<\/div>\n\t\t\t\t<\/div>\n\t\t\t\t<div class=\"elementor-element elementor-element-7f680ac8 elementor-absolute elementor-widget elementor-widget-image\" data-id=\"7f680ac8\" data-element_type=\"widget\" data-settings=\"{&quot;_position&quot;:&quot;absolute&quot;,&quot;motion_fx_motion_fx_mouse&quot;:&quot;yes&quot;,&quot;motion_fx_mouseTrack_effect&quot;:&quot;yes&quot;,&quot;motion_fx_mouseTrack_speed&quot;:{&quot;unit&quot;:&quot;px&quot;,&quot;size&quot;:1,&quot;sizes&quot;:[]}}\" data-widget_type=\"image.default\">\n\t\t\t\t<div class=\"elementor-widget-container\">\n\t\t\t\t\t\t\t\t\t\t\t\t\t<img decoding=\"async\" width=\"200\" height=\"155\" src=\"https:\/\/escolares.agenciatabor.com.br\/wp-content\/uploads\/2024\/03\/DEFR.png\" class=\"attachment-large size-large wp-image-4930\" alt=\"\" srcset=\"https:\/\/escolares.agenciatabor.com.br\/wp-content\/uploads\/2024\/03\/DEFR.png 200w, https:\/\/escolares.agenciatabor.com.br\/wp-content\/uploads\/2024\/03\/DEFR-15x12.png 15w\" sizes=\"(max-width: 200px) 100vw, 200px\" title=\"\">\t\t\t\t\t\t\t\t\t\t\t\t\t<\/div>\n\t\t\t\t<\/div>\n\t\t\t\t\t<\/div>\n\t\t<\/div>\n\t\t\t\t<div class=\"elementor-column elementor-col-50 elementor-top-column elementor-element elementor-element-2e7979fa\" data-id=\"2e7979fa\" data-element_type=\"column\">\n\t\t\t<div class=\"elementor-widget-wrap elementor-element-populated\">\n\t\t\t\t\t\t<div class=\"elementor-element elementor-element-176dee45 elementor-widget elementor-widget-ucaddon_uc_tiles_columns_image\" data-id=\"176dee45\" data-element_type=\"widget\" data-widget_type=\"ucaddon_uc_tiles_columns_image.default\">\n\t\t\t\t<div class=\"elementor-widget-container\">\n\t\t\t<!-- start Masonry Gallery -->\n\t\t<link id='unitegallery-css' href='https:\/\/escolares.agenciatabor.com.br\/wp-content\/plugins\/unlimited-elements-for-elementor-premium\/assets_libraries\/unitegallery\/css\/unite-gallery.css' type='text\/css' rel='stylesheet' >\n\t\t<link id='uc_ac_assets_file_uc_columns_unite_gallery_css_37416-css' href='https:\/\/escolares.agenciatabor.com.br\/wp-content\/uploads\/ac_assets\/uc_tiles_columns_image\/uc-columns-unite-gallery.css' type='text\/css' rel='stylesheet' >\n\n\t\t\t<style type=\"text\/css\">\/* widget: Masonry Gallery *\/\n\n\n#wrapperuc_uc_tiles_columns_image_elementor_176dee45\n{\n  min-height:1px;\n}\n\n<\/style>\n\n\t\t\t<div id=\"wrapperuc_uc_tiles_columns_image_elementor_176dee45\">\n<div id=\"uc_uc_tiles_columns_image_elementor_176dee45\" style=\"display:none;\" class=\"uc-items-wrapper\" data-custom-sethtml=\"true\" >\n\n\n<img decoding=\"async\" alt=\"Notre Dame Training Center 1\" src=\"https:\/\/escolares.agenciatabor.com.br\/wp-content\/uploads\/2024\/04\/Centro-de-Capacitacion-Notre-Dame-1.jpg\" data-image=\"https:\/\/escolares.agenciatabor.com.br\/wp-content\/uploads\/2024\/04\/Centro-de-Capacitacion-Notre-Dame-1.jpg\" data-title=\"Centro de Capacitaci\u00f3n Notre Dame 1\" title=\"\">\n\n<img decoding=\"async\" alt=\"Notre Dame Training Center 2\" src=\"https:\/\/escolares.agenciatabor.com.br\/wp-content\/uploads\/2024\/04\/Centro-de-Capacitacion-Notre-Dame-2.jpg\" data-image=\"https:\/\/escolares.agenciatabor.com.br\/wp-content\/uploads\/2024\/04\/Centro-de-Capacitacion-Notre-Dame-2.jpg\" data-title=\"Centro de Capacitaci\u00f3n Notre Dame 2\" title=\"\">\n\n<img decoding=\"async\" alt=\"Notre Dame Training Center 3\" src=\"https:\/\/escolares.agenciatabor.com.br\/wp-content\/uploads\/2024\/04\/Centro-de-Capacitacion-Notre-Dame-3-768x933.jpg\" data-image=\"https:\/\/escolares.agenciatabor.com.br\/wp-content\/uploads\/2024\/04\/Centro-de-Capacitacion-Notre-Dame-3-843x1024.jpg\" data-title=\"Centro de Capacitaci\u00f3n Notre Dame 3\" title=\"\">\n\n<img decoding=\"async\" alt=\"Notre Dame Training Center 4\" src=\"https:\/\/escolares.agenciatabor.com.br\/wp-content\/uploads\/2024\/04\/Centro-de-Capacitacion-Notre-Dame-4.jpg\" data-image=\"https:\/\/escolares.agenciatabor.com.br\/wp-content\/uploads\/2024\/04\/Centro-de-Capacitacion-Notre-Dame-4.jpg\" data-title=\"Centro de Capacitaci\u00f3n Notre Dame 4\" title=\"\">\n\n<img decoding=\"async\" alt=\"Notre Dame Training Center 5\" src=\"https:\/\/escolares.agenciatabor.com.br\/wp-content\/uploads\/2024\/04\/Centro-de-Capacitacion-Notre-Dame-5-768x511.jpg\" data-image=\"https:\/\/escolares.agenciatabor.com.br\/wp-content\/uploads\/2024\/04\/Centro-de-Capacitacion-Notre-Dame-5-1024x682.jpg\" data-title=\"Centro de Capacitaci\u00f3n Notre Dame 5\" title=\"\">\n\n<img decoding=\"async\" alt=\"Notre Dame Retreat Center 1\" src=\"https:\/\/escolares.agenciatabor.com.br\/wp-content\/uploads\/2024\/04\/Centro-de-Retiros-Notre-Dame-1-768x469.jpg\" data-image=\"https:\/\/escolares.agenciatabor.com.br\/wp-content\/uploads\/2024\/04\/Centro-de-Retiros-Notre-Dame-1-1024x626.jpg\" data-title=\"Centro de Retiros Notre Dame 1\" title=\"\">\n\n<img decoding=\"async\" alt=\"Notre Dame Retreat Center 2\" src=\"https:\/\/escolares.agenciatabor.com.br\/wp-content\/uploads\/2024\/04\/Centro-de-Retiros-Notre-Dame-2-768x381.jpg\" data-image=\"https:\/\/escolares.agenciatabor.com.br\/wp-content\/uploads\/2024\/04\/Centro-de-Retiros-Notre-Dame-2-1024x508.jpg\" data-title=\"Centro de Retiros Notre Dame 2\" title=\"\">\n\n<img decoding=\"async\" alt=\"Notre Dame Retreat Center 3\" src=\"https:\/\/escolares.agenciatabor.com.br\/wp-content\/uploads\/2024\/04\/Centro-de-Retiros-Notre-Dame-3-768x297.jpg\" data-image=\"https:\/\/escolares.agenciatabor.com.br\/wp-content\/uploads\/2024\/04\/Centro-de-Retiros-Notre-Dame-3-1024x396.jpg\" data-title=\"Centro de Retiros Notre Dame 3\" title=\"\">\n\n  \n<\/div>\n<\/div>\n\t\t\t<!-- end Masonry Gallery -->\t\t<\/div>\n\t\t\t\t<\/div>\n\t\t\t\t\t<\/div>\n\t\t<\/div>\n\t\t\t\t\t<\/div>\n\t\t<\/section>\n\t\t\t\t<\/div>","protected":false},"excerpt":{"rendered":"<p>Casa de Retiros Casa de Retiros Notre Dame em El Progreso, Yoro, Honduras Localizada no cora\u00e7\u00e3o de Honduras, a Casa de Retiros Notre Dame se destaca como um santu\u00e1rio de paz e desenvolvimento humano, especializado na forma\u00e7\u00e3o de jovens, crian\u00e7as,&#8230;<\/p>","protected":false},"author":1,"featured_media":0,"parent":0,"menu_order":0,"comment_status":"closed","ping_status":"closed","template":"elementor_header_footer","meta":{"rank_math_lock_modified_date":false,"footnotes":""},"class_list":["post-7634","page","type-page","status-publish","hentry"],"_links":{"self":[{"href":"https:\/\/escolares.agenciatabor.com.br\/en\/wp-json\/wp\/v2\/pages\/7634"}],"collection":[{"href":"https:\/\/escolares.agenciatabor.com.br\/en\/wp-json\/wp\/v2\/pages"}],"about":[{"href":"https:\/\/escolares.agenciatabor.com.br\/en\/wp-json\/wp\/v2\/types\/page"}],"author":[{"embeddable":true,"href":"https:\/\/escolares.agenciatabor.com.br\/en\/wp-json\/wp\/v2\/users\/1"}],"replies":[{"embeddable":true,"href":"https:\/\/escolares.agenciatabor.com.br\/en\/wp-json\/wp\/v2\/comments?post=7634"}],"version-history":[{"count":10,"href":"https:\/\/escolares.agenciatabor.com.br\/en\/wp-json\/wp\/v2\/pages\/7634\/revisions"}],"predecessor-version":[{"id":8214,"href":"https:\/\/escolares.agenciatabor.com.br\/en\/wp-json\/wp\/v2\/pages\/7634\/revisions\/8214"}],"wp:attachment":[{"href":"https:\/\/escolares.agenciatabor.com.br\/en\/wp-json\/wp\/v2\/media?parent=7634"}],"curies":[{"name":"wp","href":"https:\/\/api.w.org\/{rel}","templated":true}]}}