{"id":9180,"date":"2024-07-15T15:02:21","date_gmt":"2024-07-15T18:02:21","guid":{"rendered":"https:\/\/escolares.agenciatabor.com.br\/?page_id=9180"},"modified":"2024-07-15T15:09:55","modified_gmt":"2024-07-15T18:09:55","slug":"casa-de-repouso-vila-notre-dame","status":"publish","type":"page","link":"https:\/\/escolares.agenciatabor.com.br\/en\/casa-de-repouso-vila-notre-dame\/","title":{"rendered":"Casa de Repouso Vila Notre Dame"},"content":{"rendered":"<div data-elementor-type=\"wp-page\" data-elementor-id=\"9180\" class=\"elementor elementor-9180\" data-elementor-post-type=\"page\">\n\t\t\t\t<div class=\"elementor-element elementor-element-5636335a e-flex e-con-boxed e-con e-parent\" data-id=\"5636335a\" data-element_type=\"container\" data-settings=\"{&quot;background_background&quot;:&quot;classic&quot;,&quot;shape_divider_top&quot;:&quot;tilt&quot;,&quot;jet_parallax_layout_list&quot;:[]}\">\n\t\t\t\t\t<div class=\"e-con-inner\">\n\t\t\t\t<div class=\"elementor-shape elementor-shape-top\" data-negative=\"false\">\n\t\t\t<svg xmlns=\"http:\/\/www.w3.org\/2000\/svg\" viewbox=\"0 0 1000 100\" preserveaspectratio=\"none\">\n\t<path class=\"elementor-shape-fill\" d=\"M0,6V0h1000v100L0,6z\"\/>\n<\/svg>\t\t<\/div>\n\t\t<div class=\"elementor-element elementor-element-22a2954a e-con-full e-flex e-con e-child\" data-id=\"22a2954a\" data-element_type=\"container\" data-settings=\"{&quot;jet_parallax_layout_list&quot;:[]}\">\n\t\t\t\t<div class=\"elementor-element elementor-element-567fa7a6 elementor-invisible elementor-widget elementor-widget-pix-badge\" data-id=\"567fa7a6\" data-element_type=\"widget\" data-widget_type=\"pix-badge.default\">\n\t\t\t\t<div class=\"elementor-widget-container\">\n\t\t\t<span class=\"pix-badge-element h6 d-inline-block mr-1 animate-in\" data-anim-type=\"fade-in-up\" data-anim-delay=\"300\"><span class=\"badge font-weight-bold bg-yellow  pix-py-10 pix-px-15\" style=\" \"><span class=\"text-body-default\" style=\"\">Institutions<\/span><\/span><\/span>\t\t<\/div>\n\t\t\t\t<\/div>\n\t\t\t\t<div class=\"elementor-element elementor-element-77184182 elementor-invisible elementor-widget elementor-widget-pix-heading\" data-id=\"77184182\" data-element_type=\"widget\" data-widget_type=\"pix-heading.default\">\n\t\t\t\t<div class=\"elementor-widget-container\">\n\t\t\t<div  class=\"pix-heading-el text-left\"><div><div class=\"slide-in-container2\"><h3 class=\"text-primary animate-in heading-text el-title_custom_color mb-12\" style=\"\" data-anim-type=\"fade-in-up\" data-anim-delay=\"200\"><b>Casa de Repouso Vila Notre Dame<\/b><\/h3><\/div><\/div><\/div>\t\t<\/div>\n\t\t\t\t<\/div>\n\t\t\t\t<div class=\"elementor-element elementor-element-13a2f1db elementor-invisible elementor-widget elementor-widget-pix-text\" data-id=\"13a2f1db\" data-element_type=\"widget\" data-widget_type=\"pix-text.default\">\n\t\t\t\t<div class=\"elementor-widget-container\">\n\t\t\t<div class=\"pix-el-text w-100 text-left\" ><p class=\"resp-option text-left\"><div class=\"animate-in d-inline-block\" data-anim-delay=\"600\" data-anim-type=\"fade-in-up\"><p><span style=\"font-weight: 400;\">Located in Puerto Rico. It is a place of prayer, silence, and inner search. Welcoming in sharing. Sharing faith. Believing in hope. Hoping in perseverance. Persevering in love. Loving. Especially prepared for people seeking a time of prayer and reflection.<\/span><\/p><p><b>Interested parties, please contact Sister Armand Marie: <a href=\"mailto:villanotredame@yahoo.com\" target=\"_blank\" rel=\"noopener\">villanotredame@yahoo.com<\/a><\/b><\/p><\/div><\/p><\/div>\t\t<\/div>\n\t\t\t\t<\/div>\n\t\t\t\t<div class=\"elementor-element elementor-element-5e8c8c9d elementor-widget-divider--view-line elementor-widget elementor-widget-divider\" data-id=\"5e8c8c9d\" data-element_type=\"widget\" data-widget_type=\"divider.default\">\n\t\t\t\t<div class=\"elementor-widget-container\">\n\t\t\t\t\t<div class=\"elementor-divider\">\n\t\t\t<span class=\"elementor-divider-separator\">\n\t\t\t\t\t\t<\/span>\n\t\t<\/div>\n\t\t\t\t<\/div>\n\t\t\t\t<\/div>\n\t\t\t\t<\/div>\n\t\t<div class=\"elementor-element elementor-element-517790f3 e-con-full e-flex e-con e-child\" data-id=\"517790f3\" data-element_type=\"container\" data-settings=\"{&quot;jet_parallax_layout_list&quot;:[]}\">\n\t\t\t\t<div class=\"elementor-element elementor-element-29e4c351 elementor-widget-divider--view-line elementor-widget elementor-widget-divider\" data-id=\"29e4c351\" data-element_type=\"widget\" data-widget_type=\"divider.default\">\n\t\t\t\t<div class=\"elementor-widget-container\">\n\t\t\t\t\t<div class=\"elementor-divider\">\n\t\t\t<span class=\"elementor-divider-separator\">\n\t\t\t\t\t\t<\/span>\n\t\t<\/div>\n\t\t\t\t<\/div>\n\t\t\t\t<\/div>\n\t\t\t\t<div class=\"elementor-element elementor-element-62faaf31 gallery-spacing-custom elementor-widget elementor-widget-image-gallery\" data-id=\"62faaf31\" data-element_type=\"widget\" data-widget_type=\"image-gallery.default\">\n\t\t\t\t<div class=\"elementor-widget-container\">\n\t\t\t\t\t<div class=\"elementor-image-gallery\">\n\t\t\t<div id='gallery-1' class='gallery galleryid-9180 gallery-columns-2 gallery-size-pix-big'><figure class='gallery-item'>\n\t\t\t<div class='gallery-icon landscape'>\n\t\t\t\t<a data-elementor-open-lightbox=\"yes\" data-elementor-lightbox-slideshow=\"62faaf31\" data-elementor-lightbox-title=\"Capela (4) (1)\" data-e-action-hash=\"#elementor-action%3Aaction%3Dlightbox%26settings%3DeyJpZCI6OTE4MiwidXJsIjoiaHR0cHM6XC9cL2VzY29sYXJlcy5hZ2VuY2lhdGFib3IuY29tLmJyXC93cC1jb250ZW50XC91cGxvYWRzXC8yMDI0XC8wN1wvQ2FwZWxhLTQtMS1zY2FsZWQuanBnIiwic2xpZGVzaG93IjoiNjJmYWFmMzEifQ%3D%3D\" href='https:\/\/escolares.agenciatabor.com.br\/wp-content\/uploads\/2024\/07\/Capela-4-1-scaled.jpg'><img fetchpriority=\"high\" decoding=\"async\" width=\"600\" height=\"450\" src=\"https:\/\/escolares.agenciatabor.com.br\/wp-content\/uploads\/2024\/07\/Capela-4-1-600x450.jpg\" class=\"attachment-pix-big size-pix-big\" alt=\"\" title=\"\"><\/a>\n\t\t\t<\/div><\/figure><figure class='gallery-item'>\n\t\t\t<div class='gallery-icon portrait'>\n\t\t\t\t<a data-elementor-open-lightbox=\"yes\" data-elementor-lightbox-slideshow=\"62faaf31\" data-elementor-lightbox-title=\"carretera.jpg (2)\" data-e-action-hash=\"#elementor-action%3Aaction%3Dlightbox%26settings%3DeyJpZCI6OTE4MywidXJsIjoiaHR0cHM6XC9cL2VzY29sYXJlcy5hZ2VuY2lhdGFib3IuY29tLmJyXC93cC1jb250ZW50XC91cGxvYWRzXC8yMDI0XC8wN1wvY2FycmV0ZXJhLmpwZy0yLXNjYWxlZC5qcGciLCJzbGlkZXNob3ciOiI2MmZhYWYzMSJ9\" href='https:\/\/escolares.agenciatabor.com.br\/wp-content\/uploads\/2024\/07\/carretera.jpg-2-scaled.jpg'><img decoding=\"async\" width=\"600\" height=\"450\" src=\"https:\/\/escolares.agenciatabor.com.br\/wp-content\/uploads\/2024\/07\/carretera.jpg-2-600x450.jpg\" class=\"attachment-pix-big size-pix-big\" alt=\"\" title=\"\"><\/a>\n\t\t\t<\/div><\/figure><figure class='gallery-item'>\n\t\t\t<div class='gallery-icon landscape'>\n\t\t\t\t<a data-elementor-open-lightbox=\"yes\" data-elementor-lightbox-slideshow=\"62faaf31\" data-elementor-lightbox-title=\"Porto Rico 12 (4)\" data-e-action-hash=\"#elementor-action%3Aaction%3Dlightbox%26settings%3DeyJpZCI6OTE4NCwidXJsIjoiaHR0cHM6XC9cL2VzY29sYXJlcy5hZ2VuY2lhdGFib3IuY29tLmJyXC93cC1jb250ZW50XC91cGxvYWRzXC8yMDI0XC8wN1wvUG9ydG8tUmljby0xMi00LmpwZWciLCJzbGlkZXNob3ciOiI2MmZhYWYzMSJ9\" href='https:\/\/escolares.agenciatabor.com.br\/wp-content\/uploads\/2024\/07\/Porto-Rico-12-4.jpeg'><img decoding=\"async\" width=\"600\" height=\"450\" src=\"https:\/\/escolares.agenciatabor.com.br\/wp-content\/uploads\/2024\/07\/Porto-Rico-12-4-600x450.jpeg\" class=\"attachment-pix-big size-pix-big\" alt=\"\" title=\"\"><\/a>\n\t\t\t<\/div><\/figure><figure class='gallery-item'>\n\t\t\t<div class='gallery-icon landscape'>\n\t\t\t\t<a data-elementor-open-lightbox=\"yes\" data-elementor-lightbox-slideshow=\"62faaf31\" data-elementor-lightbox-title=\"Torre 2 (1)\" data-e-action-hash=\"#elementor-action%3Aaction%3Dlightbox%26settings%3DeyJpZCI6OTE4NSwidXJsIjoiaHR0cHM6XC9cL2VzY29sYXJlcy5hZ2VuY2lhdGFib3IuY29tLmJyXC93cC1jb250ZW50XC91cGxvYWRzXC8yMDI0XC8wN1wvVG9ycmUtMi0xLXNjYWxlZC5qcGciLCJzbGlkZXNob3ciOiI2MmZhYWYzMSJ9\" href='https:\/\/escolares.agenciatabor.com.br\/wp-content\/uploads\/2024\/07\/Torre-2-1-scaled.jpg'><img loading=\"lazy\" decoding=\"async\" width=\"600\" height=\"450\" src=\"https:\/\/escolares.agenciatabor.com.br\/wp-content\/uploads\/2024\/07\/Torre-2-1-600x450.jpg\" class=\"attachment-pix-big size-pix-big\" alt=\"\" title=\"\"><\/a>\n\t\t\t<\/div><\/figure><figure class='gallery-item'>\n\t\t\t<div class='gallery-icon landscape'>\n\t\t\t\t<a data-elementor-open-lightbox=\"yes\" data-elementor-lightbox-slideshow=\"62faaf31\" data-elementor-lightbox-title=\"Torre 2 (4)\" data-e-action-hash=\"#elementor-action%3Aaction%3Dlightbox%26settings%3DeyJpZCI6OTE4NiwidXJsIjoiaHR0cHM6XC9cL2VzY29sYXJlcy5hZ2VuY2lhdGFib3IuY29tLmJyXC93cC1jb250ZW50XC91cGxvYWRzXC8yMDI0XC8wN1wvVG9ycmUtMi00LXNjYWxlZC5qcGciLCJzbGlkZXNob3ciOiI2MmZhYWYzMSJ9\" href='https:\/\/escolares.agenciatabor.com.br\/wp-content\/uploads\/2024\/07\/Torre-2-4-scaled.jpg'><img loading=\"lazy\" decoding=\"async\" width=\"600\" height=\"450\" src=\"https:\/\/escolares.agenciatabor.com.br\/wp-content\/uploads\/2024\/07\/Torre-2-4-600x450.jpg\" class=\"attachment-pix-big size-pix-big\" alt=\"\" title=\"\"><\/a>\n\t\t\t<\/div><\/figure><figure class='gallery-item'>\n\t\t\t<div class='gallery-icon landscape'>\n\t\t\t\t<a data-elementor-open-lightbox=\"yes\" data-elementor-lightbox-slideshow=\"62faaf31\" data-elementor-lightbox-title=\"Vida N (6)\" data-e-action-hash=\"#elementor-action%3Aaction%3Dlightbox%26settings%3DeyJpZCI6OTE4NywidXJsIjoiaHR0cHM6XC9cL2VzY29sYXJlcy5hZ2VuY2lhdGFib3IuY29tLmJyXC93cC1jb250ZW50XC91cGxvYWRzXC8yMDI0XC8wN1wvVmlkYS1OLTYtc2NhbGVkLmpwZyIsInNsaWRlc2hvdyI6IjYyZmFhZjMxIn0%3D\" href='https:\/\/escolares.agenciatabor.com.br\/wp-content\/uploads\/2024\/07\/Vida-N-6-scaled.jpg'><img loading=\"lazy\" decoding=\"async\" width=\"600\" height=\"450\" src=\"https:\/\/escolares.agenciatabor.com.br\/wp-content\/uploads\/2024\/07\/Vida-N-6-600x450.jpg\" class=\"attachment-pix-big size-pix-big\" alt=\"\" title=\"\"><\/a>\n\t\t\t<\/div><\/figure>\n\t\t<\/div>\n\t\t<\/div>\n\t\t\t\t<\/div>\n\t\t\t\t<\/div>\n\t\t\t\t<\/div>\n\t\t\t\t\t<\/div>\n\t\t\t\t<\/div>\n\t\t<div class=\"elementor-element elementor-element-555eb149 e-flex e-con-boxed e-con e-parent\" data-id=\"555eb149\" data-element_type=\"container\" data-settings=\"{&quot;jet_parallax_layout_list&quot;:[]}\">\n\t\t\t\t\t<div class=\"e-con-inner\">\n\t\t\t\t\t<\/div>\n\t\t\t\t<\/div>\n\t\t<div class=\"elementor-element elementor-element-7f7f40c0 e-flex e-con-boxed e-con e-parent\" data-id=\"7f7f40c0\" data-element_type=\"container\" data-settings=\"{&quot;jet_parallax_layout_list&quot;:[]}\">\n\t\t\t\t\t<div class=\"e-con-inner\">\n\t\t\t\t\t<\/div>\n\t\t\t\t<\/div>\n\t\t\t\t<\/div>","protected":false},"excerpt":{"rendered":"<p>Institui\u00e7\u00f5es Casa de Repouso Vila Notre Dame Localizado em Porto Rico. \u00c9 um lugar de ora\u00e7\u00e3o, sil\u00eancio e busca interior. Acolher na partilha. Partilhar a f\u00e9. Crer na esperan\u00e7a. Esperar na perseveran\u00e7a. Perseverar no amor. Amar. Especialmente preparadas para pessoas&#8230;<\/p>","protected":false},"author":1,"featured_media":0,"parent":0,"menu_order":0,"comment_status":"closed","ping_status":"closed","template":"elementor_header_footer","meta":{"rank_math_lock_modified_date":false,"footnotes":""},"class_list":["post-9180","page","type-page","status-publish","hentry"],"_links":{"self":[{"href":"https:\/\/escolares.agenciatabor.com.br\/en\/wp-json\/wp\/v2\/pages\/9180"}],"collection":[{"href":"https:\/\/escolares.agenciatabor.com.br\/en\/wp-json\/wp\/v2\/pages"}],"about":[{"href":"https:\/\/escolares.agenciatabor.com.br\/en\/wp-json\/wp\/v2\/types\/page"}],"author":[{"embeddable":true,"href":"https:\/\/escolares.agenciatabor.com.br\/en\/wp-json\/wp\/v2\/users\/1"}],"replies":[{"embeddable":true,"href":"https:\/\/escolares.agenciatabor.com.br\/en\/wp-json\/wp\/v2\/comments?post=9180"}],"version-history":[{"count":7,"href":"https:\/\/escolares.agenciatabor.com.br\/en\/wp-json\/wp\/v2\/pages\/9180\/revisions"}],"predecessor-version":[{"id":9193,"href":"https:\/\/escolares.agenciatabor.com.br\/en\/wp-json\/wp\/v2\/pages\/9180\/revisions\/9193"}],"wp:attachment":[{"href":"https:\/\/escolares.agenciatabor.com.br\/en\/wp-json\/wp\/v2\/media?parent=9180"}],"curies":[{"name":"wp","href":"https:\/\/api.w.org\/{rel}","templated":true}]}}