{"id":6763,"date":"2024-04-13T18:25:51","date_gmt":"2024-04-13T21:25:51","guid":{"rendered":"https:\/\/escolares.agenciatabor.com.br\/?page_id=6763"},"modified":"2024-05-28T19:31:33","modified_gmt":"2024-05-28T22:31:33","slug":"projetos-sociais","status":"publish","type":"page","link":"https:\/\/escolares.agenciatabor.com.br\/es\/proyectos-sociales\/","title":{"rendered":"Proyectos Sociales"},"content":{"rendered":"<div data-elementor-type=\"wp-page\" data-elementor-id=\"6763\" class=\"elementor elementor-6763\" data-elementor-post-type=\"page\">\n\t\t\t\t\t\t<section class=\"elementor-section elementor-top-section elementor-element elementor-element-421d254d elementor-section-boxed elementor-section-height-default elementor-section-height-default\" data-id=\"421d254d\" data-element_type=\"section\" data-settings=\"{&quot;jet_parallax_layout_list&quot;:[],&quot;shape_divider_top&quot;:&quot;tilt&quot;}\">\n\t\t\t\t\t\t\t<div class=\"elementor-background-overlay\"><\/div>\n\t\t\t\t\t\t<div class=\"elementor-shape elementor-shape-top\" data-negative=\"false\">\n\t\t\t<svg xmlns=\"http:\/\/www.w3.org\/2000\/svg\" viewbox=\"0 0 1000 100\" preserveaspectratio=\"none\">\n\t<path class=\"elementor-shape-fill\" d=\"M0,6V0h1000v100L0,6z\"\/>\n<\/svg>\t\t<\/div>\n\t\t\t\t\t<div class=\"elementor-container elementor-column-gap-default\">\n\t\t\t\t\t<div class=\"elementor-column elementor-col-100 elementor-top-column elementor-element elementor-element-47b2abc5\" data-id=\"47b2abc5\" data-element_type=\"column\">\n\t\t\t<div class=\"elementor-widget-wrap elementor-element-populated\">\n\t\t\t\t\t\t<div class=\"elementor-element elementor-element-3519a3fd elementor-widget elementor-widget-pix-badge\" data-id=\"3519a3fd\" data-element_type=\"widget\" data-widget_type=\"pix-badge.default\">\n\t\t\t\t<div class=\"elementor-widget-container\">\n\t\t\t<span class=\"pix-badge-element h6 d-inline-block mr-1\"  ><span class=\"badge font-weight-bold secondary-font bg-yellow  pix-py-10 pix-px-15\" style=\" \"><span class=\"text-body-default\" style=\"\">Proyectos Sociales<\/span><\/span><\/span>\t\t<\/div>\n\t\t\t\t<\/div>\n\t\t\t\t<div class=\"elementor-element elementor-element-305ad575 elementor-widget elementor-widget-pix-heading\" data-id=\"305ad575\" data-element_type=\"widget\" data-widget_type=\"pix-heading.default\">\n\t\t\t\t<div class=\"elementor-widget-container\">\n\t\t\t<div  class=\"pix-heading-el text-left\"><div><div class=\"slide-in-container2\"><h2 class=\"text-body-default font-weight-bold heading-text el-title_custom_color mb-12\" style=\"\" data-anim-type=\"\" data-anim-delay=\"\">Inclusi\u00f3n y transformaci\u00f3n social: Descubra los proyectos innovadores de la Congregaci\u00f3n de las Hermanas de las Escuelas<\/h2><\/div><\/div><\/div>\t\t<\/div>\n\t\t\t\t<\/div>\n\t\t\t\t<div class=\"elementor-element elementor-element-ba05712 elementor-widget elementor-widget-pix-text\" data-id=\"ba05712\" data-element_type=\"widget\" data-widget_type=\"pix-text.default\">\n\t\t\t\t<div class=\"elementor-widget-container\">\n\t\t\t<div class=\"pix-el-text w-100 text-left\" ><p class=\"resp-option text-left\"><p><span style=\"font-weight: 400;\">En la Congregaci\u00f3n de las Hermanas de las Escuelas, creemos en el poder de la educaci\u00f3n y de la inclusi\u00f3n para transformar vidas. Bas\u00e1ndonos en las ense\u00f1anzas de la Madre Teresa, nuestra fundadora, promovemos proyectos sociales que generan autonom\u00eda y desarrollo para comunidades y personas en situaci\u00f3n de vulnerabilidad.<\/span><\/p><\/p><\/div>\t\t<\/div>\n\t\t\t\t<\/div>\n\t\t\t\t<div class=\"elementor-element elementor-element-d0a062e elementor-widget-divider--view-line elementor-widget elementor-widget-divider\" data-id=\"d0a062e\" data-element_type=\"widget\" data-widget_type=\"divider.default\">\n\t\t\t\t<div class=\"elementor-widget-container\">\n\t\t\t\t\t<div class=\"elementor-divider\">\n\t\t\t<span class=\"elementor-divider-separator\">\n\t\t\t\t\t\t<\/span>\n\t\t<\/div>\n\t\t\t\t<\/div>\n\t\t\t\t<\/div>\n\t\t\t\t<div class=\"elementor-element elementor-element-88685c7 elementor-widget elementor-widget-pix-heading\" data-id=\"88685c7\" data-element_type=\"widget\" data-widget_type=\"pix-heading.default\">\n\t\t\t\t<div class=\"elementor-widget-container\">\n\t\t\t<div  class=\"pix-heading-el text-left\"><div><div class=\"slide-in-container2\"><h2 class=\"text-body-default font-weight-bold heading-text el-title_custom_color mb-12\" style=\"\" data-anim-type=\"\" data-anim-delay=\"\">Proyecto Rumo Norte: Navegando hacia la inclusi\u00f3n profesional<\/h2><\/div><\/div><\/div>\t\t<\/div>\n\t\t\t\t<\/div>\n\t\t\t\t<div class=\"elementor-element elementor-element-94b9b32 elementor-widget elementor-widget-pix-heading\" data-id=\"94b9b32\" data-element_type=\"widget\" data-widget_type=\"pix-heading.default\">\n\t\t\t\t<div class=\"elementor-widget-container\">\n\t\t\t<div  class=\"pix-heading-el text-left\"><div><div class=\"slide-in-container2\"><h2 class=\"text-body-default heading-text el-title_custom_color mb-12\" style=\"\" data-anim-type=\"\" data-anim-delay=\"\">Proyecto para personas con discapacidad<\/h2><\/div><\/div><\/div>\t\t<\/div>\n\t\t\t\t<\/div>\n\t\t\t\t<div class=\"elementor-element elementor-element-562e86b elementor-widget elementor-widget-pix-text\" data-id=\"562e86b\" data-element_type=\"widget\" data-widget_type=\"pix-text.default\">\n\t\t\t\t<div class=\"elementor-widget-container\">\n\t\t\t<div class=\"pix-el-text w-100 text-left\" ><p class=\"resp-option text-left\"><p><span style=\"font-weight: 400;\">Pionero desde 2002, el Proyecto Rumo Norte es un hito en la cualificaci\u00f3n profesional de las personas con discapacidad. Ofreciendo talleres gratuitos de cualificaci\u00f3n profesional e inclusi\u00f3n, as\u00ed como atenci\u00f3n psicol\u00f3gica y apoyo social a personas con discapacidad a trav\u00e9s de sus iguales, proporciona un espacio \u00fanico de aprendizaje y empat\u00eda.<\/span><\/p><p>\u00a0<\/p><p><span style=\"font-weight: 400;\"><strong>Ubicaci\u00f3n:<\/strong> Centro hist\u00f3rico de Porto Alegre, accesible a toda la Regi\u00f3n Metropolitana.<\/span><\/p><p><span style=\"font-weight: 400;\"><strong>Servicios<\/strong> Talleres de asistencia psicol\u00f3gica y social y de formaci\u00f3n profesional.<\/span><\/p><p><span style=\"font-weight: 400;\"><strong>Personal cualificado:<\/strong> Profesionales especializados, muchos de los cuales son tambi\u00e9n personas con discapacidad.<\/span><\/p><\/p><\/div>\t\t<\/div>\n\t\t\t\t<\/div>\n\t\t\t\t<div class=\"elementor-element elementor-element-803d16c elementor-absolute elementor-widget elementor-widget-image\" data-id=\"803d16c\" data-element_type=\"widget\" data-settings=\"{&quot;_position&quot;:&quot;absolute&quot;,&quot;motion_fx_motion_fx_mouse&quot;:&quot;yes&quot;,&quot;motion_fx_mouseTrack_effect&quot;:&quot;yes&quot;,&quot;motion_fx_mouseTrack_speed&quot;:{&quot;unit&quot;:&quot;px&quot;,&quot;size&quot;:1,&quot;sizes&quot;:[]}}\" data-widget_type=\"image.default\">\n\t\t\t\t<div class=\"elementor-widget-container\">\n\t\t\t\t\t\t\t\t\t\t\t\t\t<img decoding=\"async\" width=\"200\" height=\"155\" src=\"https:\/\/escolares.agenciatabor.com.br\/wp-content\/uploads\/2024\/03\/DEFR.png\" class=\"attachment-large size-large wp-image-4930\" alt=\"\" srcset=\"https:\/\/escolares.agenciatabor.com.br\/wp-content\/uploads\/2024\/03\/DEFR.png 200w, https:\/\/escolares.agenciatabor.com.br\/wp-content\/uploads\/2024\/03\/DEFR-15x12.png 15w\" sizes=\"(max-width: 200px) 100vw, 200px\" title=\"\">\t\t\t\t\t\t\t\t\t\t\t\t\t<\/div>\n\t\t\t\t<\/div>\n\t\t\t\t<div class=\"elementor-element elementor-element-f5b9ac0 elementor-absolute elementor-widget elementor-widget-image\" data-id=\"f5b9ac0\" data-element_type=\"widget\" data-settings=\"{&quot;_position&quot;:&quot;absolute&quot;,&quot;motion_fx_motion_fx_mouse&quot;:&quot;yes&quot;,&quot;motion_fx_mouseTrack_effect&quot;:&quot;yes&quot;,&quot;motion_fx_mouseTrack_direction&quot;:&quot;negative&quot;,&quot;motion_fx_mouseTrack_speed&quot;:{&quot;unit&quot;:&quot;px&quot;,&quot;size&quot;:1,&quot;sizes&quot;:[]}}\" data-widget_type=\"image.default\">\n\t\t\t\t<div class=\"elementor-widget-container\">\n\t\t\t\t\t\t\t\t\t\t\t\t\t<img decoding=\"async\" width=\"200\" height=\"155\" src=\"https:\/\/escolares.agenciatabor.com.br\/wp-content\/uploads\/2024\/03\/DEFR.png\" class=\"attachment-large size-large wp-image-4930\" alt=\"\" srcset=\"https:\/\/escolares.agenciatabor.com.br\/wp-content\/uploads\/2024\/03\/DEFR.png 200w, https:\/\/escolares.agenciatabor.com.br\/wp-content\/uploads\/2024\/03\/DEFR-15x12.png 15w\" sizes=\"(max-width: 200px) 100vw, 200px\" title=\"\">\t\t\t\t\t\t\t\t\t\t\t\t\t<\/div>\n\t\t\t\t<\/div>\n\t\t\t\t<div class=\"elementor-element elementor-element-e8cff84 elementor-absolute elementor-widget elementor-widget-image\" data-id=\"e8cff84\" data-element_type=\"widget\" data-settings=\"{&quot;_position&quot;:&quot;absolute&quot;,&quot;motion_fx_motion_fx_mouse&quot;:&quot;yes&quot;,&quot;motion_fx_mouseTrack_effect&quot;:&quot;yes&quot;,&quot;motion_fx_mouseTrack_direction&quot;:&quot;negative&quot;,&quot;motion_fx_mouseTrack_speed&quot;:{&quot;unit&quot;:&quot;px&quot;,&quot;size&quot;:1,&quot;sizes&quot;:[]}}\" data-widget_type=\"image.default\">\n\t\t\t\t<div class=\"elementor-widget-container\">\n\t\t\t\t\t\t\t\t\t\t\t\t\t<img decoding=\"async\" width=\"200\" height=\"155\" src=\"https:\/\/escolares.agenciatabor.com.br\/wp-content\/uploads\/2024\/03\/DEFR.png\" class=\"attachment-large size-large wp-image-4930\" alt=\"\" srcset=\"https:\/\/escolares.agenciatabor.com.br\/wp-content\/uploads\/2024\/03\/DEFR.png 200w, https:\/\/escolares.agenciatabor.com.br\/wp-content\/uploads\/2024\/03\/DEFR-15x12.png 15w\" sizes=\"(max-width: 200px) 100vw, 200px\" title=\"\">\t\t\t\t\t\t\t\t\t\t\t\t\t<\/div>\n\t\t\t\t<\/div>\n\t\t\t\t<div class=\"elementor-element elementor-element-b669215 elementor-absolute elementor-widget elementor-widget-image\" data-id=\"b669215\" data-element_type=\"widget\" data-settings=\"{&quot;_position&quot;:&quot;absolute&quot;,&quot;motion_fx_motion_fx_mouse&quot;:&quot;yes&quot;,&quot;motion_fx_mouseTrack_effect&quot;:&quot;yes&quot;,&quot;motion_fx_mouseTrack_speed&quot;:{&quot;unit&quot;:&quot;px&quot;,&quot;size&quot;:1,&quot;sizes&quot;:[]}}\" data-widget_type=\"image.default\">\n\t\t\t\t<div class=\"elementor-widget-container\">\n\t\t\t\t\t\t\t\t\t\t\t\t\t<img decoding=\"async\" width=\"200\" height=\"155\" src=\"https:\/\/escolares.agenciatabor.com.br\/wp-content\/uploads\/2024\/03\/DEFR.png\" class=\"attachment-large size-large wp-image-4930\" alt=\"\" srcset=\"https:\/\/escolares.agenciatabor.com.br\/wp-content\/uploads\/2024\/03\/DEFR.png 200w, https:\/\/escolares.agenciatabor.com.br\/wp-content\/uploads\/2024\/03\/DEFR-15x12.png 15w\" sizes=\"(max-width: 200px) 100vw, 200px\" title=\"\">\t\t\t\t\t\t\t\t\t\t\t\t\t<\/div>\n\t\t\t\t<\/div>\n\t\t\t\t<div class=\"elementor-element elementor-element-91fe280 elementor-widget elementor-widget-pix-accordion\" data-id=\"91fe280\" data-element_type=\"widget\" data-widget_type=\"pix-accordion.default\">\n\t\t\t\t<div class=\"elementor-widget-container\">\n\t\t\t<div class=\"accordion w-100 accordion-card bg-white2 rounded-lg2\" id=\"accordion-2225182\"><div class=\"card\">\n               <div class=\"card-header pix-mb-10 shadow-sm rounded-lg bg-white\" id=\"headingpix-tab-7345624\" >\n                   <button class=\"btn btn-link text-left\" type=\"button\" data-toggle=\"collapse\" data-target=\"#collapsepix-tab-7345624\" aria-expanded=\"true\" aria-controls=\"collapsepix-tab-7345624\"><i class=\"pixicon-flag-7 text-primary text-20 pix-mr-10\" ><\/i> <span class=\"font-weight-bold text-primary\" >\u00bfC\u00f3mo puedo contribuir al Proyecto Rumo Norte?<\/span><\/button>\n               <\/div>\n\n               <div id=\"collapsepix-tab-7345624\" class=\"collapse\" aria-labelledby=\"headingpix-tab-7345624\">\n                 <div class=\"card-body\">\n                     <ul><li style=\"font-weight: 400;\" aria-level=\"1\"><span style=\"font-weight: 400;\">Las asociaciones empresariales, la tutor\u00eda y el apoyo t\u00e9cnico son formas incre\u00edbles de contribuir.<\/span><\/li><\/ul>\n                 <\/div>\n               <\/div>\n             <\/div><div class=\"card\">\n               <div class=\"card-header pix-mb-10 shadow-sm rounded-lg bg-white\" id=\"headingpix-tab-7863010\" >\n                   <button class=\"btn btn-link text-left\" type=\"button\" data-toggle=\"collapse\" data-target=\"#collapsepix-tab-7863010\" aria-expanded=\"true\" aria-controls=\"collapsepix-tab-7863010\"><i class=\"pixicon-flag-7 text-primary text-20 pix-mr-10\" ><\/i> <span class=\"font-weight-bold text-primary\" >\u00bfCu\u00e1l es el impacto de mi ayuda?<\/span><\/button>\n               <\/div>\n\n               <div id=\"collapsepix-tab-7863010\" class=\"collapse\" aria-labelledby=\"headingpix-tab-7863010\">\n                 <div class=\"card-body\">\n                     <p><span style=\"font-weight: 400;\">Cada contribuci\u00f3n ayuda a alguien a dar un paso hacia la independencia y la autonom\u00eda.<\/span><\/p>\n                 <\/div>\n               <\/div>\n             <\/div><\/div>\t\t<\/div>\n\t\t\t\t<\/div>\n\t\t\t\t<div class=\"elementor-element elementor-element-7f16ea5 elementor-widget elementor-widget-pix-text\" data-id=\"7f16ea5\" data-element_type=\"widget\" data-widget_type=\"pix-text.default\">\n\t\t\t\t<div class=\"elementor-widget-container\">\n\t\t\t<div class=\"pix-el-text w-100 text-left\" ><p class=\"resp-option text-left\"><p><strong>Con\u00e9ctese con nosotros<\/strong><\/p><p><span style=\"font-weight: 400;\">Queremos que forme parte de nuestra misi\u00f3n.\u00a0<\/span><\/p><p><span style=\"font-weight: 400;\">\u00danase a nosotros en la construcci\u00f3n de una sociedad m\u00e1s inclusiva y capacitada, en la que cada persona tenga la oportunidad de brillar. <\/span><\/p><\/p><\/div>\t\t<\/div>\n\t\t\t\t<\/div>\n\t\t\t\t<div class=\"elementor-element elementor-element-a1e95ed elementor-widget elementor-widget-pix-button\" data-id=\"a1e95ed\" data-element_type=\"widget\" data-widget_type=\"pix-button.default\">\n\t\t\t\t<div class=\"elementor-widget-container\">\n\t\t\t<a href=\"https:\/\/docs.google.com\/document\/d\/1Mn7nH_6SVAPh0X5f7_9TW4pTRfgg560nc6ouI5vIAzU\/edit\" class=\"btn m-0     shadow-sm btn-primary d-block w-100       animate-in btn-md\" data-anim-type=\"fade-in-Img\" data-anim-delay=\"0\" target=\"_blank\" rel=\"noopener\"><span class=\"font-weight-bold\" >Quiero apoyar<\/span><\/a>\t\t<\/div>\n\t\t\t\t<\/div>\n\t\t\t\t<div class=\"elementor-element elementor-element-525822b elementor-widget elementor-widget-pix-text\" data-id=\"525822b\" data-element_type=\"widget\" data-widget_type=\"pix-text.default\">\n\t\t\t\t<div class=\"elementor-widget-container\">\n\t\t\t<div class=\"pix-el-text w-100 text-left\" ><p class=\"resp-option text-left\"><p><span style=\"font-weight: 400;\">Para m\u00e1s informaci\u00f3n, contacte por tel\u00e9fono con Liziane, coordinadora del proyecto: <strong>(51) 3225 9129.<\/strong><\/span><\/p><\/p><\/div>\t\t<\/div>\n\t\t\t\t<\/div>\n\t\t\t\t<div class=\"elementor-element elementor-element-693564b elementor-widget-divider--view-line elementor-widget elementor-widget-divider\" data-id=\"693564b\" data-element_type=\"widget\" data-widget_type=\"divider.default\">\n\t\t\t\t<div class=\"elementor-widget-container\">\n\t\t\t\t\t<div class=\"elementor-divider\">\n\t\t\t<span class=\"elementor-divider-separator\">\n\t\t\t\t\t\t<\/span>\n\t\t<\/div>\n\t\t\t\t<\/div>\n\t\t\t\t<\/div>\n\t\t\t\t<div class=\"elementor-element elementor-element-a0c2cb6 elementor-widget elementor-widget-pix-heading\" data-id=\"a0c2cb6\" data-element_type=\"widget\" data-widget_type=\"pix-heading.default\">\n\t\t\t\t<div class=\"elementor-widget-container\">\n\t\t\t<div  class=\"pix-heading-el text-left\"><div><div class=\"slide-in-container2\"><h2 class=\"text-body-default font-weight-bold heading-text el-title_custom_color mb-12\" style=\"\" data-anim-type=\"\" data-anim-delay=\"\">Asociaci\u00f3n Sociocultural Madre Teresa de Jes\u00fas<\/h2><\/div><\/div><\/div>\t\t<\/div>\n\t\t\t\t<\/div>\n\t\t\t\t<div class=\"elementor-element elementor-element-3c58945 elementor-widget elementor-widget-pix-text\" data-id=\"3c58945\" data-element_type=\"widget\" data-widget_type=\"pix-text.default\">\n\t\t\t\t<div class=\"elementor-widget-container\">\n\t\t\t<div class=\"pix-el-text w-100 text-left\" ><p class=\"resp-option text-left\"><p><span style=\"font-weight: 400;\">En medio de la bulliciosa metr\u00f3polis de San Paulo, la Asociaci\u00f3n Sociocultural Madre Teresa de Jes\u00fas se erige como un faro de esperanza. Desde 2003, nuestra asociaci\u00f3n ha sido un santuario de aprendizaje y crecimiento para la comunidad desfavorecida del barrio Jardin Elisa Maria, especialmente a trav\u00e9s de dos proyectos:<\/span><\/p><ul><li style=\"font-weight: 400;\" aria-level=\"1\"><b>Centro para la Infancia y la Adolescencia (CCA):<\/b><span style=\"font-weight: 400;\"><span style=\"font-weight: 400;\"> Una vibrante iniciativa en la que j\u00f3venes de 6 a 15 a\u00f1os descubren su potencial en un espacio acogedor y educativo. Con m\u00e1s de 180 ni\u00f1os activos y muchos m\u00e1s esperando una oportunidad, este proyecto es una chispa que enciende futuros brillantes.<\/span><\/span><p>\u00a0<\/p><\/li><li style=\"font-weight: 400;\" aria-level=\"1\"><b>Movimiento para la Alfabetizaci\u00f3n de J\u00f3venes y Adultos (MOVA):<\/b> Desbloqueamos el mundo de las letras para 60 estudiantes, divididos en tres clases, d\u00e1ndoles las herramientas para escribir sus propios caminos de \u00e9xito.<\/li><\/ul><\/p><\/div>\t\t<\/div>\n\t\t\t\t<\/div>\n\t\t\t\t<div class=\"elementor-element elementor-element-2604967 elementor-widget elementor-widget-pix-accordion\" data-id=\"2604967\" data-element_type=\"widget\" data-widget_type=\"pix-accordion.default\">\n\t\t\t\t<div class=\"elementor-widget-container\">\n\t\t\t<div class=\"accordion w-100 accordion-card bg-white2 rounded-lg2\" id=\"accordion-48160\"><div class=\"card\">\n               <div class=\"card-header pix-mb-10 shadow-sm rounded-lg bg-white\" id=\"headingpix-tab-7887376\" >\n                   <button class=\"btn btn-link text-left\" type=\"button\" data-toggle=\"collapse\" data-target=\"#collapsepix-tab-7887376\" aria-expanded=\"true\" aria-controls=\"collapsepix-tab-7887376\"><i class=\"pixicon-flag-7 text-primary text-20 pix-mr-10\" ><\/i> <span class=\"font-weight-bold text-primary\" >\u00bfC\u00f3mo puedo participar en la Asociaci\u00f3n?<\/span><\/button>\n               <\/div>\n\n               <div id=\"collapsepix-tab-7887376\" class=\"collapse\" aria-labelledby=\"headingpix-tab-7887376\">\n                 <div class=\"card-body\">\n                     <ul><li style=\"font-weight: 400;\" aria-level=\"1\"><span style=\"font-weight: 400;\">Donaciones, voluntariado o simplemente correr la voz, cada gesto ayuda a forjar un futuro mejor.<\/span><\/li><\/ul>\n                 <\/div>\n               <\/div>\n             <\/div><div class=\"card\">\n               <div class=\"card-header pix-mb-10 shadow-sm rounded-lg bg-white\" id=\"headingpix-tab-7599749\" >\n                   <button class=\"btn btn-link text-left\" type=\"button\" data-toggle=\"collapse\" data-target=\"#collapsepix-tab-7599749\" aria-expanded=\"true\" aria-controls=\"collapsepix-tab-7599749\"><i class=\"pixicon-flag-7 text-primary text-20 pix-mr-10\" ><\/i> <span class=\"font-weight-bold text-primary\" >\u00bfPuedo donar materiales o tiempo en lugar de dinero?<\/span><\/button>\n               <\/div>\n\n               <div id=\"collapsepix-tab-7599749\" class=\"collapse\" aria-labelledby=\"headingpix-tab-7599749\">\n                 <div class=\"card-body\">\n                     <ul><li><span style=\"font-weight: 400;\">Por supuesto. Los libros, los materiales art\u00edsticos y tu tiempo son tan valiosos como las aportaciones econ\u00f3micas.<\/span><\/li><\/ul>\n                 <\/div>\n               <\/div>\n             <\/div><\/div>\t\t<\/div>\n\t\t\t\t<\/div>\n\t\t\t\t<div class=\"elementor-element elementor-element-08457be elementor-widget elementor-widget-pix-button\" data-id=\"08457be\" data-element_type=\"widget\" data-widget_type=\"pix-button.default\">\n\t\t\t\t<div class=\"elementor-widget-container\">\n\t\t\t<a href=\"https:\/\/docs.google.com\/document\/d\/1Mn7nH_6SVAPh0X5f7_9TW4pTRfgg560nc6ouI5vIAzU\/edit\" class=\"btn m-0     shadow-sm btn-primary d-block w-100       animate-in btn-normal\" data-anim-type=\"fade-in-Img\" data-anim-delay=\"0\" target=\"_blank\" rel=\"noopener\"><span class=\"font-weight-bold\" >Quiero apoyar<\/span><\/a>\t\t<\/div>\n\t\t\t\t<\/div>\n\t\t\t\t<div class=\"elementor-element elementor-element-70bed3a elementor-widget elementor-widget-pix-text\" data-id=\"70bed3a\" data-element_type=\"widget\" data-widget_type=\"pix-text.default\">\n\t\t\t\t<div class=\"elementor-widget-container\">\n\t\t\t<div class=\"pix-el-text w-100 text-left\" ><p class=\"resp-option text-left\"><p><span style=\"font-weight: 400;\">Para m\u00e1s informaci\u00f3n, p\u00f3ngase en contacto con Sor Let\u00edcia por tel\u00e9fono:<strong> (11) 96734 1338.<\/strong><\/span><\/p><\/p><\/div>\t\t<\/div>\n\t\t\t\t<\/div>\n\t\t\t\t\t<\/div>\n\t\t<\/div>\n\t\t\t\t\t<\/div>\n\t\t<\/section>\n\t\t\t\t<\/div>","protected":false},"excerpt":{"rendered":"<p>Projetos Sociais Inclus\u00e3o e Transforma\u00e7\u00e3o Social: Conhe\u00e7a os Projetos Inovadores da Congrega\u00e7\u00e3o das Irm\u00e3s Escolares Na Congrega\u00e7\u00e3o das Irm\u00e3s Escolares, acreditamos no poder da educa\u00e7\u00e3o e inclus\u00e3o para transformar vidas. Com base nos ensinamentos de Madre Teresa, nossa fundadora, impulsionamos&#8230;<\/p>","protected":false},"author":1,"featured_media":0,"parent":0,"menu_order":0,"comment_status":"closed","ping_status":"closed","template":"elementor_header_footer","meta":{"rank_math_lock_modified_date":false,"footnotes":""},"class_list":["post-6763","page","type-page","status-publish","hentry"],"_links":{"self":[{"href":"https:\/\/escolares.agenciatabor.com.br\/es\/wp-json\/wp\/v2\/pages\/6763"}],"collection":[{"href":"https:\/\/escolares.agenciatabor.com.br\/es\/wp-json\/wp\/v2\/pages"}],"about":[{"href":"https:\/\/escolares.agenciatabor.com.br\/es\/wp-json\/wp\/v2\/types\/page"}],"author":[{"embeddable":true,"href":"https:\/\/escolares.agenciatabor.com.br\/es\/wp-json\/wp\/v2\/users\/1"}],"replies":[{"embeddable":true,"href":"https:\/\/escolares.agenciatabor.com.br\/es\/wp-json\/wp\/v2\/comments?post=6763"}],"version-history":[{"count":43,"href":"https:\/\/escolares.agenciatabor.com.br\/es\/wp-json\/wp\/v2\/pages\/6763\/revisions"}],"predecessor-version":[{"id":8285,"href":"https:\/\/escolares.agenciatabor.com.br\/es\/wp-json\/wp\/v2\/pages\/6763\/revisions\/8285"}],"wp:attachment":[{"href":"https:\/\/escolares.agenciatabor.com.br\/es\/wp-json\/wp\/v2\/media?parent=6763"}],"curies":[{"name":"wp","href":"https:\/\/api.w.org\/{rel}","templated":true}]}}