{"id":5106,"date":"2024-03-07T00:15:43","date_gmt":"2024-03-07T03:15:43","guid":{"rendered":"https:\/\/escolares.agenciatabor.com.br\/?page_id=5106"},"modified":"2024-08-17T03:18:33","modified_gmt":"2024-08-17T06:18:33","slug":"associados","status":"publish","type":"page","link":"https:\/\/escolares.agenciatabor.com.br\/es_es\/associados\/","title":{"rendered":"Associados"},"content":{"rendered":"<div data-elementor-type=\"wp-page\" data-elementor-id=\"5106\" class=\"elementor elementor-5106\" data-elementor-post-type=\"page\">\n\t\t\t\t\t\t<section class=\"elementor-section elementor-top-section elementor-element elementor-element-20adde66 elementor-section-boxed elementor-section-height-default elementor-section-height-default\" data-id=\"20adde66\" data-element_type=\"section\" data-settings=\"{&quot;jet_parallax_layout_list&quot;:[],&quot;shape_divider_top&quot;:&quot;tilt&quot;}\">\n\t\t\t\t\t<div class=\"elementor-shape elementor-shape-top\" data-negative=\"false\">\n\t\t\t<svg xmlns=\"http:\/\/www.w3.org\/2000\/svg\" viewbox=\"0 0 1000 100\" preserveaspectratio=\"none\">\n\t<path class=\"elementor-shape-fill\" d=\"M0,6V0h1000v100L0,6z\"\/>\n<\/svg>\t\t<\/div>\n\t\t\t\t\t<div class=\"elementor-container elementor-column-gap-default\">\n\t\t\t\t\t<div class=\"elementor-column elementor-col-50 elementor-top-column elementor-element elementor-element-1942dba8\" data-id=\"1942dba8\" data-element_type=\"column\">\n\t\t\t<div class=\"elementor-widget-wrap elementor-element-populated\">\n\t\t\t\t\t\t<div class=\"elementor-element elementor-element-3394b6bd elementor-widget elementor-widget-pix-badge\" data-id=\"3394b6bd\" data-element_type=\"widget\" data-widget_type=\"pix-badge.default\">\n\t\t\t\t<div class=\"elementor-widget-container\">\n\t\t\t<span class=\"pix-badge-element h6 d-inline-block mr-1\"  ><span class=\"badge font-weight-bold secondary-font bg-yellow  pix-py-10 pix-px-15\" style=\" \"><span class=\"text-body-default\" style=\"\">Associados<\/span><\/span><\/span>\t\t<\/div>\n\t\t\t\t<\/div>\n\t\t\t\t<div class=\"elementor-element elementor-element-5943c791 elementor-widget elementor-widget-pix-heading\" data-id=\"5943c791\" data-element_type=\"widget\" data-widget_type=\"pix-heading.default\">\n\t\t\t\t<div class=\"elementor-widget-container\">\n\t\t\t<div  class=\"pix-heading-el text-left\"><div><div class=\"slide-in-container2\"><h2 class=\"text-body-default font-weight-bold heading-text el-title_custom_color mb-12\" style=\"\" data-anim-type=\"\" data-anim-delay=\"\">Laicos y laicas asociados de la Congregaci\u00f3n<\/h2><\/div><\/div><\/div>\t\t<\/div>\n\t\t\t\t<\/div>\n\t\t\t\t<div class=\"elementor-element elementor-element-603e8003 elementor-widget elementor-widget-pix-text\" data-id=\"603e8003\" data-element_type=\"widget\" data-widget_type=\"pix-text.default\">\n\t\t\t\t<div class=\"elementor-widget-container\">\n\t\t\t<div class=\"pix-el-text w-100 text-left\" ><p class=\"text-20 resp-option text-dark-opacity-8 text-left\" >Los Asociados son mujeres y hombres, laicos comprometidos con los valores y el carisma de las Hermanas Educadoras de Notre Dame. Desde la fundaci\u00f3n de la Congregaci\u00f3n, Madre Teresa de Jes\u00fas Gerhardinger busc\u00f3 el apoyo de personas comprometidas con la Palabra de Jes\u00fas.\n\nLos Asociados act\u00faan de forma voluntaria, adoptan pr\u00e1cticas positivas basadas en la unidad y la diversidad, adem\u00e1s de invertir en el cuidado de la vida, en pro de una ecolog\u00eda integral. <\/p><\/div>\t\t<\/div>\n\t\t\t\t<\/div>\n\t\t\t\t<div class=\"elementor-element elementor-element-3194f9a elementor-widget elementor-widget-pix-accordion\" data-id=\"3194f9a\" data-element_type=\"widget\" data-widget_type=\"pix-accordion.default\">\n\t\t\t\t<div class=\"elementor-widget-container\">\n\t\t\t<div class=\"accordion w-100 accordion-card bg-white2 rounded-lg2\" id=\"accordion-7285071\"><div class=\"card\">\n               <div class=\"card-header pix-mb-10 shadow-sm rounded-lg bg-white\" id=\"headingpix-tab-5990474\" >\n                   <button class=\"btn btn-link text-left\" type=\"button\" data-toggle=\"collapse\" data-target=\"#collapsepix-tab-5990474\" aria-expanded=\"true\" aria-controls=\"collapsepix-tab-5990474\"><i class=\"pixicon-flag-7 text-primary text-20 pix-mr-10\" ><\/i> <span class=\"font-weight-bold text-primary\" >\u00bfQui\u00e9n puede ser asociado?<\/span><\/button>\n               <\/div>\n\n               <div id=\"collapsepix-tab-5990474\" class=\"collapse\" aria-labelledby=\"headingpix-tab-5990474\">\n                 <div class=\"card-body\">\n                     <p><span style=\"font-weight: 400;\">Mulheres e homens crist\u00e3os, chamados a viver os valores do Evangelho no esp\u00edrito e na vis\u00e3o da Beata Maria Teresa de Jesus Gerhardinger, fundadora das Irm\u00e3s Escolares de Nossa Senhora, dentro da sua pr\u00f3pria voca\u00e7\u00e3o.<\/span><\/p><p><i><span style=\"font-weight: 400;\">Pessoas que:<\/span><\/i><\/p><ul><li><span style=\"font-weight: 400;\">\u00a0- s\u00e3o inspiradas pelo carisma e espiritualidade das Irm\u00e3s Escolares de Nossa Senhora e est\u00e3o interessadas em aprender mais sobre a identidade das Irm\u00e3s Escolares de Nossa Senhora,<\/span><\/li><li><span style=\"font-weight: 400;\">- queiram abra\u00e7ar o estilo de vida <\/span><i><span style=\"font-weight: 400;\">Shalom<\/span><\/i><span style=\"font-weight: 400;\">,<\/span><\/li><li><span style=\"font-weight: 400;\">- tenham o desejo de compartilhar com as Irm\u00e3s Escolares de Nossa Senhora sobre f\u00e9, servi\u00e7o, ora\u00e7\u00e3o, escrituras e crescimento espiritual.<\/span><\/li><\/ul><p><span style=\"font-weight: 400;\">Motivados pelo carisma e espiritualidade das Irm\u00e3s Escolares de Nossa Senhora, <\/span><span style=\"font-weight: 400;\">os Associadas <\/span><span style=\"font-weight: 400;\">se sentem desafiados a colaborar na miss\u00e3o do Reino de Deus, partilhando seus dons na transforma\u00e7\u00e3o do mundo.<\/span><\/p>\n                 <\/div>\n               <\/div>\n             <\/div><div class=\"card\">\n               <div class=\"card-header pix-mb-10 shadow-sm rounded-lg bg-white\" id=\"headingpix-tab-8551636\" >\n                   <button class=\"btn btn-link text-left\" type=\"button\" data-toggle=\"collapse\" data-target=\"#collapsepix-tab-8551636\" aria-expanded=\"true\" aria-controls=\"collapsepix-tab-8551636\"><i class=\"pixicon-flag-7 text-primary text-20 pix-mr-10\" ><\/i> <span class=\"font-weight-bold text-primary\" >\u00bfQu\u00e9 significa ser asociado?<\/span><\/button>\n               <\/div>\n\n               <div id=\"collapsepix-tab-8551636\" class=\"collapse\" aria-labelledby=\"headingpix-tab-8551636\">\n                 <div class=\"card-body\">\n                     <p><span style=\"font-weight: 400;\">As Associadas e Associados entram em um relacionamento especial com nossa congrega\u00e7\u00e3o, enraizado no esp\u00edrito e na vis\u00e3o da Beata Maria Teresa de Jesus Gerhardinger.<\/span><\/p><p><span style=\"font-weight: 400;\">Juntos, irm\u00e3s e associados, se esfor\u00e7ar\u00e3o para levar todos \u00e0 unidade em Deus, capacitar outros para alcan\u00e7ar a plenitude do seu potencial e para serem transformados e transformar o nosso mundo. A rela\u00e7\u00e3o comprometida entre o associado e a Prov\u00edncia, reflete unidade e diversidade para promover a miss\u00e3o de Cristo no esp\u00edrito da Bem-aventurada Maria Teresa de Jesus Gerhardinger.<\/span><\/p>\n                 <\/div>\n               <\/div>\n             <\/div><div class=\"card\">\n               <div class=\"card-header pix-mb-10 shadow-sm rounded-lg bg-white\" id=\"headingpix-tab-8248027\" >\n                   <button class=\"btn btn-link text-left\" type=\"button\" data-toggle=\"collapse\" data-target=\"#collapsepix-tab-8248027\" aria-expanded=\"true\" aria-controls=\"collapsepix-tab-8248027\"><i class=\"pixicon-flag-7 text-primary text-20 pix-mr-10\" ><\/i> <span class=\"font-weight-bold text-primary\" >\u00bfCu\u00e1les son los compromisos de los Asociados?<\/span><\/button>\n               <\/div>\n\n               <div id=\"collapsepix-tab-8248027\" class=\"collapse\" aria-labelledby=\"headingpix-tab-8248027\">\n                 <div class=\"card-body\">\n                     <p><span style=\"font-weight: 400;\">As(os) associadas (os) assumem compromisso p\u00fablico. \u00c9 sua responsabilidade participar dos encontros mensais e do desenvolvimento das a\u00e7\u00f5es planejadas pelo grupo, como tarefas apost\u00f3licas que foram assumidas em di\u00e1logo com os membros e sua coordena\u00e7\u00e3o e que est\u00e3o em conson\u00e2ncia com a espiritualidade e o carisma das Irm\u00e3s Escolares de Nossa Senhora.<\/span><\/p><p><span style=\"font-weight: 400;\">A (O) associada (o) promete viver o carisma das IENS atrav\u00e9s de:<\/span><\/p><ul><li style=\"font-weight: 400;\" aria-level=\"1\"><span style=\"font-weight: 400;\">- aprofundando sua vida de ora\u00e7\u00e3o,<\/span><\/li><li style=\"font-weight: 400;\" aria-level=\"1\"><span style=\"font-weight: 400;\">- participando de atividades congregacionais apropriadas,<\/span><\/li><li style=\"font-weight: 400;\" aria-level=\"1\"><span style=\"font-weight: 400;\">- esfor\u00e7ando-se para viver o esp\u00edrito do Evangelho e estendendo esse esp\u00edrito ao servi\u00e7o do povo de Deus.<\/span><\/li><\/ul>\n                 <\/div>\n               <\/div>\n             <\/div><div class=\"card\">\n               <div class=\"card-header pix-mb-10 shadow-sm rounded-lg bg-white\" id=\"headingpix-tab-3379994\" >\n                   <button class=\"btn btn-link text-left\" type=\"button\" data-toggle=\"collapse\" data-target=\"#collapsepix-tab-3379994\" aria-expanded=\"true\" aria-controls=\"collapsepix-tab-3379994\"><i class=\"pixicon-flag-7 text-primary text-20 pix-mr-10\" ><\/i> <span class=\"font-weight-bold text-primary\" >\u00bfC\u00f3mo puedo convertirme en asociado(a)?<\/span><\/button>\n               <\/div>\n\n               <div id=\"collapsepix-tab-3379994\" class=\"collapse\" aria-labelledby=\"headingpix-tab-3379994\">\n                 <div class=\"card-body\">\n                     <p><span style=\"font-weight: 400;\">Se voc\u00ea estiver interessado em se tornar uma Associada(o), voc\u00ea pode come\u00e7ar comunicando seu interesse a uma irm\u00e3 ou a um Associado, ou ainda, preenchendo\u00a0<\/span><b>o formul\u00e1rio<\/b><span style=\"font-weight: 400;\">, que a irm\u00e3 respons\u00e1vel entrar\u00e1 em contato. Estas informa\u00e7\u00f5es ser\u00e3o utilizadas apenas com a finalidade de contat\u00e1-lo com mais informa\u00e7\u00f5es.<\/span><\/p><p><span style=\"font-weight: 400;\">Ap\u00f3s o contato inicial, voc\u00ea receber\u00e1 um retorno por carta ou e-mail. Isto incluir\u00e1 os nomes daqueles que coordenam os encontros de associados em sua \u00e1rea geogr\u00e1fica\/pa\u00eds e uma explica\u00e7\u00e3o do processo de inscri\u00e7\u00e3o e prepara\u00e7\u00e3o.<\/span><\/p>\n                 <\/div>\n               <\/div>\n             <\/div><\/div>\t\t<\/div>\n\t\t\t\t<\/div>\n\t\t\t\t<div class=\"elementor-element elementor-element-e6ee0de elementor-widget elementor-widget-pix-text\" data-id=\"e6ee0de\" data-element_type=\"widget\" data-widget_type=\"pix-text.default\">\n\t\t\t\t<div class=\"elementor-widget-container\">\n\t\t\t<div class=\"pix-el-text w-100 text-left\" ><p class=\"text-20 resp-option text-dark-opacity-8 text-left\" ><b>Contactos para Asociados en la Provincia<br><\/b><br>\nPorto Rico \u2013  Ir. Bernardine Font\u00e1nez<br>\nPeru \u2013  Ir. Beyssa Rojas<br>\nParaguay \u2013 Ir. Leeta Hammack<br>\nArgentina \u2013 Brasil e  Honduras \u2013 Ir. Veroni de Medeiros<\/p><\/div>\t\t<\/div>\n\t\t\t\t<\/div>\n\t\t\t\t\t<\/div>\n\t\t<\/div>\n\t\t\t\t<div class=\"elementor-column elementor-col-50 elementor-top-column elementor-element elementor-element-1cb51d5e\" data-id=\"1cb51d5e\" data-element_type=\"column\">\n\t\t\t<div class=\"elementor-widget-wrap elementor-element-populated\">\n\t\t\t\t\t\t<section class=\"elementor-section elementor-inner-section elementor-element elementor-element-37c9e5d3 elementor-section-boxed elementor-section-height-default elementor-section-height-default\" data-id=\"37c9e5d3\" data-element_type=\"section\" data-settings=\"{&quot;background_background&quot;:&quot;classic&quot;,&quot;jet_parallax_layout_list&quot;:[]}\">\n\t\t\t\t\t\t<div class=\"elementor-container elementor-column-gap-default\">\n\t\t\t\t\t<div class=\"elementor-column elementor-col-100 elementor-inner-column elementor-element elementor-element-12d8c901\" data-id=\"12d8c901\" data-element_type=\"column\" data-settings=\"{&quot;background_background&quot;:&quot;classic&quot;}\">\n\t\t\t<div class=\"elementor-widget-wrap elementor-element-populated\">\n\t\t\t\t\t\t<div class=\"elementor-element elementor-element-8e8544 elementor-widget elementor-widget-heading\" data-id=\"8e8544\" data-element_type=\"widget\" data-widget_type=\"heading.default\">\n\t\t\t\t<div class=\"elementor-widget-container\">\n\t\t\t<h2 class=\"elementor-heading-title elementor-size-default\">Complete el formulario a continuaci\u00f3n para obtener m\u00e1s informaci\u00f3n sobre nuestro programa de Asociados.<\/h2>\t\t<\/div>\n\t\t\t\t<\/div>\n\t\t\t\t<div class=\"elementor-element elementor-element-501f2323 elementor-button-align-center elementor-widget elementor-widget-form\" data-id=\"501f2323\" data-element_type=\"widget\" data-settings=\"{&quot;step_next_label&quot;:&quot;Next&quot;,&quot;step_previous_label&quot;:&quot;Previous&quot;,&quot;button_width&quot;:&quot;100&quot;,&quot;step_type&quot;:&quot;number_text&quot;,&quot;step_icon_shape&quot;:&quot;circle&quot;}\" data-widget_type=\"form.default\">\n\t\t\t\t<div class=\"elementor-widget-container\">\n\t\t\t\t\t<form class=\"elementor-form\" method=\"post\" id=\"Leigosassociados\" name=\"Leigos Associados\" novalidate=\"\" action=\"\">\n\t\t\t<input type=\"hidden\" name=\"post_id\" value=\"5106\"\/>\n\t\t\t<input type=\"hidden\" name=\"form_id\" value=\"501f2323\"\/>\n\t\t\t<input type=\"hidden\" name=\"referer_title\" value=\"\" \/>\n\n\t\t\t\n\t\t\t<div class=\"elementor-form-fields-wrapper elementor-labels-\">\n\t\t\t\t\t\t\t\t<div class=\"elementor-field-type-text elementor-field-group elementor-column elementor-field-group-name elementor-col-100\">\n\t\t\t\t\t\t\t\t\t\t\t\t<label for=\"form-field-name\" class=\"elementor-field-label elementor-screen-only\">\n\t\t\t\t\t\t\t\tNombre\t\t\t\t\t\t\t<\/label>\n\t\t\t\t\t\t\t\t\t\t\t\t\t\t<input size=\"1\" type=\"text\" name=\"form_fields[name]\" id=\"form-field-name\" class=\"elementor-field elementor-size-sm  elementor-field-textual\" placeholder=\"Nombre\">\n\t\t\t\t\t\t\t\t\t\t\t<\/div>\n\t\t\t\t\t\t\t\t<div class=\"elementor-field-type-email elementor-field-group elementor-column elementor-field-group-field_5fc5e5f elementor-col-100 elementor-field-required\">\n\t\t\t\t\t\t\t\t\t\t\t\t<label for=\"form-field-field_5fc5e5f\" class=\"elementor-field-label elementor-screen-only\">\n\t\t\t\t\t\t\t\tCorreo electr\u00f3nico\t\t\t\t\t\t\t<\/label>\n\t\t\t\t\t\t\t\t\t\t\t\t\t\t<input size=\"1\" type=\"email\" name=\"form_fields[field_5fc5e5f]\" id=\"form-field-field_5fc5e5f\" class=\"elementor-field elementor-size-sm  elementor-field-textual\" placeholder=\"Correo electr\u00f3nico\" required=\"required\" aria-required=\"true\">\n\t\t\t\t\t\t\t\t\t\t\t<\/div>\n\t\t\t\t\t\t\t\t<div class=\"elementor-field-type-text elementor-field-group elementor-column elementor-field-group-field_ed237a9 elementor-col-100 elementor-field-required\">\n\t\t\t\t\t\t\t\t\t\t\t\t<label for=\"form-field-field_ed237a9\" class=\"elementor-field-label elementor-screen-only\">\n\t\t\t\t\t\t\t\tPais\t\t\t\t\t\t\t<\/label>\n\t\t\t\t\t\t\t\t\t\t\t\t\t\t<input size=\"1\" type=\"text\" name=\"form_fields[field_ed237a9]\" id=\"form-field-field_ed237a9\" class=\"elementor-field elementor-size-sm  elementor-field-textual\" placeholder=\"Pais\" required=\"required\" aria-required=\"true\">\n\t\t\t\t\t\t\t\t\t\t\t<\/div>\n\t\t\t\t\t\t\t\t<div class=\"elementor-field-type-text elementor-field-group elementor-column elementor-field-group-field_126bd0b elementor-col-100 elementor-field-required\">\n\t\t\t\t\t\t\t\t\t\t\t\t<label for=\"form-field-field_126bd0b\" class=\"elementor-field-label elementor-screen-only\">\n\t\t\t\t\t\t\t\tTel\u00e9fono con c\u00f3digo de \u00e1rea (DDD)\t\t\t\t\t\t\t<\/label>\n\t\t\t\t\t\t\t\t\t\t\t\t\t\t<input size=\"1\" type=\"text\" name=\"form_fields[field_126bd0b]\" id=\"form-field-field_126bd0b\" class=\"elementor-field elementor-size-sm  elementor-field-textual\" placeholder=\"Tel\u00e9fono con c\u00f3digo de \u00e1rea (DDD)\" required=\"required\" aria-required=\"true\">\n\t\t\t\t\t\t\t\t\t\t\t<\/div>\n\t\t\t\t\t\t\t\t<div class=\"elementor-field-type-textarea elementor-field-group elementor-column elementor-field-group-field_a993aa1 elementor-col-100\">\n\t\t\t\t\t\t\t\t\t\t\t\t<label for=\"form-field-field_a993aa1\" class=\"elementor-field-label elementor-screen-only\">\n\t\t\t\t\t\t\t\tOtras informaciones:\t\t\t\t\t\t\t<\/label>\n\t\t\t\t\t\t<textarea class=\"elementor-field-textual elementor-field  elementor-size-sm\" name=\"form_fields[field_a993aa1]\" id=\"form-field-field_a993aa1\" rows=\"4\" placeholder=\"Otras informaciones:\"><\/textarea>\t\t\t\t<\/div>\n\t\t\t\t\t\t\t\t<div class=\"elementor-field-group elementor-column elementor-field-type-submit elementor-col-100 e-form__buttons\">\n\t\t\t\t\t<button type=\"submit\" class=\"elementor-button elementor-size-sm\">\n\t\t\t\t\t\t<span >\n\t\t\t\t\t\t\t\t\t\t\t\t\t\t\t<span class=\"elementor-button-icon\">\n\t\t\t\t\t\t\t\t\t\t\t\t\t\t\t\t\t\t\t\t\t\t\t\t\t\t<\/span>\n\t\t\t\t\t\t\t\t\t\t\t\t\t\t\t\t\t\t\t\t\t\t<span class=\"elementor-button-text\">\"Quiero ser un nuevo asociado.\"<\/span>\n\t\t\t\t\t\t\t\t\t\t\t\t\t<\/span>\n\t\t\t\t\t<\/button>\n\t\t\t\t<\/div>\n\t\t\t<\/div>\n\t\t<input type=\"hidden\" name=\"trp-form-language\" value=\"es_es\"\/><\/form>\n\t\t\t\t<\/div>\n\t\t\t\t<\/div>\n\t\t\t\t\t<\/div>\n\t\t<\/div>\n\t\t\t\t\t<\/div>\n\t\t<\/section>\n\t\t\t\t\t<\/div>\n\t\t<\/div>\n\t\t\t\t\t<\/div>\n\t\t<\/section>\n\t\t\t\t<\/div>","protected":false},"excerpt":{"rendered":"<p>Associados Leigos e Leigas Associados da Congrega\u00e7\u00e3o Os Associados s\u00e3o leigas e leigos comprometidos com os valores e carisma das Irm\u00e3s Escolares de Nossa Senhora. Desde a funda\u00e7\u00e3o da Congrega\u00e7\u00e3o, Madre Teresa de Jesus Gerhardinger buscou o apoio de pessoas&#8230;<\/p>","protected":false},"author":1,"featured_media":0,"parent":0,"menu_order":0,"comment_status":"closed","ping_status":"closed","template":"elementor_header_footer","meta":{"rank_math_lock_modified_date":false,"footnotes":""},"class_list":["post-5106","page","type-page","status-publish","hentry"],"_links":{"self":[{"href":"https:\/\/escolares.agenciatabor.com.br\/es_es\/wp-json\/wp\/v2\/pages\/5106"}],"collection":[{"href":"https:\/\/escolares.agenciatabor.com.br\/es_es\/wp-json\/wp\/v2\/pages"}],"about":[{"href":"https:\/\/escolares.agenciatabor.com.br\/es_es\/wp-json\/wp\/v2\/types\/page"}],"author":[{"embeddable":true,"href":"https:\/\/escolares.agenciatabor.com.br\/es_es\/wp-json\/wp\/v2\/users\/1"}],"replies":[{"embeddable":true,"href":"https:\/\/escolares.agenciatabor.com.br\/es_es\/wp-json\/wp\/v2\/comments?post=5106"}],"version-history":[{"count":56,"href":"https:\/\/escolares.agenciatabor.com.br\/es_es\/wp-json\/wp\/v2\/pages\/5106\/revisions"}],"predecessor-version":[{"id":9380,"href":"https:\/\/escolares.agenciatabor.com.br\/es_es\/wp-json\/wp\/v2\/pages\/5106\/revisions\/9380"}],"wp:attachment":[{"href":"https:\/\/escolares.agenciatabor.com.br\/es_es\/wp-json\/wp\/v2\/media?parent=5106"}],"curies":[{"name":"wp","href":"https:\/\/api.w.org\/{rel}","templated":true}]}}