{"id":6787,"date":"2024-04-13T19:18:46","date_gmt":"2024-04-13T22:18:46","guid":{"rendered":"https:\/\/escolares.agenciatabor.com.br\/?page_id=6787"},"modified":"2024-07-11T20:39:07","modified_gmt":"2024-07-11T23:39:07","slug":"instituicoesinstituicao-educativa-paroquia-senor-de-la-justicia","status":"publish","type":"page","link":"https:\/\/escolares.agenciatabor.com.br\/es_es\/instituciones-educativas-parroquia-del-senor-de-la-justicia\/","title":{"rendered":"Instituci\u00f3n Educativa Parroquia Se\u00f1or de la Justicia"},"content":{"rendered":"<div data-elementor-type=\"wp-page\" data-elementor-id=\"6787\" class=\"elementor elementor-6787\" data-elementor-post-type=\"page\">\n\t\t\t\t\t\t<section class=\"elementor-section elementor-top-section elementor-element elementor-element-30f97feb elementor-section-boxed elementor-section-height-default elementor-section-height-default\" data-id=\"30f97feb\" data-element_type=\"section\" data-settings=\"{&quot;background_background&quot;:&quot;classic&quot;,&quot;shape_divider_top&quot;:&quot;tilt&quot;,&quot;jet_parallax_layout_list&quot;:[]}\">\n\t\t\t\t\t<div class=\"elementor-shape elementor-shape-top\" data-negative=\"false\">\n\t\t\t<svg xmlns=\"http:\/\/www.w3.org\/2000\/svg\" viewbox=\"0 0 1000 100\" preserveaspectratio=\"none\">\n\t<path class=\"elementor-shape-fill\" d=\"M0,6V0h1000v100L0,6z\"\/>\n<\/svg>\t\t<\/div>\n\t\t\t\t\t<div class=\"elementor-container elementor-column-gap-default\">\n\t\t\t\t\t<div class=\"elementor-column elementor-col-100 elementor-top-column elementor-element elementor-element-741f7535\" data-id=\"741f7535\" data-element_type=\"column\">\n\t\t\t<div class=\"elementor-widget-wrap elementor-element-populated\">\n\t\t\t\t\t\t<div class=\"elementor-element elementor-element-3d24f9e elementor-widget-divider--view-line elementor-widget elementor-widget-divider\" data-id=\"3d24f9e\" data-element_type=\"widget\" data-widget_type=\"divider.default\">\n\t\t\t\t<div class=\"elementor-widget-container\">\n\t\t\t\t\t<div class=\"elementor-divider\">\n\t\t\t<span class=\"elementor-divider-separator\">\n\t\t\t\t\t\t<\/span>\n\t\t<\/div>\n\t\t\t\t<\/div>\n\t\t\t\t<\/div>\n\t\t\t\t\t<\/div>\n\t\t<\/div>\n\t\t\t\t\t<\/div>\n\t\t<\/section>\n\t\t\t\t<section class=\"elementor-section elementor-top-section elementor-element elementor-element-311d5e7b elementor-section-boxed elementor-section-height-default elementor-section-height-default\" data-id=\"311d5e7b\" data-element_type=\"section\" data-settings=\"{&quot;background_background&quot;:&quot;classic&quot;,&quot;shape_divider_top&quot;:&quot;triangle-asymmetrical&quot;,&quot;shape_divider_bottom&quot;:&quot;triangle-asymmetrical&quot;,&quot;jet_parallax_layout_list&quot;:[]}\">\n\t\t\t\t\t<div class=\"elementor-shape elementor-shape-top\" data-negative=\"false\">\n\t\t\t<svg xmlns=\"http:\/\/www.w3.org\/2000\/svg\" viewbox=\"0 0 1000 100\" preserveaspectratio=\"none\">\n\t<path class=\"elementor-shape-fill\" d=\"M738,99l262-93V0H0v5.6L738,99z\"\/>\n<\/svg>\t\t<\/div>\n\t\t\t\t<div class=\"elementor-shape elementor-shape-bottom\" data-negative=\"false\">\n\t\t\t<svg xmlns=\"http:\/\/www.w3.org\/2000\/svg\" viewbox=\"0 0 1000 100\" preserveaspectratio=\"none\">\n\t<path class=\"elementor-shape-fill\" d=\"M738,99l262-93V0H0v5.6L738,99z\"\/>\n<\/svg>\t\t<\/div>\n\t\t\t\t\t<div class=\"elementor-container elementor-column-gap-default\">\n\t\t\t\t\t<div class=\"elementor-column elementor-col-50 elementor-top-column elementor-element elementor-element-2e53cd50\" data-id=\"2e53cd50\" data-element_type=\"column\">\n\t\t\t<div class=\"elementor-widget-wrap elementor-element-populated\">\n\t\t\t\t\t\t<div class=\"elementor-element elementor-element-36533069 elementor-invisible elementor-widget elementor-widget-pix-badge\" data-id=\"36533069\" data-element_type=\"widget\" data-widget_type=\"pix-badge.default\">\n\t\t\t\t<div class=\"elementor-widget-container\">\n\t\t\t<span class=\"pix-badge-element h6 d-inline-block mr-1 animate-in\" data-anim-type=\"fade-in-up\" data-anim-delay=\"300\"><span class=\"badge font-weight-bold bg-yellow  pix-py-10 pix-px-15\" style=\" \"><span class=\"text-body-default\" style=\"\">Instituciones<\/span><\/span><\/span>\t\t<\/div>\n\t\t\t\t<\/div>\n\t\t\t\t<div class=\"elementor-element elementor-element-c16c719 elementor-absolute elementor-widget elementor-widget-image\" data-id=\"c16c719\" data-element_type=\"widget\" data-settings=\"{&quot;_position&quot;:&quot;absolute&quot;,&quot;motion_fx_motion_fx_mouse&quot;:&quot;yes&quot;,&quot;motion_fx_mouseTrack_effect&quot;:&quot;yes&quot;,&quot;motion_fx_mouseTrack_speed&quot;:{&quot;unit&quot;:&quot;px&quot;,&quot;size&quot;:1,&quot;sizes&quot;:[]}}\" data-widget_type=\"image.default\">\n\t\t\t\t<div class=\"elementor-widget-container\">\n\t\t\t\t\t\t\t\t\t\t\t\t\t<img decoding=\"async\" width=\"200\" height=\"155\" src=\"https:\/\/escolares.agenciatabor.com.br\/wp-content\/uploads\/2024\/03\/DEFR.png\" class=\"attachment-large size-large wp-image-4930\" alt=\"\" srcset=\"https:\/\/escolares.agenciatabor.com.br\/wp-content\/uploads\/2024\/03\/DEFR.png 200w, https:\/\/escolares.agenciatabor.com.br\/wp-content\/uploads\/2024\/03\/DEFR-15x12.png 15w\" sizes=\"(max-width: 200px) 100vw, 200px\" title=\"\">\t\t\t\t\t\t\t\t\t\t\t\t\t<\/div>\n\t\t\t\t<\/div>\n\t\t\t\t<div class=\"elementor-element elementor-element-e5f2427 elementor-absolute elementor-widget elementor-widget-image\" data-id=\"e5f2427\" data-element_type=\"widget\" data-settings=\"{&quot;_position&quot;:&quot;absolute&quot;,&quot;motion_fx_motion_fx_mouse&quot;:&quot;yes&quot;,&quot;motion_fx_mouseTrack_effect&quot;:&quot;yes&quot;,&quot;motion_fx_mouseTrack_speed&quot;:{&quot;unit&quot;:&quot;px&quot;,&quot;size&quot;:1,&quot;sizes&quot;:[]}}\" data-widget_type=\"image.default\">\n\t\t\t\t<div class=\"elementor-widget-container\">\n\t\t\t\t\t\t\t\t\t\t\t\t\t<img decoding=\"async\" width=\"200\" height=\"155\" src=\"https:\/\/escolares.agenciatabor.com.br\/wp-content\/uploads\/2024\/03\/DEFR.png\" class=\"attachment-large size-large wp-image-4930\" alt=\"\" srcset=\"https:\/\/escolares.agenciatabor.com.br\/wp-content\/uploads\/2024\/03\/DEFR.png 200w, https:\/\/escolares.agenciatabor.com.br\/wp-content\/uploads\/2024\/03\/DEFR-15x12.png 15w\" sizes=\"(max-width: 200px) 100vw, 200px\" title=\"\">\t\t\t\t\t\t\t\t\t\t\t\t\t<\/div>\n\t\t\t\t<\/div>\n\t\t\t\t<div class=\"elementor-element elementor-element-58a2186 elementor-absolute elementor-widget elementor-widget-image\" data-id=\"58a2186\" data-element_type=\"widget\" data-settings=\"{&quot;_position&quot;:&quot;absolute&quot;,&quot;motion_fx_motion_fx_mouse&quot;:&quot;yes&quot;,&quot;motion_fx_mouseTrack_effect&quot;:&quot;yes&quot;,&quot;motion_fx_mouseTrack_speed&quot;:{&quot;unit&quot;:&quot;px&quot;,&quot;size&quot;:1,&quot;sizes&quot;:[]}}\" data-widget_type=\"image.default\">\n\t\t\t\t<div class=\"elementor-widget-container\">\n\t\t\t\t\t\t\t\t\t\t\t\t\t<img decoding=\"async\" width=\"200\" height=\"155\" src=\"https:\/\/escolares.agenciatabor.com.br\/wp-content\/uploads\/2024\/03\/DEFR.png\" class=\"attachment-large size-large wp-image-4930\" alt=\"\" srcset=\"https:\/\/escolares.agenciatabor.com.br\/wp-content\/uploads\/2024\/03\/DEFR.png 200w, https:\/\/escolares.agenciatabor.com.br\/wp-content\/uploads\/2024\/03\/DEFR-15x12.png 15w\" sizes=\"(max-width: 200px) 100vw, 200px\" title=\"\">\t\t\t\t\t\t\t\t\t\t\t\t\t<\/div>\n\t\t\t\t<\/div>\n\t\t\t\t<div class=\"elementor-element elementor-element-41c2d09 elementor-absolute elementor-widget elementor-widget-image\" data-id=\"41c2d09\" data-element_type=\"widget\" data-settings=\"{&quot;_position&quot;:&quot;absolute&quot;,&quot;motion_fx_motion_fx_mouse&quot;:&quot;yes&quot;,&quot;motion_fx_mouseTrack_effect&quot;:&quot;yes&quot;,&quot;motion_fx_mouseTrack_speed&quot;:{&quot;unit&quot;:&quot;px&quot;,&quot;size&quot;:1,&quot;sizes&quot;:[]}}\" data-widget_type=\"image.default\">\n\t\t\t\t<div class=\"elementor-widget-container\">\n\t\t\t\t\t\t\t\t\t\t\t\t\t<img decoding=\"async\" width=\"200\" height=\"155\" src=\"https:\/\/escolares.agenciatabor.com.br\/wp-content\/uploads\/2024\/03\/DEFR.png\" class=\"attachment-large size-large wp-image-4930\" alt=\"\" srcset=\"https:\/\/escolares.agenciatabor.com.br\/wp-content\/uploads\/2024\/03\/DEFR.png 200w, https:\/\/escolares.agenciatabor.com.br\/wp-content\/uploads\/2024\/03\/DEFR-15x12.png 15w\" sizes=\"(max-width: 200px) 100vw, 200px\" title=\"\">\t\t\t\t\t\t\t\t\t\t\t\t\t<\/div>\n\t\t\t\t<\/div>\n\t\t\t\t<div class=\"elementor-element elementor-element-2ba2a93b elementor-invisible elementor-widget elementor-widget-pix-heading\" data-id=\"2ba2a93b\" data-element_type=\"widget\" data-widget_type=\"pix-heading.default\">\n\t\t\t\t<div class=\"elementor-widget-container\">\n\t\t\t<div  class=\"pix-heading-el text-left\"><div><div class=\"slide-in-container2\"><h3 class=\"text-primary animate-in heading-text el-title_custom_color mb-12\" style=\"\" data-anim-type=\"fade-in-up\" data-anim-delay=\"200\"><b>Instituci\u00f3n Educativa Parroquia Se\u00f1or de la Justicia <\/b>Compromiso con el desarrollo humano y la responsabilidad social<\/h3><\/div><\/div><\/div>\t\t<\/div>\n\t\t\t\t<\/div>\n\t\t\t\t<div class=\"elementor-element elementor-element-5579e376 elementor-invisible elementor-widget elementor-widget-pix-text\" data-id=\"5579e376\" data-element_type=\"widget\" data-widget_type=\"pix-text.default\">\n\t\t\t\t<div class=\"elementor-widget-container\">\n\t\t\t<div class=\"pix-el-text w-100 text-left\" ><p class=\"resp-option text-left\"><div class=\"animate-in d-inline-block\" data-anim-delay=\"600\" data-anim-type=\"fade-in-up\"><p><span style=\"font-weight: 400;\">La Instituci\u00f3n Educativa Parroquial Se\u00f1or de la Justicia, que funciona en alianza con las Hermanas Educadoras de Notre Dame es un faro de esperanza y desarrollo en el distrito de San Juan de Lurigancho, Lima, Per\u00fa. Con un legado de compromiso con la educaci\u00f3n integral y la formaci\u00f3n en valores, nuestra instituci\u00f3n se destaca como un pilar de apoyo para la comunidad local, centr\u00e1ndose en la responsabilidad social y el desarrollo humano.<\/span><\/p><\/div><\/p><\/div>\t\t<\/div>\n\t\t\t\t<\/div>\n\t\t\t\t\t<\/div>\n\t\t<\/div>\n\t\t\t\t<div class=\"elementor-column elementor-col-50 elementor-top-column elementor-element elementor-element-1fcd1383\" data-id=\"1fcd1383\" data-element_type=\"column\">\n\t\t\t<div class=\"elementor-widget-wrap elementor-element-populated\">\n\t\t\t\t\t\t<div class=\"elementor-element elementor-element-4f731ce pp-ins-normal elementor-widget elementor-widget-pp-image-gallery\" data-id=\"4f731ce\" data-element_type=\"widget\" data-widget_type=\"pp-image-gallery.default\">\n\t\t\t\t<div class=\"elementor-widget-container\">\n\t\t\t\t\t<div class=\"pp-image-gallery-container\" data-settings=\"{&quot;tilt_enable&quot;:&quot;no&quot;,&quot;layout&quot;:&quot;justified&quot;,&quot;image_spacing&quot;:10,&quot;row_height&quot;:204,&quot;last_row&quot;:&quot;justify&quot;,&quot;post_id&quot;:6787,&quot;template_id&quot;:6787,&quot;widget_id&quot;:&quot;4f731ce&quot;}\">\n\t\t\t\t\t\t<div class=\"pp-image-gallery-wrapper\">\n\t\t\t\t\t\t\t\t<div class=\"pp-image-gallery pp-elementor-grid pp-image-gallery-justified\" id=\"pp-image-gallery-4f731ce\">\n\t\t\t\t\t\t\t\t<div class=\"pp-grid-item-wrap pp-group-1\" data-item-id=\"9036\">\n\t\t\t\t<div class=\"pp-grid-item pp-image\">\n\t\t\t\t\t<div class=\"pp-image-gallery-thumbnail-wrap pp-ins-filter-hover\">\n\t\t\t\t\t\t<a data-elementor-open-lightbox=\"default\" data-elementor-lightbox-slideshow=\"4f731ce\" class=\"elementor-clickable pp-image-gallery-item-link\" href=\"https:\/\/escolares.agenciatabor.com.br\/wp-content\/uploads\/2024\/06\/unnamed-3.jpg\"><\/a><div class=\"pp-ins-filter-target pp-image-gallery-thumbnail\"><img decoding=\"async\" class=\"pp-gallery-slide-image\" src=\"https:\/\/escolares.agenciatabor.com.br\/wp-content\/uploads\/2024\/06\/unnamed-3.jpg\" alt=\"\" data-no-lazy=\"1\" title=\"\"><\/div><div class=\"pp-image-overlay pp-media-overlay\"><\/div><div class=\"pp-gallery-image-content pp-media-content\"><\/div>\t\t\t\t\t<\/div>\n\t\t\t\t<\/div>\n\t\t\t<\/div>\n\t\t\t\t\t\t<div class=\"pp-grid-item-wrap pp-group-1\" data-item-id=\"9037\">\n\t\t\t\t<div class=\"pp-grid-item pp-image\">\n\t\t\t\t\t<div class=\"pp-image-gallery-thumbnail-wrap pp-ins-filter-hover\">\n\t\t\t\t\t\t<a data-elementor-open-lightbox=\"default\" data-elementor-lightbox-slideshow=\"4f731ce\" class=\"elementor-clickable pp-image-gallery-item-link\" href=\"https:\/\/escolares.agenciatabor.com.br\/wp-content\/uploads\/2024\/06\/unnamed.jpg\"><\/a><div class=\"pp-ins-filter-target pp-image-gallery-thumbnail\"><img decoding=\"async\" class=\"pp-gallery-slide-image\" src=\"https:\/\/escolares.agenciatabor.com.br\/wp-content\/uploads\/2024\/06\/unnamed.jpg\" alt=\"\" data-no-lazy=\"1\" title=\"\"><\/div><div class=\"pp-image-overlay pp-media-overlay\"><\/div><div class=\"pp-gallery-image-content pp-media-content\"><\/div>\t\t\t\t\t<\/div>\n\t\t\t\t<\/div>\n\t\t\t<\/div>\n\t\t\t\t\t\t\t<\/div>\n\t\t\t\t\t\t\t<\/div>\n\t\t\t\t\t\t<\/div>\n\t\t\t\t<\/div>\n\t\t\t\t<\/div>\n\t\t\t\t\t<\/div>\n\t\t<\/div>\n\t\t\t\t\t<\/div>\n\t\t<\/section>\n\t\t\t\t<section class=\"elementor-section elementor-top-section elementor-element elementor-element-2a1dd121 elementor-section-boxed elementor-section-height-default elementor-section-height-default\" data-id=\"2a1dd121\" data-element_type=\"section\" data-settings=\"{&quot;jet_parallax_layout_list&quot;:[],&quot;shape_divider_top&quot;:&quot;tilt&quot;,&quot;background_background&quot;:&quot;classic&quot;}\">\n\t\t\t\t\t<div class=\"elementor-shape elementor-shape-top\" data-negative=\"false\">\n\t\t\t<svg xmlns=\"http:\/\/www.w3.org\/2000\/svg\" viewbox=\"0 0 1000 100\" preserveaspectratio=\"none\">\n\t<path class=\"elementor-shape-fill\" d=\"M0,6V0h1000v100L0,6z\"\/>\n<\/svg>\t\t<\/div>\n\t\t\t\t\t<div class=\"elementor-container elementor-column-gap-default\">\n\t\t\t\t\t<div class=\"elementor-column elementor-col-50 elementor-top-column elementor-element elementor-element-f5e7c1e\" data-id=\"f5e7c1e\" data-element_type=\"column\">\n\t\t\t<div class=\"elementor-widget-wrap elementor-element-populated\">\n\t\t\t\t\t\t<div class=\"elementor-element elementor-element-383d145 elementor-widget elementor-widget-pix-heading\" data-id=\"383d145\" data-element_type=\"widget\" data-widget_type=\"pix-heading.default\">\n\t\t\t\t<div class=\"elementor-widget-container\">\n\t\t\t<div  class=\"pix-heading-el text-left\"><div><div class=\"slide-in-container2\"><h2 class=\"text-body-default font-weight-bold heading-text el-title_custom_color mb-12\" style=\"\" data-anim-type=\"\" data-anim-delay=\"\">Nuestra historia y nuestros valores<\/h2><\/div><\/div><\/div>\t\t<\/div>\n\t\t\t\t<\/div>\n\t\t\t\t\t<\/div>\n\t\t<\/div>\n\t\t\t\t<div class=\"elementor-column elementor-col-50 elementor-top-column elementor-element elementor-element-50a9fa14\" data-id=\"50a9fa14\" data-element_type=\"column\">\n\t\t\t<div class=\"elementor-widget-wrap elementor-element-populated\">\n\t\t\t\t\t\t<div class=\"elementor-element elementor-element-452797ee elementor-widget elementor-widget-pix-text\" data-id=\"452797ee\" data-element_type=\"widget\" data-widget_type=\"pix-text.default\">\n\t\t\t\t<div class=\"elementor-widget-container\">\n\t\t\t<div class=\"pix-el-text w-100 text-left\" ><p class=\"resp-option text-left\"><p><span style=\"font-weight: 400;\">Fundada en 2007 como guarder\u00eda, la instituci\u00f3n naci\u00f3 de la urgente necesidad de apoyar a las madres trabajadoras y proporcionar un entorno seguro y educativo a sus hijos. A lo largo de los a\u00f1os, bajo la visionaria direcci\u00f3n de la hermana Maura Gallahue y m\u00e1s tarde de la hermana Young Mi Cho, especialista en educaci\u00f3n inclusiva, la escuela evolucion\u00f3 para ofrecer no solo cuidados b\u00e1sicos, sino una educaci\u00f3n rica en valores y pr\u00e1cticas inclusivas, adoptando el m\u00e9todo Montessori para atender a ni\u00f1os con y sin necesidades especiales.<\/span><\/p><\/p><\/div>\t\t<\/div>\n\t\t\t\t<\/div>\n\t\t\t\t\t<\/div>\n\t\t<\/div>\n\t\t\t\t\t<\/div>\n\t\t<\/section>\n\t\t<div class=\"elementor-element elementor-element-1019101 e-flex e-con-boxed e-con e-parent\" data-id=\"1019101\" data-element_type=\"container\" data-settings=\"{&quot;jet_parallax_layout_list&quot;:[]}\">\n\t\t\t\t\t<div class=\"e-con-inner\">\n\t\t<div class=\"elementor-element elementor-element-1a83d96 e-con-full e-flex e-con e-child\" data-id=\"1a83d96\" data-element_type=\"container\" data-settings=\"{&quot;jet_parallax_layout_list&quot;:[]}\">\n\t\t\t\t<div class=\"elementor-element elementor-element-49977f6 elementor-widget elementor-widget-pix-text\" data-id=\"49977f6\" data-element_type=\"widget\" data-widget_type=\"pix-text.default\">\n\t\t\t\t<div class=\"elementor-widget-container\">\n\t\t\t<div class=\"pix-el-text w-100 text-center\" ><p class=\"resp-option text-center\"><p style=\"text-align: left;\"><span style=\"font-weight: 400;\">El enfoque personalizado y la atenci\u00f3n al desarrollo cognitivo y socioafectivo sit\u00faan a la Instituci\u00f3n Se\u00f1or de la Justicia a la vanguardia en el \u00e1mbito educativo. Nuestro curr\u00edculo incluye actividades que promueven la autonom\u00eda y la independencia, preparando a nuestros alumnos para convertirse en ciudadanos conscientes y responsables. Adem\u00e1s, la infraestructura de la escuela ha sido cuidadosamente planificada para apoyar esta metodolog\u00eda avanzada, con aulas dise\u00f1adas para fomentar el aprendizaje activo e inclusivo.<\/span><\/p><p style=\"text-align: left;\"><span style=\"font-weight: 400;\">En un mundo donde la educaci\u00f3n es crucial para el desarrollo sostenible, nuestra instituci\u00f3n no s\u00f3lo educa, sino que tambi\u00e9n integra a la comunidad local en su proyecto educativo. Adem\u00e1s de ofrecer una dieta equilibrada y cuidados de la salud, promovemos la unificaci\u00f3n familiar y el bienestar de la comunidad mediante talleres, reuniones y actividades que refuerzan los lazos familiares y comunitarios. Este enfoque hol\u00edstico es lo que nos permite tener un impacto significativo en la vida de nuestros alumnos y sus familias.<\/span><\/p><p style=\"text-align: left;\"><span style=\"font-weight: 400;\">Aspiramos a ser un modelo de educaci\u00f3n de calidad, con profesores cualificados y un entorno que cultive el potencial de cada ni\u00f1o. Nuestro compromiso es garantizar una educaci\u00f3n que vaya m\u00e1s all\u00e1 de lo acad\u00e9mico, abarcando las necesidades emocionales y sociales de nuestros alumnos y prepar\u00e1ndolos para hacer una contribuci\u00f3n productiva y \u00e9tica a la sociedad.<\/span><\/p><p style=\"text-align: left;\"><span style=\"font-weight: 400;\">Nuestra instituci\u00f3n no es s\u00f3lo un espacio de aprendizaje, sino un centro para la transformaci\u00f3n de la comunidad, donde cada ni\u00f1o es visto como un faro de potencial. Invitamos a todos los interesados a unirse a nosotros en esta misi\u00f3n de moldear futuros brillantes y sostenibles.<\/span><\/p><\/p><\/div>\t\t<\/div>\n\t\t\t\t<\/div>\n\t\t\t\t<\/div>\n\t\t<div class=\"elementor-element elementor-element-1c7fad9 e-con-full e-flex e-con e-child\" data-id=\"1c7fad9\" data-element_type=\"container\" data-settings=\"{&quot;jet_parallax_layout_list&quot;:[]}\">\n\t\t\t\t<div class=\"elementor-element elementor-element-6c75976 pp-ins-normal elementor-widget elementor-widget-pp-image-gallery\" data-id=\"6c75976\" data-element_type=\"widget\" data-widget_type=\"pp-image-gallery.default\">\n\t\t\t\t<div class=\"elementor-widget-container\">\n\t\t\t\t\t<div class=\"pp-image-gallery-container\" data-settings=\"{&quot;tilt_enable&quot;:&quot;no&quot;,&quot;layout&quot;:&quot;justified&quot;,&quot;image_spacing&quot;:10,&quot;row_height&quot;:204,&quot;last_row&quot;:&quot;justify&quot;,&quot;post_id&quot;:6787,&quot;template_id&quot;:6787,&quot;widget_id&quot;:&quot;6c75976&quot;}\">\n\t\t\t\t\t\t<div class=\"pp-image-gallery-wrapper\">\n\t\t\t\t\t\t\t\t<div class=\"pp-image-gallery pp-elementor-grid pp-image-gallery-justified\" id=\"pp-image-gallery-6c75976\">\n\t\t\t\t\t\t\t\t<div class=\"pp-grid-item-wrap pp-group-1\" data-item-id=\"9038\">\n\t\t\t\t<div class=\"pp-grid-item pp-image\">\n\t\t\t\t\t<div class=\"pp-image-gallery-thumbnail-wrap pp-ins-filter-hover\">\n\t\t\t\t\t\t<a data-elementor-open-lightbox=\"default\" data-elementor-lightbox-slideshow=\"6c75976\" class=\"elementor-clickable pp-image-gallery-item-link\" href=\"https:\/\/escolares.agenciatabor.com.br\/wp-content\/uploads\/2024\/06\/unnamed-1.jpg\"><\/a><div class=\"pp-ins-filter-target pp-image-gallery-thumbnail\"><img decoding=\"async\" class=\"pp-gallery-slide-image\" src=\"https:\/\/escolares.agenciatabor.com.br\/wp-content\/uploads\/2024\/06\/unnamed-1.jpg\" alt=\"\" data-no-lazy=\"1\" title=\"\"><\/div><div class=\"pp-image-overlay pp-media-overlay\"><\/div><div class=\"pp-gallery-image-content pp-media-content\"><\/div>\t\t\t\t\t<\/div>\n\t\t\t\t<\/div>\n\t\t\t<\/div>\n\t\t\t\t\t\t<div class=\"pp-grid-item-wrap pp-group-1\" data-item-id=\"9039\">\n\t\t\t\t<div class=\"pp-grid-item pp-image\">\n\t\t\t\t\t<div class=\"pp-image-gallery-thumbnail-wrap pp-ins-filter-hover\">\n\t\t\t\t\t\t<a data-elementor-open-lightbox=\"default\" data-elementor-lightbox-slideshow=\"6c75976\" class=\"elementor-clickable pp-image-gallery-item-link\" href=\"https:\/\/escolares.agenciatabor.com.br\/wp-content\/uploads\/2024\/06\/unnamed-2.jpg\"><\/a><div class=\"pp-ins-filter-target pp-image-gallery-thumbnail\"><img decoding=\"async\" class=\"pp-gallery-slide-image\" src=\"https:\/\/escolares.agenciatabor.com.br\/wp-content\/uploads\/2024\/06\/unnamed-2.jpg\" alt=\"\" data-no-lazy=\"1\" title=\"\"><\/div><div class=\"pp-image-overlay pp-media-overlay\"><\/div><div class=\"pp-gallery-image-content pp-media-content\"><\/div>\t\t\t\t\t<\/div>\n\t\t\t\t<\/div>\n\t\t\t<\/div>\n\t\t\t\t\t\t\t<\/div>\n\t\t\t\t\t\t\t<\/div>\n\t\t\t\t\t\t<\/div>\n\t\t\t\t<\/div>\n\t\t\t\t<\/div>\n\t\t\t\t<\/div>\n\t\t\t\t\t<\/div>\n\t\t\t\t<\/div>\n\t\t<div class=\"elementor-element elementor-element-ed3f16e e-flex e-con-boxed e-con e-parent\" data-id=\"ed3f16e\" data-element_type=\"container\" data-settings=\"{&quot;jet_parallax_layout_list&quot;:[]}\">\n\t\t\t\t\t<div class=\"e-con-inner\">\n\t\t\t\t\t<\/div>\n\t\t\t\t<\/div>\n\t\t\t\t<\/div>","protected":false},"excerpt":{"rendered":"<p>Institui\u00e7\u00f5es Institui\u00e7\u00e3o Educativa Par\u00f3quia Se\u00f1or de la Justicia: Compromisso com o Desenvolvimento Humano e a Responsabilidade Social A Institui\u00e7\u00e3o Educativa Par\u00f3quia Se\u00f1or de la Justicia, operando com a parceria das Irm\u00e3s Escolares de Nossa Senhora, \u00e9 um farol de esperan\u00e7a&#8230;<\/p>","protected":false},"author":1,"featured_media":0,"parent":0,"menu_order":0,"comment_status":"closed","ping_status":"closed","template":"elementor_header_footer","meta":{"rank_math_lock_modified_date":false,"footnotes":""},"class_list":["post-6787","page","type-page","status-publish","hentry"],"_links":{"self":[{"href":"https:\/\/escolares.agenciatabor.com.br\/es_es\/wp-json\/wp\/v2\/pages\/6787"}],"collection":[{"href":"https:\/\/escolares.agenciatabor.com.br\/es_es\/wp-json\/wp\/v2\/pages"}],"about":[{"href":"https:\/\/escolares.agenciatabor.com.br\/es_es\/wp-json\/wp\/v2\/types\/page"}],"author":[{"embeddable":true,"href":"https:\/\/escolares.agenciatabor.com.br\/es_es\/wp-json\/wp\/v2\/users\/1"}],"replies":[{"embeddable":true,"href":"https:\/\/escolares.agenciatabor.com.br\/es_es\/wp-json\/wp\/v2\/comments?post=6787"}],"version-history":[{"count":38,"href":"https:\/\/escolares.agenciatabor.com.br\/es_es\/wp-json\/wp\/v2\/pages\/6787\/revisions"}],"predecessor-version":[{"id":9119,"href":"https:\/\/escolares.agenciatabor.com.br\/es_es\/wp-json\/wp\/v2\/pages\/6787\/revisions\/9119"}],"wp:attachment":[{"href":"https:\/\/escolares.agenciatabor.com.br\/es_es\/wp-json\/wp\/v2\/media?parent=6787"}],"curies":[{"name":"wp","href":"https:\/\/api.w.org\/{rel}","templated":true}]}}