{"id":6999,"date":"2024-04-14T01:27:49","date_gmt":"2024-04-14T04:27:49","guid":{"rendered":"https:\/\/escolares.agenciatabor.com.br\/?page_id=6999"},"modified":"2024-05-28T20:30:54","modified_gmt":"2024-05-28T23:30:54","slug":"rede-shalom","status":"publish","type":"page","link":"https:\/\/escolares.agenciatabor.com.br\/es_es\/red-shalom\/","title":{"rendered":"Red Shalom"},"content":{"rendered":"<div data-elementor-type=\"wp-page\" data-elementor-id=\"6999\" class=\"elementor elementor-6999\" data-elementor-post-type=\"page\">\n\t\t\t\t\t\t<section class=\"elementor-section elementor-top-section elementor-element elementor-element-2f1dafbc elementor-section-boxed elementor-section-height-default elementor-section-height-default\" data-id=\"2f1dafbc\" data-element_type=\"section\" data-settings=\"{&quot;jet_parallax_layout_list&quot;:[],&quot;shape_divider_top&quot;:&quot;tilt&quot;}\">\n\t\t\t\t\t\t\t<div class=\"elementor-background-overlay\"><\/div>\n\t\t\t\t\t\t<div class=\"elementor-shape elementor-shape-top\" data-negative=\"false\">\n\t\t\t<svg xmlns=\"http:\/\/www.w3.org\/2000\/svg\" viewbox=\"0 0 1000 100\" preserveaspectratio=\"none\">\n\t<path class=\"elementor-shape-fill\" d=\"M0,6V0h1000v100L0,6z\"\/>\n<\/svg>\t\t<\/div>\n\t\t\t\t\t<div class=\"elementor-container elementor-column-gap-default\">\n\t\t\t\t\t<div class=\"elementor-column elementor-col-50 elementor-top-column elementor-element elementor-element-51aef564\" data-id=\"51aef564\" data-element_type=\"column\">\n\t\t\t<div class=\"elementor-widget-wrap elementor-element-populated\">\n\t\t\t\t\t\t<div class=\"elementor-element elementor-element-362b2e87 elementor-widget elementor-widget-pix-badge\" data-id=\"362b2e87\" data-element_type=\"widget\" data-widget_type=\"pix-badge.default\">\n\t\t\t\t<div class=\"elementor-widget-container\">\n\t\t\t<span class=\"pix-badge-element h6 d-inline-block mr-1\"  ><span class=\"badge font-weight-bold secondary-font bg-yellow  pix-py-10 pix-px-15\" style=\" \"><span class=\"text-body-default\" style=\"\">Red Shalom<\/span><\/span><\/span>\t\t<\/div>\n\t\t\t\t<\/div>\n\t\t\t\t<div class=\"elementor-element elementor-element-29e93b21 elementor-widget elementor-widget-pix-heading\" data-id=\"29e93b21\" data-element_type=\"widget\" data-widget_type=\"pix-heading.default\">\n\t\t\t\t<div class=\"elementor-widget-container\">\n\t\t\t<div  class=\"pix-heading-el text-left\"><div><div class=\"slide-in-container2\"><h2 class=\"text-body-default font-weight-bold heading-text el-title_custom_color mb-12\" style=\"\" data-anim-type=\"\" data-anim-delay=\"\">Conozca la Red Shalom: Justicia, Paz e Integridad de la Creaci\u00f3n<\/h2><\/div><\/div><\/div>\t\t<\/div>\n\t\t\t\t<\/div>\n\t\t\t\t<div class=\"elementor-element elementor-element-1e57a031 elementor-widget elementor-widget-pix-text\" data-id=\"1e57a031\" data-element_type=\"widget\" data-widget_type=\"pix-text.default\">\n\t\t\t\t<div class=\"elementor-widget-container\">\n\t\t\t<div class=\"pix-el-text w-100 text-left\" ><p class=\"text-20 resp-option text-dark-opacity-8 text-left\" >La Red Shalom es una iniciativa global de las Hermanas Educadoras de Notre Dame, que promueve la Justicia, la Paz y la Integridad de la Creaci\u00f3n en todo el mundo. Como expresi\u00f3n tangible de la misi\u00f3n de las School Sisters of Notre Dame, la Red destaca, por su enfoque integrado de la educaci\u00f3n, la espiritualidad y la defensa social, trabajando continuamente para establecer una sociedad m\u00e1s justa y pac\u00edfica.\n<\/p><\/div>\t\t<\/div>\n\t\t\t\t<\/div>\n\t\t\t\t<div class=\"elementor-element elementor-element-b7667df elementor-widget elementor-widget-pix-heading\" data-id=\"b7667df\" data-element_type=\"widget\" data-widget_type=\"pix-heading.default\">\n\t\t\t\t<div class=\"elementor-widget-container\">\n\t\t\t<div  class=\"pix-heading-el text-left\"><div><div class=\"slide-in-container2\"><h2 class=\"text-body-default font-weight-bold heading-text el-title_custom_color mb-12\" style=\"\" data-anim-type=\"\" data-anim-delay=\"\">Historia de la Red Shalom<\/h2><\/div><\/div><\/div>\t\t<\/div>\n\t\t\t\t<\/div>\n\t\t\t\t<div class=\"elementor-element elementor-element-b16fc67 elementor-widget elementor-widget-pix-text\" data-id=\"b16fc67\" data-element_type=\"widget\" data-widget_type=\"pix-text.default\">\n\t\t\t\t<div class=\"elementor-widget-container\">\n\t\t\t<div class=\"pix-el-text w-100 text-left\" ><p class=\"text-20 resp-option text-dark-opacity-8 text-left\" >Fundada en la creencia de que la educaci\u00f3n y la acci\u00f3n consciente pueden transformar las sociedades, la Red Shalom se estableci\u00f3 como respuesta a la creciente necesidad de intervenci\u00f3n social y ecol\u00f3gica en los lugares donde trabajan las Hermanas Educadoras de Notre Dame. Desde su concepci\u00f3n en 1995, la Red ha crecido y se ha expandido globalmente, con representaciones en todos los continentes, fomentando la solidaridad y la colaboraci\u00f3n entre diversas culturas y comunidades.\n<\/p><\/div>\t\t<\/div>\n\t\t\t\t<\/div>\n\t\t\t\t<div class=\"elementor-element elementor-element-4249391 elementor-widget elementor-widget-pix-heading\" data-id=\"4249391\" data-element_type=\"widget\" data-widget_type=\"pix-heading.default\">\n\t\t\t\t<div class=\"elementor-widget-container\">\n\t\t\t<div  class=\"pix-heading-el text-left\"><div><div class=\"slide-in-container2\"><h2 class=\"text-body-default font-weight-bold heading-text el-title_custom_color mb-12\" style=\"\" data-anim-type=\"\" data-anim-delay=\"\">Diferenciales de la Red Shalom<\/h2><\/div><\/div><\/div>\t\t<\/div>\n\t\t\t\t<\/div>\n\t\t\t\t<div class=\"elementor-element elementor-element-bf1f3d2 elementor-widget elementor-widget-pix-text\" data-id=\"bf1f3d2\" data-element_type=\"widget\" data-widget_type=\"pix-text.default\">\n\t\t\t\t<div class=\"elementor-widget-container\">\n\t\t\t<div class=\"pix-el-text w-100 text-left\" ><p class=\"text-20 resp-option text-dark-opacity-8 text-left\" >Lo que hace que la Red Shalom destaque en el panorama mundial de las ONG es su capacidad para integrar las cuestiones de justicia social con las preocupaciones medioambientales y espirituales. Adem\u00e1s, la Red tiene estatus consultivo en las Naciones Unidas, lo que le permite llevar las voces de las comunidades menos escuchadas a los foros internacionales, influyendo en las pol\u00edticas y pr\u00e1cticas de todo el mundo. La creaci\u00f3n continua de redes y la promoci\u00f3n de la educaci\u00f3n en derechos humanos constituyen el n\u00facleo de sus acciones.\n<\/p><\/div>\t\t<\/div>\n\t\t\t\t<\/div>\n\t\t\t\t\t<\/div>\n\t\t<\/div>\n\t\t\t\t<div class=\"elementor-column elementor-col-50 elementor-top-column elementor-element elementor-element-3ff660c4\" data-id=\"3ff660c4\" data-element_type=\"column\">\n\t\t\t<div class=\"elementor-widget-wrap elementor-element-populated\">\n\t\t\t\t\t\t<div class=\"elementor-element elementor-element-cd2d860 elementor-widget elementor-widget-image\" data-id=\"cd2d860\" data-element_type=\"widget\" data-widget_type=\"image.default\">\n\t\t\t\t<div class=\"elementor-widget-container\">\n\t\t\t\t\t\t\t\t\t\t\t\t\t<img fetchpriority=\"high\" decoding=\"async\" width=\"640\" height=\"536\" src=\"https:\/\/escolares.agenciatabor.com.br\/wp-content\/uploads\/2024\/04\/logo_shalom_blue_transparent_900.png\" class=\"attachment-large size-large wp-image-7001\" alt=\"\" srcset=\"https:\/\/escolares.agenciatabor.com.br\/wp-content\/uploads\/2024\/04\/logo_shalom_blue_transparent_900.png 900w, https:\/\/escolares.agenciatabor.com.br\/wp-content\/uploads\/2024\/04\/logo_shalom_blue_transparent_900-300x251.png 300w, https:\/\/escolares.agenciatabor.com.br\/wp-content\/uploads\/2024\/04\/logo_shalom_blue_transparent_900-768x643.png 768w, https:\/\/escolares.agenciatabor.com.br\/wp-content\/uploads\/2024\/04\/logo_shalom_blue_transparent_900-14x12.png 14w\" sizes=\"(max-width: 640px) 100vw, 640px\" title=\"\">\t\t\t\t\t\t\t\t\t\t\t\t\t<\/div>\n\t\t\t\t<\/div>\n\t\t\t\t<div class=\"elementor-element elementor-element-7976688 elementor-widget elementor-widget-pix-heading\" data-id=\"7976688\" data-element_type=\"widget\" data-widget_type=\"pix-heading.default\">\n\t\t\t\t<div class=\"elementor-widget-container\">\n\t\t\t<div  class=\"pix-heading-el text-left\"><div><div class=\"slide-in-container2\"><h2 class=\"text-body-default font-weight-bold heading-text el-title_custom_color mb-12\" style=\"\" data-anim-type=\"\" data-anim-delay=\"\">Importancia y actuaci\u00f3n<\/h2><\/div><\/div><\/div>\t\t<\/div>\n\t\t\t\t<\/div>\n\t\t\t\t<div class=\"elementor-element elementor-element-69176f4 elementor-widget elementor-widget-pix-text\" data-id=\"69176f4\" data-element_type=\"widget\" data-widget_type=\"pix-text.default\">\n\t\t\t\t<div class=\"elementor-widget-container\">\n\t\t\t<div class=\"pix-el-text w-100 text-left\" ><p class=\"text-20 resp-option text-dark-opacity-8 text-left\" >La labor de la Red Shalom es esencial en un mundo donde persisten las desigualdades y las injusticias sociales. A trav\u00e9s de iniciativas como el refuerzo de la educaci\u00f3n en derechos humanos, la campa\u00f1a por la condonaci\u00f3n de la deuda externa y la lucha contra la trata de seres humanos, la Red no solo responde a las emergencias, sino que tambi\u00e9n trabaja para erradicar las causas profundas de la opresi\u00f3n. <br><br>\n\nAl promover una cultura de paz y reconciliaci\u00f3n, la Red Shalom demuestra que es posible superar las barreras culturales y nacionales uniendo a las personas en torno a valores comunes de justicia e integridad. Sus miembros, entre los que se cuentan tanto las Hermanas Educadoras de Notre Dame, como colaboradores laicos, son testigos vivos del poder transformador de la solidaridad mundial.\n<\/p><\/div>\t\t<\/div>\n\t\t\t\t<\/div>\n\t\t\t\t\t<\/div>\n\t\t<\/div>\n\t\t\t\t\t<\/div>\n\t\t<\/section>\n\t\t\t\t<section class=\"elementor-section elementor-top-section elementor-element elementor-element-1acba36b elementor-section-boxed elementor-section-height-default elementor-section-height-default\" data-id=\"1acba36b\" data-element_type=\"section\" data-settings=\"{&quot;jet_parallax_layout_list&quot;:[],&quot;shape_divider_bottom&quot;:&quot;triangle&quot;}\">\n\t\t\t\t\t<div class=\"elementor-shape elementor-shape-bottom\" data-negative=\"false\">\n\t\t\t<svg xmlns=\"http:\/\/www.w3.org\/2000\/svg\" viewbox=\"0 0 1000 100\" preserveaspectratio=\"none\">\n\t<path class=\"elementor-shape-fill\" d=\"M500,98.9L0,6.1V0h1000v6.1L500,98.9z\"\/>\n<\/svg>\t\t<\/div>\n\t\t\t\t\t<div class=\"elementor-container elementor-column-gap-default\">\n\t\t\t\t\t<div class=\"elementor-column elementor-col-100 elementor-top-column elementor-element elementor-element-7dbcd568\" data-id=\"7dbcd568\" data-element_type=\"column\">\n\t\t\t<div class=\"elementor-widget-wrap elementor-element-populated\">\n\t\t\t\t\t\t<div class=\"elementor-element elementor-element-65a30df elementor-absolute elementor-widget elementor-widget-image\" data-id=\"65a30df\" data-element_type=\"widget\" data-settings=\"{&quot;_position&quot;:&quot;absolute&quot;,&quot;motion_fx_motion_fx_mouse&quot;:&quot;yes&quot;,&quot;motion_fx_mouseTrack_effect&quot;:&quot;yes&quot;,&quot;motion_fx_mouseTrack_speed&quot;:{&quot;unit&quot;:&quot;px&quot;,&quot;size&quot;:1,&quot;sizes&quot;:[]}}\" data-widget_type=\"image.default\">\n\t\t\t\t<div class=\"elementor-widget-container\">\n\t\t\t\t\t\t\t\t\t\t\t\t\t<img decoding=\"async\" width=\"200\" height=\"155\" src=\"https:\/\/escolares.agenciatabor.com.br\/wp-content\/uploads\/2024\/03\/DEFR.png\" class=\"attachment-large size-large wp-image-4930\" alt=\"\" srcset=\"https:\/\/escolares.agenciatabor.com.br\/wp-content\/uploads\/2024\/03\/DEFR.png 200w, https:\/\/escolares.agenciatabor.com.br\/wp-content\/uploads\/2024\/03\/DEFR-15x12.png 15w\" sizes=\"(max-width: 200px) 100vw, 200px\" title=\"\">\t\t\t\t\t\t\t\t\t\t\t\t\t<\/div>\n\t\t\t\t<\/div>\n\t\t\t\t<div class=\"elementor-element elementor-element-2fd942b elementor-absolute elementor-widget elementor-widget-image\" data-id=\"2fd942b\" data-element_type=\"widget\" data-settings=\"{&quot;_position&quot;:&quot;absolute&quot;,&quot;motion_fx_motion_fx_mouse&quot;:&quot;yes&quot;,&quot;motion_fx_mouseTrack_effect&quot;:&quot;yes&quot;,&quot;motion_fx_mouseTrack_speed&quot;:{&quot;unit&quot;:&quot;px&quot;,&quot;size&quot;:1,&quot;sizes&quot;:[]}}\" data-widget_type=\"image.default\">\n\t\t\t\t<div class=\"elementor-widget-container\">\n\t\t\t\t\t\t\t\t\t\t\t\t\t<img decoding=\"async\" width=\"200\" height=\"155\" src=\"https:\/\/escolares.agenciatabor.com.br\/wp-content\/uploads\/2024\/03\/DEFR.png\" class=\"attachment-large size-large wp-image-4930\" alt=\"\" srcset=\"https:\/\/escolares.agenciatabor.com.br\/wp-content\/uploads\/2024\/03\/DEFR.png 200w, https:\/\/escolares.agenciatabor.com.br\/wp-content\/uploads\/2024\/03\/DEFR-15x12.png 15w\" sizes=\"(max-width: 200px) 100vw, 200px\" title=\"\">\t\t\t\t\t\t\t\t\t\t\t\t\t<\/div>\n\t\t\t\t<\/div>\n\t\t\t\t<div class=\"elementor-element elementor-element-6ae093c elementor-absolute elementor-widget elementor-widget-image\" data-id=\"6ae093c\" data-element_type=\"widget\" data-settings=\"{&quot;_position&quot;:&quot;absolute&quot;,&quot;motion_fx_motion_fx_mouse&quot;:&quot;yes&quot;,&quot;motion_fx_mouseTrack_effect&quot;:&quot;yes&quot;,&quot;motion_fx_mouseTrack_speed&quot;:{&quot;unit&quot;:&quot;px&quot;,&quot;size&quot;:1,&quot;sizes&quot;:[]}}\" data-widget_type=\"image.default\">\n\t\t\t\t<div class=\"elementor-widget-container\">\n\t\t\t\t\t\t\t\t\t\t\t\t\t<img decoding=\"async\" width=\"200\" height=\"155\" src=\"https:\/\/escolares.agenciatabor.com.br\/wp-content\/uploads\/2024\/03\/DEFR.png\" class=\"attachment-large size-large wp-image-4930\" alt=\"\" srcset=\"https:\/\/escolares.agenciatabor.com.br\/wp-content\/uploads\/2024\/03\/DEFR.png 200w, https:\/\/escolares.agenciatabor.com.br\/wp-content\/uploads\/2024\/03\/DEFR-15x12.png 15w\" sizes=\"(max-width: 200px) 100vw, 200px\" title=\"\">\t\t\t\t\t\t\t\t\t\t\t\t\t<\/div>\n\t\t\t\t<\/div>\n\t\t\t\t<div class=\"elementor-element elementor-element-8f78345 elementor-widget elementor-widget-pix-heading\" data-id=\"8f78345\" data-element_type=\"widget\" data-widget_type=\"pix-heading.default\">\n\t\t\t\t<div class=\"elementor-widget-container\">\n\t\t\t<div  class=\"pix-heading-el text-left\"><div><div class=\"slide-in-container2\"><h2 class=\"text-body-default font-weight-bold heading-text el-title_custom_color mb-12\" style=\"\" data-anim-type=\"\" data-anim-delay=\"\">Posicionamiento en el mundo actual<\/h2><\/div><\/div><\/div>\t\t<\/div>\n\t\t\t\t<\/div>\n\t\t\t\t<div class=\"elementor-element elementor-element-5c6c0cab elementor-widget elementor-widget-pix-text\" data-id=\"5c6c0cab\" data-element_type=\"widget\" data-widget_type=\"pix-text.default\">\n\t\t\t\t<div class=\"elementor-widget-container\">\n\t\t\t<div class=\"pix-el-text w-100 text-left\" ><p class=\"text-20 resp-option text-dark-opacity-8 text-left\" >En el contexto actual, en el que las crisis mundiales y los problemas medioambientales dominan los debates internacionales, la misi\u00f3n de la Red Shalom es m\u00e1s pertinente que nunca. A trav\u00e9s de su afiliaci\u00f3n a la ONU y otras organizaciones internacionales, la Red est\u00e1 bien situada para influir en las pol\u00edticas y promover un cambio significativo que resuene en todo el mundo.<\/p><\/div>\t\t<\/div>\n\t\t\t\t<\/div>\n\t\t\t\t<div class=\"elementor-element elementor-element-542ab1e elementor-widget elementor-widget-pix-button\" data-id=\"542ab1e\" data-element_type=\"widget\" data-widget_type=\"pix-button.default\">\n\t\t\t\t<div class=\"elementor-widget-container\">\n\t\t\t<a href=\"https:\/\/escolares.agenciatabor.com.br\/wp-content\/uploads\/2024\/06\/Shalom-infographic_Spanish.pdf\" class=\"btn m-0     btn-primary d-inline-block pix-hover-item       btn-md\" target=\"_blank\" rel=\"noopener\"><i class=\"font-weight-bold pixicon-bar-chart-2  pix-hover-left  mr-1\"><\/i> <span class=\"font-weight-bold\" >Descargue la infograf\u00eda que resume la historia de la Red Shalom.<\/span><\/a>\t\t<\/div>\n\t\t\t\t<\/div>\n\t\t\t\t<div class=\"elementor-element elementor-element-cb0d252 elementor-widget elementor-widget-pix-text\" data-id=\"cb0d252\" data-element_type=\"widget\" data-widget_type=\"pix-text.default\">\n\t\t\t\t<div class=\"elementor-widget-container\">\n\t\t\t<div class=\"pix-el-text w-100 text-left\" ><p class=\"text-20 resp-option text-dark-opacity-8 text-left font-weight-bold\" >\u00bfQuiere saber m\u00e1s sobre las directrices de Shalom?\n<\/p><\/div>\t\t<\/div>\n\t\t\t\t<\/div>\n\t\t\t\t<div class=\"elementor-element elementor-element-e42fd3c elementor-widget elementor-widget-pix-button\" data-id=\"e42fd3c\" data-element_type=\"widget\" data-widget_type=\"pix-button.default\">\n\t\t\t\t<div class=\"elementor-widget-container\">\n\t\t\t<a href=\"https:\/\/escolares.agenciatabor.com.br\/wp-content\/uploads\/2024\/06\/Shalom-Dto-es.pdf\" class=\"btn m-0     text-primary btn-yellow d-inline-block pix-hover-item       btn-md\" target=\"_blank\" rel=\"noopener\"><i class=\"font-weight-bold pixicon-passport  pix-hover-left  mr-1\"><\/i> <span class=\"font-weight-bold\" >Descargue aqu\u00ed el documento completo.<\/span><\/a>\t\t<\/div>\n\t\t\t\t<\/div>\n\t\t\t\t\t<\/div>\n\t\t<\/div>\n\t\t\t\t\t<\/div>\n\t\t<\/section>\n\t\t\t\t<\/div>","protected":false},"excerpt":{"rendered":"<p>Rede Shalom Conhe\u00e7a a Rede Shalom: Justi\u00e7a, Paz e Integridade da Cria\u00e7\u00e3o A Rede Shalom \u00e9 uma iniciativa global das Irm\u00e3s Escolares de Nossa Senhora que promove Justi\u00e7a, Paz e Integridade da Cria\u00e7\u00e3o em todo o mundo. Como uma express\u00e3o&#8230;<\/p>","protected":false},"author":1,"featured_media":0,"parent":0,"menu_order":0,"comment_status":"closed","ping_status":"closed","template":"elementor_header_footer","meta":{"rank_math_lock_modified_date":false,"footnotes":""},"class_list":["post-6999","page","type-page","status-publish","hentry"],"_links":{"self":[{"href":"https:\/\/escolares.agenciatabor.com.br\/es_es\/wp-json\/wp\/v2\/pages\/6999"}],"collection":[{"href":"https:\/\/escolares.agenciatabor.com.br\/es_es\/wp-json\/wp\/v2\/pages"}],"about":[{"href":"https:\/\/escolares.agenciatabor.com.br\/es_es\/wp-json\/wp\/v2\/types\/page"}],"author":[{"embeddable":true,"href":"https:\/\/escolares.agenciatabor.com.br\/es_es\/wp-json\/wp\/v2\/users\/1"}],"replies":[{"embeddable":true,"href":"https:\/\/escolares.agenciatabor.com.br\/es_es\/wp-json\/wp\/v2\/comments?post=6999"}],"version-history":[{"count":28,"href":"https:\/\/escolares.agenciatabor.com.br\/es_es\/wp-json\/wp\/v2\/pages\/6999\/revisions"}],"predecessor-version":[{"id":8313,"href":"https:\/\/escolares.agenciatabor.com.br\/es_es\/wp-json\/wp\/v2\/pages\/6999\/revisions\/8313"}],"wp:attachment":[{"href":"https:\/\/escolares.agenciatabor.com.br\/es_es\/wp-json\/wp\/v2\/media?parent=6999"}],"curies":[{"name":"wp","href":"https:\/\/api.w.org\/{rel}","templated":true}]}}