{"id":7574,"date":"2024-04-14T15:25:46","date_gmt":"2024-04-14T18:25:46","guid":{"rendered":"https:\/\/escolares.agenciatabor.com.br\/?page_id=7574"},"modified":"2024-06-29T00:35:51","modified_gmt":"2024-06-29T03:35:51","slug":"casa-de-retiros-madre-teresa","status":"publish","type":"page","link":"https:\/\/escolares.agenciatabor.com.br\/es_es\/casa-de-retiro-madre-teresa\/","title":{"rendered":"Casa de Retiros Madre Teresa"},"content":{"rendered":"<div data-elementor-type=\"wp-page\" data-elementor-id=\"7574\" class=\"elementor elementor-7574\" data-elementor-post-type=\"page\">\n\t\t\t\t\t\t<section class=\"elementor-section elementor-top-section elementor-element elementor-element-13b236a6 elementor-section-boxed elementor-section-height-default elementor-section-height-default\" data-id=\"13b236a6\" data-element_type=\"section\" data-settings=\"{&quot;background_background&quot;:&quot;classic&quot;,&quot;shape_divider_top&quot;:&quot;tilt&quot;,&quot;jet_parallax_layout_list&quot;:[]}\">\n\t\t\t\t\t<div class=\"elementor-shape elementor-shape-top\" data-negative=\"false\">\n\t\t\t<svg xmlns=\"http:\/\/www.w3.org\/2000\/svg\" viewbox=\"0 0 1000 100\" preserveaspectratio=\"none\">\n\t<path class=\"elementor-shape-fill\" d=\"M0,6V0h1000v100L0,6z\"\/>\n<\/svg>\t\t<\/div>\n\t\t\t\t\t<div class=\"elementor-container elementor-column-gap-default\">\n\t\t\t\t\t<div class=\"elementor-column elementor-col-100 elementor-top-column elementor-element elementor-element-9ec66fe\" data-id=\"9ec66fe\" data-element_type=\"column\">\n\t\t\t<div class=\"elementor-widget-wrap elementor-element-populated\">\n\t\t\t\t\t\t<div class=\"elementor-element elementor-element-3821bd56 elementor-widget-divider--view-line elementor-widget elementor-widget-divider\" data-id=\"3821bd56\" data-element_type=\"widget\" data-widget_type=\"divider.default\">\n\t\t\t\t<div class=\"elementor-widget-container\">\n\t\t\t\t\t<div class=\"elementor-divider\">\n\t\t\t<span class=\"elementor-divider-separator\">\n\t\t\t\t\t\t<\/span>\n\t\t<\/div>\n\t\t\t\t<\/div>\n\t\t\t\t<\/div>\n\t\t\t\t\t<\/div>\n\t\t<\/div>\n\t\t\t\t\t<\/div>\n\t\t<\/section>\n\t\t\t\t<section class=\"elementor-section elementor-top-section elementor-element elementor-element-641397f3 elementor-section-boxed elementor-section-height-default elementor-section-height-default\" data-id=\"641397f3\" data-element_type=\"section\" data-settings=\"{&quot;background_background&quot;:&quot;classic&quot;,&quot;shape_divider_top&quot;:&quot;triangle-asymmetrical&quot;,&quot;shape_divider_bottom&quot;:&quot;triangle-asymmetrical&quot;,&quot;jet_parallax_layout_list&quot;:[]}\">\n\t\t\t\t\t<div class=\"elementor-shape elementor-shape-top\" data-negative=\"false\">\n\t\t\t<svg xmlns=\"http:\/\/www.w3.org\/2000\/svg\" viewbox=\"0 0 1000 100\" preserveaspectratio=\"none\">\n\t<path class=\"elementor-shape-fill\" d=\"M738,99l262-93V0H0v5.6L738,99z\"\/>\n<\/svg>\t\t<\/div>\n\t\t\t\t<div class=\"elementor-shape elementor-shape-bottom\" data-negative=\"false\">\n\t\t\t<svg xmlns=\"http:\/\/www.w3.org\/2000\/svg\" viewbox=\"0 0 1000 100\" preserveaspectratio=\"none\">\n\t<path class=\"elementor-shape-fill\" d=\"M738,99l262-93V0H0v5.6L738,99z\"\/>\n<\/svg>\t\t<\/div>\n\t\t\t\t\t<div class=\"elementor-container elementor-column-gap-default\">\n\t\t\t\t\t<div class=\"elementor-column elementor-col-50 elementor-top-column elementor-element elementor-element-7ac63362\" data-id=\"7ac63362\" data-element_type=\"column\">\n\t\t\t<div class=\"elementor-widget-wrap elementor-element-populated\">\n\t\t\t\t\t\t<div class=\"elementor-element elementor-element-7ba9b667 elementor-invisible elementor-widget elementor-widget-pix-badge\" data-id=\"7ba9b667\" data-element_type=\"widget\" data-widget_type=\"pix-badge.default\">\n\t\t\t\t<div class=\"elementor-widget-container\">\n\t\t\t<span class=\"pix-badge-element h6 d-inline-block mr-1 animate-in\" data-anim-type=\"fade-in-up\" data-anim-delay=\"300\"><span class=\"badge font-weight-bold bg-yellow  pix-py-10 pix-px-15\" style=\" \"><span class=\"text-body-default\" style=\"\">Casas de retiro <\/span><\/span><\/span>\t\t<\/div>\n\t\t\t\t<\/div>\n\t\t\t\t<div class=\"elementor-element elementor-element-12d9ca9c elementor-invisible elementor-widget elementor-widget-pix-heading\" data-id=\"12d9ca9c\" data-element_type=\"widget\" data-widget_type=\"pix-heading.default\">\n\t\t\t\t<div class=\"elementor-widget-container\">\n\t\t\t<div  class=\"pix-heading-el text-left\"><div><div class=\"slide-in-container2\"><h3 class=\"text-primary animate-in heading-text el-title_custom_color mb-12\" style=\"\" data-anim-type=\"fade-in-up\" data-anim-delay=\"200\">Casa de retiros <b><br>Madre Teresa en Viam\u00e3o,<\/b> RS - Brasil<\/h3><\/div><\/div><\/div>\t\t<\/div>\n\t\t\t\t<\/div>\n\t\t\t\t<div class=\"elementor-element elementor-element-4db5c4b9 elementor-invisible elementor-widget elementor-widget-pix-text\" data-id=\"4db5c4b9\" data-element_type=\"widget\" data-widget_type=\"pix-text.default\">\n\t\t\t\t<div class=\"elementor-widget-container\">\n\t\t\t<div class=\"pix-el-text w-100 text-left\" ><p class=\"resp-option text-left\"><div class=\"animate-in d-inline-block\" data-anim-delay=\"600\" data-anim-type=\"fade-in-up\"><p><span style=\"font-weight: 400;\">\u00bfBusca un refugio espiritual que le ofrezca paz y belleza natural? La Casa de Retiros Madre Teresa, situada en la ciudad de Viam\u00e3o, RS, es su destino ideal para un encuentro profundo con su fe y una conexi\u00f3n \u00edntima con Dios.<\/span><\/p><p><span style=\"font-weight: 400;\">Dirigida por las Hermanas de las Escuelas de Nuestra Se\u00f1ora, est\u00e1 abierta a cualquiera que busque un lugar para reflexionar, meditar y crecer espiritualmente. Ya sea para retiros individuales o reuniones de grupo, la Casa de Retiros Madre Teresa ofrece una experiencia \u00fanica de contemplaci\u00f3n y tranquilidad.<\/span><\/p><\/div><\/p><\/div>\t\t<\/div>\n\t\t\t\t<\/div>\n\t\t\t\t<div class=\"elementor-element elementor-element-29084e9 elementor-invisible elementor-widget elementor-widget-pix-heading\" data-id=\"29084e9\" data-element_type=\"widget\" data-widget_type=\"pix-heading.default\">\n\t\t\t\t<div class=\"elementor-widget-container\">\n\t\t\t<div  class=\"pix-heading-el text-left\"><div><div class=\"slide-in-container2\"><h3 class=\"text-primary font-weight-bold animate-in heading-text el-title_custom_color mb-12\" style=\"\" data-anim-type=\"fade-in-up\" data-anim-delay=\"200\">Un entorno inspirador<\/h3><\/div><\/div><\/div>\t\t<\/div>\n\t\t\t\t<\/div>\n\t\t\t\t<div class=\"elementor-element elementor-element-99c3b81 elementor-invisible elementor-widget elementor-widget-pix-text\" data-id=\"99c3b81\" data-element_type=\"widget\" data-widget_type=\"pix-text.default\">\n\t\t\t\t<div class=\"elementor-widget-container\">\n\t\t\t<div class=\"pix-el-text w-100 text-left\" ><p class=\"resp-option text-left\"><div class=\"animate-in d-inline-block\" data-anim-delay=\"600\" data-anim-type=\"fade-in-up\"><p><span style=\"font-weight: 400;\">Rodeada de exuberante naturaleza, la Casa de Retiros ofrece un entorno que favorece la introspecci\u00f3n y la nostalgia del infinito. Aqu\u00ed, en el entorno natural no s\u00f3lo embellece su experiencia, sino que tambi\u00e9n enriquece su esp\u00edritu, facilitando momentos de paz y renovaci\u00f3n interior.<\/span><\/p><\/div><\/p><\/div>\t\t<\/div>\n\t\t\t\t<\/div>\n\t\t\t\t<div class=\"elementor-element elementor-element-bb9dcfe elementor-invisible elementor-widget elementor-widget-pix-heading\" data-id=\"bb9dcfe\" data-element_type=\"widget\" data-widget_type=\"pix-heading.default\">\n\t\t\t\t<div class=\"elementor-widget-container\">\n\t\t\t<div  class=\"pix-heading-el text-left\"><div><div class=\"slide-in-container2\"><h3 class=\"text-primary font-weight-bold animate-in heading-text el-title_custom_color mb-12\" style=\"\" data-anim-type=\"fade-in-up\" data-anim-delay=\"200\">Ubicaci\u00f3n pr\u00e1ctica<\/h3><\/div><\/div><\/div>\t\t<\/div>\n\t\t\t\t<\/div>\n\t\t\t\t<div class=\"elementor-element elementor-element-a877ce8 elementor-invisible elementor-widget elementor-widget-pix-text\" data-id=\"a877ce8\" data-element_type=\"widget\" data-widget_type=\"pix-text.default\">\n\t\t\t\t<div class=\"elementor-widget-container\">\n\t\t\t<div class=\"pix-el-text w-100 text-left\" ><p class=\"resp-option text-left\"><div class=\"animate-in d-inline-block\" data-anim-delay=\"600\" data-anim-type=\"fade-in-up\"><p><span style=\"font-weight: 400;\">Situada en Viam\u00e3o, la Casa de Retiros Madre Teresa es de f\u00e1cil acceso para todos los habitantes de la regi\u00f3n y visitantes de otras zonas. Para m\u00e1s informaci\u00f3n o para reservar su retiro, p\u00f3ngase en contacto con <\/span><b>Hermana Marin\u00eas Rech <\/b><span style=\"font-weight: 400;\">por tel\u00e9fono:<\/span><b> (51) 3600-24981.<\/b><\/p><\/div><\/p><\/div>\t\t<\/div>\n\t\t\t\t<\/div>\n\t\t\t\t<div class=\"elementor-element elementor-element-8111ed2 elementor-invisible elementor-widget elementor-widget-pix-heading\" data-id=\"8111ed2\" data-element_type=\"widget\" data-widget_type=\"pix-heading.default\">\n\t\t\t\t<div class=\"elementor-widget-container\">\n\t\t\t<div  class=\"pix-heading-el text-left\"><div><div class=\"slide-in-container2\"><h3 class=\"text-primary font-weight-bold animate-in heading-text el-title_custom_color mb-12\" style=\"\" data-anim-type=\"fade-in-up\" data-anim-delay=\"200\">Con\u00e9ctese con nosotros<\/h3><\/div><\/div><\/div>\t\t<\/div>\n\t\t\t\t<\/div>\n\t\t\t\t<div class=\"elementor-element elementor-element-5d812421 elementor-invisible elementor-widget elementor-widget-pix-text\" data-id=\"5d812421\" data-element_type=\"widget\" data-widget_type=\"pix-text.default\">\n\t\t\t\t<div class=\"elementor-widget-container\">\n\t\t\t<div class=\"pix-el-text w-100 text-left\" ><p class=\"resp-option text-left\"><div class=\"animate-in d-inline-block\" data-anim-delay=\"600\" data-anim-type=\"fade-in-up\"><p><span style=\"font-weight: 400;\">Mant\u00e9ngase actualizado con los eventos y actividades de la Casa a trav\u00e9s de nuestra p\u00e1gina de Instagram. All\u00ed encontrar\u00e1s actualizaciones peri\u00f3dicas y podr\u00e1s conectar con una comunidad de personas que comparten los mismos valores espirituales.<\/span><\/p><p><span style=\"font-weight: 400;\">Le invitamos a disfrutar de momentos de silencio, oraci\u00f3n y conexi\u00f3n espiritual que s\u00f3lo nuestro espacio puede ofrecer. Estamos deseando compartir contigo esta experiencia transformadora.<\/span><\/p><p>Aqu\u00ed el coraz\u00f3n siente la nostalgia de un para\u00edso tal vez perdido.<\/p><p><span style=\"font-weight: 400;\">Vis\u00edtenos y encuentre su camino hacia la paz interior y la espiritualidad en Viam\u00e3o, RS.<\/span><\/p><\/div><\/p><\/div>\t\t<\/div>\n\t\t\t\t<\/div>\n\t\t\t\t<div class=\"elementor-element elementor-element-39d2c9d elementor-widget elementor-widget-pix-button\" data-id=\"39d2c9d\" data-element_type=\"widget\" data-widget_type=\"pix-button.default\">\n\t\t\t\t<div class=\"elementor-widget-container\">\n\t\t\t<a href=\"https:\/\/www.instagram.com\/irmas_escolaresdenossasenhora\/\" class=\"btn m-0     btn-primary d-inline-block      btn-md\" target=\"_blank\" rel=\"noopener\"><i class=\"font-weight-bold pixicon-instagram2   mr-1\"><\/i> <span class=\"font-weight-bold\" >Visite nossa p\u00e1gina no Instagram aqui <\/span><\/a>\t\t<\/div>\n\t\t\t\t<\/div>\n\t\t\t\t<div class=\"elementor-element elementor-element-2aa653fb elementor-absolute elementor-widget__width-initial elementor-widget elementor-widget-image\" data-id=\"2aa653fb\" data-element_type=\"widget\" data-settings=\"{&quot;_position&quot;:&quot;absolute&quot;,&quot;motion_fx_motion_fx_mouse&quot;:&quot;yes&quot;,&quot;motion_fx_mouseTrack_effect&quot;:&quot;yes&quot;,&quot;motion_fx_mouseTrack_direction&quot;:&quot;negative&quot;,&quot;motion_fx_mouseTrack_speed&quot;:{&quot;unit&quot;:&quot;px&quot;,&quot;size&quot;:1,&quot;sizes&quot;:[]}}\" data-widget_type=\"image.default\">\n\t\t\t\t<div class=\"elementor-widget-container\">\n\t\t\t\t\t\t\t\t\t\t\t\t\t<img decoding=\"async\" width=\"200\" height=\"155\" src=\"https:\/\/escolares.agenciatabor.com.br\/wp-content\/uploads\/2024\/03\/DEFR.png\" class=\"attachment-large size-large wp-image-4930\" alt=\"\" srcset=\"https:\/\/escolares.agenciatabor.com.br\/wp-content\/uploads\/2024\/03\/DEFR.png 200w, https:\/\/escolares.agenciatabor.com.br\/wp-content\/uploads\/2024\/03\/DEFR-15x12.png 15w\" sizes=\"(max-width: 200px) 100vw, 200px\" title=\"\">\t\t\t\t\t\t\t\t\t\t\t\t\t<\/div>\n\t\t\t\t<\/div>\n\t\t\t\t<div class=\"elementor-element elementor-element-fbd70f6 elementor-absolute elementor-widget elementor-widget-image\" data-id=\"fbd70f6\" data-element_type=\"widget\" data-settings=\"{&quot;_position&quot;:&quot;absolute&quot;,&quot;motion_fx_motion_fx_mouse&quot;:&quot;yes&quot;,&quot;motion_fx_mouseTrack_effect&quot;:&quot;yes&quot;,&quot;motion_fx_mouseTrack_speed&quot;:{&quot;unit&quot;:&quot;px&quot;,&quot;size&quot;:1,&quot;sizes&quot;:[]}}\" data-widget_type=\"image.default\">\n\t\t\t\t<div class=\"elementor-widget-container\">\n\t\t\t\t\t\t\t\t\t\t\t\t\t<img decoding=\"async\" width=\"200\" height=\"155\" src=\"https:\/\/escolares.agenciatabor.com.br\/wp-content\/uploads\/2024\/03\/DEFR.png\" class=\"attachment-large size-large wp-image-4930\" alt=\"\" srcset=\"https:\/\/escolares.agenciatabor.com.br\/wp-content\/uploads\/2024\/03\/DEFR.png 200w, https:\/\/escolares.agenciatabor.com.br\/wp-content\/uploads\/2024\/03\/DEFR-15x12.png 15w\" sizes=\"(max-width: 200px) 100vw, 200px\" title=\"\">\t\t\t\t\t\t\t\t\t\t\t\t\t<\/div>\n\t\t\t\t<\/div>\n\t\t\t\t\t<\/div>\n\t\t<\/div>\n\t\t\t\t<div class=\"elementor-column elementor-col-50 elementor-top-column elementor-element elementor-element-32b06ea\" data-id=\"32b06ea\" data-element_type=\"column\">\n\t\t\t<div class=\"elementor-widget-wrap elementor-element-populated\">\n\t\t\t\t\t\t<div class=\"elementor-element elementor-element-88d0d0a elementor-widget elementor-widget-ucaddon_uc_tiles_columns_image\" data-id=\"88d0d0a\" data-element_type=\"widget\" data-widget_type=\"ucaddon_uc_tiles_columns_image.default\">\n\t\t\t\t<div class=\"elementor-widget-container\">\n\t\t\t<!-- start Masonry Gallery -->\n\t\t<link id='unitegallery-css' href='https:\/\/escolares.agenciatabor.com.br\/wp-content\/plugins\/unlimited-elements-for-elementor-premium\/assets_libraries\/unitegallery\/css\/unite-gallery.css' type='text\/css' rel='stylesheet' >\n\t\t<link id='uc_ac_assets_file_uc_columns_unite_gallery_css_37416-css' href='https:\/\/escolares.agenciatabor.com.br\/wp-content\/uploads\/ac_assets\/uc_tiles_columns_image\/uc-columns-unite-gallery.css' type='text\/css' rel='stylesheet' >\n\n\t\t\t<style type=\"text\/css\">\/* widget: Masonry Gallery *\/\n\n\n#wrapperuc_uc_tiles_columns_image_elementor_88d0d0a\n{\n  min-height:1px;\n}\n\n<\/style>\n\n\t\t\t<div id=\"wrapperuc_uc_tiles_columns_image_elementor_88d0d0a\">\n<div id=\"uc_uc_tiles_columns_image_elementor_88d0d0a\" style=\"display:none;\" class=\"uc-items-wrapper\" data-custom-sethtml=\"true\" >\n\n\n<img decoding=\"async\" alt=\"Imagen de WhatsApp 2024-03-01 a las 15.33\" src=\"https:\/\/escolares.agenciatabor.com.br\/wp-content\/uploads\/2024\/04\/WhatsApp-Image-2024-03-01-at-15.33.14-1-768x432.jpeg\" data-image=\"https:\/\/escolares.agenciatabor.com.br\/wp-content\/uploads\/2024\/04\/WhatsApp-Image-2024-03-01-at-15.33.14-1-1024x576.jpeg\" data-title=\"WhatsApp Image 2024-03-01 at 15.33\" title=\"\">\n\n<img decoding=\"async\" alt=\"Imagen de WhatsApp 2024-03-01 a las 15.33\" src=\"https:\/\/escolares.agenciatabor.com.br\/wp-content\/uploads\/2024\/04\/WhatsApp-Image-2024-03-01-at-15.33.14-2-768x432.jpeg\" data-image=\"https:\/\/escolares.agenciatabor.com.br\/wp-content\/uploads\/2024\/04\/WhatsApp-Image-2024-03-01-at-15.33.14-2-1024x576.jpeg\" data-title=\"WhatsApp Image 2024-03-01 at 15.33\" title=\"\">\n\n<img decoding=\"async\" alt=\"Imagen de WhatsApp 2024-03-01 a las 15.33\" src=\"https:\/\/escolares.agenciatabor.com.br\/wp-content\/uploads\/2024\/04\/WhatsApp-Image-2024-03-01-at-15.33.15-1-768x432.jpeg\" data-image=\"https:\/\/escolares.agenciatabor.com.br\/wp-content\/uploads\/2024\/04\/WhatsApp-Image-2024-03-01-at-15.33.15-1-1024x576.jpeg\" data-title=\"WhatsApp Image 2024-03-01 at 15.33\" title=\"\">\n\n<img decoding=\"async\" alt=\"Imagen de WhatsApp 2024-03-01 a las 15.33\" src=\"https:\/\/escolares.agenciatabor.com.br\/wp-content\/uploads\/2024\/04\/WhatsApp-Image-2024-03-01-at-15.33.15-768x432.jpeg\" data-image=\"https:\/\/escolares.agenciatabor.com.br\/wp-content\/uploads\/2024\/04\/WhatsApp-Image-2024-03-01-at-15.33.15-1024x576.jpeg\" data-title=\"WhatsApp Image 2024-03-01 at 15.33\" title=\"\">\n\n<img decoding=\"async\" alt=\"Imagen de WhatsApp 2024-03-01 a las 15.33\" src=\"https:\/\/escolares.agenciatabor.com.br\/wp-content\/uploads\/2024\/04\/WhatsApp-Image-2024-03-01-at-15.33.16-768x432.jpeg\" data-image=\"https:\/\/escolares.agenciatabor.com.br\/wp-content\/uploads\/2024\/04\/WhatsApp-Image-2024-03-01-at-15.33.16-1024x576.jpeg\" data-title=\"WhatsApp Image 2024-03-01 at 15.33\" title=\"\">\n\n<img decoding=\"async\" alt=\"Imagen de WhatsApp 2024-03-01 a las 15.33\" src=\"https:\/\/escolares.agenciatabor.com.br\/wp-content\/uploads\/2024\/04\/WhatsApp-Image-2024-03-01-at-15.33.17-1-768x432.jpeg\" data-image=\"https:\/\/escolares.agenciatabor.com.br\/wp-content\/uploads\/2024\/04\/WhatsApp-Image-2024-03-01-at-15.33.17-1-1024x576.jpeg\" data-title=\"WhatsApp Image 2024-03-01 at 15.33\" title=\"\">\n\n<img decoding=\"async\" alt=\"Imagen de WhatsApp 2024-03-01 a las 15.33\" src=\"https:\/\/escolares.agenciatabor.com.br\/wp-content\/uploads\/2024\/04\/WhatsApp-Image-2024-03-01-at-15.33.17-768x432.jpeg\" data-image=\"https:\/\/escolares.agenciatabor.com.br\/wp-content\/uploads\/2024\/04\/WhatsApp-Image-2024-03-01-at-15.33.17-1024x576.jpeg\" data-title=\"WhatsApp Image 2024-03-01 at 15.33\" title=\"\">\n\n<img decoding=\"async\" alt=\"Imagen de WhatsApp 2024-03-01 a las 15.33\" src=\"https:\/\/escolares.agenciatabor.com.br\/wp-content\/uploads\/2024\/04\/WhatsApp-Image-2024-03-01-at-15.33.18-1-768x432.jpeg\" data-image=\"https:\/\/escolares.agenciatabor.com.br\/wp-content\/uploads\/2024\/04\/WhatsApp-Image-2024-03-01-at-15.33.18-1-1024x576.jpeg\" data-title=\"WhatsApp Image 2024-03-01 at 15.33\" title=\"\">\n\n<img decoding=\"async\" alt=\"Imagen de WhatsApp 2024-03-01 a las 15.33\" src=\"https:\/\/escolares.agenciatabor.com.br\/wp-content\/uploads\/2024\/04\/WhatsApp-Image-2024-03-01-at-15.33.18-768x432.jpeg\" data-image=\"https:\/\/escolares.agenciatabor.com.br\/wp-content\/uploads\/2024\/04\/WhatsApp-Image-2024-03-01-at-15.33.18-1024x576.jpeg\" data-title=\"WhatsApp Image 2024-03-01 at 15.33\" title=\"\">\n\n<img decoding=\"async\" alt=\"Imagen de WhatsApp 2024-03-01 a las 15.33\" src=\"https:\/\/escolares.agenciatabor.com.br\/wp-content\/uploads\/2024\/04\/WhatsApp-Image-2024-03-01-at-15.33.19-1-768x432.jpeg\" data-image=\"https:\/\/escolares.agenciatabor.com.br\/wp-content\/uploads\/2024\/04\/WhatsApp-Image-2024-03-01-at-15.33.19-1-1024x576.jpeg\" data-title=\"WhatsApp Image 2024-03-01 at 15.33\" title=\"\">\n\n<img decoding=\"async\" alt=\"Imagen de WhatsApp 2024-03-01 a las 15.33\" src=\"https:\/\/escolares.agenciatabor.com.br\/wp-content\/uploads\/2024\/04\/WhatsApp-Image-2024-03-01-at-15.33.19-2-768x432.jpeg\" data-image=\"https:\/\/escolares.agenciatabor.com.br\/wp-content\/uploads\/2024\/04\/WhatsApp-Image-2024-03-01-at-15.33.19-2-1024x576.jpeg\" data-title=\"WhatsApp Image 2024-03-01 at 15.33\" title=\"\">\n\n<img decoding=\"async\" alt=\"Imagen de WhatsApp 2024-03-01 a las 15.33\" src=\"https:\/\/escolares.agenciatabor.com.br\/wp-content\/uploads\/2024\/04\/WhatsApp-Image-2024-03-01-at-15.33.19-768x432.jpeg\" data-image=\"https:\/\/escolares.agenciatabor.com.br\/wp-content\/uploads\/2024\/04\/WhatsApp-Image-2024-03-01-at-15.33.19-1024x576.jpeg\" data-title=\"WhatsApp Image 2024-03-01 at 15.33\" title=\"\">\n\n<img decoding=\"async\" alt=\"Imagen de WhatsApp 2024-03-01 a las 15.33\" src=\"https:\/\/escolares.agenciatabor.com.br\/wp-content\/uploads\/2024\/04\/WhatsApp-Image-2024-03-01-at-15.33.20-768x432.jpeg\" data-image=\"https:\/\/escolares.agenciatabor.com.br\/wp-content\/uploads\/2024\/04\/WhatsApp-Image-2024-03-01-at-15.33.20-1024x576.jpeg\" data-title=\"WhatsApp Image 2024-03-01 at 15.33\" title=\"\">\n\n<img decoding=\"async\" alt=\"Imagen de WhatsApp 2024-03-01 a las 15.33\" src=\"https:\/\/escolares.agenciatabor.com.br\/wp-content\/uploads\/2024\/04\/WhatsApp-Image-2024-03-01-at-15.33.21-1-768x432.jpeg\" data-image=\"https:\/\/escolares.agenciatabor.com.br\/wp-content\/uploads\/2024\/04\/WhatsApp-Image-2024-03-01-at-15.33.21-1-1024x576.jpeg\" data-title=\"WhatsApp Image 2024-03-01 at 15.33\" title=\"\">\n\n<img decoding=\"async\" alt=\"Imagen de WhatsApp 2024-03-01 a las 15.33\" src=\"https:\/\/escolares.agenciatabor.com.br\/wp-content\/uploads\/2024\/04\/WhatsApp-Image-2024-03-01-at-15.33.21-2-768x432.jpeg\" data-image=\"https:\/\/escolares.agenciatabor.com.br\/wp-content\/uploads\/2024\/04\/WhatsApp-Image-2024-03-01-at-15.33.21-2-1024x576.jpeg\" data-title=\"WhatsApp Image 2024-03-01 at 15.33\" title=\"\">\n\n<img decoding=\"async\" alt=\"Imagen de WhatsApp 2024-03-01 a las 15.33\" src=\"https:\/\/escolares.agenciatabor.com.br\/wp-content\/uploads\/2024\/04\/WhatsApp-Image-2024-03-01-at-15.33.21-768x432.jpeg\" data-image=\"https:\/\/escolares.agenciatabor.com.br\/wp-content\/uploads\/2024\/04\/WhatsApp-Image-2024-03-01-at-15.33.21-1024x576.jpeg\" data-title=\"WhatsApp Image 2024-03-01 at 15.33\" title=\"\">\n\n  \n<\/div>\n<\/div>\n\t\t\t<!-- end Masonry Gallery -->\t\t<\/div>\n\t\t\t\t<\/div>\n\t\t\t\t\t<\/div>\n\t\t<\/div>\n\t\t\t\t\t<\/div>\n\t\t<\/section>\n\t\t\t\t<\/div>","protected":false},"excerpt":{"rendered":"<p>Casas de Retiros Casa de Retiros Madre Teresa em Viam\u00e3o, RS &#8211; Brasil Em busca de um ref\u00fagio espiritual que ofere\u00e7a paz e beleza natural? A Casa de Retiros Madre Teresa, situada na cidade de Viam\u00e3o, RS, \u00e9 o seu&#8230;<\/p>","protected":false},"author":1,"featured_media":0,"parent":0,"menu_order":0,"comment_status":"closed","ping_status":"closed","template":"elementor_header_footer","meta":{"rank_math_lock_modified_date":false,"footnotes":""},"class_list":["post-7574","page","type-page","status-publish","hentry"],"_links":{"self":[{"href":"https:\/\/escolares.agenciatabor.com.br\/es_es\/wp-json\/wp\/v2\/pages\/7574"}],"collection":[{"href":"https:\/\/escolares.agenciatabor.com.br\/es_es\/wp-json\/wp\/v2\/pages"}],"about":[{"href":"https:\/\/escolares.agenciatabor.com.br\/es_es\/wp-json\/wp\/v2\/types\/page"}],"author":[{"embeddable":true,"href":"https:\/\/escolares.agenciatabor.com.br\/es_es\/wp-json\/wp\/v2\/users\/1"}],"replies":[{"embeddable":true,"href":"https:\/\/escolares.agenciatabor.com.br\/es_es\/wp-json\/wp\/v2\/comments?post=7574"}],"version-history":[{"count":28,"href":"https:\/\/escolares.agenciatabor.com.br\/es_es\/wp-json\/wp\/v2\/pages\/7574\/revisions"}],"predecessor-version":[{"id":8997,"href":"https:\/\/escolares.agenciatabor.com.br\/es_es\/wp-json\/wp\/v2\/pages\/7574\/revisions\/8997"}],"wp:attachment":[{"href":"https:\/\/escolares.agenciatabor.com.br\/es_es\/wp-json\/wp\/v2\/media?parent=7574"}],"curies":[{"name":"wp","href":"https:\/\/api.w.org\/{rel}","templated":true}]}}