{"id":7634,"date":"2024-04-14T18:24:04","date_gmt":"2024-04-14T21:24:04","guid":{"rendered":"https:\/\/escolares.agenciatabor.com.br\/?page_id=7634"},"modified":"2024-04-29T02:04:11","modified_gmt":"2024-04-29T05:04:11","slug":"casa-de-retiros-notre-dame-em-el-progreso","status":"publish","type":"page","link":"https:\/\/escolares.agenciatabor.com.br\/es_es\/casa-de-retiro-notre-dame-en-el-progreso\/","title":{"rendered":"Casa de Retiros Notre Dame en El Progreso"},"content":{"rendered":"<div data-elementor-type=\"wp-page\" data-elementor-id=\"7634\" class=\"elementor elementor-7634\" data-elementor-post-type=\"page\">\n\t\t\t\t\t\t<section class=\"elementor-section elementor-top-section elementor-element elementor-element-4db60df9 elementor-section-boxed elementor-section-height-default elementor-section-height-default\" data-id=\"4db60df9\" data-element_type=\"section\" data-settings=\"{&quot;background_background&quot;:&quot;classic&quot;,&quot;shape_divider_top&quot;:&quot;tilt&quot;,&quot;jet_parallax_layout_list&quot;:[]}\">\n\t\t\t\t\t<div class=\"elementor-shape elementor-shape-top\" data-negative=\"false\">\n\t\t\t<svg xmlns=\"http:\/\/www.w3.org\/2000\/svg\" viewbox=\"0 0 1000 100\" preserveaspectratio=\"none\">\n\t<path class=\"elementor-shape-fill\" d=\"M0,6V0h1000v100L0,6z\"\/>\n<\/svg>\t\t<\/div>\n\t\t\t\t\t<div class=\"elementor-container elementor-column-gap-default\">\n\t\t\t\t\t<div class=\"elementor-column elementor-col-100 elementor-top-column elementor-element elementor-element-36376148\" data-id=\"36376148\" data-element_type=\"column\">\n\t\t\t<div class=\"elementor-widget-wrap elementor-element-populated\">\n\t\t\t\t\t\t<div class=\"elementor-element elementor-element-7fb094a8 elementor-widget-divider--view-line elementor-widget elementor-widget-divider\" data-id=\"7fb094a8\" data-element_type=\"widget\" data-widget_type=\"divider.default\">\n\t\t\t\t<div class=\"elementor-widget-container\">\n\t\t\t\t\t<div class=\"elementor-divider\">\n\t\t\t<span class=\"elementor-divider-separator\">\n\t\t\t\t\t\t<\/span>\n\t\t<\/div>\n\t\t\t\t<\/div>\n\t\t\t\t<\/div>\n\t\t\t\t\t<\/div>\n\t\t<\/div>\n\t\t\t\t\t<\/div>\n\t\t<\/section>\n\t\t\t\t<section class=\"elementor-section elementor-top-section elementor-element elementor-element-486f30f9 elementor-section-boxed elementor-section-height-default elementor-section-height-default\" data-id=\"486f30f9\" data-element_type=\"section\" data-settings=\"{&quot;background_background&quot;:&quot;classic&quot;,&quot;shape_divider_top&quot;:&quot;triangle-asymmetrical&quot;,&quot;shape_divider_bottom&quot;:&quot;triangle-asymmetrical&quot;,&quot;jet_parallax_layout_list&quot;:[]}\">\n\t\t\t\t\t<div class=\"elementor-shape elementor-shape-top\" data-negative=\"false\">\n\t\t\t<svg xmlns=\"http:\/\/www.w3.org\/2000\/svg\" viewbox=\"0 0 1000 100\" preserveaspectratio=\"none\">\n\t<path class=\"elementor-shape-fill\" d=\"M738,99l262-93V0H0v5.6L738,99z\"\/>\n<\/svg>\t\t<\/div>\n\t\t\t\t<div class=\"elementor-shape elementor-shape-bottom\" data-negative=\"false\">\n\t\t\t<svg xmlns=\"http:\/\/www.w3.org\/2000\/svg\" viewbox=\"0 0 1000 100\" preserveaspectratio=\"none\">\n\t<path class=\"elementor-shape-fill\" d=\"M738,99l262-93V0H0v5.6L738,99z\"\/>\n<\/svg>\t\t<\/div>\n\t\t\t\t\t<div class=\"elementor-container elementor-column-gap-default\">\n\t\t\t\t\t<div class=\"elementor-column elementor-col-50 elementor-top-column elementor-element elementor-element-20f18778\" data-id=\"20f18778\" data-element_type=\"column\">\n\t\t\t<div class=\"elementor-widget-wrap elementor-element-populated\">\n\t\t\t\t\t\t<div class=\"elementor-element elementor-element-4a5f0fc elementor-invisible elementor-widget elementor-widget-pix-badge\" data-id=\"4a5f0fc\" data-element_type=\"widget\" data-widget_type=\"pix-badge.default\">\n\t\t\t\t<div class=\"elementor-widget-container\">\n\t\t\t<span class=\"pix-badge-element h6 d-inline-block mr-1 animate-in\" data-anim-type=\"fade-in-up\" data-anim-delay=\"300\"><span class=\"badge font-weight-bold bg-yellow  pix-py-10 pix-px-15\" style=\" \"><span class=\"text-body-default\" style=\"\">Casa de retiros <\/span><\/span><\/span>\t\t<\/div>\n\t\t\t\t<\/div>\n\t\t\t\t<div class=\"elementor-element elementor-element-3b49881f elementor-invisible elementor-widget elementor-widget-pix-heading\" data-id=\"3b49881f\" data-element_type=\"widget\" data-widget_type=\"pix-heading.default\">\n\t\t\t\t<div class=\"elementor-widget-container\">\n\t\t\t<div  class=\"pix-heading-el text-left\"><div><div class=\"slide-in-container2\"><h3 class=\"text-primary animate-in heading-text el-title_custom_color mb-12\" style=\"\" data-anim-type=\"fade-in-up\" data-anim-delay=\"200\">Casa de retiros Notre Dame en El Progreso, Yoro, Honduras<\/h3><\/div><\/div><\/div>\t\t<\/div>\n\t\t\t\t<\/div>\n\t\t\t\t<div class=\"elementor-element elementor-element-56d3e4a0 elementor-invisible elementor-widget elementor-widget-pix-text\" data-id=\"56d3e4a0\" data-element_type=\"widget\" data-widget_type=\"pix-text.default\">\n\t\t\t\t<div class=\"elementor-widget-container\">\n\t\t\t<div class=\"pix-el-text w-100 text-left\" ><p class=\"resp-option text-left\"><div class=\"animate-in d-inline-block\" data-anim-delay=\"600\" data-anim-type=\"fade-in-up\"><p><span style=\"font-weight: 400;\">Situada en el coraz\u00f3n de Honduras, la Casa de Retiros Notre Dame se distingue por ser un santuario de paz y desarrollo humano, especializado en la formaci\u00f3n de j\u00f3venes, ni\u00f1os, mujeres y l\u00edderes comunitarios. Inspirada en el carisma de las Hermanas Educadoras de Notre Dame, nuestra misi\u00f3n es cultivar un mundo m\u00e1s justo y humano a trav\u00e9s de pr\u00e1cticas educativas y espirituales profundas.<\/span><\/p><\/div><\/p><\/div>\t\t<\/div>\n\t\t\t\t<\/div>\n\t\t\t\t<div class=\"elementor-element elementor-element-2bedab23 elementor-invisible elementor-widget elementor-widget-pix-heading\" data-id=\"2bedab23\" data-element_type=\"widget\" data-widget_type=\"pix-heading.default\">\n\t\t\t\t<div class=\"elementor-widget-container\">\n\t\t\t<div  class=\"pix-heading-el text-left\"><div><div class=\"slide-in-container2\"><h3 class=\"text-primary font-weight-bold animate-in heading-text el-title_custom_color mb-12\" style=\"\" data-anim-type=\"fade-in-up\" data-anim-delay=\"200\">Espacio de reflexi\u00f3n y crecimiento<\/h3><\/div><\/div><\/div>\t\t<\/div>\n\t\t\t\t<\/div>\n\t\t\t\t<div class=\"elementor-element elementor-element-1a646370 elementor-invisible elementor-widget elementor-widget-pix-text\" data-id=\"1a646370\" data-element_type=\"widget\" data-widget_type=\"pix-text.default\">\n\t\t\t\t<div class=\"elementor-widget-container\">\n\t\t\t<div class=\"pix-el-text w-100 text-left\" ><p class=\"resp-option text-left\"><div class=\"animate-in d-inline-block\" data-anim-delay=\"600\" data-anim-type=\"fade-in-up\"><p><span style=\"font-weight: 400;\">La Casa de Ejercicios Notre Dame es un refugio para quienes buscan no s\u00f3lo silencio y oraci\u00f3n, sino tambi\u00e9n un lugar para la reflexi\u00f3n profunda. Nuestros servicios est\u00e1n cuidadosamente dise\u00f1ados para apoyar el crecimiento personal y comunitario.<\/span><\/p><\/div><\/p><\/div>\t\t<\/div>\n\t\t\t\t<\/div>\n\t\t\t\t<div class=\"elementor-element elementor-element-4f390617 elementor-invisible elementor-widget elementor-widget-pix-heading\" data-id=\"4f390617\" data-element_type=\"widget\" data-widget_type=\"pix-heading.default\">\n\t\t\t\t<div class=\"elementor-widget-container\">\n\t\t\t<div  class=\"pix-heading-el text-left\"><div><div class=\"slide-in-container2\"><h3 class=\"text-primary font-weight-bold animate-in heading-text el-title_custom_color mb-12\" style=\"\" data-anim-type=\"fade-in-up\" data-anim-delay=\"200\">Nuestra Misi\u00f3n<\/h3><\/div><\/div><\/div>\t\t<\/div>\n\t\t\t\t<\/div>\n\t\t\t\t<div class=\"elementor-element elementor-element-7c520e4a elementor-invisible elementor-widget elementor-widget-pix-text\" data-id=\"7c520e4a\" data-element_type=\"widget\" data-widget_type=\"pix-text.default\">\n\t\t\t\t<div class=\"elementor-widget-container\">\n\t\t\t<div class=\"pix-el-text w-100 text-left\" ><p class=\"resp-option text-left\"><div class=\"animate-in d-inline-block\" data-anim-delay=\"600\" data-anim-type=\"fade-in-up\"><p><span style=\"font-weight: 400;\">Nuestro objetivo es ser un catalizador en la formaci\u00f3n de l\u00edderes transformadores, apoyando el desarrollo integral de las personas en escuelas, colegios, parroquias y redes de mujeres. Aqu\u00ed, cada retiro es una oportunidad para que los participantes vuelvan a conectar con sus ra\u00edces espirituales y fortalezcan sus capacidades de liderazgo y servicio a la comunidad.<\/span><\/p><\/div><\/p><\/div>\t\t<\/div>\n\t\t\t\t<\/div>\n\t\t\t\t<div class=\"elementor-element elementor-element-15388f20 elementor-invisible elementor-widget elementor-widget-pix-heading\" data-id=\"15388f20\" data-element_type=\"widget\" data-widget_type=\"pix-heading.default\">\n\t\t\t\t<div class=\"elementor-widget-container\">\n\t\t\t<div  class=\"pix-heading-el text-left\"><div><div class=\"slide-in-container2\"><h3 class=\"text-primary font-weight-bold animate-in heading-text el-title_custom_color mb-12\" style=\"\" data-anim-type=\"fade-in-up\" data-anim-delay=\"200\">Conectividad y localizaci\u00f3n<\/h3><\/div><\/div><\/div>\t\t<\/div>\n\t\t\t\t<\/div>\n\t\t\t\t<div class=\"elementor-element elementor-element-38b52d59 elementor-invisible elementor-widget elementor-widget-pix-text\" data-id=\"38b52d59\" data-element_type=\"widget\" data-widget_type=\"pix-text.default\">\n\t\t\t\t<div class=\"elementor-widget-container\">\n\t\t\t<div class=\"pix-el-text w-100 text-left\" ><p class=\"resp-option text-left\"><div class=\"animate-in d-inline-block\" data-anim-delay=\"600\" data-anim-type=\"fade-in-up\"><p><span style=\"font-weight: 400;\">Idealmente situada en El Progreso, Yoro, nuestra casa es f\u00e1cilmente accesible para visitantes de toda Centroam\u00e9rica. Para m\u00e1s informaci\u00f3n o para reservar su retiro, p\u00f3ngase en contacto con<\/span><b> Hermana Rosa Mar\u00eda<\/b><span style=\"font-weight: 400;\"> por tel\u00e9fono: <\/span><b>(504) 2647-2252<\/b><span style=\"font-weight: 400;\">.<\/span><\/p><p><span style=\"font-weight: 400;\"><br \/><\/span><span style=\"font-weight: 400;\">La Casa de Ejercicios Notre Dame es un centro de actividad espiritual y formaci\u00f3n comunitaria.\u00a0<\/span><\/p><p><span style=\"font-weight: 400;\">Si busca un lugar para meditar, relajarse o profundizar en su camino espiritual, la Casa de Retiros Notre Dame es el lugar ideal. Le garantizamos que su experiencia aqu\u00ed ser\u00e1 rejuvenecedora y transformadora.<br \/><br \/><\/span><\/p><p><strong>Ven a la Casa de Retiros Notre Dame y descubre c\u00f3mo la tranquilidad y el desarrollo espiritual pueden armonizar para crear un futuro m\u00e1s esperanzador y lleno de amor.<\/strong><\/p><\/div><\/p><\/div>\t\t<\/div>\n\t\t\t\t<\/div>\n\t\t\t\t<div class=\"elementor-element elementor-element-547e2598 elementor-absolute elementor-widget__width-initial elementor-widget elementor-widget-image\" data-id=\"547e2598\" data-element_type=\"widget\" data-settings=\"{&quot;_position&quot;:&quot;absolute&quot;,&quot;motion_fx_motion_fx_mouse&quot;:&quot;yes&quot;,&quot;motion_fx_mouseTrack_effect&quot;:&quot;yes&quot;,&quot;motion_fx_mouseTrack_direction&quot;:&quot;negative&quot;,&quot;motion_fx_mouseTrack_speed&quot;:{&quot;unit&quot;:&quot;px&quot;,&quot;size&quot;:1,&quot;sizes&quot;:[]}}\" data-widget_type=\"image.default\">\n\t\t\t\t<div class=\"elementor-widget-container\">\n\t\t\t\t\t\t\t\t\t\t\t\t\t<img decoding=\"async\" width=\"200\" height=\"155\" src=\"https:\/\/escolares.agenciatabor.com.br\/wp-content\/uploads\/2024\/03\/DEFR.png\" class=\"attachment-large size-large wp-image-4930\" alt=\"\" srcset=\"https:\/\/escolares.agenciatabor.com.br\/wp-content\/uploads\/2024\/03\/DEFR.png 200w, https:\/\/escolares.agenciatabor.com.br\/wp-content\/uploads\/2024\/03\/DEFR-15x12.png 15w\" sizes=\"(max-width: 200px) 100vw, 200px\" title=\"\">\t\t\t\t\t\t\t\t\t\t\t\t\t<\/div>\n\t\t\t\t<\/div>\n\t\t\t\t<div class=\"elementor-element elementor-element-7f680ac8 elementor-absolute elementor-widget elementor-widget-image\" data-id=\"7f680ac8\" data-element_type=\"widget\" data-settings=\"{&quot;_position&quot;:&quot;absolute&quot;,&quot;motion_fx_motion_fx_mouse&quot;:&quot;yes&quot;,&quot;motion_fx_mouseTrack_effect&quot;:&quot;yes&quot;,&quot;motion_fx_mouseTrack_speed&quot;:{&quot;unit&quot;:&quot;px&quot;,&quot;size&quot;:1,&quot;sizes&quot;:[]}}\" data-widget_type=\"image.default\">\n\t\t\t\t<div class=\"elementor-widget-container\">\n\t\t\t\t\t\t\t\t\t\t\t\t\t<img decoding=\"async\" width=\"200\" height=\"155\" src=\"https:\/\/escolares.agenciatabor.com.br\/wp-content\/uploads\/2024\/03\/DEFR.png\" class=\"attachment-large size-large wp-image-4930\" alt=\"\" srcset=\"https:\/\/escolares.agenciatabor.com.br\/wp-content\/uploads\/2024\/03\/DEFR.png 200w, https:\/\/escolares.agenciatabor.com.br\/wp-content\/uploads\/2024\/03\/DEFR-15x12.png 15w\" sizes=\"(max-width: 200px) 100vw, 200px\" title=\"\">\t\t\t\t\t\t\t\t\t\t\t\t\t<\/div>\n\t\t\t\t<\/div>\n\t\t\t\t\t<\/div>\n\t\t<\/div>\n\t\t\t\t<div class=\"elementor-column elementor-col-50 elementor-top-column elementor-element elementor-element-2e7979fa\" data-id=\"2e7979fa\" data-element_type=\"column\">\n\t\t\t<div class=\"elementor-widget-wrap elementor-element-populated\">\n\t\t\t\t\t\t<div class=\"elementor-element elementor-element-176dee45 elementor-widget elementor-widget-ucaddon_uc_tiles_columns_image\" data-id=\"176dee45\" data-element_type=\"widget\" data-widget_type=\"ucaddon_uc_tiles_columns_image.default\">\n\t\t\t\t<div class=\"elementor-widget-container\">\n\t\t\t<!-- start Masonry Gallery -->\n\t\t<link id='unitegallery-css' href='https:\/\/escolares.agenciatabor.com.br\/wp-content\/plugins\/unlimited-elements-for-elementor-premium\/assets_libraries\/unitegallery\/css\/unite-gallery.css' type='text\/css' rel='stylesheet' >\n\t\t<link id='uc_ac_assets_file_uc_columns_unite_gallery_css_37416-css' href='https:\/\/escolares.agenciatabor.com.br\/wp-content\/uploads\/ac_assets\/uc_tiles_columns_image\/uc-columns-unite-gallery.css' type='text\/css' rel='stylesheet' >\n\n\t\t\t<style type=\"text\/css\">\/* widget: Masonry Gallery *\/\n\n\n#wrapperuc_uc_tiles_columns_image_elementor_176dee45\n{\n  min-height:1px;\n}\n\n<\/style>\n\n\t\t\t<div id=\"wrapperuc_uc_tiles_columns_image_elementor_176dee45\">\n<div id=\"uc_uc_tiles_columns_image_elementor_176dee45\" style=\"display:none;\" class=\"uc-items-wrapper\" data-custom-sethtml=\"true\" >\n\n\n<img decoding=\"async\" alt=\"Centro de Formaci\u00f3n Notre Dame 1\" src=\"https:\/\/escolares.agenciatabor.com.br\/wp-content\/uploads\/2024\/04\/Centro-de-Capacitacion-Notre-Dame-1.jpg\" data-image=\"https:\/\/escolares.agenciatabor.com.br\/wp-content\/uploads\/2024\/04\/Centro-de-Capacitacion-Notre-Dame-1.jpg\" data-title=\"Centro de Capacitaci\u00f3n Notre Dame 1\" title=\"\">\n\n<img decoding=\"async\" alt=\"Centro de Formaci\u00f3n Notre Dame 2\" src=\"https:\/\/escolares.agenciatabor.com.br\/wp-content\/uploads\/2024\/04\/Centro-de-Capacitacion-Notre-Dame-2.jpg\" data-image=\"https:\/\/escolares.agenciatabor.com.br\/wp-content\/uploads\/2024\/04\/Centro-de-Capacitacion-Notre-Dame-2.jpg\" data-title=\"Centro de Capacitaci\u00f3n Notre Dame 2\" title=\"\">\n\n<img decoding=\"async\" alt=\"Centro de Formaci\u00f3n Notre Dame 3\" src=\"https:\/\/escolares.agenciatabor.com.br\/wp-content\/uploads\/2024\/04\/Centro-de-Capacitacion-Notre-Dame-3-768x933.jpg\" data-image=\"https:\/\/escolares.agenciatabor.com.br\/wp-content\/uploads\/2024\/04\/Centro-de-Capacitacion-Notre-Dame-3-843x1024.jpg\" data-title=\"Centro de Capacitaci\u00f3n Notre Dame 3\" title=\"\">\n\n<img decoding=\"async\" alt=\"Centro de Formaci\u00f3n Notre Dame 4\" src=\"https:\/\/escolares.agenciatabor.com.br\/wp-content\/uploads\/2024\/04\/Centro-de-Capacitacion-Notre-Dame-4.jpg\" data-image=\"https:\/\/escolares.agenciatabor.com.br\/wp-content\/uploads\/2024\/04\/Centro-de-Capacitacion-Notre-Dame-4.jpg\" data-title=\"Centro de Capacitaci\u00f3n Notre Dame 4\" title=\"\">\n\n<img decoding=\"async\" alt=\"Centro de Formaci\u00f3n Notre Dame 5\" src=\"https:\/\/escolares.agenciatabor.com.br\/wp-content\/uploads\/2024\/04\/Centro-de-Capacitacion-Notre-Dame-5-768x511.jpg\" data-image=\"https:\/\/escolares.agenciatabor.com.br\/wp-content\/uploads\/2024\/04\/Centro-de-Capacitacion-Notre-Dame-5-1024x682.jpg\" data-title=\"Centro de Capacitaci\u00f3n Notre Dame 5\" title=\"\">\n\n<img decoding=\"async\" alt=\"Centro de Retiros Notre Dame 1\" src=\"https:\/\/escolares.agenciatabor.com.br\/wp-content\/uploads\/2024\/04\/Centro-de-Retiros-Notre-Dame-1-768x469.jpg\" data-image=\"https:\/\/escolares.agenciatabor.com.br\/wp-content\/uploads\/2024\/04\/Centro-de-Retiros-Notre-Dame-1-1024x626.jpg\" data-title=\"Centro de Retiros Notre Dame 1\" title=\"\">\n\n<img decoding=\"async\" alt=\"Centro de Retiros Notre Dame 2\" src=\"https:\/\/escolares.agenciatabor.com.br\/wp-content\/uploads\/2024\/04\/Centro-de-Retiros-Notre-Dame-2-768x381.jpg\" data-image=\"https:\/\/escolares.agenciatabor.com.br\/wp-content\/uploads\/2024\/04\/Centro-de-Retiros-Notre-Dame-2-1024x508.jpg\" data-title=\"Centro de Retiros Notre Dame 2\" title=\"\">\n\n<img decoding=\"async\" alt=\"Centro de Retiros Notre Dame 3\" src=\"https:\/\/escolares.agenciatabor.com.br\/wp-content\/uploads\/2024\/04\/Centro-de-Retiros-Notre-Dame-3-768x297.jpg\" data-image=\"https:\/\/escolares.agenciatabor.com.br\/wp-content\/uploads\/2024\/04\/Centro-de-Retiros-Notre-Dame-3-1024x396.jpg\" data-title=\"Centro de Retiros Notre Dame 3\" title=\"\">\n\n  \n<\/div>\n<\/div>\n\t\t\t<!-- end Masonry Gallery -->\t\t<\/div>\n\t\t\t\t<\/div>\n\t\t\t\t\t<\/div>\n\t\t<\/div>\n\t\t\t\t\t<\/div>\n\t\t<\/section>\n\t\t\t\t<\/div>","protected":false},"excerpt":{"rendered":"<p>Casa de Retiros Casa de Retiros Notre Dame em El Progreso, Yoro, Honduras Localizada no cora\u00e7\u00e3o de Honduras, a Casa de Retiros Notre Dame se destaca como um santu\u00e1rio de paz e desenvolvimento humano, especializado na forma\u00e7\u00e3o de jovens, crian\u00e7as,&#8230;<\/p>","protected":false},"author":1,"featured_media":0,"parent":0,"menu_order":0,"comment_status":"closed","ping_status":"closed","template":"elementor_header_footer","meta":{"rank_math_lock_modified_date":false,"footnotes":""},"class_list":["post-7634","page","type-page","status-publish","hentry"],"_links":{"self":[{"href":"https:\/\/escolares.agenciatabor.com.br\/es_es\/wp-json\/wp\/v2\/pages\/7634"}],"collection":[{"href":"https:\/\/escolares.agenciatabor.com.br\/es_es\/wp-json\/wp\/v2\/pages"}],"about":[{"href":"https:\/\/escolares.agenciatabor.com.br\/es_es\/wp-json\/wp\/v2\/types\/page"}],"author":[{"embeddable":true,"href":"https:\/\/escolares.agenciatabor.com.br\/es_es\/wp-json\/wp\/v2\/users\/1"}],"replies":[{"embeddable":true,"href":"https:\/\/escolares.agenciatabor.com.br\/es_es\/wp-json\/wp\/v2\/comments?post=7634"}],"version-history":[{"count":10,"href":"https:\/\/escolares.agenciatabor.com.br\/es_es\/wp-json\/wp\/v2\/pages\/7634\/revisions"}],"predecessor-version":[{"id":8214,"href":"https:\/\/escolares.agenciatabor.com.br\/es_es\/wp-json\/wp\/v2\/pages\/7634\/revisions\/8214"}],"wp:attachment":[{"href":"https:\/\/escolares.agenciatabor.com.br\/es_es\/wp-json\/wp\/v2\/media?parent=7634"}],"curies":[{"name":"wp","href":"https:\/\/api.w.org\/{rel}","templated":true}]}}