{"id":7804,"date":"2024-04-28T19:30:38","date_gmt":"2024-04-28T22:30:38","guid":{"rendered":"https:\/\/escolares.agenciatabor.com.br\/?page_id=7804"},"modified":"2024-08-17T03:27:55","modified_gmt":"2024-08-17T06:27:55","slug":"esp_esc","status":"publish","type":"page","link":"https:\/\/escolares.agenciatabor.com.br\/es_es\/esp_esc\/","title":{"rendered":"esp_esc"},"content":{"rendered":"<div data-elementor-type=\"wp-page\" data-elementor-id=\"7804\" class=\"elementor elementor-7804\" data-elementor-post-type=\"page\">\n\t\t\t\t\t\t<section class=\"elementor-section elementor-top-section elementor-element elementor-element-46971f6f elementor-section-boxed elementor-section-height-default elementor-section-height-default\" data-id=\"46971f6f\" data-element_type=\"section\" data-settings=\"{&quot;background_background&quot;:&quot;classic&quot;,&quot;shape_divider_top&quot;:&quot;tilt&quot;,&quot;jet_parallax_layout_list&quot;:[]}\">\n\t\t\t\t\t<div class=\"elementor-shape elementor-shape-top\" data-negative=\"false\">\n\t\t\t<svg xmlns=\"http:\/\/www.w3.org\/2000\/svg\" viewbox=\"0 0 1000 100\" preserveaspectratio=\"none\">\n\t<path class=\"elementor-shape-fill\" d=\"M0,6V0h1000v100L0,6z\"\/>\n<\/svg>\t\t<\/div>\n\t\t\t\t\t<div class=\"elementor-container elementor-column-gap-default\">\n\t\t\t\t\t<div class=\"elementor-column elementor-col-100 elementor-top-column elementor-element elementor-element-55b90fe5\" data-id=\"55b90fe5\" data-element_type=\"column\">\n\t\t\t<div class=\"elementor-widget-wrap\">\n\t\t\t\t\t\t\t<\/div>\n\t\t<\/div>\n\t\t\t\t\t<\/div>\n\t\t<\/section>\n\t\t<div class=\"elementor-element elementor-element-ec0b29d e-flex e-con-boxed e-con e-parent\" data-id=\"ec0b29d\" data-element_type=\"container\" data-settings=\"{&quot;jet_parallax_layout_list&quot;:[]}\">\n\t\t\t\t\t<div class=\"e-con-inner\">\n\t\t<div class=\"elementor-element elementor-element-e66d10c e-con-full e-flex e-con e-child\" data-id=\"e66d10c\" data-element_type=\"container\" data-settings=\"{&quot;jet_parallax_layout_list&quot;:[]}\">\n\t\t\t\t<div class=\"elementor-element elementor-element-0135adf elementor-absolute elementor-widget__width-initial elementor-widget elementor-widget-image\" data-id=\"0135adf\" data-element_type=\"widget\" data-settings=\"{&quot;_position&quot;:&quot;absolute&quot;,&quot;motion_fx_motion_fx_mouse&quot;:&quot;yes&quot;,&quot;motion_fx_mouseTrack_effect&quot;:&quot;yes&quot;,&quot;motion_fx_mouseTrack_speed&quot;:{&quot;unit&quot;:&quot;px&quot;,&quot;size&quot;:1,&quot;sizes&quot;:[]}}\" data-widget_type=\"image.default\">\n\t\t\t\t<div class=\"elementor-widget-container\">\n\t\t\t\t\t\t\t\t\t\t\t\t\t<img decoding=\"async\" width=\"200\" height=\"155\" src=\"https:\/\/escolares.agenciatabor.com.br\/wp-content\/uploads\/2024\/03\/DEFR.png\" class=\"attachment-large size-large wp-image-4930\" alt=\"\" srcset=\"https:\/\/escolares.agenciatabor.com.br\/wp-content\/uploads\/2024\/03\/DEFR.png 200w, https:\/\/escolares.agenciatabor.com.br\/wp-content\/uploads\/2024\/03\/DEFR-15x12.png 15w\" sizes=\"(max-width: 200px) 100vw, 200px\" title=\"\">\t\t\t\t\t\t\t\t\t\t\t\t\t<\/div>\n\t\t\t\t<\/div>\n\t\t\t\t<div class=\"elementor-element elementor-element-b1864e7 elementor-absolute elementor-widget__width-initial elementor-widget elementor-widget-image\" data-id=\"b1864e7\" data-element_type=\"widget\" data-settings=\"{&quot;_position&quot;:&quot;absolute&quot;,&quot;motion_fx_motion_fx_mouse&quot;:&quot;yes&quot;,&quot;motion_fx_mouseTrack_effect&quot;:&quot;yes&quot;,&quot;motion_fx_mouseTrack_direction&quot;:&quot;negative&quot;,&quot;motion_fx_mouseTrack_speed&quot;:{&quot;unit&quot;:&quot;px&quot;,&quot;size&quot;:1,&quot;sizes&quot;:[]}}\" data-widget_type=\"image.default\">\n\t\t\t\t<div class=\"elementor-widget-container\">\n\t\t\t\t\t\t\t\t\t\t\t\t\t<img decoding=\"async\" width=\"200\" height=\"155\" src=\"https:\/\/escolares.agenciatabor.com.br\/wp-content\/uploads\/2024\/03\/DEFR.png\" class=\"attachment-large size-large wp-image-4930\" alt=\"\" srcset=\"https:\/\/escolares.agenciatabor.com.br\/wp-content\/uploads\/2024\/03\/DEFR.png 200w, https:\/\/escolares.agenciatabor.com.br\/wp-content\/uploads\/2024\/03\/DEFR-15x12.png 15w\" sizes=\"(max-width: 200px) 100vw, 200px\" title=\"\">\t\t\t\t\t\t\t\t\t\t\t\t\t<\/div>\n\t\t\t\t<\/div>\n\t\t\t\t<div class=\"elementor-element elementor-element-e47dca2 elementor-widget elementor-widget-global elementor-global-7791 elementor-widget-pix-badge\" data-id=\"e47dca2\" data-element_type=\"widget\" data-widget_type=\"pix-badge.default\">\n\t\t\t\t<div class=\"elementor-widget-container\">\n\t\t\t<span class=\"pix-badge-element h6 d-inline-block mr-1\"  ><span class=\"badge font-weight-bold secondary-font bg-yellow  pix-py-10 pix-px-15\" style=\" \"><span class=\"text-body-default\" style=\"\">Espiritualidad<\/span><\/span><\/span>\t\t<\/div>\n\t\t\t\t<\/div>\n\t\t\t\t<div class=\"elementor-element elementor-element-75f9a6d elementor-widget elementor-widget-pix-heading\" data-id=\"75f9a6d\" data-element_type=\"widget\" data-widget_type=\"pix-heading.default\">\n\t\t\t\t<div class=\"elementor-widget-container\">\n\t\t\t<div  class=\"pix-heading-el text-left\"><div><div class=\"slide-in-container2\"><h2 class=\"text-body-default font-weight-bold heading-text el-title_custom_color mb-12\" style=\"\" data-anim-type=\"\" data-anim-delay=\"\"> Espiritualidade das Irm\u00e3s Escolares de Nossa Senhora<\/h2><\/div><\/div><\/div>\t\t<\/div>\n\t\t\t\t<\/div>\n\t\t\t\t<div class=\"elementor-element elementor-element-74225a5 elementor-widget elementor-widget-pix-text\" data-id=\"74225a5\" data-element_type=\"widget\" data-widget_type=\"pix-text.default\">\n\t\t\t\t<div class=\"elementor-widget-container\">\n\t\t\t<div class=\"pix-el-text w-100 text-center\" ><p class=\"resp-option text-center\"><p><span style=\"font-weight: 400;\"><b>La espiritualidad de las  HEND se fundamenta en la  Eucaristia cuyo sentido es la unidad de todos con Dios y la unidad entre nosotras, que se expresa no en el amor gratuito, en la simplicidad del seguimiento radical de Jesucristo, teniendo siempre presente las palabras de Maria, madre de nuestra congregaci\u00f3n: \u201cHagan todo lo que \u00c9l les diga\u201d. <br \/><br \/><\/b>Aqu\u00ed encontrar\u00e1s diversos recursos sobre la espiritualidad de las Hermanas, escritos de la fundadora, as\u00ed como oraciones que pueden ayudar a todas las personas que buscan unirse a este carisma y misi\u00f3n. <\/span><\/p><p><span style=\"font-weight: 400;\">En este espacio dedicado a la espiritualidad, ofrecemos una variedad de recursos que reflejan la esencia y los valores de las Hermanas. Aqu\u00ed encontrar\u00e1s una cuidada selecci\u00f3n de escritos inspiradores de nuestra fundadora, que no s\u00f3lo arrojan luz sobre el viaje espiritual que ella emprendi\u00f3, sino que tambi\u00e9n sirven de gu\u00eda para todos aquellos que deseen seguir un camino similar.<\/span><\/p><p><span style=\"font-weight: 400;\">Adem\u00e1s, hemos puesto a su disposici\u00f3n una serie de oraciones cuidadosamente seleccionadas que pretenden apoyar y enriquecer la vida espiritual de las personas y las comunidades. Estas oraciones est\u00e1n especialmente dirigidas a quienes desean conectar m\u00e1s profundamente con el carisma y la misi\u00f3n que nos unen como familia espiritual.<\/span><\/p><\/p><\/div>\t\t<\/div>\n\t\t\t\t<\/div>\n\t\t\t\t<\/div>\n\t\t<div class=\"elementor-element elementor-element-0604807 e-con-full e-flex e-con e-child\" data-id=\"0604807\" data-element_type=\"container\" data-settings=\"{&quot;jet_parallax_layout_list&quot;:[]}\">\n\t\t\t\t<div class=\"elementor-element elementor-element-63c9c08 elementor-grid-2 elementor-posts--thumbnail-none elementor-grid-tablet-2 elementor-grid-mobile-1 elementor-card-shadow-yes elementor-posts__hover-gradient elementor-widget elementor-widget-posts\" data-id=\"63c9c08\" data-element_type=\"widget\" data-settings=\"{&quot;cards_columns&quot;:&quot;2&quot;,&quot;cards_columns_tablet&quot;:&quot;2&quot;,&quot;cards_columns_mobile&quot;:&quot;1&quot;,&quot;cards_row_gap&quot;:{&quot;unit&quot;:&quot;px&quot;,&quot;size&quot;:35,&quot;sizes&quot;:[]},&quot;cards_row_gap_tablet&quot;:{&quot;unit&quot;:&quot;px&quot;,&quot;size&quot;:&quot;&quot;,&quot;sizes&quot;:[]},&quot;cards_row_gap_mobile&quot;:{&quot;unit&quot;:&quot;px&quot;,&quot;size&quot;:&quot;&quot;,&quot;sizes&quot;:[]}}\" data-widget_type=\"posts.cards\">\n\t\t\t\t<div class=\"elementor-widget-container\">\n\t\t\t\t\t<div class=\"elementor-posts-container elementor-posts elementor-posts--skin-cards elementor-grid\">\n\t\t\t\t<article class=\"elementor-post elementor-grid-item post-7860 espiritualidade type-espiritualidade status-publish format-standard hentry\">\n\t\t\t<div class=\"elementor-post__card\">\n\t\t\t\t<div class=\"elementor-post__text\">\n\t\t\t\t<h3 class=\"elementor-post__title\">\n\t\t\t<a href=\"https:\/\/escolares.agenciatabor.com.br\/es_es\/espiritualidade\/novena-a-bem-aventurada-maria-teresa-de-jesus-gerhardinger\/\" >\n\t\t\t\tNovena a la Beata Mar\u00eda Teresa de Jes\u00fas Gerhardinger\t\t\t<\/a>\n\t\t<\/h3>\n\t\t\n\t\t<a class=\"elementor-post__read-more\" href=\"https:\/\/escolares.agenciatabor.com.br\/es_es\/espiritualidade\/novena-a-bem-aventurada-maria-teresa-de-jesus-gerhardinger\/\" aria-label=\"Read more about Novena \u00e0 Bem-Aventurada Maria Teresa de Jesus Gerhardinger\" tabindex=\"-1\" >\n\t\t\tM\u00e1s informaci\u00f3n\"\t\t<\/a>\n\n\t\t\t\t<\/div>\n\t\t\t\t\t<\/div>\n\t\t<\/article>\n\t\t\t\t<article class=\"elementor-post elementor-grid-item post-7710 espiritualidade type-espiritualidade status-publish format-standard has-post-thumbnail hentry\">\n\t\t\t<div class=\"elementor-post__card\">\n\t\t\t\t<div class=\"elementor-post__text\">\n\t\t\t\t<h3 class=\"elementor-post__title\">\n\t\t\t<a href=\"https:\/\/escolares.agenciatabor.com.br\/es_es\/espiritualidade\/cartas-de-madre-teresa\/\" >\n\t\t\t\tCartas de la Madre Teresa\t\t\t<\/a>\n\t\t<\/h3>\n\t\t\n\t\t<a class=\"elementor-post__read-more\" href=\"https:\/\/escolares.agenciatabor.com.br\/es_es\/espiritualidade\/cartas-de-madre-teresa\/\" aria-label=\"Read more about Cartas de Madre Teresa\" tabindex=\"-1\" >\n\t\t\tM\u00e1s informaci\u00f3n\"\t\t<\/a>\n\n\t\t\t\t<\/div>\n\t\t\t\t\t<\/div>\n\t\t<\/article>\n\t\t\t\t<article class=\"elementor-post elementor-grid-item post-7758 espiritualidade type-espiritualidade status-publish format-standard has-post-thumbnail hentry\">\n\t\t\t<div class=\"elementor-post__card\">\n\t\t\t\t<div class=\"elementor-post__text\">\n\t\t\t\t<h3 class=\"elementor-post__title\">\n\t\t\t<a href=\"https:\/\/escolares.agenciatabor.com.br\/es_es\/espiritualidade\/elementor-7758\/\" >\n\t\t\t\tLa historia de la Hermana Antonina, beatificada entre los 108 m\u00e1rtires polacos\t\t\t<\/a>\n\t\t<\/h3>\n\t\t\n\t\t<a class=\"elementor-post__read-more\" href=\"https:\/\/escolares.agenciatabor.com.br\/es_es\/espiritualidade\/elementor-7758\/\" aria-label=\"Read more about A hist\u00f3ria da Irm\u00e3 Antonina, beatificada entre os 108 poloneses m\u00e1rtires\" tabindex=\"-1\" >\n\t\t\tM\u00e1s informaci\u00f3n\"\t\t<\/a>\n\n\t\t\t\t<\/div>\n\t\t\t\t\t<\/div>\n\t\t<\/article>\n\t\t\t\t<article class=\"elementor-post elementor-grid-item post-8975 espiritualidade type-espiritualidade status-publish format-standard hentry\">\n\t\t\t<div class=\"elementor-post__card\">\n\t\t\t\t<div class=\"elementor-post__text\">\n\t\t\t\t<h3 class=\"elementor-post__title\">\n\t\t\t<a href=\"https:\/\/escolares.agenciatabor.com.br\/es_es\/espiritualidade\/novena-beata-maria-antonina-kratochwilnovena\/\" >\n\t\t\t\tNovena BEATA MAR\u00cdA ANTONINA KRATOCHWIL\t\t\t<\/a>\n\t\t<\/h3>\n\t\t\n\t\t<a class=\"elementor-post__read-more\" href=\"https:\/\/escolares.agenciatabor.com.br\/es_es\/espiritualidade\/novena-beata-maria-antonina-kratochwilnovena\/\" aria-label=\"Read more about Novena BEATA MAR\u00cdA ANTONINA KRATOCHWIL\" tabindex=\"-1\" >\n\t\t\tM\u00e1s informaci\u00f3n\"\t\t<\/a>\n\n\t\t\t\t<\/div>\n\t\t\t\t\t<\/div>\n\t\t<\/article>\n\t\t\t\t<article class=\"elementor-post elementor-grid-item post-7854 espiritualidade type-espiritualidade status-publish format-standard hentry\">\n\t\t\t<div class=\"elementor-post__card\">\n\t\t\t\t<div class=\"elementor-post__text\">\n\t\t\t\t<h3 class=\"elementor-post__title\">\n\t\t\t<a href=\"https:\/\/escolares.agenciatabor.com.br\/es_es\/espiritualidade\/confiar-e-arriscar-palavras-para-cada-dia-maria-teresa-de-jesus-gerhardinger\/\" >\n\t\t\t\tConfiar y arriesgar - Palabras para cada d\u00eda - Maria Teresa de Jesus Gerhardinger\t\t\t<\/a>\n\t\t<\/h3>\n\t\t\n\t\t<a class=\"elementor-post__read-more\" href=\"https:\/\/escolares.agenciatabor.com.br\/es_es\/espiritualidade\/confiar-e-arriscar-palavras-para-cada-dia-maria-teresa-de-jesus-gerhardinger\/\" aria-label=\"Read more about Confiar e Arriscar &#8211; Palavras para Cada Dia &#8211; Maria Teresa de Jesus Gerhardinger\" tabindex=\"-1\" >\n\t\t\tM\u00e1s informaci\u00f3n\"\t\t<\/a>\n\n\t\t\t\t<\/div>\n\t\t\t\t\t<\/div>\n\t\t<\/article>\n\t\t\t\t<article class=\"elementor-post elementor-grid-item post-7845 espiritualidade type-espiritualidade status-publish format-standard hentry\">\n\t\t\t<div class=\"elementor-post__card\">\n\t\t\t\t<div class=\"elementor-post__text\">\n\t\t\t\t<h3 class=\"elementor-post__title\">\n\t\t\t<a href=\"https:\/\/escolares.agenciatabor.com.br\/es_es\/espiritualidade\/meditacao-e-consolo-para-os-anseios-do-coracao\/\" >\n\t\t\t\tMeditaci\u00f3n y consuelo para los anhelos del coraz\u00f3n\t\t\t<\/a>\n\t\t<\/h3>\n\t\t\n\t\t<a class=\"elementor-post__read-more\" href=\"https:\/\/escolares.agenciatabor.com.br\/es_es\/espiritualidade\/meditacao-e-consolo-para-os-anseios-do-coracao\/\" aria-label=\"Read more about Medita\u00e7\u00e3o e Consolo para os Anseios do Cora\u00e7\u00e3o\" tabindex=\"-1\" >\n\t\t\tM\u00e1s informaci\u00f3n\"\t\t<\/a>\n\n\t\t\t\t<\/div>\n\t\t\t\t\t<\/div>\n\t\t<\/article>\n\t\t\t\t<article class=\"elementor-post elementor-grid-item post-7869 espiritualidade type-espiritualidade status-publish format-standard hentry\">\n\t\t\t<div class=\"elementor-post__card\">\n\t\t\t\t<div class=\"elementor-post__text\">\n\t\t\t\t<h3 class=\"elementor-post__title\">\n\t\t\t<a href=\"https:\/\/escolares.agenciatabor.com.br\/es_es\/espiritualidade\/oracoes-de-madre-teresa\/\" >\n\t\t\t\tOraciones de la Madre Teresa\t\t\t<\/a>\n\t\t<\/h3>\n\t\t\n\t\t<a class=\"elementor-post__read-more\" href=\"https:\/\/escolares.agenciatabor.com.br\/es_es\/espiritualidade\/oracoes-de-madre-teresa\/\" aria-label=\"Read more about Ora\u00e7\u00f5es de Madre Teresa\" tabindex=\"-1\" >\n\t\t\tM\u00e1s informaci\u00f3n\"\t\t<\/a>\n\n\t\t\t\t<\/div>\n\t\t\t\t\t<\/div>\n\t\t<\/article>\n\t\t\t\t<\/div>\n\t\t\n\t\t\t\t<\/div>\n\t\t\t\t<\/div>\n\t\t\t\t<\/div>\n\t\t\t\t\t<\/div>\n\t\t\t\t<\/div>\n\t\t\t\t<\/div>","protected":false},"excerpt":{"rendered":"<p>Espiritualidade Espiritualidade das Irm\u00e3s Escolares de Nossa Senhora A espiritualidade das IENS se fundamenta na eucaristia cujo sentido \u00e9 a unidade de todos com Deus e a unidade entre n\u00f3s que se expressa no amor gratuito, na simplicidade do seguimento<\/p>","protected":false},"author":1,"featured_media":0,"parent":0,"menu_order":0,"comment_status":"closed","ping_status":"closed","template":"elementor_header_footer","meta":{"rank_math_lock_modified_date":false,"footnotes":""},"class_list":["post-7804","page","type-page","status-publish","hentry"],"_links":{"self":[{"href":"https:\/\/escolares.agenciatabor.com.br\/es_es\/wp-json\/wp\/v2\/pages\/7804"}],"collection":[{"href":"https:\/\/escolares.agenciatabor.com.br\/es_es\/wp-json\/wp\/v2\/pages"}],"about":[{"href":"https:\/\/escolares.agenciatabor.com.br\/es_es\/wp-json\/wp\/v2\/types\/page"}],"author":[{"embeddable":true,"href":"https:\/\/escolares.agenciatabor.com.br\/es_es\/wp-json\/wp\/v2\/users\/1"}],"replies":[{"embeddable":true,"href":"https:\/\/escolares.agenciatabor.com.br\/es_es\/wp-json\/wp\/v2\/comments?post=7804"}],"version-history":[{"count":61,"href":"https:\/\/escolares.agenciatabor.com.br\/es_es\/wp-json\/wp\/v2\/pages\/7804\/revisions"}],"predecessor-version":[{"id":9395,"href":"https:\/\/escolares.agenciatabor.com.br\/es_es\/wp-json\/wp\/v2\/pages\/7804\/revisions\/9395"}],"wp:attachment":[{"href":"https:\/\/escolares.agenciatabor.com.br\/es_es\/wp-json\/wp\/v2\/media?parent=7804"}],"curies":[{"name":"wp","href":"https:\/\/api.w.org\/{rel}","templated":true}]}}